{"id":4062,"date":"2025-04-21T15:27:01","date_gmt":"2025-04-21T12:27:01","guid":{"rendered":"https:\/\/www.arsakademia.com\/?post_type=product&#038;p=4062"},"modified":"2026-01-19T12:38:28","modified_gmt":"2026-01-19T09:38:28","slug":"stanford-binet-zeka-testi-envanter","status":"publish","type":"product","link":"https:\/\/www.arsakademia.com\/en\/product\/stanford-binet-zeka-testi-envanter\/","title":{"rendered":"Stanford-Binet Zeka Testi Envanter"},"content":{"rendered":"<h2 class=\"\" data-start=\"172\" data-end=\"233\">\ud83e\udde0 Stanford-Binet Zeka Testi \u2013 Orijinal Uygulama Materyali<\/h2>\n<p class=\"\" data-start=\"235\" data-end=\"512\">\ud83d\udcda <strong data-start=\"238\" data-end=\"267\">Stanford-Binet Zeka Testi<\/strong>, bireylerin <strong data-start=\"280\" data-end=\"328\">zeka d\u00fczeyini \u00e7ok y\u00f6nl\u00fc olarak de\u011ferlendiren<\/strong> ve en \u00e7ok tercih edilen testlerden biridir.<br data-start=\"372\" data-end=\"375\" \/>Orijinal versiyona uygun haz\u0131rlanan bu <strong data-start=\"414\" data-end=\"436\">test materyal seti<\/strong>, uygulay\u0131c\u0131 uzmanlar i\u00e7in d\u00fczenlenmi\u015f, dayan\u0131kl\u0131 ve kullan\u0131\u015fl\u0131 bir ara\u00e7t\u0131r.<\/p>\n<hr class=\"\" data-start=\"514\" data-end=\"517\" \/>\n<h3 class=\"\" data-start=\"519\" data-end=\"540\">\ud83d\udd0d Test Hakk\u0131nda:<\/h3>\n<ul data-start=\"541\" data-end=\"853\">\n<li class=\"\" data-start=\"541\" data-end=\"629\">\n<p class=\"\" data-start=\"543\" data-end=\"629\">\u0130lk kez 1916 y\u0131l\u0131nda geli\u015ftirilmi\u015f olup g\u00fcn\u00fcm\u00fcze kadar bir\u00e7ok kez revize edilmi\u015ftir.<\/p>\n<\/li>\n<li class=\"\" data-start=\"630\" data-end=\"678\">\n<p class=\"\" data-start=\"632\" data-end=\"678\"><strong data-start=\"632\" data-end=\"661\">2-18 ya\u015f aras\u0131 bireylerde<\/strong> uygulanabilir.<\/p>\n<\/li>\n<li class=\"\" data-start=\"679\" data-end=\"735\">\n<p class=\"\" data-start=\"681\" data-end=\"735\"><strong data-start=\"681\" data-end=\"733\">S\u00f6zel ve performans becerilerini birlikte \u00f6l\u00e7er.<\/strong><\/p>\n<\/li>\n<li class=\"\" data-start=\"736\" data-end=\"853\">\n<p class=\"\" data-start=\"738\" data-end=\"853\">Zekay\u0131 <strong data-start=\"745\" data-end=\"821\">ak\u0131l y\u00fcr\u00fctme, bellek, dikkat, s\u00f6zel yetenekler, soyutlama, kar\u015f\u0131la\u015ft\u0131rma<\/strong> gibi alt alanlarda analiz eder.<\/p>\n<\/li>\n<\/ul>\n<hr class=\"\" data-start=\"855\" data-end=\"858\" \/>\n<h3 class=\"\" data-start=\"860\" data-end=\"889\">\ud83d\udce6 Materyal Seti \u0130\u00e7eri\u011fi:<\/h3>\n<ul data-start=\"890\" data-end=\"1057\">\n<li class=\"\" data-start=\"890\" data-end=\"933\">\n<p class=\"\" data-start=\"892\" data-end=\"933\">Stanford-Binet Test kitap\u00e7\u0131\u011f\u0131 (formlar)<\/p>\n<\/li>\n<li class=\"\" data-start=\"934\" data-end=\"969\">\n<p class=\"\" data-start=\"936\" data-end=\"969\">Uygulama talimat\u0131 ve y\u00f6nergeler<\/p>\n<\/li>\n<li class=\"\" data-start=\"970\" data-end=\"994\">\n<p class=\"\" data-start=\"972\" data-end=\"994\">Puanlama \u00e7izelgeleri<\/p>\n<\/li>\n<li class=\"\" data-start=\"995\" data-end=\"1040\">\n<p class=\"\" data-start=\"997\" data-end=\"1040\">Uygulama kartlar\u0131 ve yard\u0131mc\u0131 materyaller<\/p>\n<\/li>\n<li class=\"\" data-start=\"1041\" data-end=\"1057\">\n<p class=\"\" data-start=\"1043\" data-end=\"1057\">Ta\u015f\u0131ma \u00e7antas\u0131<\/p>\n<\/li>\n<\/ul>\n<p class=\"\" data-start=\"1059\" data-end=\"1257\">\u26a0\ufe0f <strong data-start=\"1062\" data-end=\"1070\">Not:<\/strong> Bu materyal e\u011fitim alm\u0131\u015f psikolog, PDR uzman\u0131 ve uygulama yetkisi olan profesyonellere y\u00f6neliktir.<br data-start=\"1169\" data-end=\"1172\" \/><strong data-start=\"1172\" data-end=\"1214\">Set i\u00e7inde kronometre bulunmamaktad\u0131r.<\/strong> Gerekirse harici olarak temin edilmelidir.<\/p>\n<hr class=\"\" data-start=\"1259\" data-end=\"1262\" \/>\n<h3 class=\"\" data-start=\"1264\" data-end=\"1292\">\ud83d\udc69\u200d\u2695\ufe0f Kullan\u0131m Alanlar\u0131:<\/h3>\n<ul data-start=\"1293\" data-end=\"1487\">\n<li class=\"\" data-start=\"1293\" data-end=\"1328\">\n<p class=\"\" data-start=\"1295\" data-end=\"1328\">Bireysel zeka de\u011ferlendirmeleri<\/p>\n<\/li>\n<li class=\"\" data-start=\"1329\" data-end=\"1382\">\n<p class=\"\" data-start=\"1331\" data-end=\"1382\">Okul \u00f6ncesi ve ilkokul seviyesinde geli\u015fim takibi<\/p>\n<\/li>\n<li class=\"\" data-start=\"1383\" data-end=\"1411\">\n<p class=\"\" data-start=\"1385\" data-end=\"1411\">\u00d6zel e\u011fitim tan\u0131lamalar\u0131<\/p>\n<\/li>\n<li class=\"\" data-start=\"1412\" data-end=\"1455\">\n<p class=\"\" data-start=\"1414\" data-end=\"1455\">Rehberlik ve ara\u015ft\u0131rma merkezleri (RAM)<\/p>\n<\/li>\n<li class=\"\" data-start=\"1456\" data-end=\"1487\">\n<p class=\"\" data-start=\"1458\" data-end=\"1487\">Klinik psikoloji uygulamalar\u0131<\/p>\n<\/li>\n<\/ul>\n<hr class=\"\" data-start=\"1489\" data-end=\"1492\" \/>\n<h3 class=\"\" data-start=\"1494\" data-end=\"1711\">#StanfordBinet #ZekaTesti #ZekaDe\u011ferlendirmesi #PsikolojikTestler #UygulamaMateryali #ZihinGeli\u015fimi #PDRMateryalleri #E\u011fitimAra\u00e7lar\u0131 #BinetZekaTesti #ZekaGeli\u015fimi #PsikolojiTestSeti #\u00d6l\u00e7meVeDe\u011ferlendirme \ud83e\udde0\ud83d\udccb\ud83d\udc69\u200d\u2695\ufe0f<\/h3>\n","protected":false},"excerpt":{"rendered":"<p>\ud83e\udde0 Stanford-Binet Zeka Testi \u2013 Orijinal Uygulama Materyali \ud83d\udcda Stanford-Binet Zeka Testi, bireylerin zeka d\u00fczeyini \u00e7ok y\u00f6nl\u00fc olarak de\u011ferlendiren ve en \u00e7ok tercih edilen testlerden biridir.Orijinal versiyona uygun haz\u0131rlanan bu [&hellip;]<\/p>\n","protected":false},"featured_media":3722,"comment_status":"open","ping_status":"closed","template":"","meta":{"_acf_changed":false,"_monsterinsights_skip_tracking":false,"_monsterinsights_sitenote_active":false,"_monsterinsights_sitenote_note":"","_monsterinsights_sitenote_category":0},"product_brand":[],"product_cat":[57],"product_tag":[],"class_list":{"0":"post-4062","1":"product","2":"type-product","3":"status-publish","4":"has-post-thumbnail","6":"product_cat-uncategorized-tr","8":"first","9":"instock","10":"purchasable","11":"product-type-simple"},"acf":[],"aioseo_notices":[],"_links":{"self":[{"href":"https:\/\/www.arsakademia.com\/en\/wp-json\/wp\/v2\/product\/4062","targetHints":{"allow":["GET"]}}],"collection":[{"href":"https:\/\/www.arsakademia.com\/en\/wp-json\/wp\/v2\/product"}],"about":[{"href":"https:\/\/www.arsakademia.com\/en\/wp-json\/wp\/v2\/types\/product"}],"replies":[{"embeddable":true,"href":"https:\/\/www.arsakademia.com\/en\/wp-json\/wp\/v2\/comments?post=4062"}],"wp:featuredmedia":[{"embeddable":true,"href":"https:\/\/www.arsakademia.com\/en\/wp-json\/wp\/v2\/media\/3722"}],"wp:attachment":[{"href":"https:\/\/www.arsakademia.com\/en\/wp-json\/wp\/v2\/media?parent=4062"}],"wp:term":[{"taxonomy":"product_brand","embeddable":true,"href":"https:\/\/www.arsakademia.com\/en\/wp-json\/wp\/v2\/product_brand?post=4062"},{"taxonomy":"product_cat","embeddable":true,"href":"https:\/\/www.arsakademia.com\/en\/wp-json\/wp\/v2\/product_cat?post=4062"},{"taxonomy":"product_tag","embeddable":true,"href":"https:\/\/www.arsakademia.com\/en\/wp-json\/wp\/v2\/product_tag?post=4062"}],"curies":[{"name":"wp","href":"https:\/\/api.w.org\/{rel}","templated":true}]}}