{"id":4055,"date":"2025-04-21T14:34:46","date_gmt":"2025-04-21T11:34:46","guid":{"rendered":"https:\/\/www.arsakademia.com\/?post_type=product&#038;p=4055"},"modified":"2026-01-19T12:32:55","modified_gmt":"2026-01-19T09:32:55","slug":"4055","status":"publish","type":"product","link":"https:\/\/www.arsakademia.com\/en\/product\/4055\/","title":{"rendered":"Cattell 2A Zeka Testi metaryel"},"content":{"rendered":"<h2 class=\"\" data-start=\"186\" data-end=\"253\">\ud83e\udde0 Cattell 2A Zeka Testi \u2013 Performans Temelli Zeka De\u011ferlendirme<\/h2>\n<p class=\"\" data-start=\"255\" data-end=\"561\"><strong data-start=\"255\" data-end=\"280\">Cattell 2A Zeka Testi<\/strong>, Raymond B. Cattell taraf\u0131ndan geli\u015ftirilen ve Ba\u011flan To\u011frol taraf\u0131ndan T\u00fcrk\u00e7eye uyarlanan, bireylerin <strong data-start=\"384\" data-end=\"401\">soyut d\u00fc\u015f\u00fcnme<\/strong>, <strong data-start=\"403\" data-end=\"429\">mant\u0131ksal ak\u0131l y\u00fcr\u00fctme<\/strong> ve <strong data-start=\"433\" data-end=\"452\">g\u00f6rsel alg\u0131lama<\/strong> becerilerini \u00f6l\u00e7en g\u00fcvenilir bir <strong data-start=\"486\" data-end=\"522\">performans temelli zeka testidir<\/strong>.<\/p>\n<hr class=\"\" data-start=\"563\" data-end=\"566\" \/>\n<h3 class=\"\" data-start=\"568\" data-end=\"608\">\ud83c\udfaf Testin Amac\u0131 ve Kullan\u0131m Alanlar\u0131<\/h3>\n<ul data-start=\"610\" data-end=\"959\">\n<li class=\"\" data-start=\"610\" data-end=\"687\">\n<p class=\"\" data-start=\"612\" data-end=\"687\"><strong data-start=\"612\" data-end=\"655\">Soyut d\u00fc\u015f\u00fcnme ve mant\u0131ksal ak\u0131l y\u00fcr\u00fctme<\/strong> becerilerinin de\u011ferlendirilmesi<\/p>\n<\/li>\n<li class=\"\" data-start=\"688\" data-end=\"743\">\n<p class=\"\" data-start=\"690\" data-end=\"743\"><strong data-start=\"690\" data-end=\"709\">G\u00f6rsel alg\u0131lama<\/strong> ve <strong data-start=\"713\" data-end=\"723\">dikkat<\/strong> d\u00fczeyinin \u00f6l\u00e7\u00fclmesi<\/p>\n<\/li>\n<li class=\"\" data-start=\"744\" data-end=\"861\">\n<p class=\"\" data-start=\"746\" data-end=\"861\"><strong data-start=\"746\" data-end=\"781\">N\u00f6ropsikolojik de\u011ferlendirmeler<\/strong>, <strong data-start=\"783\" data-end=\"805\">\u00f6\u011frenme g\u00fc\u00e7l\u00fckleri<\/strong> ve <strong data-start=\"809\" data-end=\"829\">dikkat eksikli\u011fi<\/strong> gibi durumlar\u0131n analiz edilmesi<\/p>\n<\/li>\n<li class=\"\" data-start=\"862\" data-end=\"959\">\n<p class=\"\" data-start=\"864\" data-end=\"959\"><strong data-start=\"864\" data-end=\"879\">Okul \u00f6ncesi<\/strong>, <strong data-start=\"881\" data-end=\"892\">ilkokul<\/strong> ve <strong data-start=\"896\" data-end=\"915\">ergenlik d\u00f6nemi<\/strong> bireylerinin zeka profillerinin \u00e7\u0131kar\u0131lmas\u0131<\/p>\n<\/li>\n<\/ul>\n<hr class=\"\" data-start=\"961\" data-end=\"964\" \/>\n<h3 class=\"\" data-start=\"966\" data-end=\"985\">\ud83d\udce6 \u00dcr\u00fcn \u0130\u00e7eri\u011fi<\/h3>\n<ul data-start=\"987\" data-end=\"1127\">\n<li class=\"\" data-start=\"987\" data-end=\"1027\">\n<p class=\"\" data-start=\"989\" data-end=\"1027\"><strong data-start=\"989\" data-end=\"1027\">Orijinal Cattell 2A test materyali<\/strong><\/p>\n<\/li>\n<li class=\"\" data-start=\"1028\" data-end=\"1051\">\n<p class=\"\" data-start=\"1030\" data-end=\"1051\"><strong data-start=\"1030\" data-end=\"1051\">Uygulama k\u0131lavuzu<\/strong><\/p>\n<\/li>\n<li class=\"\" data-start=\"1052\" data-end=\"1072\">\n<p class=\"\" data-start=\"1054\" data-end=\"1072\"><strong data-start=\"1054\" data-end=\"1072\">Puanlama formu<\/strong><\/p>\n<\/li>\n<li class=\"\" data-start=\"1073\" data-end=\"1127\">\n<p class=\"\" data-start=\"1075\" data-end=\"1127\"><strong data-start=\"1075\" data-end=\"1127\">Ta\u015f\u0131ma ve saklama i\u00e7in dayan\u0131kl\u0131 dosya veya kutu<\/strong><\/p>\n<\/li>\n<\/ul>\n<p class=\"\" data-start=\"1129\" data-end=\"1250\">\ud83d\udd0e <strong data-start=\"1132\" data-end=\"1140\">Not:<\/strong> Test uygulama yetkisi yaln\u0131zca bu konuda e\u011fitim alm\u0131\u015f uzmanlara aittir.<\/p>\n<hr class=\"\" data-start=\"1252\" data-end=\"1255\" \/>\n<h3 class=\"\" data-start=\"1257\" data-end=\"1288\">\ud83d\udc69\u200d\u2695\ufe0f Kimler \u0130\u00e7in Uygundur?<\/h3>\n<ul data-start=\"1290\" data-end=\"1435\">\n<li class=\"\" data-start=\"1290\" data-end=\"1333\">\n<p class=\"\" data-start=\"1292\" data-end=\"1333\"><strong data-start=\"1292\" data-end=\"1307\">Psikologlar<\/strong> ve <strong data-start=\"1311\" data-end=\"1333\">rehber \u00f6\u011fretmenler<\/strong><\/p>\n<\/li>\n<li class=\"\" data-start=\"1334\" data-end=\"1374\">\n<p class=\"\" data-start=\"1336\" data-end=\"1374\"><strong data-start=\"1336\" data-end=\"1374\">N\u00f6ropsikolojik test uygulay\u0131c\u0131lar\u0131<\/strong><\/p>\n<\/li>\n<li class=\"\" data-start=\"1375\" data-end=\"1402\">\n<p class=\"\" data-start=\"1377\" data-end=\"1402\"><strong data-start=\"1377\" data-end=\"1402\">\u00d6zel e\u011fitim uzmanlar\u0131<\/strong><\/p>\n<\/li>\n<li class=\"\" data-start=\"1403\" data-end=\"1435\">\n<p class=\"\" data-start=\"1405\" data-end=\"1435\"><strong data-start=\"1405\" data-end=\"1435\">Klinik ve e\u011fitim kurumlar\u0131<\/strong><\/p>\n<\/li>\n<\/ul>\n<hr class=\"\" data-start=\"1437\" data-end=\"1440\" \/>\n<p class=\"\" data-start=\"1442\" data-end=\"1526\">\ud83c\udf81 <strong data-start=\"1445\" data-end=\"1526\">Test uygulamalar\u0131n\u0131z\u0131 profesyonel hale getirin, g\u00fcvenilir sonu\u00e7lar elde edin!<\/strong><\/p>\n<hr class=\"\" data-start=\"1528\" data-end=\"1531\" \/>\n<h3 class=\"\" data-start=\"1533\" data-end=\"1780\">#Cattell2A #ZekaTesti #PerformansTemelliZeka #SoyutD\u00fc\u015f\u00fcnme #Mant\u0131ksalAk\u0131lY\u00fcr\u00fctme #G\u00f6rselAlg\u0131lama #N\u00f6ropsikolojikDe\u011ferlendirme #\u00d6\u011frenmeG\u00fc\u00e7l\u00fc\u011f\u00fc #DikkatEksikli\u011fi #PsikolojikTestler #E\u011fitimAra\u00e7lar\u0131 #PsikologMateryalleri #ZekaDe\u011ferlendirmesi \ud83e\udde0\ud83d\udcca\ud83d\udccb<\/h3>\n","protected":false},"excerpt":{"rendered":"<p>\ud83e\udde0 Cattell 2A Zeka Testi \u2013 Performans Temelli Zeka De\u011ferlendirme Cattell 2A Zeka Testi, Raymond B. Cattell taraf\u0131ndan geli\u015ftirilen ve Ba\u011flan To\u011frol taraf\u0131ndan T\u00fcrk\u00e7eye uyarlanan, bireylerin soyut d\u00fc\u015f\u00fcnme, mant\u0131ksal ak\u0131l [&hellip;]<\/p>\n","protected":false},"featured_media":4056,"comment_status":"open","ping_status":"closed","template":"","meta":{"_acf_changed":false,"_monsterinsights_skip_tracking":false,"_monsterinsights_sitenote_active":false,"_monsterinsights_sitenote_note":"","_monsterinsights_sitenote_category":0},"product_brand":[],"product_cat":[57],"product_tag":[1170,1167,1169,1168],"class_list":{"0":"post-4055","1":"product","2":"type-product","3":"status-publish","4":"has-post-thumbnail","6":"product_cat-uncategorized-tr","7":"product_tag-bireylerin-soyut-dusunme","8":"product_tag-cattell-2a-zeka-testi","9":"product_tag-raymond-b-cattell-tarafindan-gelistirilen-ve-baglan-togrol-tarafindan-turkceye-uyarlanan","10":"product_tag--cattell-2a-zeka-testi-performans-temelli-zeka-degerlendirme-cattell-2a-zeka-testi","12":"first","13":"instock","14":"virtual","15":"taxable","16":"purchasable","17":"product-type-simple"},"acf":[],"aioseo_notices":[],"_links":{"self":[{"href":"https:\/\/www.arsakademia.com\/en\/wp-json\/wp\/v2\/product\/4055","targetHints":{"allow":["GET"]}}],"collection":[{"href":"https:\/\/www.arsakademia.com\/en\/wp-json\/wp\/v2\/product"}],"about":[{"href":"https:\/\/www.arsakademia.com\/en\/wp-json\/wp\/v2\/types\/product"}],"replies":[{"embeddable":true,"href":"https:\/\/www.arsakademia.com\/en\/wp-json\/wp\/v2\/comments?post=4055"}],"wp:featuredmedia":[{"embeddable":true,"href":"https:\/\/www.arsakademia.com\/en\/wp-json\/wp\/v2\/media\/4056"}],"wp:attachment":[{"href":"https:\/\/www.arsakademia.com\/en\/wp-json\/wp\/v2\/media?parent=4055"}],"wp:term":[{"taxonomy":"product_brand","embeddable":true,"href":"https:\/\/www.arsakademia.com\/en\/wp-json\/wp\/v2\/product_brand?post=4055"},{"taxonomy":"product_cat","embeddable":true,"href":"https:\/\/www.arsakademia.com\/en\/wp-json\/wp\/v2\/product_cat?post=4055"},{"taxonomy":"product_tag","embeddable":true,"href":"https:\/\/www.arsakademia.com\/en\/wp-json\/wp\/v2\/product_tag?post=4055"}],"curies":[{"name":"wp","href":"https:\/\/api.w.org\/{rel}","templated":true}]}}