{"id":4023,"date":"2025-04-21T12:26:38","date_gmt":"2025-04-21T09:26:38","guid":{"rendered":"https:\/\/www.arsakademia.com\/?post_type=product&#038;p=4023"},"modified":"2026-01-19T12:34:31","modified_gmt":"2026-01-19T09:34:31","slug":"karinca-set-hizli-okuma-ogrenci-alistirmalari-ilkokul-ortaokul-ek-materyal","status":"publish","type":"product","link":"https:\/\/www.arsakademia.com\/en\/product\/karinca-set-hizli-okuma-ogrenci-alistirmalari-ilkokul-ortaokul-ek-materyal\/","title":{"rendered":"Kar\u0131nca Set \u2013 H\u0131zl\u0131 Okuma \u00d6\u011frenci Al\u0131\u015ft\u0131rmalar\u0131 (\u0130lkokul &#038; Ortaokul Ek Materyal)"},"content":{"rendered":"<p class=\"\" data-start=\"432\" data-end=\"482\"><strong data-start=\"432\" data-end=\"482\">200+ Sayfa | E\u011fitmenlere \u00d6zel Destek Materyali<\/strong><\/p>\n<p class=\"\" data-start=\"484\" data-end=\"790\"><strong data-start=\"484\" data-end=\"562\">H\u0131zl\u0131 okuma e\u011fitmenli\u011fi yapan uzmanlara \u00f6zel olarak haz\u0131rlanan Kar\u0131nca Set<\/strong>, 200 sayfay\u0131 a\u015fk\u0131n zengin i\u00e7eri\u011fiyle \u00f6\u011frenci odakl\u0131 al\u0131\u015ft\u0131rmalar sunar. \u0130lkokul ve ortaokul d\u00fczeyindeki \u00f6\u011frencilere y\u00f6nelik haz\u0131rlanm\u0131\u015f olan bu set, e\u011fitimlerinizi daha etkili ve uygulamal\u0131 hale getirmek \u00fczere geli\u015ftirilmi\u015ftir.<\/p>\n<h3 class=\"\" data-start=\"792\" data-end=\"820\"><strong data-start=\"796\" data-end=\"818\">Neden Kar\u0131nca Set?<\/strong><\/h3>\n<p class=\"\" data-start=\"821\" data-end=\"982\">\ud83d\udcd8 <strong data-start=\"824\" data-end=\"855\">Yo\u011fun ve sistematik i\u00e7erik:<\/strong><br data-start=\"855\" data-end=\"858\" \/>Kar\u0131nca Set, h\u0131zl\u0131 okuma ve anlama becerilerinin peki\u015ftirilmesine y\u00f6nelik \u00e7ok say\u0131da pratik al\u0131\u015ft\u0131rma ve etkinlikten olu\u015fur.<\/p>\n<p class=\"\" data-start=\"984\" data-end=\"1155\">\ud83c\udfaf <strong data-start=\"987\" data-end=\"1021\">Ya\u015f d\u00fczeyine uygun \u00e7al\u0131\u015fmalar:<\/strong><br data-start=\"1021\" data-end=\"1024\" \/>\u0130lkokul ve ortaokul seviyesine uygun olarak s\u0131n\u0131fland\u0131r\u0131lm\u0131\u015f al\u0131\u015ft\u0131rmalar sayesinde \u00f6\u011frenciler seviyelerine g\u00f6re ilerleme kaydeder.<\/p>\n<p class=\"\" data-start=\"1157\" data-end=\"1329\">\ud83e\udde0 <strong data-start=\"1160\" data-end=\"1205\">Beyin egzersizleri ve dikkat \u00e7al\u0131\u015fmalar\u0131:<\/strong><br data-start=\"1205\" data-end=\"1208\" \/>G\u00f6rsel tarama, odaklanma, kelime tan\u0131ma, paragraf \u00e7\u00f6z\u00fcmleme gibi bir\u00e7ok beceriyi geli\u015ftirmeye y\u00f6nelik etkinlikler i\u00e7erir.<\/p>\n<p class=\"\" data-start=\"1331\" data-end=\"1537\">\ud83d\udc69\u200d\ud83c\udfeb <strong data-start=\"1337\" data-end=\"1364\">E\u011fitmen dostu kullan\u0131m:<\/strong><br data-start=\"1364\" data-end=\"1367\" \/>Grup \u00e7al\u0131\u015fmalar\u0131na ve bireysel uygulamalara uygun olarak tasarlanm\u0131\u015f olan bu materyal, h\u0131zl\u0131 okuma kurslar\u0131nda e\u011fitmenlerin en \u00e7ok ihtiya\u00e7 duydu\u011fu destekleyici kaynakt\u0131r.<\/p>\n<h3 class=\"\" data-start=\"1539\" data-end=\"1567\"><strong data-start=\"1543\" data-end=\"1565\">Kimler \u0130\u00e7in Uygun?<\/strong><\/h3>\n<ul data-start=\"1568\" data-end=\"1788\">\n<li class=\"\" data-start=\"1568\" data-end=\"1595\">\n<p class=\"\" data-start=\"1570\" data-end=\"1595\">H\u0131zl\u0131 okuma e\u011fitmenleri<\/p>\n<\/li>\n<li class=\"\" data-start=\"1596\" data-end=\"1640\">\n<p class=\"\" data-start=\"1598\" data-end=\"1640\">E\u011fitim ko\u00e7lar\u0131 ve \u00f6zel ders \u00f6\u011fretmenleri<\/p>\n<\/li>\n<li class=\"\" data-start=\"1641\" data-end=\"1720\">\n<p class=\"\" data-start=\"1643\" data-end=\"1720\">Okullarda dikkat ve okuma h\u0131z\u0131n\u0131 art\u0131rmaya y\u00f6nelik program y\u00fcr\u00fcten uzmanlar<\/p>\n<\/li>\n<li class=\"\" data-start=\"1721\" data-end=\"1788\">\n<p class=\"\" data-start=\"1723\" data-end=\"1788\">Velilere y\u00f6nelik bireysel uygulama \u00f6nerileri arayan dan\u0131\u015fmanlar<\/p>\n<\/li>\n<\/ul>\n<hr class=\"\" data-start=\"1790\" data-end=\"1793\" \/>\n<p class=\"\" data-start=\"1795\" data-end=\"1943\"><strong data-start=\"1795\" data-end=\"1810\">Kar\u0131nca Set<\/strong>, \u00e7ocuklar\u0131n sadece daha h\u0131zl\u0131 de\u011fil, <strong data-start=\"1848\" data-end=\"1874\">daha anlaml\u0131 ve odakl\u0131<\/strong> okumalar\u0131n\u0131 hedefleyen e\u011fitmenlerin vazge\u00e7ilmez e\u011fitim materyalidir.<\/p>\n<p class=\"\" data-start=\"1945\" data-end=\"2014\">\ud83d\udce6 Hemen sipari\u015f verin, uygulamal\u0131 e\u011fitimin g\u00fcc\u00fcn\u00fc birlikte ke\u015ffedin!<\/p>\n","protected":false},"excerpt":{"rendered":"<p>*** Kargo \u00dcCRETS\u0130Z<\/p>\n<p>*** Kitap seti 3 l\u00fc olarak g\u00f6nderim sa\u011flanmakt\u0131r<\/p>\n<p>&nbsp;<\/p>\n","protected":false},"featured_media":4024,"comment_status":"open","ping_status":"closed","template":"","meta":{"_acf_changed":false,"_monsterinsights_skip_tracking":false,"_monsterinsights_sitenote_active":false,"_monsterinsights_sitenote_note":"","_monsterinsights_sitenote_category":0},"product_brand":[],"product_cat":[57],"product_tag":[1149,1145,1148,1140,1143,1134,1142,1150,1147,1135,1152,1138,1136,1137,1153,1146,1151,1141,1139,1144],"class_list":{"0":"post-4023","1":"product","2":"type-product","3":"status-publish","4":"has-post-thumbnail","6":"product_cat-uncategorized-tr","7":"product_tag-beyin-egzersizleri-ogrenciler","8":"product_tag-cocuklar-icin-hizli-okuma","9":"product_tag-dikkat-gelistirme-calismalari","10":"product_tag-dikkat-gelistirme-etkinlikleri","11":"product_tag-egitmenler-icin-hizli-okuma-seti","12":"product_tag-hizli-okuma-alistirmalari","13":"product_tag-hizli-okuma-calisma-kagitlari","14":"product_tag-hizli-okuma-egitimi","15":"product_tag-hizli-okuma-egitimi-materyali","16":"product_tag-hizli-okuma-egitmen-seti","17":"product_tag-hizli-okuma-etkinlikleri","18":"product_tag-ilkokul-hizli-okuma","19":"product_tag-karinca-set-hizli-okuma","20":"product_tag-ogrenci-hizli-okuma-materyali","21":"product_tag-ogrencilere-ozel-hizli-okuma-seti","22":"product_tag-okuma-anlama-gelistirme","23":"product_tag-okuma-becerileri-gelistirme","24":"product_tag-okuma-hizi-artirma","25":"product_tag-ortaokul-hizli-okuma","26":"product_tag-uygulamali-hizli-okuma-calismalari","28":"first","29":"instock","30":"virtual","31":"taxable","32":"purchasable","33":"product-type-simple"},"acf":[],"aioseo_notices":[],"_links":{"self":[{"href":"https:\/\/www.arsakademia.com\/en\/wp-json\/wp\/v2\/product\/4023","targetHints":{"allow":["GET"]}}],"collection":[{"href":"https:\/\/www.arsakademia.com\/en\/wp-json\/wp\/v2\/product"}],"about":[{"href":"https:\/\/www.arsakademia.com\/en\/wp-json\/wp\/v2\/types\/product"}],"replies":[{"embeddable":true,"href":"https:\/\/www.arsakademia.com\/en\/wp-json\/wp\/v2\/comments?post=4023"}],"wp:featuredmedia":[{"embeddable":true,"href":"https:\/\/www.arsakademia.com\/en\/wp-json\/wp\/v2\/media\/4024"}],"wp:attachment":[{"href":"https:\/\/www.arsakademia.com\/en\/wp-json\/wp\/v2\/media?parent=4023"}],"wp:term":[{"taxonomy":"product_brand","embeddable":true,"href":"https:\/\/www.arsakademia.com\/en\/wp-json\/wp\/v2\/product_brand?post=4023"},{"taxonomy":"product_cat","embeddable":true,"href":"https:\/\/www.arsakademia.com\/en\/wp-json\/wp\/v2\/product_cat?post=4023"},{"taxonomy":"product_tag","embeddable":true,"href":"https:\/\/www.arsakademia.com\/en\/wp-json\/wp\/v2\/product_tag?post=4023"}],"curies":[{"name":"wp","href":"https:\/\/api.w.org\/{rel}","templated":true}]}}