{"id":3948,"date":"2025-04-09T14:16:16","date_gmt":"2025-04-09T11:16:16","guid":{"rendered":"https:\/\/www.arsakademia.com\/?post_type=product&#038;p=3948"},"modified":"2025-04-09T14:17:56","modified_gmt":"2025-04-09T11:17:56","slug":"nefes-koclugu-egitimi","status":"publish","type":"product","link":"https:\/\/www.arsakademia.com\/en\/product\/nefes-koclugu-egitimi\/","title":{"rendered":"Nefes Ko\u00e7lu\u011fu E\u011fitimi"},"content":{"rendered":"<p class=\"\" data-start=\"128\" data-end=\"540\">Nefes, ya\u015fam\u0131n temel kaynaklar\u0131ndan biridir ve do\u011fru nefes almay\u0131 \u00f6\u011frenmek, hem fiziksel hem de zihinsel sa\u011fl\u0131k \u00fczerinde derin bir etki yarat\u0131r. <em data-start=\"273\" data-end=\"296\">Nefes Ko\u00e7lu\u011fu E\u011fitimi<\/em> ile, nefesin g\u00fcc\u00fcn\u00fc ke\u015ffederek ba\u015fkalar\u0131na ya\u015fam kalitelerini art\u0131rma konusunda rehberlik edebilirsiniz. ARS Akademi olarak, nefes teknikleri ve nefesle iyile\u015fme s\u00fcrecini anlaman\u0131z\u0131 sa\u011flayarak, profesyonel bir nefes ko\u00e7u olman\u0131z\u0131 hedefliyoruz.<\/p>\n<p class=\"\" data-start=\"542\" data-end=\"933\">Bu e\u011fitim, do\u011fru nefes alman\u0131n sa\u011fl\u0131\u011fa olan faydalar\u0131n\u0131, nefes tekniklerini ve stres, anksiyete gibi duygusal sorunlarla ba\u015fa \u00e7\u0131kmada nas\u0131l kullan\u0131labilece\u011fini \u00f6\u011freterek, kat\u0131l\u0131mc\u0131lara nefesle ilgili kapsaml\u0131 bilgi sa\u011flar. E\u011fitimin sonunda, bireylerin nefeslerini do\u011fru bir \u015fekilde kontrol etmelerini sa\u011flayacak teknikler geli\u015ftirebilir ve ruhsal, fiziksel sa\u011fl\u0131klar\u0131n\u0131 iyile\u015ftirebilirsiniz.<\/p>\n<p class=\"\" data-start=\"935\" data-end=\"965\"><strong data-start=\"935\" data-end=\"965\">Nefes Ko\u00e7lu\u011fu E\u011fitimi ile:<\/strong><\/p>\n<ul data-start=\"967\" data-end=\"1549\">\n<li class=\"\" data-start=\"967\" data-end=\"1044\">\n<p class=\"\" data-start=\"969\" data-end=\"1044\">Nefesin sa\u011fl\u0131k \u00fczerindeki olumlu etkilerini \u00f6\u011frenin ve ba\u015fkalar\u0131na aktar\u0131n.<\/p>\n<\/li>\n<li class=\"\" data-start=\"1045\" data-end=\"1151\">\n<p class=\"\" data-start=\"1047\" data-end=\"1151\">Nefes tekniklerini kullanarak stres, anksiyete ve zihinsel yorgunlukla ba\u015fa \u00e7\u0131kma y\u00f6ntemleri geli\u015ftirin.<\/p>\n<\/li>\n<li class=\"\" data-start=\"1152\" data-end=\"1271\">\n<p class=\"\" data-start=\"1154\" data-end=\"1271\">Derin nefes alma, nefes tutma ve nefes al\u0131\u015fveri\u015fini dengeleme gibi tekniklerle zihinsel ve fiziksel dengeyi sa\u011flamak.<\/p>\n<\/li>\n<li class=\"\" data-start=\"1272\" data-end=\"1345\">\n<p class=\"\" data-start=\"1274\" data-end=\"1345\">Nefes ko\u00e7lu\u011fu arac\u0131l\u0131\u011f\u0131yla ki\u015fisel d\u00f6n\u00fc\u015f\u00fcm\u00fc ve rahatlamay\u0131 te\u015fvik edin.<\/p>\n<\/li>\n<li class=\"\" data-start=\"1346\" data-end=\"1464\">\n<p class=\"\" data-start=\"1348\" data-end=\"1464\">Nefesin iyile\u015ftirici g\u00fcc\u00fcn\u00fc fiziksel sa\u011fl\u0131\u011f\u0131 art\u0131rma, enerji seviyelerini y\u00fckseltme ve rahatlama amac\u0131yla uygulay\u0131n.<\/p>\n<\/li>\n<li class=\"\" data-start=\"1465\" data-end=\"1549\">\n<p class=\"\" data-start=\"1467\" data-end=\"1549\">Bireylerin ve gruplar\u0131n nefesle ilgili fark\u0131ndal\u0131k geli\u015ftirmelerine yard\u0131mc\u0131 olun.<\/p>\n<\/li>\n<\/ul>\n<p class=\"\" data-start=\"1551\" data-end=\"1777\">ARS Akademi\u2019nin deneyimli e\u011fitmenleri ile, nefes ko\u00e7lu\u011fu alan\u0131nda g\u00fc\u00e7l\u00fc bir temel olu\u015fturarak bu alanda profesyonel bir kariyer yapabilirsiniz. Hemen kayd\u0131n\u0131z\u0131 yap\u0131n ve nefesin g\u00fcc\u00fcnden yararlanarak ba\u015fkalar\u0131na rehberlik edin!<\/p>\n","protected":false},"excerpt":{"rendered":"<p>Nefes, ya\u015fam\u0131n temel kaynaklar\u0131ndan biridir ve do\u011fru nefes almay\u0131 \u00f6\u011frenmek, hem fiziksel hem de zihinsel sa\u011fl\u0131k \u00fczerinde derin bir etki yarat\u0131r. Nefes Ko\u00e7lu\u011fu E\u011fitimi ile, nefesin g\u00fcc\u00fcn\u00fc ke\u015ffederek ba\u015fkalar\u0131na ya\u015fam [&hellip;]<\/p>\n","protected":false},"featured_media":3949,"comment_status":"open","ping_status":"closed","template":"","meta":{"_acf_changed":false,"_monsterinsights_skip_tracking":false,"_monsterinsights_sitenote_active":false,"_monsterinsights_sitenote_note":"","_monsterinsights_sitenote_category":0},"product_brand":[],"product_cat":[57],"product_tag":[992,758,987,998,997,989,985,986,995,993,988,1001,991,999,996,990,1000,994],"class_list":{"0":"post-3948","1":"product","2":"type-product","3":"status-publish","4":"has-post-thumbnail","6":"product_cat-uncategorized-tr","7":"product_tag-anksiyete-yonetimi","8":"product_tag-ars-akademi","9":"product_tag-dogru-nefes-alma-teknikleri","10":"product_tag-nefes-egzersizleri","11":"product_tag-nefes-farkindaligi","12":"product_tag-nefes-ile-rahatlama","13":"product_tag-nefes-koclugu","14":"product_tag-nefes-koclugu-egitimi","15":"product_tag-nefes-kocu","16":"product_tag-nefes-teknikleri","17":"product_tag-nefes-terapisi","18":"product_tag-nefes-ve-enerji","19":"product_tag-nefes-ve-saglik","20":"product_tag-nefesin-faydalari","21":"product_tag-nefesle-iyilesme","22":"product_tag-nefesle-stres-yonetimi","23":"product_tag-rahatlama-teknikleri","24":"product_tag-zihinsel-rahatlama","26":"first","27":"instock","28":"sale","29":"virtual","30":"taxable","31":"purchasable","32":"product-type-simple"},"acf":[],"aioseo_notices":[],"_links":{"self":[{"href":"https:\/\/www.arsakademia.com\/en\/wp-json\/wp\/v2\/product\/3948","targetHints":{"allow":["GET"]}}],"collection":[{"href":"https:\/\/www.arsakademia.com\/en\/wp-json\/wp\/v2\/product"}],"about":[{"href":"https:\/\/www.arsakademia.com\/en\/wp-json\/wp\/v2\/types\/product"}],"replies":[{"embeddable":true,"href":"https:\/\/www.arsakademia.com\/en\/wp-json\/wp\/v2\/comments?post=3948"}],"wp:featuredmedia":[{"embeddable":true,"href":"https:\/\/www.arsakademia.com\/en\/wp-json\/wp\/v2\/media\/3949"}],"wp:attachment":[{"href":"https:\/\/www.arsakademia.com\/en\/wp-json\/wp\/v2\/media?parent=3948"}],"wp:term":[{"taxonomy":"product_brand","embeddable":true,"href":"https:\/\/www.arsakademia.com\/en\/wp-json\/wp\/v2\/product_brand?post=3948"},{"taxonomy":"product_cat","embeddable":true,"href":"https:\/\/www.arsakademia.com\/en\/wp-json\/wp\/v2\/product_cat?post=3948"},{"taxonomy":"product_tag","embeddable":true,"href":"https:\/\/www.arsakademia.com\/en\/wp-json\/wp\/v2\/product_tag?post=3948"}],"curies":[{"name":"wp","href":"https:\/\/api.w.org\/{rel}","templated":true}]}}