{"id":3943,"date":"2025-04-09T14:11:42","date_gmt":"2025-04-09T11:11:42","guid":{"rendered":"https:\/\/www.arsakademia.com\/?post_type=product&#038;p=3943"},"modified":"2026-01-19T12:57:19","modified_gmt":"2026-01-19T09:57:19","slug":"iliski-koclugu-egitimi","status":"publish","type":"product","link":"https:\/\/www.arsakademia.com\/en\/product\/iliski-koclugu-egitimi\/","title":{"rendered":"\u0130li\u015fki Ko\u00e7lu\u011fu E\u011fitimi"},"content":{"rendered":"<p>\u0130li\u015fki Ko\u00e7lu\u011fu E\u011fitimi &#8211; ARS Akademi<\/p>\n<p>\u0130li\u015fkiler, ya\u015fam\u0131n en \u00f6nemli ve en karma\u015f\u0131k alanlar\u0131ndan biridir. \u0130yi bir ili\u015fki, sa\u011fl\u0131kl\u0131 ileti\u015fim, anlay\u0131\u015f ve kar\u015f\u0131l\u0131kl\u0131 sayg\u0131ya dayan\u0131r. \u0130li\u015fki Ko\u00e7lu\u011fu E\u011fitimi ile, \u00e7iftlerin daha sa\u011fl\u0131kl\u0131 ve mutlu ili\u015fkiler kurmalar\u0131na rehberlik edebilir, ili\u015fki sorunlar\u0131n\u0131 \u00e7\u00f6zmelerine yard\u0131mc\u0131 olabilirsiniz. ARS Akademi olarak, ili\u015fkilerdeki dinamikleri derinlemesine anlayarak, bu alanda profesyonel bir ko\u00e7luk becerisi kazand\u0131rmay\u0131 ama\u00e7l\u0131yoruz.<\/p>\n<p>E\u011fitim, ili\u015fki i\u00e7indeki ileti\u015fim, empati, g\u00fcven in\u015fa etme, \u00e7at\u0131\u015fma \u00e7\u00f6zme ve duygusal ba\u011f kurma gibi \u00f6nemli konular\u0131 ele al\u0131r. E\u011fitimin sonunda, \u00e7iftlerin ve bireylerin ili\u015fkilerinde daha sa\u011fl\u0131kl\u0131 bir denge kurmalar\u0131n\u0131 sa\u011flayacak beceriler geli\u015ftirebilirsiniz.<\/p>\n<p>\u0130li\u015fki Ko\u00e7lu\u011fu E\u011fitimi ile:<\/p>\n<p>\u0130li\u015fki dinamiklerini anlayarak, sa\u011fl\u0131kl\u0131 ve g\u00fc\u00e7l\u00fc ili\u015fkiler i\u00e7in rehberlik yap\u0131n.<\/p>\n<p>\u00c7iftlerin ileti\u015fim becerilerini geli\u015ftirerek, daha a\u00e7\u0131k ve etkili bir ileti\u015fim ortam\u0131 olu\u015fturun.<\/p>\n<p>G\u00fcven, sayg\u0131 ve empatiyi ili\u015fkilere nas\u0131l entegre edece\u011finizi \u00f6\u011frenin.<\/p>\n<p>\u00c7at\u0131\u015fma \u00e7\u00f6zme teknikleri ile ili\u015fki problemlerine etkili \u00e7\u00f6z\u00fcmler sunun.<\/p>\n<p>\u0130li\u015fkilerde duygusal ba\u011f kurma ve s\u00fcrd\u00fcrme konusunda rehberlik yap\u0131n.<\/p>\n<p>\u00c7iftlerin ya\u015famlar\u0131ndaki zorluklarla ba\u015fa \u00e7\u0131kmalar\u0131na yard\u0131mc\u0131 olacak stratejiler geli\u015ftirin.<\/p>\n<p>ARS Akademi\u2019nin deneyimli e\u011fitmenleri ile, ili\u015fki ko\u00e7lu\u011fu alan\u0131nda g\u00fc\u00e7l\u00fc bir temele sahip olabilir ve profesyonel ko\u00e7luk kariyerinizi in\u015fa edebilirsiniz. Hemen kayd\u0131n\u0131z\u0131 yap\u0131n ve ili\u015fkilerde sa\u011fl\u0131kl\u0131 ileti\u015fimi destekleyen bir ko\u00e7luk kariyerine ad\u0131m at\u0131n!<\/p>\n<p>&nbsp;<\/p>\n","protected":false},"excerpt":{"rendered":"<p>E\u011fitim sonunda verilecek olan belge ve sertifika uluslararas\u0131 ge\u00e7erli akrediteli ki\u015fiye \u00f6zel olarak foto\u011frafl\u0131 verilmektedir.<\/p>\n","protected":false},"featured_media":3637,"comment_status":"open","ping_status":"closed","template":"","meta":{"_acf_changed":false,"_monsterinsights_skip_tracking":false,"_monsterinsights_sitenote_active":false,"_monsterinsights_sitenote_note":"","_monsterinsights_sitenote_category":0},"product_brand":[],"product_cat":[57],"product_tag":[758,950,527,983,980,976,978,460,975,977,972,973,982,974,981,528,979,530,984],"class_list":{"0":"post-3943","1":"product","2":"type-product","3":"status-publish","4":"has-post-thumbnail","6":"product_cat-uncategorized-tr","7":"product_tag-ars-akademi","8":"product_tag-catisma-cozme","9":"product_tag-cift-terapisi","10":"product_tag-ciftlerin-iletisimi","11":"product_tag-duygusal-bag-kurma","12":"product_tag-empati-ve-iliskiler","13":"product_tag-guven-insa-etme","14":"product_tag-iletisim-becerileri","15":"product_tag-iliski-danismanligi","16":"product_tag-iliski-dinamikleri","17":"product_tag-iliski-koclugu","18":"product_tag-iliski-koclugu-egitimi","19":"product_tag-iliski-koclugu-sertifikasi","20":"product_tag-iliski-kocu","21":"product_tag-iliski-problemleri","22":"product_tag-iliski-terapisi","23":"product_tag-saglikli-iliski-rehberligi","24":"product_tag-saglikli-iliskiler","25":"product_tag-saglikli-iliskiler-icin-kocluk","27":"first","28":"instock","29":"sale","30":"virtual","31":"taxable","32":"purchasable","33":"product-type-simple"},"acf":[],"aioseo_notices":[],"_links":{"self":[{"href":"https:\/\/www.arsakademia.com\/en\/wp-json\/wp\/v2\/product\/3943","targetHints":{"allow":["GET"]}}],"collection":[{"href":"https:\/\/www.arsakademia.com\/en\/wp-json\/wp\/v2\/product"}],"about":[{"href":"https:\/\/www.arsakademia.com\/en\/wp-json\/wp\/v2\/types\/product"}],"replies":[{"embeddable":true,"href":"https:\/\/www.arsakademia.com\/en\/wp-json\/wp\/v2\/comments?post=3943"}],"wp:featuredmedia":[{"embeddable":true,"href":"https:\/\/www.arsakademia.com\/en\/wp-json\/wp\/v2\/media\/3637"}],"wp:attachment":[{"href":"https:\/\/www.arsakademia.com\/en\/wp-json\/wp\/v2\/media?parent=3943"}],"wp:term":[{"taxonomy":"product_brand","embeddable":true,"href":"https:\/\/www.arsakademia.com\/en\/wp-json\/wp\/v2\/product_brand?post=3943"},{"taxonomy":"product_cat","embeddable":true,"href":"https:\/\/www.arsakademia.com\/en\/wp-json\/wp\/v2\/product_cat?post=3943"},{"taxonomy":"product_tag","embeddable":true,"href":"https:\/\/www.arsakademia.com\/en\/wp-json\/wp\/v2\/product_tag?post=3943"}],"curies":[{"name":"wp","href":"https:\/\/api.w.org\/{rel}","templated":true}]}}