{"id":3933,"date":"2025-04-09T14:02:29","date_gmt":"2025-04-09T11:02:29","guid":{"rendered":"https:\/\/www.arsakademia.com\/?post_type=product&#038;p=3933"},"modified":"2026-01-19T12:53:28","modified_gmt":"2026-01-19T09:53:28","slug":"aile-ve-yasam-koclugu-egitimi","status":"publish","type":"product","link":"https:\/\/www.arsakademia.com\/en\/product\/aile-ve-yasam-koclugu-egitimi\/","title":{"rendered":"Aile ve Ya\u015fam Ko\u00e7lu\u011fu E\u011fitimi"},"content":{"rendered":"<p>Aile ve Ya\u015fam Ko\u00e7lu\u011fu E\u011fitimi &#8211; ARS Akademi<\/p>\n<p>Aile i\u00e7indeki ili\u015fkiler, bireylerin hayat\u0131ndaki en \u00f6nemli dinamiklerden biridir. Aile i\u00e7i ileti\u015fimi g\u00fc\u00e7lendirmek, ili\u015fkilerdeki problemleri \u00e7\u00f6zmek ve aile bireylerinin ki\u015fisel geli\u015fim s\u00fcre\u00e7lerini desteklemek i\u00e7in Aile ve Ya\u015fam Ko\u00e7lu\u011fu E\u011fitimi ile g\u00fc\u00e7l\u00fc bir temel atabilirsiniz. ARS Akademi olarak, aile i\u00e7indeki her bireyin potansiyelini en \u00fcst seviyeye \u00e7\u0131karabilecek becerilerle donat\u0131lman\u0131z\u0131 sa\u011fl\u0131yoruz.<\/p>\n<p>Bu e\u011fitim, aile i\u00e7indeki ileti\u015fim sorunlar\u0131, \u00e7at\u0131\u015fma \u00e7\u00f6zme, stres y\u00f6netimi ve ki\u015fisel geli\u015fim gibi kritik alanlarda rehberlik yapabilmeniz i\u00e7in gerekli bilgileri sunar. E\u011fitimin sonunda, hem bireysel hem de ailevi d\u00fczeyde daha sa\u011fl\u0131kl\u0131 ili\u015fkiler kurabilir, aile ko\u00e7u olarak ailelerin daha dengeli bir ya\u015fam s\u00fcrmelerine yard\u0131mc\u0131 olabilirsiniz.<\/p>\n<p>Aile ve Ya\u015fam Ko\u00e7lu\u011fu E\u011fitimi ile:<\/p>\n<p>Aile i\u00e7indeki ili\u015fkilerinizi g\u00fc\u00e7lendirecek ileti\u015fim tekniklerini \u00f6\u011frenin.<\/p>\n<p>Aile \u00fcyeleri aras\u0131nda daha sa\u011fl\u0131kl\u0131 ve a\u00e7\u0131k bir diyalog kurma becerisi kazan\u0131n.<\/p>\n<p>\u00c7at\u0131\u015fma \u00e7\u00f6zme, stres y\u00f6netimi ve kriz anlar\u0131nda rehberlik yapma becerilerini geli\u015ftirin.<\/p>\n<p>Aile i\u00e7indeki bireylerin ki\u015fisel geli\u015fim s\u00fcre\u00e7lerini destekleyin.<\/p>\n<p>Aileyi bir b\u00fct\u00fcn olarak ele alarak, bireylerin ve t\u00fcm ailenin huzurlu bir ya\u015fam s\u00fcrmesini sa\u011flay\u0131n.<\/p>\n<p>Ki\u015fisel ya\u015fam ko\u00e7lu\u011fu ve aile ko\u00e7lu\u011fu aras\u0131ndaki farklar\u0131 \u00f6\u011frenerek, her iki alanda da rehberlik yap\u0131n.<\/p>\n<p>ARS Akademi\u2019nin deneyimli e\u011fitmenleri ile, aile ko\u00e7lu\u011fu alan\u0131nda g\u00fc\u00e7l\u00fc bir temel olu\u015fturabilir ve bireylerin ya\u015famlar\u0131n\u0131 daha sa\u011fl\u0131kl\u0131 bir \u015fekilde \u015fekillendirmelerine yard\u0131mc\u0131 olabilirsiniz. Hemen kayd\u0131n\u0131z\u0131 yap\u0131n ve bu alanda profesyonel bir kariyer yapma yolunda ilk ad\u0131m\u0131 at\u0131n!<\/p>\n<p>&nbsp;<\/p>\n","protected":false},"excerpt":{"rendered":"<p><strong>E\u011fitim sonunda verilecek olan belge ve sertifika uluslararas\u0131 ge\u00e7erli akrediteli ki\u015fiye \u00f6zel olarak foto\u011frafl\u0131 verilmektedir.<\/strong><\/p>\n","protected":false},"featured_media":2437,"comment_status":"open","ping_status":"closed","template":"","meta":{"_acf_changed":false,"_monsterinsights_skip_tracking":false,"_monsterinsights_sitenote_active":false,"_monsterinsights_sitenote_note":"","_monsterinsights_sitenote_category":0},"product_brand":[],"product_cat":[57],"product_tag":[954,953,957,139,951,956,958,949,952,541,758,950,503,955,553,548,543,927],"class_list":{"0":"post-3933","1":"product","2":"type-product","3":"status-publish","4":"has-post-thumbnail","6":"product_cat-uncategorized-tr","7":"product_tag-aile-bireyleri-icin-kocluk","8":"product_tag-aile-destegi","9":"product_tag-aile-ici-denge","10":"product_tag-aile-ici-iletisim","11":"product_tag-aile-ici-iliskiler","12":"product_tag-aile-ici-rehberlik","13":"product_tag-aile-iliskileri","14":"product_tag-aile-koclugu-egitimi","15":"product_tag-aile-kocu","16":"product_tag-aile-ve-yasam-koclugu","17":"product_tag-ars-akademi","18":"product_tag-catisma-cozme","19":"product_tag-kisisel-gelisim","20":"product_tag-kisisel-gelisim-egitimi","21":"product_tag-profesyonel-kocluk","22":"product_tag-stres-yonetimi","23":"product_tag-yasam-koclugu","24":"product_tag-yasam-koclugu-sertifikasi","26":"first","27":"instock","28":"virtual","29":"taxable","30":"purchasable","31":"product-type-simple"},"acf":[],"aioseo_notices":[],"_links":{"self":[{"href":"https:\/\/www.arsakademia.com\/en\/wp-json\/wp\/v2\/product\/3933","targetHints":{"allow":["GET"]}}],"collection":[{"href":"https:\/\/www.arsakademia.com\/en\/wp-json\/wp\/v2\/product"}],"about":[{"href":"https:\/\/www.arsakademia.com\/en\/wp-json\/wp\/v2\/types\/product"}],"replies":[{"embeddable":true,"href":"https:\/\/www.arsakademia.com\/en\/wp-json\/wp\/v2\/comments?post=3933"}],"wp:featuredmedia":[{"embeddable":true,"href":"https:\/\/www.arsakademia.com\/en\/wp-json\/wp\/v2\/media\/2437"}],"wp:attachment":[{"href":"https:\/\/www.arsakademia.com\/en\/wp-json\/wp\/v2\/media?parent=3933"}],"wp:term":[{"taxonomy":"product_brand","embeddable":true,"href":"https:\/\/www.arsakademia.com\/en\/wp-json\/wp\/v2\/product_brand?post=3933"},{"taxonomy":"product_cat","embeddable":true,"href":"https:\/\/www.arsakademia.com\/en\/wp-json\/wp\/v2\/product_cat?post=3933"},{"taxonomy":"product_tag","embeddable":true,"href":"https:\/\/www.arsakademia.com\/en\/wp-json\/wp\/v2\/product_tag?post=3933"}],"curies":[{"name":"wp","href":"https:\/\/api.w.org\/{rel}","templated":true}]}}