{"id":3926,"date":"2025-04-09T13:57:29","date_gmt":"2025-04-09T10:57:29","guid":{"rendered":"https:\/\/www.arsakademia.com\/?post_type=product&#038;p=3926"},"modified":"2026-01-19T12:53:51","modified_gmt":"2026-01-19T09:53:51","slug":"yonetici-sekreterligi-egitimi","status":"publish","type":"product","link":"https:\/\/www.arsakademia.com\/en\/product\/yonetici-sekreterligi-egitimi\/","title":{"rendered":"Y\u00f6netici Sekreterli\u011fi E\u011fitimi"},"content":{"rendered":"<p>Y\u00f6netici Sekreterli\u011fi E\u011fitimi \u2013 ARS Akademi<\/p>\n<p>Ofis i\u00e7indeki verimlili\u011fi art\u0131ran, profesyonel ve etkili y\u00f6netici sekreterleri yeti\u015ftirmek i\u00e7in Y\u00f6netici Sekreterli\u011fi E\u011fitimi sunuyoruz. Bu e\u011fitim, y\u00f6netici sekreterlerinin sahip olmas\u0131 gereken t\u00fcm becerileri kapsaml\u0131 bir \u015fekilde ele al\u0131r. ARS Akademi olarak, i\u015f d\u00fcnyas\u0131nda ba\u015far\u0131l\u0131 olmak ve y\u00f6neticilerin i\u015f y\u00fck\u00fcn\u00fc hafifletmek i\u00e7in gerekli olan teknik ve ileti\u015fim becerilerini kazand\u0131rmay\u0131 hedefliyoruz.<\/p>\n<p>E\u011fitim, ofis y\u00f6netiminden yaz\u0131\u015fma tekniklerine, telefon ve e-posta ileti\u015fiminden etkin zaman y\u00f6netimine kadar geni\u015f bir yelpazede bilgi sunmaktad\u0131r. E\u011fitimin sonunda, profesyonel bir y\u00f6netici sekreteri olarak etkili bir \u015fekilde g\u00f6rev alabilir, y\u00f6neticilerinize g\u00fc\u00e7l\u00fc bir destek sa\u011flayabilirsiniz.<\/p>\n<p>Y\u00f6netici Sekreterli\u011fi E\u011fitimi ile:<\/p>\n<p>Etkili ileti\u015fim becerileri geli\u015ftirerek, yaz\u0131l\u0131 ve s\u00f6zl\u00fc olarak profesyonel bir ileti\u015fim tarz\u0131 olu\u015fturun.<\/p>\n<p>Ofis y\u00f6netimi, toplant\u0131 d\u00fczenleme ve organizasyon konular\u0131nda yetkinlik kazan\u0131n.<\/p>\n<p>Y\u00f6netici destek hizmetlerini etkin \u015fekilde y\u00f6netmek i\u00e7in gerekli becerileri \u00f6\u011frenin.<\/p>\n<p>Zaman y\u00f6netimi tekniklerini \u00f6\u011frenerek, g\u00f6revlerinizi daha verimli bir \u015fekilde yerine getirin.<\/p>\n<p>Profesyonel yaz\u0131\u015fmalar, raporlama ve dosyalama sistemlerini etkili bir \u015fekilde kullan\u0131n.<\/p>\n<p>Y\u00f6neticilerinize organizasyonel destek sunarak, i\u015f s\u00fcre\u00e7lerini daha verimli hale getirin.<\/p>\n<p>ARS Akademi\u2019nin deneyimli e\u011fitmenleri ile, y\u00f6netici sekreterli\u011fi alan\u0131nda profesyonel bir kariyer i\u00e7in gerekli bilgi ve becerilere sahip olabilirsiniz. Hemen kayd\u0131n\u0131z\u0131 yap\u0131n ve ofis d\u00fcnyas\u0131nda etkili bir sekreter olmak i\u00e7in ilk ad\u0131m\u0131 at\u0131n!<\/p>\n","protected":false},"excerpt":{"rendered":"<p><strong>E\u011fitim sonunda verilecek olan belge ve sertifika uluslararas\u0131 ge\u00e7erli akrediteli ki\u015fiye \u00f6zel olarak foto\u011frafl\u0131 verilmektedir.<\/strong><\/p>\n","protected":false},"featured_media":3927,"comment_status":"open","ping_status":"closed","template":"","meta":{"_acf_changed":false,"_monsterinsights_skip_tracking":false,"_monsterinsights_sitenote_active":false,"_monsterinsights_sitenote_note":"","_monsterinsights_sitenote_category":0},"product_brand":[],"product_cat":[57],"product_tag":[758,473,946,940,948,936,945,937,941,943,944,938,947,939,942,934,935,884],"class_list":{"0":"post-3926","1":"product","2":"type-product","3":"status-publish","4":"has-post-thumbnail","6":"product_cat-uncategorized-tr","7":"product_tag-ars-akademi","8":"product_tag-etkili-iletisim","9":"product_tag-is-dunyasi-becerileri","10":"product_tag-ofis-organizasyonu","11":"product_tag-ofis-sekreterligi","12":"product_tag-ofis-yonetimi","13":"product_tag-profesyonel-sekreter","14":"product_tag-profesyonel-sekreterlik","15":"product_tag-profesyonel-yazismalar","16":"product_tag-sekreterlik-becerileri","17":"product_tag-sekreterlik-egitimi","18":"product_tag-sekreterlik-kursu","19":"product_tag-toplanti-duzenleme","20":"product_tag-yazisma-teknikleri","21":"product_tag-yonetici-destegi","22":"product_tag-yonetici-sekreterligi","23":"product_tag-yonetici-sekreterligi-egitimi","24":"product_tag-zaman-yonetimi","26":"first","27":"instock","28":"virtual","29":"taxable","30":"purchasable","31":"product-type-simple"},"acf":[],"aioseo_notices":[],"_links":{"self":[{"href":"https:\/\/www.arsakademia.com\/en\/wp-json\/wp\/v2\/product\/3926","targetHints":{"allow":["GET"]}}],"collection":[{"href":"https:\/\/www.arsakademia.com\/en\/wp-json\/wp\/v2\/product"}],"about":[{"href":"https:\/\/www.arsakademia.com\/en\/wp-json\/wp\/v2\/types\/product"}],"replies":[{"embeddable":true,"href":"https:\/\/www.arsakademia.com\/en\/wp-json\/wp\/v2\/comments?post=3926"}],"wp:featuredmedia":[{"embeddable":true,"href":"https:\/\/www.arsakademia.com\/en\/wp-json\/wp\/v2\/media\/3927"}],"wp:attachment":[{"href":"https:\/\/www.arsakademia.com\/en\/wp-json\/wp\/v2\/media?parent=3926"}],"wp:term":[{"taxonomy":"product_brand","embeddable":true,"href":"https:\/\/www.arsakademia.com\/en\/wp-json\/wp\/v2\/product_brand?post=3926"},{"taxonomy":"product_cat","embeddable":true,"href":"https:\/\/www.arsakademia.com\/en\/wp-json\/wp\/v2\/product_cat?post=3926"},{"taxonomy":"product_tag","embeddable":true,"href":"https:\/\/www.arsakademia.com\/en\/wp-json\/wp\/v2\/product_tag?post=3926"}],"curies":[{"name":"wp","href":"https:\/\/api.w.org\/{rel}","templated":true}]}}