{"id":3921,"date":"2025-04-09T13:52:00","date_gmt":"2025-04-09T10:52:00","guid":{"rendered":"https:\/\/www.arsakademia.com\/?post_type=product&#038;p=3921"},"modified":"2026-01-19T12:54:13","modified_gmt":"2026-01-19T09:54:13","slug":"yasam-koclugu-egitimi","status":"publish","type":"product","link":"https:\/\/www.arsakademia.com\/en\/product\/yasam-koclugu-egitimi\/","title":{"rendered":"Ya\u015fam Ko\u00e7lu\u011fu E\u011fitimi"},"content":{"rendered":"<p class=\"\" data-start=\"87\" data-end=\"126\"><strong data-start=\"87\" data-end=\"126\">Ya\u015fam Ko\u00e7lu\u011fu E\u011fitimi &#8211; ARS Akademi<\/strong><\/p>\n<p class=\"\" data-start=\"128\" data-end=\"524\">Hayat\u0131n zorluklar\u0131yla ba\u015fa \u00e7\u0131kmak, hedeflere ula\u015fmak ve ki\u015fisel geli\u015fim yolculu\u011funda do\u011fru ad\u0131mlar atmak i\u00e7in bir rehbere mi ihtiyac\u0131n\u0131z var? <em data-start=\"270\" data-end=\"293\">Ya\u015fam Ko\u00e7lu\u011fu E\u011fitimi<\/em> ile, insanlara hayatlar\u0131n\u0131 d\u00f6n\u00fc\u015ft\u00fcrebilmeleri i\u00e7in rehberlik yapma yetene\u011fi kazanabilirsiniz. ARS Akademi olarak, ya\u015fam ko\u00e7lu\u011funun temellerinden, g\u00fc\u00e7l\u00fc ve sa\u011fl\u0131kl\u0131 bir ya\u015fam olu\u015fturma becerilerine kadar geni\u015f bir e\u011fitim sunuyoruz.<\/p>\n<p class=\"\" data-start=\"526\" data-end=\"904\">Bu e\u011fitim, ya\u015fam ko\u00e7lu\u011funun teorik ve pratik y\u00f6nlerini derinlemesine \u00f6\u011frenmenizi sa\u011flar. Ki\u015fisel hedef belirleme, motivasyon art\u0131rma, engelleri a\u015fma ve daha dengeli bir ya\u015fam kurma konusunda g\u00fc\u00e7l\u00fc bir altyap\u0131 olu\u015fturman\u0131za yard\u0131mc\u0131 olur. E\u011fitimin sonunda, bir ya\u015fam ko\u00e7u olarak ba\u015fkalar\u0131na rehberlik edebilecek, ki\u015fisel geli\u015fim alan\u0131nda etkili stratejiler geli\u015ftirebileceksiniz.<\/p>\n<p class=\"\" data-start=\"906\" data-end=\"936\"><strong data-start=\"906\" data-end=\"936\">Ya\u015fam Ko\u00e7lu\u011fu E\u011fitimi ile:<\/strong><\/p>\n<ul data-start=\"938\" data-end=\"1359\">\n<li class=\"\" data-start=\"938\" data-end=\"995\">\n<p class=\"\" data-start=\"940\" data-end=\"995\">Ya\u015fam ko\u00e7lu\u011funun temel ilkelerini \u00f6\u011frenin ve uygulay\u0131n.<\/p>\n<\/li>\n<li class=\"\" data-start=\"996\" data-end=\"1065\">\n<p class=\"\" data-start=\"998\" data-end=\"1065\">Ki\u015fisel hedefler belirleme, bu hedeflere ula\u015fma yollar\u0131n\u0131 ke\u015ffedin.<\/p>\n<\/li>\n<li class=\"\" data-start=\"1066\" data-end=\"1156\">\n<p class=\"\" data-start=\"1068\" data-end=\"1156\">Bireylerin motivasyonlar\u0131n\u0131 art\u0131rarak, ya\u015famlar\u0131nda de\u011fi\u015fim yaratmalar\u0131na yard\u0131mc\u0131 olun.<\/p>\n<\/li>\n<li class=\"\" data-start=\"1157\" data-end=\"1220\">\n<p class=\"\" data-start=\"1159\" data-end=\"1220\">\u0130leti\u015fim becerilerinizi geli\u015ftirerek, etkili rehberlik yap\u0131n.<\/p>\n<\/li>\n<li class=\"\" data-start=\"1221\" data-end=\"1289\">\n<p class=\"\" data-start=\"1223\" data-end=\"1289\">Ki\u015fisel ve profesyonel geli\u015fimi destekleyen stratejiler olu\u015fturun.<\/p>\n<\/li>\n<li class=\"\" data-start=\"1290\" data-end=\"1359\">\n<p class=\"\" data-start=\"1292\" data-end=\"1359\">Engelleri a\u015fma ve stres y\u00f6netimi konusunda g\u00fc\u00e7l\u00fc beceriler kazan\u0131n.<\/p>\n<\/li>\n<\/ul>\n<p class=\"\" data-start=\"1361\" data-end=\"1602\">ARS Akademi\u2019nin deneyimli ya\u015fam ko\u00e7lar\u0131 taraf\u0131ndan verilen bu e\u011fitimle, kendinizi ve ba\u015fkalar\u0131n\u0131 d\u00f6n\u00fc\u015ft\u00fcrme yolunda g\u00fc\u00e7l\u00fc bir ko\u00e7luk becerisi edinebilirsiniz. Hemen kayd\u0131n\u0131z\u0131 yap\u0131n ve ya\u015fam ko\u00e7lu\u011fu alan\u0131nda profesyonel bir kariyer in\u015fa edin!<\/p>\n","protected":false},"excerpt":{"rendered":"<p><strong>E\u011fitim sonunda verilecek olan belge ve sertifika uluslararas\u0131 ge\u00e7erli akrediteli ki\u015fiye \u00f6zel olarak foto\u011frafl\u0131 verilmektedir.<\/strong><\/p>\n","protected":false},"featured_media":3678,"comment_status":"open","ping_status":"closed","template":"","meta":{"_acf_changed":false,"_monsterinsights_skip_tracking":false,"_monsterinsights_sitenote_active":false,"_monsterinsights_sitenote_note":"","_monsterinsights_sitenote_category":0},"product_brand":[],"product_cat":[57],"product_tag":[758,518,801,932,503,930,552,933,928,925,931,548,543,929,923,926,927,924],"class_list":{"0":"post-3921","1":"product","2":"type-product","3":"status-publish","4":"has-post-thumbnail","6":"product_cat-uncategorized-tr","7":"product_tag-ars-akademi","8":"product_tag-bireysel-gelisim","9":"product_tag-hedef-belirleme","10":"product_tag-hedeflere-ulasma","11":"product_tag-kisisel-gelisim","12":"product_tag-kisisel-gelisim-yolculugu","13":"product_tag-kocluk-egitimi","14":"product_tag-kocluk-ile-donusum","15":"product_tag-kocluk-teknikleri","16":"product_tag-motivasyon-artirma","17":"product_tag-profesyonel-yasam-kocu","18":"product_tag-stres-yonetimi","19":"product_tag-yasam-koclugu","20":"product_tag-yasam-koclugu-becerileri","21":"product_tag-yasam-koclugu-egitimi","22":"product_tag-yasam-koclugu-kursu","23":"product_tag-yasam-koclugu-sertifikasi","24":"product_tag-yasam-kocu","26":"first","27":"instock","28":"virtual","29":"purchasable","30":"product-type-simple"},"acf":[],"aioseo_notices":[],"_links":{"self":[{"href":"https:\/\/www.arsakademia.com\/en\/wp-json\/wp\/v2\/product\/3921","targetHints":{"allow":["GET"]}}],"collection":[{"href":"https:\/\/www.arsakademia.com\/en\/wp-json\/wp\/v2\/product"}],"about":[{"href":"https:\/\/www.arsakademia.com\/en\/wp-json\/wp\/v2\/types\/product"}],"replies":[{"embeddable":true,"href":"https:\/\/www.arsakademia.com\/en\/wp-json\/wp\/v2\/comments?post=3921"}],"wp:featuredmedia":[{"embeddable":true,"href":"https:\/\/www.arsakademia.com\/en\/wp-json\/wp\/v2\/media\/3678"}],"wp:attachment":[{"href":"https:\/\/www.arsakademia.com\/en\/wp-json\/wp\/v2\/media?parent=3921"}],"wp:term":[{"taxonomy":"product_brand","embeddable":true,"href":"https:\/\/www.arsakademia.com\/en\/wp-json\/wp\/v2\/product_brand?post=3921"},{"taxonomy":"product_cat","embeddable":true,"href":"https:\/\/www.arsakademia.com\/en\/wp-json\/wp\/v2\/product_cat?post=3921"},{"taxonomy":"product_tag","embeddable":true,"href":"https:\/\/www.arsakademia.com\/en\/wp-json\/wp\/v2\/product_tag?post=3921"}],"curies":[{"name":"wp","href":"https:\/\/api.w.org\/{rel}","templated":true}]}}