{"id":3908,"date":"2025-04-09T13:33:07","date_gmt":"2025-04-09T10:33:07","guid":{"rendered":"https:\/\/www.arsakademia.com\/?post_type=product&#038;p=3908"},"modified":"2026-01-19T12:56:27","modified_gmt":"2026-01-19T09:56:27","slug":"sorumluluk-ve-degerler-egitimi","status":"publish","type":"product","link":"https:\/\/www.arsakademia.com\/en\/product\/sorumluluk-ve-degerler-egitimi\/","title":{"rendered":"Sorumluluk ve De\u011ferler E\u011fitimi"},"content":{"rendered":"<p>Sorumluluk ve De\u011ferler E\u011fitimi &#8211; ARS Akademi<\/p>\n<p>Sorumluluk sahibi bireyler yeti\u015ftirmek ve g\u00fc\u00e7l\u00fc de\u011ferler olu\u015fturmak, hem ki\u015fisel geli\u015fim hem de toplumlar\u0131n ilerlemesi i\u00e7in olduk\u00e7a \u00f6nemlidir. Sorumluluk ve De\u011ferler E\u011fitimi ile, sorumluluk bilincinizi g\u00fc\u00e7lendirebilir, hayatta kar\u015f\u0131n\u0131za \u00e7\u0131kan her durumda do\u011fru ve etik kararlar verebilme becerisini kazanabilirsiniz. ARS Akademi olarak, bireylerin ve toplumlar\u0131n de\u011ferler do\u011frultusunda daha sa\u011fl\u0131kl\u0131 ve verimli bir \u015fekilde geli\u015fmelerine katk\u0131 sa\u011fl\u0131yoruz.<\/p>\n<p>Bu e\u011fitim program\u0131, sorumluluk bilincinin temellerini atarak, ki\u015fisel ve toplumsal de\u011ferler \u00fczerine derinlemesine bir anlay\u0131\u015f kazand\u0131r\u0131r. E\u011fitimin sonunda, sorumluluklar\u0131n\u0131z\u0131 daha iyi y\u00f6netebilir ve \u00e7evrenizle olan ili\u015fkilerinizde daha g\u00fc\u00e7l\u00fc de\u011ferler olu\u015fturabilirsiniz.<\/p>\n<p>Sorumluluk ve De\u011ferler E\u011fitimi ile:<\/p>\n<p>Ki\u015fisel ve toplumsal sorumluluklar\u0131n\u0131z\u0131 daha etkili bir \u015fekilde yerine getirin.<\/p>\n<p>Etik de\u011ferler ve do\u011fru karar verme s\u00fcre\u00e7lerine hakim olun.<\/p>\n<p>Liderlik, g\u00fcven ve sayg\u0131 gibi de\u011ferleri hayat\u0131n\u0131za entegre edin.<\/p>\n<p>Duygusal zekan\u0131z\u0131 geli\u015ftirerek, sorumluluklar\u0131n\u0131zla uyumlu ili\u015fkiler kurun.<\/p>\n<p>De\u011ferleriniz do\u011frultusunda kararlar alarak, sa\u011fl\u0131kl\u0131 bir ya\u015fam tarz\u0131 benimseyin.<\/p>\n<p>Aile, i\u015f ve toplum i\u00e7indeki sorumluluklar\u0131n\u0131z\u0131 y\u00f6netme becerisi kazan\u0131n.<\/p>\n<p>ARS Akademi&#8217;nin uzman e\u011fitmenleriyle, bu e\u011fitim sayesinde sorumluluk ve de\u011ferler konusunda sa\u011flam bir temel atabilir, ya\u015fam\u0131n\u0131zda daha etik ve sorumlu bir yakla\u015f\u0131m benimseyebilirsiniz. Hemen kayd\u0131n\u0131z\u0131 yap\u0131n ve sorumluluk bilincinizi geli\u015ftirin!<\/p>\n<p>&nbsp;<\/p>\n","protected":false},"excerpt":{"rendered":"<p><strong>E\u011fitim sonunda verilecek olan belge ve sertifika uluslararas\u0131 ge\u00e7erli akrediteli ki\u015fiye \u00f6zel olarak foto\u011frafl\u0131 verilmektedir.<\/strong><\/p>\n","protected":false},"featured_media":1609,"comment_status":"open","ping_status":"closed","template":"","meta":{"_acf_changed":false,"_monsterinsights_skip_tracking":false,"_monsterinsights_sitenote_active":false,"_monsterinsights_sitenote_note":"","_monsterinsights_sitenote_category":0},"product_brand":[],"product_cat":[57],"product_tag":[758,871,879,876,882,835,872,874,503,878,873,877,483,870,880,881,875],"class_list":{"0":"post-3908","1":"product","2":"type-product","3":"status-publish","4":"has-post-thumbnail","6":"product_cat-uncategorized-tr","7":"product_tag-ars-akademi","8":"product_tag-degerler-egitimi","9":"product_tag-degerler-ile-karar-verme","10":"product_tag-degerler-ve-sorumluluk","11":"product_tag-degerler-ve-toplum","12":"product_tag-duygusal-zeka","13":"product_tag-etik-degerler","14":"product_tag-etik-kararlar","15":"product_tag-kisisel-gelisim","16":"product_tag-kisisel-sorumluluk","17":"product_tag-liderlik-degerleri","18":"product_tag-saglikli-yasam-tarzi","19":"product_tag-sorumluluk-bilinci","20":"product_tag-sorumluluk-egitimi","21":"product_tag-sorumluluk-ve-etik","22":"product_tag-sorumluluk-ve-liderlik","23":"product_tag-sorumluluk-yonetimi","25":"first","26":"instock","27":"virtual","28":"taxable","29":"purchasable","30":"product-type-simple"},"acf":[],"aioseo_notices":[],"_links":{"self":[{"href":"https:\/\/www.arsakademia.com\/en\/wp-json\/wp\/v2\/product\/3908","targetHints":{"allow":["GET"]}}],"collection":[{"href":"https:\/\/www.arsakademia.com\/en\/wp-json\/wp\/v2\/product"}],"about":[{"href":"https:\/\/www.arsakademia.com\/en\/wp-json\/wp\/v2\/types\/product"}],"replies":[{"embeddable":true,"href":"https:\/\/www.arsakademia.com\/en\/wp-json\/wp\/v2\/comments?post=3908"}],"wp:featuredmedia":[{"embeddable":true,"href":"https:\/\/www.arsakademia.com\/en\/wp-json\/wp\/v2\/media\/1609"}],"wp:attachment":[{"href":"https:\/\/www.arsakademia.com\/en\/wp-json\/wp\/v2\/media?parent=3908"}],"wp:term":[{"taxonomy":"product_brand","embeddable":true,"href":"https:\/\/www.arsakademia.com\/en\/wp-json\/wp\/v2\/product_brand?post=3908"},{"taxonomy":"product_cat","embeddable":true,"href":"https:\/\/www.arsakademia.com\/en\/wp-json\/wp\/v2\/product_cat?post=3908"},{"taxonomy":"product_tag","embeddable":true,"href":"https:\/\/www.arsakademia.com\/en\/wp-json\/wp\/v2\/product_tag?post=3908"}],"curies":[{"name":"wp","href":"https:\/\/api.w.org\/{rel}","templated":true}]}}