{"id":3903,"date":"2025-04-09T13:26:30","date_gmt":"2025-04-09T10:26:30","guid":{"rendered":"https:\/\/www.arsakademia.com\/?post_type=product&#038;p=3903"},"modified":"2026-01-19T12:57:15","modified_gmt":"2026-01-19T09:57:15","slug":"pilates-egitici-egitimi","status":"publish","type":"product","link":"https:\/\/www.arsakademia.com\/en\/product\/pilates-egitici-egitimi\/","title":{"rendered":"Pilates E\u011fitici E\u011fitimi"},"content":{"rendered":"<p>Pilates E\u011fitici E\u011fitimi &#8211; ARS Akademi<\/p>\n<p>Pilatesin g\u00fc\u00e7l\u00fc ve sa\u011fl\u0131kl\u0131 bir v\u00fccut i\u00e7in sundu\u011fu faydalardan yararlanmak ve bu bilgileri ba\u015fkalar\u0131na aktarmak ister misiniz? Pilates E\u011fitici E\u011fitimi ile, Pilatesin temellerini \u00f6\u011frenebilir, do\u011fru teknikleri uygulayarak e\u011fitmenlik kariyerine ad\u0131m atabilirsiniz. ARS Akademi olarak, Pilatesi daha derinlemesine anlaman\u0131z\u0131 ve bu bilgiyi ba\u015fkalar\u0131na \u00f6\u011fretme yetene\u011fi kazanman\u0131z\u0131 sa\u011fl\u0131yoruz.<\/p>\n<p>Bu e\u011fitim, Pilatesin do\u011fru formda yap\u0131lmas\u0131n\u0131, v\u00fccut fark\u0131ndal\u0131\u011f\u0131n\u0131 art\u0131rmay\u0131 ve etkili e\u011fitim y\u00f6ntemlerini \u00f6\u011fretir. E\u011fitimin sonunda, Pilates e\u011fitmeni olarak dersler verebilir ve bireylerin sa\u011fl\u0131klar\u0131n\u0131 iyile\u015ftirmelerine yard\u0131mc\u0131 olabilirsiniz. Ayr\u0131ca, Pilatesi farkl\u0131 seviyelerdeki kat\u0131l\u0131mc\u0131lara uygulayacak \u015fekilde adapte etme becerisi kazan\u0131rs\u0131n\u0131z.<\/p>\n<p>Pilates E\u011fitici E\u011fitimi ile:<\/p>\n<p>Pilatesin temel tekniklerini \u00f6\u011frenin ve do\u011fru formu geli\u015ftirin.<\/p>\n<p>\u00d6\u011frencilerin ihtiya\u00e7lar\u0131na g\u00f6re Pilates derslerini \u00f6zelle\u015ftirme yetene\u011fi kazan\u0131n.<\/p>\n<p>V\u00fccut fark\u0131ndal\u0131\u011f\u0131n\u0131 art\u0131r\u0131c\u0131 Pilates hareketlerini \u00f6\u011frenin.<\/p>\n<p>Pilates e\u011fitmenli\u011fi i\u00e7in gerekli teorik ve pratik bilgileri edinin.<\/p>\n<p>Bireylerin fiziksel sa\u011fl\u0131\u011f\u0131n\u0131 iyile\u015ftirmek ve g\u00fc\u00e7lendirmek i\u00e7in etkili e\u011fitim y\u00f6ntemlerini \u00f6\u011frenin.<\/p>\n<p>Farkl\u0131 seviyelerdeki kat\u0131l\u0131mc\u0131lara uygun dersler haz\u0131rlay\u0131n ve y\u00f6nlendirin.<\/p>\n<p>ARS Akademi\u2019nin deneyimli e\u011fitmenleriyle, Pilates e\u011fitmenli\u011fi alan\u0131nda kapsaml\u0131 bir e\u011fitim alarak, bu alandaki kariyerinizi g\u00fc\u00e7lendirebilir ve sa\u011fl\u0131kl\u0131 ya\u015fam\u0131 te\u015fvik edebilirsiniz. Hemen kayd\u0131n\u0131z\u0131 yap\u0131n ve Pilates e\u011fitmeni olma yolunda \u00f6nemli bir ad\u0131m at\u0131n!<\/p>\n","protected":false},"excerpt":{"rendered":"<p><strong>E\u011fitim sonunda verilecek olan belge ve sertifika uluslararas\u0131 ge\u00e7erli akrediteli ki\u015fiye \u00f6zel olarak foto\u011frafl\u0131 verilmektedir.<\/strong><\/p>\n","protected":false},"featured_media":3904,"comment_status":"open","ping_status":"closed","template":"","meta":{"_acf_changed":false,"_monsterinsights_skip_tracking":false,"_monsterinsights_sitenote_active":false,"_monsterinsights_sitenote_note":"","_monsterinsights_sitenote_category":0},"product_brand":[],"product_cat":[57],"product_tag":[758,851,848,854,853,843,838,852,841,839,840,847,849,842,844,850,845,846],"class_list":{"0":"post-3903","1":"product","2":"type-product","3":"status-publish","4":"has-post-thumbnail","6":"product_cat-uncategorized-tr","7":"product_tag-ars-akademi","8":"product_tag-egitmenlik-kursu","9":"product_tag-egzersiz-egitimi","10":"product_tag-fitness-egitmeni","11":"product_tag-fiziksel-saglik","12":"product_tag-pilates-dersleri","13":"product_tag-pilates-egitici-egitimi","14":"product_tag-pilates-egitim-programi","15":"product_tag-pilates-egitimi","16":"product_tag-pilates-egitmeni","17":"product_tag-pilates-egitmeni-egitimi","18":"product_tag-pilates-hareketleri","19":"product_tag-pilates-ile-saglikli-yasam","20":"product_tag-pilates-kursu","21":"product_tag-pilates-ogretmeni-olmak","22":"product_tag-pilates-sertifikasi","23":"product_tag-pilates-teknikleri","24":"product_tag-vucut-farkindaligi","26":"first","27":"instock","28":"virtual","29":"purchasable","30":"product-type-simple"},"acf":[],"aioseo_notices":[],"_links":{"self":[{"href":"https:\/\/www.arsakademia.com\/en\/wp-json\/wp\/v2\/product\/3903","targetHints":{"allow":["GET"]}}],"collection":[{"href":"https:\/\/www.arsakademia.com\/en\/wp-json\/wp\/v2\/product"}],"about":[{"href":"https:\/\/www.arsakademia.com\/en\/wp-json\/wp\/v2\/types\/product"}],"replies":[{"embeddable":true,"href":"https:\/\/www.arsakademia.com\/en\/wp-json\/wp\/v2\/comments?post=3903"}],"wp:featuredmedia":[{"embeddable":true,"href":"https:\/\/www.arsakademia.com\/en\/wp-json\/wp\/v2\/media\/3904"}],"wp:attachment":[{"href":"https:\/\/www.arsakademia.com\/en\/wp-json\/wp\/v2\/media?parent=3903"}],"wp:term":[{"taxonomy":"product_brand","embeddable":true,"href":"https:\/\/www.arsakademia.com\/en\/wp-json\/wp\/v2\/product_brand?post=3903"},{"taxonomy":"product_cat","embeddable":true,"href":"https:\/\/www.arsakademia.com\/en\/wp-json\/wp\/v2\/product_cat?post=3903"},{"taxonomy":"product_tag","embeddable":true,"href":"https:\/\/www.arsakademia.com\/en\/wp-json\/wp\/v2\/product_tag?post=3903"}],"curies":[{"name":"wp","href":"https:\/\/api.w.org\/{rel}","templated":true}]}}