{"id":3894,"date":"2025-04-09T13:11:58","date_gmt":"2025-04-09T10:11:58","guid":{"rendered":"https:\/\/www.arsakademia.com\/?post_type=product&#038;p=3894"},"modified":"2026-01-19T13:00:35","modified_gmt":"2026-01-19T10:00:35","slug":"numeroloji-uygulayici-egitimi","status":"publish","type":"product","link":"https:\/\/www.arsakademia.com\/en\/product\/numeroloji-uygulayici-egitimi\/","title":{"rendered":"Numeroloji Uygulay\u0131c\u0131 E\u011fitimi"},"content":{"rendered":"<p>Numeroloji Uygulay\u0131c\u0131 E\u011fitimi \u2013 ARS Akademi<\/p>\n<p>Say\u0131larla gizli anlamlar\u0131 ke\u015ffetmeye ve ya\u015fam\u0131n\u0131zdaki enerjiyi anlamland\u0131rmaya haz\u0131r m\u0131s\u0131n\u0131z? Numeroloji Uygulay\u0131c\u0131 E\u011fitimi ile, say\u0131lar arac\u0131l\u0131\u011f\u0131yla ki\u015fisel ve evrensel enerjileri analiz etmeyi \u00f6\u011frenebilir, hayat\u0131n\u0131zdaki gizli potansiyeli ortaya \u00e7\u0131karabilirsiniz. ARS Akademi olarak, numerolojinin derin d\u00fcnyas\u0131n\u0131 ke\u015ffetmek isteyenlere \u00f6zel kapsaml\u0131 bir e\u011fitim sunuyoruz.<\/p>\n<p>Bu e\u011fitim, numerolojinin temellerinden ba\u015flayarak, do\u011fum harflerinizi ve do\u011fum tarihinizi kullanarak ki\u015fisel analizler yapmay\u0131, ya\u015fam yolculu\u011funuzdaki anahtar d\u00f6n\u00fcm noktalar\u0131n\u0131 anlamay\u0131 \u00f6\u011fretmektedir. E\u011fitimin sonunda, numerolojiyi yaln\u0131zca ki\u015fisel geli\u015fiminiz i\u00e7in de\u011fil, ayn\u0131 zamanda ba\u015fkalar\u0131na rehberlik etmek ve profesyonel ya\u015famda kullanmak i\u00e7in de uygulayabileceksiniz.<\/p>\n<p>Numeroloji Uygulay\u0131c\u0131 E\u011fitimi ile:<\/p>\n<p>Numerolojinin temel kavramlar\u0131n\u0131 \u00f6\u011frenin.<\/p>\n<p>Kendi numerolojik haritan\u0131z\u0131 \u00e7\u0131kararak, ya\u015fam yolculu\u011funuzda size rehberlik edecek bilgileri ke\u015ffedin.<\/p>\n<p>Do\u011fum tarihiniz ve isimleriniz \u00fczerinden ki\u015fisel analizler yap\u0131n.<\/p>\n<p>Numerolojiyle, insanlar\u0131n ya\u015fam\u0131ndaki g\u00fc\u00e7l\u00fc y\u00f6nlerini, zorluklar\u0131n\u0131 ve potansiyelini anlay\u0131n.<\/p>\n<p>Ki\u015fisel geli\u015fim, kariyer planlamas\u0131 ve ili\u015fki analizlerinde numerolojiyi nas\u0131l kullanabilece\u011finizi \u00f6\u011frenin.<\/p>\n<p>Enerji uyumu, say\u0131sal denge ve ya\u015fam ama\u00e7lar\u0131n\u0131za y\u00f6nelik stratejiler geli\u015ftirin.<\/p>\n<p>ARS Akademi\u2019nin deneyimli e\u011fitmenleri e\u015fli\u011finde bu e\u011fitimi tamamlayarak, numerolojiyi g\u00fcnl\u00fck hayat\u0131n\u0131za entegre edebilir, ba\u015fkalar\u0131na da rehberlik edecek derin bilgiler edinebilirsiniz. Kendinizi ve \u00e7evrenizdekileri daha iyi anlayarak, ya\u015fam\u0131n\u0131zdaki say\u0131sal enerjiyi daha verimli bir \u015fekilde kullan\u0131n.<\/p>\n<p>Hemen kayd\u0131n\u0131z\u0131 yap\u0131n ve say\u0131larla hayat\u0131n\u0131za y\u00f6n verin!<\/p>\n","protected":false},"excerpt":{"rendered":"<p>E\u011fitim sonunda verilecek olan belge ve sertifika uluslararas\u0131 ge\u00e7erli akrediteli ki\u015fiye \u00f6zel olarak foto\u011frafl\u0131 verilmektedir.<\/p>\n","protected":false},"featured_media":1600,"comment_status":"open","ping_status":"closed","template":"","meta":{"_acf_changed":false,"_monsterinsights_skip_tracking":false,"_monsterinsights_sitenote_active":false,"_monsterinsights_sitenote_note":"","_monsterinsights_sitenote_category":0},"product_brand":[],"product_cat":[57],"product_tag":[758,814,820,503,809,810,816,815,811,817,812,822,818,819,824,821,813,823],"class_list":{"0":"post-3894","1":"product","2":"type-product","3":"status-publish","4":"has-post-thumbnail","6":"product_cat-uncategorized-tr","7":"product_tag-ars-akademi","8":"product_tag-dogum-haritasi","9":"product_tag-enerjik-uyum","10":"product_tag-kisisel-gelisim","11":"product_tag-numeroloji","12":"product_tag-numeroloji-egitimi","13":"product_tag-numeroloji-ile-kisisel-analiz","14":"product_tag-numeroloji-ile-yasam-yolu","15":"product_tag-numeroloji-kursu","16":"product_tag-numeroloji-teknikleri","17":"product_tag-numeroloji-uygulayici-egitimi","18":"product_tag-numeroloji-ve-iliskiler","19":"product_tag-numeroloji-ve-kariyer","20":"product_tag-numerolojik-harita","21":"product_tag-numerolojiyle-basari","22":"product_tag-sayilarla-kisisel-gelisim","23":"product_tag-sayisal-analiz","24":"product_tag-sayisal-rehberlik","26":"first","27":"instock","28":"purchasable","29":"product-type-simple"},"acf":[],"aioseo_notices":[],"_links":{"self":[{"href":"https:\/\/www.arsakademia.com\/en\/wp-json\/wp\/v2\/product\/3894","targetHints":{"allow":["GET"]}}],"collection":[{"href":"https:\/\/www.arsakademia.com\/en\/wp-json\/wp\/v2\/product"}],"about":[{"href":"https:\/\/www.arsakademia.com\/en\/wp-json\/wp\/v2\/types\/product"}],"replies":[{"embeddable":true,"href":"https:\/\/www.arsakademia.com\/en\/wp-json\/wp\/v2\/comments?post=3894"}],"wp:featuredmedia":[{"embeddable":true,"href":"https:\/\/www.arsakademia.com\/en\/wp-json\/wp\/v2\/media\/1600"}],"wp:attachment":[{"href":"https:\/\/www.arsakademia.com\/en\/wp-json\/wp\/v2\/media?parent=3894"}],"wp:term":[{"taxonomy":"product_brand","embeddable":true,"href":"https:\/\/www.arsakademia.com\/en\/wp-json\/wp\/v2\/product_brand?post=3894"},{"taxonomy":"product_cat","embeddable":true,"href":"https:\/\/www.arsakademia.com\/en\/wp-json\/wp\/v2\/product_cat?post=3894"},{"taxonomy":"product_tag","embeddable":true,"href":"https:\/\/www.arsakademia.com\/en\/wp-json\/wp\/v2\/product_tag?post=3894"}],"curies":[{"name":"wp","href":"https:\/\/api.w.org\/{rel}","templated":true}]}}