{"id":3886,"date":"2025-04-09T13:07:30","date_gmt":"2025-04-09T10:07:30","guid":{"rendered":"https:\/\/www.arsakademia.com\/?post_type=product&#038;p=3886"},"modified":"2026-01-19T13:00:54","modified_gmt":"2026-01-19T10:00:54","slug":"nlp-practitioner-egitimi","status":"publish","type":"product","link":"https:\/\/www.arsakademia.com\/en\/product\/nlp-practitioner-egitimi\/","title":{"rendered":"NLP Practitioner E\u011fitimi"},"content":{"rendered":"<p>NLP Practitioner E\u011fitimi &#8211; ARS Akademi<\/p>\n<p>Ki\u015fisel ve profesyonel geli\u015fim yolculu\u011funuzda \u00f6nemli bir ad\u0131m atmaya haz\u0131r m\u0131s\u0131n\u0131z? NLP Practitioner E\u011fitimi ile zihinsel ve duygusal engelleri a\u015farak, g\u00fc\u00e7l\u00fc ileti\u015fim becerileri geli\u015ftirebilir, daha sa\u011fl\u0131kl\u0131 ili\u015fkiler kurabilir ve hedeflerinize ula\u015fmak i\u00e7in g\u00fc\u00e7l\u00fc stratejiler edinebilirsiniz. ARS Akademi olarak, Neuro Linguistic Programming (NLP) tekniklerini \u00f6\u011frenerek hayat\u0131n\u0131z\u0131 ve kariyerinizi d\u00f6n\u00fc\u015ft\u00fcrmenizi sa\u011fl\u0131yoruz.<\/p>\n<p>NLP Practitioner E\u011fitimi, insan zihni ve davran\u0131\u015flar\u0131 \u00fczerine derinlemesine bilgi edinmenizi sa\u011flar. Bu e\u011fitimde, ki\u015fisel engelleri a\u015fmak, etkili ileti\u015fim kurmak, inan\u00e7 sistemlerini de\u011fi\u015ftirmek ve daha g\u00fc\u00e7l\u00fc bir zihinsel yap\u0131 olu\u015fturmak i\u00e7in kullan\u0131lan NLP teknikleri hakk\u0131nda kapsaml\u0131 bir e\u011fitim alacaks\u0131n\u0131z. E\u011fitimin sonunda, NLP tekniklerini hem ki\u015fisel hem de profesyonel hayat\u0131n\u0131zda uygulayabilecek seviyeye geleceksiniz.<\/p>\n<p>NLP Practitioner E\u011fitimi ile:<\/p>\n<p>NLP teknikleri ile zihinsel engelleri a\u015f\u0131n ve \u00f6zg\u00fcveninizi art\u0131r\u0131n.<\/p>\n<p>Etkili ileti\u015fim becerileri kazan\u0131n ve insanlarla daha g\u00fc\u00e7l\u00fc ba\u011flar kurun.<\/p>\n<p>Ki\u015fisel hedeflerinizi belirleyin ve bu hedeflere ula\u015fmak i\u00e7in stratejiler geli\u015ftirin.<\/p>\n<p>Kendi inan\u00e7 sisteminizi d\u00f6n\u00fc\u015ft\u00fcr\u00fcn ve potansiyelinizi en \u00fcst d\u00fczeye \u00e7\u0131kar\u0131n.<\/p>\n<p>Stres y\u00f6netimi ve motivasyon teknikleri ile daha verimli bir ya\u015fam s\u00fcr\u00fcn.<\/p>\n<p>\u0130leri d\u00fczey NLP ara\u00e7lar\u0131 ile profesyonel ya\u015famda fark yarat\u0131n.<\/p>\n<p>ARS Akademi&#8217;nin deneyimli NLP e\u011fitmenleri e\u015fli\u011finde bu e\u011fitimle, zihinsel ve duygusal potansiyelinizi ke\u015ffederek daha ba\u015far\u0131l\u0131 bir ya\u015fam kurma yolunda \u00f6nemli bir ad\u0131m atabilirsiniz. Hedeflerinize ula\u015fmak i\u00e7in NLP tekniklerini \u00f6\u011frenmek ve bu teknikleri hayat\u0131n\u0131za entegre etmek i\u00e7in hemen kayd\u0131n\u0131z\u0131 yap\u0131n!<\/p>\n<p>&nbsp;<\/p>\n","protected":false},"excerpt":{"rendered":"<p>E\u011fitim sonunda verilecek olan belge ve sertifika uluslararas\u0131 ge\u00e7erli akrediteli ki\u015fiye \u00f6zel olarak foto\u011frafl\u0131 verilmektedir.<\/p>\n","protected":false},"featured_media":3702,"comment_status":"open","ping_status":"closed","template":"","meta":{"_acf_changed":false,"_monsterinsights_skip_tracking":false,"_monsterinsights_sitenote_active":false,"_monsterinsights_sitenote_note":"","_monsterinsights_sitenote_category":0},"product_brand":[],"product_cat":[57],"product_tag":[758,473,801,805,804,503,803,795,797,806,802,807,796,798,800,808,548,543,799],"class_list":{"0":"post-3886","1":"product","2":"type-product","3":"status-publish","4":"has-post-thumbnail","6":"product_cat-uncategorized-tr","7":"product_tag-ars-akademi","8":"product_tag-etkili-iletisim","9":"product_tag-hedef-belirleme","10":"product_tag-inanc-sistemleri","11":"product_tag-kisisel-donusum","12":"product_tag-kisisel-gelisim","13":"product_tag-motivasyon-teknikleri","14":"product_tag-nlp","15":"product_tag-nlp-egitimi","16":"product_tag-nlp-ile-basari","17":"product_tag-nlp-kursu","18":"product_tag-nlp-ogrenme","19":"product_tag-nlp-practitioner","20":"product_tag-nlp-teknikleri","21":"product_tag-ozguven-artirma","22":"product_tag-profesyonel-gelisim","23":"product_tag-stres-yonetimi","24":"product_tag-yasam-koclugu","25":"product_tag-zihinsel-engeller","27":"first","28":"instock","29":"virtual","30":"purchasable","31":"product-type-simple"},"acf":[],"aioseo_notices":[],"_links":{"self":[{"href":"https:\/\/www.arsakademia.com\/en\/wp-json\/wp\/v2\/product\/3886","targetHints":{"allow":["GET"]}}],"collection":[{"href":"https:\/\/www.arsakademia.com\/en\/wp-json\/wp\/v2\/product"}],"about":[{"href":"https:\/\/www.arsakademia.com\/en\/wp-json\/wp\/v2\/types\/product"}],"replies":[{"embeddable":true,"href":"https:\/\/www.arsakademia.com\/en\/wp-json\/wp\/v2\/comments?post=3886"}],"wp:featuredmedia":[{"embeddable":true,"href":"https:\/\/www.arsakademia.com\/en\/wp-json\/wp\/v2\/media\/3702"}],"wp:attachment":[{"href":"https:\/\/www.arsakademia.com\/en\/wp-json\/wp\/v2\/media?parent=3886"}],"wp:term":[{"taxonomy":"product_brand","embeddable":true,"href":"https:\/\/www.arsakademia.com\/en\/wp-json\/wp\/v2\/product_brand?post=3886"},{"taxonomy":"product_cat","embeddable":true,"href":"https:\/\/www.arsakademia.com\/en\/wp-json\/wp\/v2\/product_cat?post=3886"},{"taxonomy":"product_tag","embeddable":true,"href":"https:\/\/www.arsakademia.com\/en\/wp-json\/wp\/v2\/product_tag?post=3886"}],"curies":[{"name":"wp","href":"https:\/\/api.w.org\/{rel}","templated":true}]}}