{"id":3876,"date":"2025-04-09T12:59:10","date_gmt":"2025-04-09T09:59:10","guid":{"rendered":"https:\/\/www.arsakademia.com\/?post_type=product&#038;p=3876"},"modified":"2026-01-19T13:02:30","modified_gmt":"2026-01-19T10:02:30","slug":"insan-kaynaklari-yonetimi-egitimi","status":"publish","type":"product","link":"https:\/\/www.arsakademia.com\/en\/product\/insan-kaynaklari-yonetimi-egitimi\/","title":{"rendered":"\u0130nsan Kaynaklar\u0131 Y\u00f6netimi E\u011fitimi"},"content":{"rendered":"<p class=\"\" data-start=\"99\" data-end=\"150\"><strong data-start=\"99\" data-end=\"150\">\u0130nsan Kaynaklar\u0131 Y\u00f6netimi E\u011fitimi \u2013 ARS Akademi<\/strong><\/p>\n<p class=\"\" data-start=\"152\" data-end=\"460\">\u0130nsan kaynaklar\u0131 alan\u0131nda g\u00fc\u00e7l\u00fc bir kariyer in\u015fa etmek istiyorsan\u0131z, <em data-start=\"221\" data-end=\"256\">\u0130nsan Kaynaklar\u0131 Y\u00f6netimi E\u011fitimi<\/em> ile bu alandaki uzmanl\u0131\u011f\u0131n\u0131z\u0131 geli\u015ftirebilirsiniz. ARS Akademi olarak, insan kaynaklar\u0131 y\u00f6netiminin t\u00fcm y\u00f6nlerini ele alarak, sekt\u00f6rdeki profesyonel becerilerinizi bir \u00fcst seviyeye ta\u015f\u0131man\u0131z\u0131 sa\u011fl\u0131yoruz.<\/p>\n<p class=\"\" data-start=\"462\" data-end=\"804\">Bu e\u011fitim program\u0131, \u0130K stratejilerinin olu\u015fturulmas\u0131ndan, i\u015fe al\u0131m, e\u011fitim ve geli\u015fim s\u00fcre\u00e7lerine kadar geni\u015f bir yelpazede bilgi sunmaktad\u0131r. \u0130nsan kaynaklar\u0131 y\u00f6netiminde ba\u015far\u0131l\u0131 olabilmek i\u00e7in gereken liderlik, analiz, organizasyonel geli\u015fim ve y\u00f6netim becerilerini kazand\u0131ran bu e\u011fitim, i\u015f g\u00fcc\u00fc y\u00f6netiminizi daha etkili hale getirecektir.<\/p>\n<p class=\"\" data-start=\"806\" data-end=\"844\">\u0130nsan Kaynaklar\u0131 Y\u00f6netimi E\u011fitimi ile:<\/p>\n<ul data-start=\"846\" data-end=\"1340\">\n<li class=\"\" data-start=\"846\" data-end=\"903\">\n<p class=\"\" data-start=\"848\" data-end=\"903\">\u0130K stratejileri olu\u015fturma ve uygulama becerisi kazan\u0131n.<\/p>\n<\/li>\n<li class=\"\" data-start=\"904\" data-end=\"994\">\n<p class=\"\" data-start=\"906\" data-end=\"994\">\u0130\u015fe al\u0131m, e\u011fitim ve performans y\u00f6netimi gibi kritik s\u00fcre\u00e7leri etkin bir \u015fekilde y\u00f6netin.<\/p>\n<\/li>\n<li class=\"\" data-start=\"995\" data-end=\"1113\">\n<p class=\"\" data-start=\"997\" data-end=\"1113\">\u00c7al\u0131\u015fan ba\u011fl\u0131l\u0131\u011f\u0131n\u0131 art\u0131rma, motivasyon teknikleri ve organizasyonel geli\u015fim konular\u0131nda derinlemesine bilgi edinin.<\/p>\n<\/li>\n<li class=\"\" data-start=\"1114\" data-end=\"1176\">\n<p class=\"\" data-start=\"1116\" data-end=\"1176\">\u0130K y\u00f6netiminde dijital ara\u00e7lar\u0131 kullanma yetkinli\u011fi kazan\u0131n.<\/p>\n<\/li>\n<li class=\"\" data-start=\"1177\" data-end=\"1249\">\n<p class=\"\" data-start=\"1179\" data-end=\"1249\">Yasal d\u00fczenlemelere uygun \u0130K s\u00fcre\u00e7lerini y\u00f6netebilme becerisi kazan\u0131n.<\/p>\n<\/li>\n<li class=\"\" data-start=\"1250\" data-end=\"1340\">\n<p class=\"\" data-start=\"1252\" data-end=\"1340\">\u0130K departman\u0131nda liderlik becerilerinizi geli\u015ftirin ve etkili bir tak\u0131m y\u00f6neticisi olun.<\/p>\n<\/li>\n<\/ul>\n<p class=\"\" data-start=\"1342\" data-end=\"1568\">ARS Akademi\u2019nin deneyimli e\u011fitmenleri ile, insan kaynaklar\u0131 y\u00f6netiminde sa\u011flam bir temel edinerek, bu alandaki kariyerinize y\u00f6n verebilir, organizasyonel geli\u015fime katk\u0131 sa\u011flamak i\u00e7in gerekli t\u00fcm yetkinlikleri kazanabilirsiniz.<\/p>\n<p class=\"\" data-start=\"1570\" data-end=\"1657\">Hemen kayd\u0131n\u0131z\u0131 yapt\u0131r\u0131n ve insan kaynaklar\u0131 y\u00f6netimi alan\u0131ndaki uzmanl\u0131\u011f\u0131n\u0131z\u0131 art\u0131r\u0131n!<\/p>\n","protected":false},"excerpt":{"rendered":"<p>E\u011fitim sonunda verilecek olan belge ve sertifika uluslararas\u0131 ge\u00e7erli akrediteli ki\u015fiye \u00f6zel olarak foto\u011frafl\u0131 verilmektedir.<\/p>\n","protected":false},"featured_media":1314,"comment_status":"open","ping_status":"closed","template":"","meta":{"_acf_changed":false,"_monsterinsights_skip_tracking":false,"_monsterinsights_sitenote_active":false,"_monsterinsights_sitenote_note":"","_monsterinsights_sitenote_category":0},"product_brand":[],"product_cat":[57],"product_tag":[],"class_list":{"0":"post-3876","1":"product","2":"type-product","3":"status-publish","4":"has-post-thumbnail","6":"product_cat-uncategorized-tr","8":"first","9":"instock","10":"taxable","11":"shipping-taxable","12":"purchasable","13":"product-type-simple"},"acf":[],"aioseo_notices":[],"_links":{"self":[{"href":"https:\/\/www.arsakademia.com\/en\/wp-json\/wp\/v2\/product\/3876","targetHints":{"allow":["GET"]}}],"collection":[{"href":"https:\/\/www.arsakademia.com\/en\/wp-json\/wp\/v2\/product"}],"about":[{"href":"https:\/\/www.arsakademia.com\/en\/wp-json\/wp\/v2\/types\/product"}],"replies":[{"embeddable":true,"href":"https:\/\/www.arsakademia.com\/en\/wp-json\/wp\/v2\/comments?post=3876"}],"wp:featuredmedia":[{"embeddable":true,"href":"https:\/\/www.arsakademia.com\/en\/wp-json\/wp\/v2\/media\/1314"}],"wp:attachment":[{"href":"https:\/\/www.arsakademia.com\/en\/wp-json\/wp\/v2\/media?parent=3876"}],"wp:term":[{"taxonomy":"product_brand","embeddable":true,"href":"https:\/\/www.arsakademia.com\/en\/wp-json\/wp\/v2\/product_brand?post=3876"},{"taxonomy":"product_cat","embeddable":true,"href":"https:\/\/www.arsakademia.com\/en\/wp-json\/wp\/v2\/product_cat?post=3876"},{"taxonomy":"product_tag","embeddable":true,"href":"https:\/\/www.arsakademia.com\/en\/wp-json\/wp\/v2\/product_tag?post=3876"}],"curies":[{"name":"wp","href":"https:\/\/api.w.org\/{rel}","templated":true}]}}