{"id":3837,"date":"2025-04-08T16:24:47","date_gmt":"2025-04-08T13:24:47","guid":{"rendered":"https:\/\/www.arsakademia.com\/?post_type=product&#038;p=3837"},"modified":"2025-04-08T16:24:47","modified_gmt":"2025-04-08T13:24:47","slug":"ucretli-ogretmenler-icin-ozel-egitim-uygulamalari-egitimi","status":"publish","type":"product","link":"https:\/\/www.arsakademia.com\/en\/product\/ucretli-ogretmenler-icin-ozel-egitim-uygulamalari-egitimi\/","title":{"rendered":"\u00dccretli \u00d6\u011fretmenler \u0130\u00e7in \u00d6zel E\u011fitim Uygulamalar\u0131 E\u011fitimi"},"content":{"rendered":"<h3 class=\"\" data-start=\"119\" data-end=\"233\"><strong data-start=\"123\" data-end=\"233\">\u00dccretli \u00d6\u011fretmenler \u0130\u00e7in \u00d6zel E\u011fitim Uygulamalar\u0131 E\u011fitimi: Bireysel \u0130htiya\u00e7lara Y\u00f6nelik Etkili Yakla\u015f\u0131mlar<\/strong><\/h3>\n<p class=\"\" data-start=\"235\" data-end=\"677\">\u00d6zel e\u011fitim, her \u00f6\u011frencinin bireysel ihtiya\u00e7lar\u0131na g\u00f6re d\u00fczenlenen bir e\u011fitim s\u00fcrecidir. Bu e\u011fitim, \u00fccretli \u00f6\u011fretmenlerin, \u00f6zel gereksinimleri olan \u00f6\u011frencilerle etkili bir \u015fekilde \u00e7al\u0131\u015fabilmesi i\u00e7in gerekli bilgi ve becerileri kazand\u0131rmay\u0131 ama\u00e7lar. <strong data-start=\"484\" data-end=\"545\">\u00dccretli \u00d6\u011fretmenler \u0130\u00e7in \u00d6zel E\u011fitim Uygulamalar\u0131 E\u011fitimi<\/strong>, e\u011fitmenlerin \u00f6zel e\u011fitim alan\u0131ndaki temel yakla\u015f\u0131mlar, stratejiler ve uygulamalar konusunda profesyonel bilgi edinmelerini sa\u011flar.<\/p>\n<p class=\"\" data-start=\"679\" data-end=\"1017\">Bu e\u011fitim, \u00f6\u011fretmenlerin \u00f6zel e\u011fitimdeki sorumluluklar\u0131n\u0131 yerine getirirken, \u00f6\u011frencilerin bireysel geli\u015fimlerini ve ihtiya\u00e7lar\u0131n\u0131 daha iyi anlayabilmeleri i\u00e7in rehberlik eder. Hem teorik hem de pratik bilgilerle donat\u0131lan kat\u0131l\u0131mc\u0131lar, \u00f6zel e\u011fitim gereksinimlerini daha etkili bir \u015fekilde kar\u015f\u0131lamak i\u00e7in gereken becerilere sahip olurlar.<\/p>\n<hr class=\"\" data-start=\"1019\" data-end=\"1022\" \/>\n<h3 class=\"\" data-start=\"1024\" data-end=\"1047\"><strong data-start=\"1028\" data-end=\"1047\">E\u011fitim \u0130\u00e7eri\u011fi:<\/strong><\/h3>\n<ul data-start=\"1049\" data-end=\"2891\">\n<li class=\"\" data-start=\"1049\" data-end=\"1196\">\n<p class=\"\" data-start=\"1051\" data-end=\"1196\"><strong data-start=\"1051\" data-end=\"1077\">\u00d6zel E\u011fitim Temelleri:<\/strong> \u00d6zel e\u011fitimin tan\u0131m\u0131, amac\u0131 ve tarih\u00e7esi. \u00d6zel e\u011fitim gereksinimi duyan \u00f6\u011frencilerin genel \u00f6zellikleri ve ihtiya\u00e7lar\u0131.<\/p>\n<\/li>\n<li class=\"\" data-start=\"1198\" data-end=\"1384\">\n<p class=\"\" data-start=\"1200\" data-end=\"1384\"><strong data-start=\"1200\" data-end=\"1245\">Farkl\u0131 Engellilik T\u00fcrleri ve \u00d6zellikleri:<\/strong> Zihinsel, duyusal, hareket ve \u00f6\u011frenme engelleri gibi farkl\u0131 engellilik t\u00fcrlerinin tan\u0131mlar\u0131 ve her engel t\u00fcr\u00fcne uygun e\u011fitim yakla\u015f\u0131mlar\u0131.<\/p>\n<\/li>\n<li class=\"\" data-start=\"1386\" data-end=\"1604\">\n<p class=\"\" data-start=\"1388\" data-end=\"1604\"><strong data-start=\"1388\" data-end=\"1437\">Bireyselle\u015ftirilmi\u015f E\u011fitim Programlar\u0131 (BEP):<\/strong> Bireysel e\u011fitim planlar\u0131n\u0131n haz\u0131rlanmas\u0131, \u00f6\u011frenciye \u00f6zel hedefler ve stratejiler olu\u015fturulmas\u0131. BEP\u2019in olu\u015fturulmas\u0131, uygulanmas\u0131 ve izlenmesi hakk\u0131nda detayl\u0131 bilgi.<\/p>\n<\/li>\n<li class=\"\" data-start=\"1606\" data-end=\"1803\">\n<p class=\"\" data-start=\"1608\" data-end=\"1803\"><strong data-start=\"1608\" data-end=\"1649\">Davran\u0131\u015fsal Yakla\u015f\u0131mlar ve Destekler:<\/strong> \u00d6\u011frencilerin davran\u0131\u015fsal sorunlar\u0131na y\u00f6nelik \u00e7\u00f6z\u00fcm stratejileri ve destekleme y\u00f6ntemleri. Davran\u0131\u015fsal m\u00fcdahaleler, \u00f6d\u00fcllendirme ve peki\u015ftirme teknikleri.<\/p>\n<\/li>\n<li class=\"\" data-start=\"1805\" data-end=\"1971\">\n<p class=\"\" data-start=\"1807\" data-end=\"1971\"><strong data-start=\"1807\" data-end=\"1843\">\u00d6zel E\u011fitimde Teknolojinin Rol\u00fc:<\/strong> Teknolojik ara\u00e7lar ve yaz\u0131l\u0131mlar, \u00f6zel e\u011fitimde nas\u0131l kullan\u0131l\u0131r? \u00d6zel gereksinimli \u00f6\u011frenciler i\u00e7in uygun teknolojik destekler.<\/p>\n<\/li>\n<li class=\"\" data-start=\"1973\" data-end=\"2174\">\n<p class=\"\" data-start=\"1975\" data-end=\"2174\"><strong data-start=\"1975\" data-end=\"2025\">\u0130leti\u015fim ve Sosyal Becerilerin Geli\u015ftirilmesi:<\/strong> \u00d6\u011frencilerin sosyal becerilerini geli\u015ftirmek i\u00e7in kullan\u0131lan y\u00f6ntemler. Sosyal etkile\u015fimde zorluk \u00e7eken \u00f6\u011frenciler i\u00e7in uygulanabilecek stratejiler.<\/p>\n<\/li>\n<li class=\"\" data-start=\"2176\" data-end=\"2350\">\n<p class=\"\" data-start=\"2178\" data-end=\"2350\"><strong data-start=\"2178\" data-end=\"2227\">Duyusal Entegrasyon ve \u00c7evresel D\u00fczenlemeler:<\/strong> \u00d6zel gereksinimli \u00f6\u011frenciler i\u00e7in s\u0131n\u0131f i\u00e7i d\u00fczenlemeler ve \u00e7evresel uyum. Duyusal entegrasyon terapileri ve uygulamalar\u0131.<\/p>\n<\/li>\n<li class=\"\" data-start=\"2352\" data-end=\"2526\">\n<p class=\"\" data-start=\"2354\" data-end=\"2526\"><strong data-start=\"2354\" data-end=\"2383\">Aile \u0130leti\u015fimi ve Destek:<\/strong> Ailelerin \u00f6zel e\u011fitim s\u00fcrecine dahil edilmesi ve ailelerle etkili ileti\u015fim kurma y\u00f6ntemleri. Ailelere y\u00f6nelik destek programlar\u0131 ve rehberlik.<\/p>\n<\/li>\n<li class=\"\" data-start=\"2528\" data-end=\"2714\">\n<p class=\"\" data-start=\"2530\" data-end=\"2714\"><strong data-start=\"2530\" data-end=\"2563\">Uygulamal\u0131 E\u011fitim Teknikleri:<\/strong> Farkl\u0131 e\u011fitim modelleri ve \u00f6\u011fretim tekniklerinin, \u00f6zel gereksinimli \u00f6\u011frencilerle nas\u0131l uygulanaca\u011f\u0131. Pratik s\u0131n\u0131f i\u00e7i uygulamalar ve vaka \u00e7al\u0131\u015fmalar\u0131.<\/p>\n<\/li>\n<li class=\"\" data-start=\"2716\" data-end=\"2891\">\n<p class=\"\" data-start=\"2718\" data-end=\"2891\"><strong data-start=\"2718\" data-end=\"2746\">De\u011ferlendirme ve \u0130zleme:<\/strong> \u00d6\u011frencilerin geli\u015fiminin izlenmesi, de\u011ferlendirilmesi ve raporlanmas\u0131. \u00d6\u011frenci ba\u015far\u0131lar\u0131n\u0131n takip edilmesi ve d\u00fczenli geri bildirim sa\u011flanmas\u0131.<\/p>\n<\/li>\n<\/ul>\n<hr class=\"\" data-start=\"2893\" data-end=\"2896\" \/>\n<h3 class=\"\" data-start=\"2898\" data-end=\"2923\"><strong data-start=\"2902\" data-end=\"2923\">Kimler Kat\u0131lmal\u0131?<\/strong><\/h3>\n<ul data-start=\"2925\" data-end=\"3661\">\n<li class=\"\" data-start=\"2925\" data-end=\"3068\">\n<p class=\"\" data-start=\"2927\" data-end=\"3068\"><strong data-start=\"2927\" data-end=\"2951\">\u00dccretli \u00d6\u011fretmenler:<\/strong> \u00d6zel e\u011fitim alan\u0131nda g\u00f6rev yapan veya \u00f6zel e\u011fitim uygulamalar\u0131n\u0131 s\u0131n\u0131flar\u0131nda kullanmak isteyen \u00fccretli \u00f6\u011fretmenler.<\/p>\n<\/li>\n<li class=\"\" data-start=\"3070\" data-end=\"3199\">\n<p class=\"\" data-start=\"3072\" data-end=\"3199\"><strong data-start=\"3072\" data-end=\"3101\">\u00d6zel E\u011fitim \u00d6\u011fretmenleri:<\/strong> \u00d6zel e\u011fitim \u00f6\u011fretmenleri ve \u00f6zel e\u011fitim gereksinimi duyan \u00f6\u011frencilerle \u00e7al\u0131\u015fan di\u011fer e\u011fitimciler.<\/p>\n<\/li>\n<li class=\"\" data-start=\"3201\" data-end=\"3352\">\n<p class=\"\" data-start=\"3203\" data-end=\"3352\"><strong data-start=\"3203\" data-end=\"3257\">\u00d6\u011fretmen Adaylar\u0131 ve E\u011fitim Fak\u00fcltesi \u00d6\u011frencileri:<\/strong> \u00d6zel e\u011fitim alan\u0131na ilgi duyan ve bu alanda \u00f6\u011fretmenlik yapmak isteyen \u00fcniversite \u00f6\u011frencileri.<\/p>\n<\/li>\n<li class=\"\" data-start=\"3354\" data-end=\"3522\">\n<p class=\"\" data-start=\"3356\" data-end=\"3522\"><strong data-start=\"3356\" data-end=\"3406\">Psikolojik Dan\u0131\u015fmanlar ve Rehberlik Uzmanlar\u0131:<\/strong> \u00d6zel e\u011fitim gereksinimi olan \u00f6\u011frencilerle \u00e7al\u0131\u015fan rehberlik uzmanlar\u0131, psikolojik dan\u0131\u015fmanlar ve aile terapistleri.<\/p>\n<\/li>\n<li class=\"\" data-start=\"3524\" data-end=\"3661\">\n<p class=\"\" data-start=\"3526\" data-end=\"3661\"><strong data-start=\"3526\" data-end=\"3562\">Ebeveynler ve Aile Dan\u0131\u015fmanlar\u0131:<\/strong> \u00c7ocuklar\u0131n\u0131n \u00f6zel e\u011fitim gereksinimleri hakk\u0131nda bilgi edinmek isteyen ebeveynler ve aile \u00fcyeleri.<\/p>\n<\/li>\n<\/ul>\n<hr class=\"\" data-start=\"3663\" data-end=\"3666\" \/>\n<h3 class=\"\" data-start=\"3668\" data-end=\"3708\"><strong data-start=\"3672\" data-end=\"3708\">Neden Bu E\u011fitime Kat\u0131lmal\u0131s\u0131n\u0131z?<\/strong><\/h3>\n<ul data-start=\"3710\" data-end=\"5104\">\n<li class=\"\" data-start=\"3710\" data-end=\"3968\">\n<p class=\"\" data-start=\"3712\" data-end=\"3968\"><strong data-start=\"3712\" data-end=\"3757\">\u00d6zel E\u011fitimde Etkili Yakla\u015f\u0131mlar \u00d6\u011frenin:<\/strong> Bu e\u011fitim, \u00f6zel gereksinimi olan \u00f6\u011frencilerle \u00e7al\u0131\u015f\u0131rken kullanabilece\u011finiz en etkili \u00f6\u011fretim y\u00f6ntemlerini ve stratejilerini sunar. \u00d6\u011frencilerin geli\u015fim s\u00fcre\u00e7lerine nas\u0131l katk\u0131 sa\u011flayabilece\u011finizi \u00f6\u011frenirsiniz.<\/p>\n<\/li>\n<li class=\"\" data-start=\"3970\" data-end=\"4197\">\n<p class=\"\" data-start=\"3972\" data-end=\"4197\"><strong data-start=\"3972\" data-end=\"4022\">Bireyselle\u015ftirilmi\u015f E\u011fitim Planlar\u0131 Olu\u015fturun:<\/strong> Her \u00f6\u011frencinin \u00f6zel gereksinimlerini dikkate alarak, ki\u015fiye \u00f6zel e\u011fitim planlar\u0131 geli\u015ftirmeyi \u00f6\u011frenirsiniz. Bu sayede \u00f6\u011frencilerin en verimli \u015fekilde geli\u015fmesini sa\u011flars\u0131n\u0131z.<\/p>\n<\/li>\n<li class=\"\" data-start=\"4199\" data-end=\"4404\">\n<p class=\"\" data-start=\"4201\" data-end=\"4404\"><strong data-start=\"4201\" data-end=\"4253\">Farkl\u0131 Engellilik T\u00fcrlerine Y\u00f6nelik Stratejiler:<\/strong> E\u011fitimde, farkl\u0131 engellilik t\u00fcrleri i\u00e7in \u00f6zel yakla\u015f\u0131mlar ve stratejiler sunularak, her \u00f6\u011frenciye uygun e\u011fitim y\u00f6ntemlerini kullanman\u0131za olanak tan\u0131r.<\/p>\n<\/li>\n<li class=\"\" data-start=\"4406\" data-end=\"4630\">\n<p class=\"\" data-start=\"4408\" data-end=\"4630\"><strong data-start=\"4408\" data-end=\"4455\">Davran\u0131\u015fsal ve Sosyal Beceriler Geli\u015ftirme:<\/strong> \u00d6\u011frencilerin sosyal ve davran\u0131\u015fsal becerilerini geli\u015ftirme konusunda becerilerinizi art\u0131r\u0131rs\u0131n\u0131z. Sosyal etkile\u015fimde zorluk ya\u015fayan \u00f6\u011frencilerle daha etkili \u00e7al\u0131\u015fabilirsiniz.<\/p>\n<\/li>\n<li class=\"\" data-start=\"4632\" data-end=\"4844\">\n<p class=\"\" data-start=\"4634\" data-end=\"4844\"><strong data-start=\"4634\" data-end=\"4669\">Aile \u0130le Etkili \u0130leti\u015fim Kurun:<\/strong> Ailelerle i\u015fbirli\u011fi yaparak, \u00f6\u011frencilerin e\u011fitim s\u00fcrecinde daha sa\u011fl\u0131kl\u0131 bir geli\u015fim sa\u011flars\u0131n\u0131z. Ailelere rehberlik yaparak, evde de destekleyici bir ortam yaratabilirsiniz.<\/p>\n<\/li>\n<li class=\"\" data-start=\"4846\" data-end=\"5104\">\n<p class=\"\" data-start=\"4848\" data-end=\"5104\"><strong data-start=\"4848\" data-end=\"4877\">Kariyerinize De\u011fer Kat\u0131n:<\/strong> Bu e\u011fitim, \u00f6zel e\u011fitim alan\u0131ndaki bilgi ve becerilerinizi derinle\u015ftirir ve profesyonel kariyerinize katk\u0131 sa\u011flar. \u00d6zellikle \u00f6zel e\u011fitim gereksinimi olan \u00f6\u011frencilerle \u00e7al\u0131\u015fmay\u0131 isteyen \u00f6\u011fretmenler i\u00e7in bu e\u011fitim \u00e7ok de\u011ferlidir.<\/p>\n<\/li>\n<\/ul>\n<hr class=\"\" data-start=\"5106\" data-end=\"5109\" \/>\n<h3 class=\"\" data-start=\"5111\" data-end=\"5164\"><strong data-start=\"5115\" data-end=\"5164\">\u00d6zel E\u011fitimde Uzmanla\u015f\u0131n, Gelece\u011fe Y\u00f6n Verin!<\/strong><\/h3>\n<p class=\"\" data-start=\"5166\" data-end=\"5509\"><strong data-start=\"5166\" data-end=\"5227\">\u00dccretli \u00d6\u011fretmenler \u0130\u00e7in \u00d6zel E\u011fitim Uygulamalar\u0131 E\u011fitimi<\/strong>, \u00f6zel gereksinimi olan \u00f6\u011frencilerle etkili bir \u015fekilde \u00e7al\u0131\u015fabilmek i\u00e7in gerekli olan t\u00fcm bilgileri sunar. E\u011fitimde elde etti\u011finiz becerilerle, s\u0131n\u0131f\u0131n\u0131zdaki her \u00f6\u011frencinin potansiyelini en \u00fcst d\u00fczeye \u00e7\u0131karabilir, onlar\u0131n ba\u015far\u0131l\u0131 bir e\u011fitim s\u00fcreci ge\u00e7irmelerini sa\u011flayabilirsiniz.<\/p>\n<p class=\"\" data-start=\"5511\" data-end=\"5599\"><strong data-start=\"5511\" data-end=\"5599\">Hemen kayd\u0131n\u0131z\u0131 yap\u0131n ve \u00f6zel e\u011fitim alan\u0131nda kariyerinizi bir ad\u0131m ileriye ta\u015f\u0131y\u0131n!<\/strong><\/p>\n","protected":false},"excerpt":{"rendered":"<p>\u00dccretli \u00d6\u011fretmenler \u0130\u00e7in \u00d6zel E\u011fitim Uygulamalar\u0131 E\u011fitimi: Bireysel \u0130htiya\u00e7lara Y\u00f6nelik Etkili Yakla\u015f\u0131mlar \u00d6zel e\u011fitim, her \u00f6\u011frencinin bireysel ihtiya\u00e7lar\u0131na g\u00f6re d\u00fczenlenen bir e\u011fitim s\u00fcrecidir. Bu e\u011fitim, \u00fccretli \u00f6\u011fretmenlerin, \u00f6zel gereksinimleri olan [&hellip;]<\/p>\n","protected":false},"featured_media":3653,"comment_status":"open","ping_status":"closed","template":"","meta":{"_acf_changed":false,"_monsterinsights_skip_tracking":false,"_monsterinsights_sitenote_active":false,"_monsterinsights_sitenote_note":"","_monsterinsights_sitenote_category":0},"product_brand":[],"product_cat":[57],"product_tag":[],"class_list":{"0":"post-3837","1":"product","2":"type-product","3":"status-publish","4":"has-post-thumbnail","6":"product_cat-uncategorized-tr","8":"first","9":"instock","10":"sale","11":"virtual","12":"taxable","13":"purchasable","14":"product-type-simple"},"acf":[],"aioseo_notices":[],"_links":{"self":[{"href":"https:\/\/www.arsakademia.com\/en\/wp-json\/wp\/v2\/product\/3837","targetHints":{"allow":["GET"]}}],"collection":[{"href":"https:\/\/www.arsakademia.com\/en\/wp-json\/wp\/v2\/product"}],"about":[{"href":"https:\/\/www.arsakademia.com\/en\/wp-json\/wp\/v2\/types\/product"}],"replies":[{"embeddable":true,"href":"https:\/\/www.arsakademia.com\/en\/wp-json\/wp\/v2\/comments?post=3837"}],"wp:featuredmedia":[{"embeddable":true,"href":"https:\/\/www.arsakademia.com\/en\/wp-json\/wp\/v2\/media\/3653"}],"wp:attachment":[{"href":"https:\/\/www.arsakademia.com\/en\/wp-json\/wp\/v2\/media?parent=3837"}],"wp:term":[{"taxonomy":"product_brand","embeddable":true,"href":"https:\/\/www.arsakademia.com\/en\/wp-json\/wp\/v2\/product_brand?post=3837"},{"taxonomy":"product_cat","embeddable":true,"href":"https:\/\/www.arsakademia.com\/en\/wp-json\/wp\/v2\/product_cat?post=3837"},{"taxonomy":"product_tag","embeddable":true,"href":"https:\/\/www.arsakademia.com\/en\/wp-json\/wp\/v2\/product_tag?post=3837"}],"curies":[{"name":"wp","href":"https:\/\/api.w.org\/{rel}","templated":true}]}}