{"id":3829,"date":"2025-04-08T16:16:01","date_gmt":"2025-04-08T13:16:01","guid":{"rendered":"https:\/\/www.arsakademia.com\/?post_type=product&#038;p=3829"},"modified":"2025-04-08T16:16:02","modified_gmt":"2025-04-08T13:16:02","slug":"robotik-ve-kodlama-egitmenlik-egitimi","status":"publish","type":"product","link":"https:\/\/www.arsakademia.com\/en\/product\/robotik-ve-kodlama-egitmenlik-egitimi\/","title":{"rendered":"Robotik ve Kodlama E\u011fitmenlik E\u011fitimi"},"content":{"rendered":"<h3 class=\"\" data-start=\"93\" data-end=\"177\"><strong data-start=\"97\" data-end=\"177\">Robotik Kodlama E\u011fitmen E\u011fitimi: Gelece\u011fi \u015eekillendirecek Becerileri \u00d6\u011fretin<\/strong><\/h3>\n<p class=\"\" data-start=\"179\" data-end=\"697\">Teknolojinin h\u0131zla ilerledi\u011fi g\u00fcn\u00fcm\u00fczde, robotik kodlama, \u00f6\u011frencilerin gelecekteki mesleklerinde ba\u015far\u0131l\u0131 olmalar\u0131n\u0131 sa\u011flamak i\u00e7in en \u00f6nemli becerilerden biri haline gelmi\u015ftir. <strong data-start=\"356\" data-end=\"391\">Robotik Kodlama E\u011fitmen E\u011fitimi<\/strong>, e\u011fitimcilere robotik kodlama \u00f6\u011fretme yetkinli\u011fi kazand\u0131rarak, \u00f6\u011frencilere bu heyecan verici alan\u0131 \u00f6\u011fretmek i\u00e7in gereken bilgi ve becerileri sa\u011flar. E\u011fitim, sadece \u00f6\u011frencilerin teknik becerilerini de\u011fil, ayn\u0131 zamanda problem \u00e7\u00f6zme, yarat\u0131c\u0131l\u0131k ve i\u015fbirli\u011fi gibi \u00f6nemli becerileri de geli\u015ftirmeyi hedefler.<\/p>\n<p class=\"\" data-start=\"699\" data-end=\"912\">Bu e\u011fitim program\u0131, robotik kodlamay\u0131 s\u0131n\u0131f ortam\u0131nda nas\u0131l etkili bir \u015fekilde \u00f6\u011fretece\u011finizi, \u00f6\u011frencilere robotlar\u0131n nas\u0131l programlanaca\u011f\u0131n\u0131 ve in\u015fa edilece\u011fini ad\u0131m ad\u0131m \u00f6\u011fretmenizi sa\u011flayacak ara\u00e7larla donat\u0131r.<\/p>\n<hr class=\"\" data-start=\"914\" data-end=\"917\" \/>\n<h3 class=\"\" data-start=\"919\" data-end=\"942\"><strong data-start=\"923\" data-end=\"942\">E\u011fitim \u0130\u00e7eri\u011fi:<\/strong><\/h3>\n<ul data-start=\"944\" data-end=\"2851\">\n<li class=\"\" data-start=\"944\" data-end=\"1114\">\n<p class=\"\" data-start=\"946\" data-end=\"1114\"><strong data-start=\"946\" data-end=\"979\">Robotik ve Kodlama Temelleri:<\/strong> Robotik ve kodlama d\u00fcnyas\u0131na dair temel kavramlar. Robotlar\u0131n nas\u0131l \u00e7al\u0131\u015ft\u0131\u011f\u0131, sens\u00f6rler ve motorlar gibi temel bile\u015fenlerin i\u015fleyi\u015fi.<\/p>\n<\/li>\n<li class=\"\" data-start=\"1116\" data-end=\"1388\">\n<p class=\"\" data-start=\"1118\" data-end=\"1388\"><strong data-start=\"1118\" data-end=\"1159\">Robotik Kodlama Dili ve Platformlar\u0131:<\/strong> Robotik projelerde kullan\u0131lan kodlama dillerine (Scratch, Python, Arduino, vb.) ve robotik platformlara (LEGO Mindstorms, VEX Robotics, vb.) giri\u015f. Bu platformlar\u0131 nas\u0131l kullanabilece\u011finiz ve \u00f6\u011frencilere nas\u0131l aktarabilece\u011finiz.<\/p>\n<\/li>\n<li class=\"\" data-start=\"1390\" data-end=\"1581\">\n<p class=\"\" data-start=\"1392\" data-end=\"1581\"><strong data-start=\"1392\" data-end=\"1421\">Robot Tasar\u0131m\u0131 ve Yap\u0131m\u0131:<\/strong> Robotlar\u0131n fiziksel olarak nas\u0131l tasarland\u0131\u011f\u0131 ve in\u015fa edildi\u011fi. Temel robot yap\u0131m\u0131n\u0131 ve programlamay\u0131 \u00f6\u011frencilere anlatabilmek i\u00e7in pratik bilgiler ve ara\u00e7lar.<\/p>\n<\/li>\n<li class=\"\" data-start=\"1583\" data-end=\"1754\">\n<p class=\"\" data-start=\"1585\" data-end=\"1754\"><strong data-start=\"1585\" data-end=\"1614\">Algoritma ve Programlama:<\/strong> Temel algoritmalar ve programlama mant\u0131\u011f\u0131. \u00d6\u011frencilerin kod yazma ve algoritmik d\u00fc\u015f\u00fcnme becerilerini geli\u015ftirmelerini sa\u011flayacak teknikler.<\/p>\n<\/li>\n<li class=\"\" data-start=\"1756\" data-end=\"1980\">\n<p class=\"\" data-start=\"1758\" data-end=\"1980\"><strong data-start=\"1758\" data-end=\"1784\">Proje Tabanl\u0131 \u00d6\u011frenme:<\/strong> Robotik kodlama \u00f6\u011fretirken, \u00f6\u011frencilerin yarat\u0131c\u0131 projeler geli\u015ftirmelerine nas\u0131l rehberlik edebilirsiniz? Proje tabanl\u0131 \u00f6\u011frenme y\u00f6ntemleri ile \u00f6\u011frencilerin problem \u00e7\u00f6zme becerilerini geli\u015ftirme.<\/p>\n<\/li>\n<li class=\"\" data-start=\"1982\" data-end=\"2207\">\n<p class=\"\" data-start=\"1984\" data-end=\"2207\"><strong data-start=\"1984\" data-end=\"2022\">Robotik Yar\u0131\u015fmalar ve Etkinlikler:<\/strong> Robotik kodlama e\u011fitiminin e\u011flenceli ve rekabet\u00e7i bir hale getirilmesi. Robotik yar\u0131\u015fmalar, etkinlikler ve \u00f6\u011frenme s\u00fcre\u00e7lerini nas\u0131l daha dinamik ve motive edici hale getirebilirsiniz?<\/p>\n<\/li>\n<li class=\"\" data-start=\"2209\" data-end=\"2401\">\n<p class=\"\" data-start=\"2211\" data-end=\"2401\"><strong data-start=\"2211\" data-end=\"2247\">\u0130leri Seviye Kodlama Teknikleri:<\/strong> Daha karma\u015f\u0131k robotik projeler i\u00e7in ileri d\u00fczey programlama teknikleri. Robotlar\u0131n \u00e7evresel etkile\u015fimlerini nas\u0131l daha zeki ve etkili hale getirebiliriz?<\/p>\n<\/li>\n<li class=\"\" data-start=\"2403\" data-end=\"2672\">\n<p class=\"\" data-start=\"2405\" data-end=\"2672\"><strong data-start=\"2405\" data-end=\"2447\">S\u0131n\u0131f Y\u00f6netimi ve E\u011fitici Stratejiler:<\/strong> Robotik kodlama e\u011fitimi s\u0131ras\u0131nda s\u0131n\u0131f y\u00f6netimi, \u00f6\u011frenci etkile\u015fimi ve i\u015fbirli\u011fini geli\u015ftirmeye y\u00f6nelik stratejiler. Her seviyede \u00f6\u011frenciyi nas\u0131l motive edebilir ve \u00f6\u011fretim s\u00fcrecini nas\u0131l daha verimli hale getirebilirsiniz?<\/p>\n<\/li>\n<li class=\"\" data-start=\"2674\" data-end=\"2851\">\n<p class=\"\" data-start=\"2676\" data-end=\"2851\"><strong data-start=\"2676\" data-end=\"2711\">De\u011ferlendirme ve Geri Bildirim:<\/strong> \u00d6\u011frencilerin robotik projelerini nas\u0131l de\u011ferlendiririz? Etkili geri bildirim y\u00f6ntemleri ile \u00f6\u011frencilerin geli\u015fimini nas\u0131l takip edebiliriz?<\/p>\n<\/li>\n<\/ul>\n<hr class=\"\" data-start=\"2853\" data-end=\"2856\" \/>\n<h3 class=\"\" data-start=\"2858\" data-end=\"2883\"><strong data-start=\"2862\" data-end=\"2883\">Kimler Kat\u0131lmal\u0131?<\/strong><\/h3>\n<ul data-start=\"2884\" data-end=\"3815\">\n<li class=\"\" data-start=\"2884\" data-end=\"3134\">\n<p class=\"\" data-start=\"2886\" data-end=\"3134\"><strong data-start=\"2886\" data-end=\"2917\">\u00d6\u011fretmenler ve E\u011fitimciler:<\/strong> Teknolojiye ilgi duyan ve \u00f6\u011frencilerine robotik kodlama \u00f6\u011fretmek isteyen \u00f6\u011fretmenler. STEM (Fen, Teknoloji, M\u00fchendislik ve Matematik) e\u011fitiminin bir par\u00e7as\u0131 olarak robotik kodlama dersleri vermek isteyen e\u011fitimciler.<\/p>\n<\/li>\n<li class=\"\" data-start=\"3138\" data-end=\"3274\">\n<p class=\"\" data-start=\"3140\" data-end=\"3274\"><strong data-start=\"3140\" data-end=\"3175\">Teknoloji ve Bilim Merakl\u0131lar\u0131:<\/strong> Teknolojiye ilgi duyan ve bu alandaki bilgisini \u00e7ocuklarla payla\u015fmak isteyen her seviyedeki birey.<\/p>\n<\/li>\n<li class=\"\" data-start=\"3276\" data-end=\"3456\">\n<p class=\"\" data-start=\"3278\" data-end=\"3456\"><strong data-start=\"3278\" data-end=\"3330\">M\u00fchendislik ve Bilgisayar Bilimleri \u00d6\u011frencileri:<\/strong> Robotik kodlama alan\u0131na ilgi duyan, \u00f6\u011fretme becerilerini geli\u015ftirmek isteyen m\u00fchendislik ve bilgisayar bilimleri \u00f6\u011frencileri.<\/p>\n<\/li>\n<li class=\"\" data-start=\"3458\" data-end=\"3647\">\n<p class=\"\" data-start=\"3460\" data-end=\"3647\"><strong data-start=\"3460\" data-end=\"3502\">STEM Kul\u00fcpleri ve At\u00f6lye Y\u00f6neticileri:<\/strong> Okul i\u00e7inde veya d\u0131\u015f\u0131ndaki STEM kul\u00fcpleri ve at\u00f6lye y\u00f6neticileri. \u00d6\u011frencilerine robotik kodlama \u00f6\u011fretmek i\u00e7in rehberlik sa\u011flayan profesyoneller.<\/p>\n<\/li>\n<li class=\"\" data-start=\"3649\" data-end=\"3815\">\n<p class=\"\" data-start=\"3651\" data-end=\"3815\"><strong data-start=\"3651\" data-end=\"3693\">Ebeveynler ve \u00c7ocuk Geli\u015fim Uzmanlar\u0131:<\/strong> \u00c7ocuklar\u0131n erken ya\u015flardan itibaren teknolojiyi ve kodlamay\u0131 \u00f6\u011frenmelerine yard\u0131mc\u0131 olmak isteyen ebeveynler ve uzmanlar.<\/p>\n<\/li>\n<\/ul>\n<hr class=\"\" data-start=\"3817\" data-end=\"3820\" \/>\n<h3 class=\"\" data-start=\"3822\" data-end=\"3862\"><strong data-start=\"3826\" data-end=\"3862\">Neden Bu E\u011fitime Kat\u0131lmal\u0131s\u0131n\u0131z?<\/strong><\/h3>\n<ul data-start=\"3864\" data-end=\"5164\">\n<li class=\"\" data-start=\"3864\" data-end=\"4130\">\n<p class=\"\" data-start=\"3866\" data-end=\"4130\"><strong data-start=\"3866\" data-end=\"3905\">Gelece\u011fin Teknolojilerine Haz\u0131rl\u0131k:<\/strong> Robotik kodlama, sadece teknik bir beceri de\u011fil, ayn\u0131 zamanda problem \u00e7\u00f6zme, ele\u015ftirel d\u00fc\u015f\u00fcnme ve yarat\u0131c\u0131l\u0131k gibi becerileri geli\u015ftirir. \u00d6\u011frenciler, gelece\u011fin d\u00fcnyas\u0131nda ba\u015far\u0131 elde etmek i\u00e7in bu becerilere sahip olmal\u0131d\u0131r.<\/p>\n<\/li>\n<li class=\"\" data-start=\"4132\" data-end=\"4357\">\n<p class=\"\" data-start=\"4134\" data-end=\"4357\"><strong data-start=\"4134\" data-end=\"4181\">STEM Alan\u0131ndaki Yeteneklerinizi Geli\u015ftirin:<\/strong> Bu e\u011fitimle, robotik kodlama \u00f6\u011fretme konusunda derinlemesine bilgi sahibi olacak ve \u00f6\u011frencilerinizi teknolojiyle tan\u0131\u015ft\u0131rma konusunda kendinizi daha donan\u0131ml\u0131 hissedeceksiniz.<\/p>\n<\/li>\n<li class=\"\" data-start=\"4359\" data-end=\"4569\">\n<p class=\"\" data-start=\"4361\" data-end=\"4569\"><strong data-start=\"4361\" data-end=\"4405\">Yarat\u0131c\u0131l\u0131\u011f\u0131 ve \u0130\u015fbirli\u011fini Te\u015fvik Edin:<\/strong> Robotik kodlama, \u00f6\u011frencilerin yarat\u0131c\u0131 d\u00fc\u015f\u00fcnme becerilerini geli\u015ftirmelerine olanak tan\u0131rken, ayn\u0131 zamanda tak\u0131m \u00e7al\u0131\u015fmas\u0131 ve i\u015fbirli\u011fi becerilerini de peki\u015ftirir.<\/p>\n<\/li>\n<li class=\"\" data-start=\"4571\" data-end=\"4878\">\n<p class=\"\" data-start=\"4573\" data-end=\"4878\"><strong data-start=\"4573\" data-end=\"4623\">\u00c7ocuklar\u0131n Teknolojik Okuryazarl\u0131\u011f\u0131n\u0131 Art\u0131r\u0131n:<\/strong> Bu e\u011fitim sayesinde \u00e7ocuklar, teknolojiye olan ilgilerini art\u0131racak ve gelecekteki mesleklerine haz\u0131rl\u0131kl\u0131 olacaklar. Robotik kodlama, \u00e7ocuklara sadece teknolojiye dair bilgi de\u011fil, ayn\u0131 zamanda gelecekteki i\u015f ya\u015famlar\u0131nda da kritik beceriler kazand\u0131r\u0131r.<\/p>\n<\/li>\n<li class=\"\" data-start=\"4880\" data-end=\"5164\">\n<p class=\"\" data-start=\"4882\" data-end=\"5164\"><strong data-start=\"4882\" data-end=\"4916\">Kariyerinizi Gelece\u011fe Ta\u015f\u0131y\u0131n:<\/strong> Robotik kodlama e\u011fitmenli\u011fi, h\u0131zla b\u00fcy\u00fcyen teknoloji sekt\u00f6r\u00fcnde e\u011fitimcilerin talep g\u00f6ren bir alan\u0131d\u0131r. Bu e\u011fitimi tamamlayarak, STEM e\u011fitimi veren okullarda ve teknoloji at\u00f6lyelerinde \u00f6\u011fretmenlik yapabilir, kariyerinizi gelece\u011fe ta\u015f\u0131yabilirsiniz.<\/p>\n<\/li>\n<\/ul>\n<hr class=\"\" data-start=\"5166\" data-end=\"5169\" \/>\n<h3 class=\"\" data-start=\"5171\" data-end=\"5222\"><strong data-start=\"5175\" data-end=\"5222\">Robotik Kodlama ile Gelece\u011fi \u015eekillendirin!<\/strong><\/h3>\n<p class=\"\" data-start=\"5224\" data-end=\"5582\"><strong data-start=\"5224\" data-end=\"5259\">Robotik Kodlama E\u011fitmen E\u011fitimi<\/strong>, robotik ve kodlama d\u00fcnyas\u0131na ad\u0131m atmak ve \u00f6\u011frencilere bu heyecan verici alanda \u00f6\u011fretici bir deneyim sunmak isteyen t\u00fcm e\u011fitimciler i\u00e7in m\u00fckemmel bir f\u0131rsatt\u0131r. Bu e\u011fitimle, \u00f6\u011frencilere robotik projeler geli\u015ftirmeyi \u00f6\u011fretirken ayn\u0131 zamanda onlar\u0131n problem \u00e7\u00f6zme, yarat\u0131c\u0131l\u0131k ve i\u015fbirli\u011fi becerilerini geli\u015ftirebilirsiniz.<\/p>\n","protected":false},"excerpt":{"rendered":"<p>Robotik Kodlama E\u011fitmen E\u011fitimi: Gelece\u011fi \u015eekillendirecek Becerileri \u00d6\u011fretin Teknolojinin h\u0131zla ilerledi\u011fi g\u00fcn\u00fcm\u00fczde, robotik kodlama, \u00f6\u011frencilerin gelecekteki mesleklerinde ba\u015far\u0131l\u0131 olmalar\u0131n\u0131 sa\u011flamak i\u00e7in en \u00f6nemli becerilerden biri haline gelmi\u015ftir. Robotik Kodlama E\u011fitmen [&hellip;]<\/p>\n","protected":false},"featured_media":3779,"comment_status":"open","ping_status":"closed","template":"","meta":{"_acf_changed":false,"_monsterinsights_skip_tracking":false,"_monsterinsights_sitenote_active":false,"_monsterinsights_sitenote_note":"","_monsterinsights_sitenote_category":0},"product_brand":[],"product_cat":[57],"product_tag":[],"class_list":{"0":"post-3829","1":"product","2":"type-product","3":"status-publish","4":"has-post-thumbnail","6":"product_cat-uncategorized-tr","8":"first","9":"instock","10":"sale","11":"virtual","12":"taxable","13":"purchasable","14":"product-type-simple"},"acf":[],"aioseo_notices":[],"_links":{"self":[{"href":"https:\/\/www.arsakademia.com\/en\/wp-json\/wp\/v2\/product\/3829","targetHints":{"allow":["GET"]}}],"collection":[{"href":"https:\/\/www.arsakademia.com\/en\/wp-json\/wp\/v2\/product"}],"about":[{"href":"https:\/\/www.arsakademia.com\/en\/wp-json\/wp\/v2\/types\/product"}],"replies":[{"embeddable":true,"href":"https:\/\/www.arsakademia.com\/en\/wp-json\/wp\/v2\/comments?post=3829"}],"wp:featuredmedia":[{"embeddable":true,"href":"https:\/\/www.arsakademia.com\/en\/wp-json\/wp\/v2\/media\/3779"}],"wp:attachment":[{"href":"https:\/\/www.arsakademia.com\/en\/wp-json\/wp\/v2\/media?parent=3829"}],"wp:term":[{"taxonomy":"product_brand","embeddable":true,"href":"https:\/\/www.arsakademia.com\/en\/wp-json\/wp\/v2\/product_brand?post=3829"},{"taxonomy":"product_cat","embeddable":true,"href":"https:\/\/www.arsakademia.com\/en\/wp-json\/wp\/v2\/product_cat?post=3829"},{"taxonomy":"product_tag","embeddable":true,"href":"https:\/\/www.arsakademia.com\/en\/wp-json\/wp\/v2\/product_tag?post=3829"}],"curies":[{"name":"wp","href":"https:\/\/api.w.org\/{rel}","templated":true}]}}