{"id":3816,"date":"2025-04-08T16:03:12","date_gmt":"2025-04-08T13:03:12","guid":{"rendered":"https:\/\/www.arsakademia.com\/?post_type=product&#038;p=3816"},"modified":"2025-04-08T16:03:12","modified_gmt":"2025-04-08T13:03:12","slug":"oyun-terapisi-uygulayici-egitimi","status":"publish","type":"product","link":"https:\/\/www.arsakademia.com\/en\/product\/oyun-terapisi-uygulayici-egitimi\/","title":{"rendered":"Oyun Terapisi Uygulay\u0131c\u0131 E\u011fitimi"},"content":{"rendered":"<h3 class=\"\" data-start=\"94\" data-end=\"212\"><strong data-start=\"98\" data-end=\"212\">Oyun Terapisi Uygulay\u0131c\u0131 E\u011fitimi: \u00c7ocuklar\u0131n Duygusal \u0130htiya\u00e7lar\u0131n\u0131 Anlamak ve Desteklemek \u0130\u00e7in G\u00fc\u00e7l\u00fc Bir Ara\u00e7<\/strong><\/h3>\n<p class=\"\" data-start=\"214\" data-end=\"641\">\u00c7ocuklar, duygusal ve psikolojik d\u00fcnyalar\u0131n\u0131 en iyi \u015fekilde oyun yoluyla ifade ederler. <strong data-start=\"302\" data-end=\"338\">Oyun Terapisi Uygulay\u0131c\u0131 E\u011fitimi<\/strong>, \u00e7ocuklar\u0131n duygu ve d\u00fc\u015f\u00fcncelerini g\u00fcvenli bir ortamda ifade etmelerini sa\u011flamak i\u00e7in oyun terapisi tekniklerini kullanmay\u0131 \u00f6\u011frenmek isteyen profesyoneller i\u00e7in ideal bir e\u011fitim program\u0131d\u0131r. Bu e\u011fitim, \u00e7ocuklar\u0131n ya\u015fad\u0131\u011f\u0131 zorluklar\u0131 anlaman\u0131z\u0131 ve onlara uygun terapi y\u00f6ntemleri sunman\u0131z\u0131 sa\u011flayacakt\u0131r.<\/p>\n<p class=\"\" data-start=\"643\" data-end=\"933\">Oyun terapisi, \u00e7ocuklar\u0131n duygusal ve psikolojik iyile\u015fme s\u00fcre\u00e7lerini h\u0131zland\u0131ran, yarat\u0131c\u0131 ve etkili bir terap\u00f6tik yakla\u015f\u0131md\u0131r. Bu e\u011fitim, e\u011fitimcilerin ve terapistlerin oyun terapisi becerilerini geli\u015ftirmelerine yard\u0131mc\u0131 olacak ve \u00e7ocuklarla daha derin bir ba\u011f kurmalar\u0131n\u0131 sa\u011flayacakt\u0131r.<\/p>\n<hr class=\"\" data-start=\"935\" data-end=\"938\" \/>\n<h3 class=\"\" data-start=\"940\" data-end=\"963\"><strong data-start=\"944\" data-end=\"963\">E\u011fitim \u0130\u00e7eri\u011fi:<\/strong><\/h3>\n<ul data-start=\"964\" data-end=\"3000\">\n<li class=\"\" data-start=\"964\" data-end=\"1203\">\n<p class=\"\" data-start=\"966\" data-end=\"1203\"><strong data-start=\"966\" data-end=\"997\">Oyun Terapisinin Temelleri:<\/strong> Oyun terapisinin tan\u0131m\u0131, felsefesi ve tarih\u00e7esi. Oyun terapisi ile \u00e7ocuklar\u0131n nas\u0131l iyile\u015ftirilebilece\u011fini, \u00f6zg\u00fcrle\u015ftirilebilece\u011fini ve kendilerini ifade etmelerine nas\u0131l yard\u0131mc\u0131 olabilece\u011finizi ke\u015ffedin.<\/p>\n<\/li>\n<li class=\"\" data-start=\"1207\" data-end=\"1459\">\n<p class=\"\" data-start=\"1209\" data-end=\"1459\"><strong data-start=\"1209\" data-end=\"1254\">\u00c7ocuklar\u0131n Duygusal \u0130htiya\u00e7lar\u0131n\u0131 Anlama:<\/strong> \u00c7ocuklar\u0131n oyun yoluyla duygusal ve psikolojik ihtiya\u00e7lar\u0131n\u0131 nas\u0131l ifade ettiklerini anlama. \u00c7ocuklar\u0131n stres, kayg\u0131, korku, travma ve di\u011fer duygusal zorluklar kar\u015f\u0131s\u0131nda nas\u0131l tepki verdiklerini \u00f6\u011frenme.<\/p>\n<\/li>\n<li class=\"\" data-start=\"1461\" data-end=\"1657\">\n<p class=\"\" data-start=\"1463\" data-end=\"1657\"><strong data-start=\"1463\" data-end=\"1501\">Oyun Terapisinin Temel Y\u00f6ntemleri:<\/strong> Oyun terapisi tekniklerinin tan\u0131t\u0131m\u0131. Serbest oyun terapisi, yap\u0131sal oyun terapisi ve di\u011fer oyun terapisi yakla\u015f\u0131mlar\u0131n\u0131n \u00f6zellikleri ve kullan\u0131m alanlar\u0131.<\/p>\n<\/li>\n<li class=\"\" data-start=\"1659\" data-end=\"1906\">\n<p class=\"\" data-start=\"1661\" data-end=\"1906\"><strong data-start=\"1661\" data-end=\"1695\">Oyun Ara\u00e7lar\u0131 ve Materyalleri:<\/strong> Oyun terapisi i\u00e7in gerekli olan materyallerin se\u00e7imi ve kullan\u0131m\u0131. Renkli ta\u015flar, kuklalar, oyun hamurlar\u0131, resim yapma ara\u00e7lar\u0131 gibi materyallerin \u00e7ocuklar\u0131n duygusal d\u00fcnyas\u0131na nas\u0131l dokunabilece\u011fini ke\u015ffedin.<\/p>\n<\/li>\n<li class=\"\" data-start=\"1908\" data-end=\"2142\">\n<p class=\"\" data-start=\"1910\" data-end=\"2142\"><strong data-start=\"1910\" data-end=\"1948\">\u00c7ocuklarla Oyun Terapisi Uygulama:<\/strong> Oyun terapisi oturumlar\u0131 planlama, uygulama ve de\u011ferlendirme. Her \u00e7ocuk i\u00e7in uygun oyun terapisi tekni\u011fini se\u00e7me ve \u00e7ocuklar\u0131n ihtiya\u00e7lar\u0131na g\u00f6re bireyselle\u015ftirilmi\u015f terapi s\u00fcre\u00e7leri olu\u015fturma.<\/p>\n<\/li>\n<li class=\"\" data-start=\"2144\" data-end=\"2363\">\n<p class=\"\" data-start=\"2146\" data-end=\"2363\"><strong data-start=\"2146\" data-end=\"2180\">\u0130leti\u015fim Becerileri ve Empati:<\/strong> \u00c7ocuklarla g\u00fcvenli, a\u00e7\u0131k ve sa\u011fl\u0131kl\u0131 bir ileti\u015fim kurmak i\u00e7in gerekli empatik beceriler. \u00c7ocuklar\u0131n oyunlar\u0131ndaki anlam\u0131 \u00e7\u00f6z\u00fcmleme ve onlar\u0131n duygu durumlar\u0131n\u0131 anlayarak yan\u0131t verme.<\/p>\n<\/li>\n<li class=\"\" data-start=\"2365\" data-end=\"2574\">\n<p class=\"\" data-start=\"2367\" data-end=\"2574\"><strong data-start=\"2367\" data-end=\"2421\">\u00c7ocuklar\u0131n Davran\u0131\u015flar\u0131n\u0131 Anlamak ve Y\u00f6nlendirmek:<\/strong> \u00c7ocuklar\u0131n oyunlar\u0131 ve davran\u0131\u015flar\u0131 \u00fczerinden onlar\u0131 daha iyi anlamak. Davran\u0131\u015fsal sorunlar\u0131 oyun terapisi yoluyla ele alma, uygun y\u00f6nlendirmeler yapma.<\/p>\n<\/li>\n<li class=\"\" data-start=\"2576\" data-end=\"2785\">\n<p class=\"\" data-start=\"2578\" data-end=\"2785\"><strong data-start=\"2578\" data-end=\"2622\">Klinik De\u011ferlendirme ve \u0130lerleme \u0130zleme:<\/strong> Oyun terapisi s\u00fcre\u00e7lerini de\u011ferlendirerek \u00e7ocuklar\u0131n iyile\u015fme ilerlemelerini izlemek. Oyun terapisi s\u00fcrecindeki de\u011fi\u015fimleri ve iyile\u015fme g\u00f6stergelerini g\u00f6zlemleme.<\/p>\n<\/li>\n<li class=\"\" data-start=\"2787\" data-end=\"3000\">\n<p class=\"\" data-start=\"2789\" data-end=\"3000\"><strong data-start=\"2789\" data-end=\"2822\">Vaka \u00c7al\u0131\u015fmalar\u0131 ve Uygulama:<\/strong> Ger\u00e7ek vaka senaryolar\u0131 \u00fczerinden oyun terapisi uygulama. Oyun terapisi ile ilgili ya\u015fanan zorluklar ve bu zorluklar\u0131n \u00fcstesinden nas\u0131l gelinebilece\u011fi konusunda pratik bilgiler.<\/p>\n<\/li>\n<\/ul>\n<hr class=\"\" data-start=\"3002\" data-end=\"3005\" \/>\n<h3 class=\"\" data-start=\"3007\" data-end=\"3032\"><strong data-start=\"3011\" data-end=\"3032\">Kimler Kat\u0131lmal\u0131?<\/strong><\/h3>\n<ul data-start=\"3033\" data-end=\"3701\">\n<li class=\"\" data-start=\"3033\" data-end=\"3127\">\n<p class=\"\" data-start=\"3035\" data-end=\"3127\"><strong data-start=\"3035\" data-end=\"3070\">Psikologlar ve Psikiyatristler:<\/strong> \u00c7ocuklarla \u00e7al\u0131\u015fan ve onlara psikoterapi sunan uzmanlar.<\/p>\n<\/li>\n<li class=\"\" data-start=\"3128\" data-end=\"3252\">\n<p class=\"\" data-start=\"3130\" data-end=\"3252\"><strong data-start=\"3130\" data-end=\"3165\">Pedagoglar ve \u00d6zel E\u011fitimciler:<\/strong> \u00c7ocuklar\u0131n duygusal, bili\u015fsel ve sosyal geli\u015fimlerini desteklemek isteyen e\u011fitimciler.<\/p>\n<\/li>\n<li class=\"\" data-start=\"3253\" data-end=\"3381\">\n<p class=\"\" data-start=\"3255\" data-end=\"3381\"><strong data-start=\"3255\" data-end=\"3277\">Aile Dan\u0131\u015fmanlar\u0131:<\/strong> \u00c7ocuklar\u0131n aileleri ile \u00e7al\u0131\u015farak oyun terapisi tekniklerini aile i\u00e7inde uygulamak isteyen dan\u0131\u015fmanlar.<\/p>\n<\/li>\n<li class=\"\" data-start=\"3382\" data-end=\"3471\">\n<p class=\"\" data-start=\"3384\" data-end=\"3471\"><strong data-start=\"3384\" data-end=\"3412\">Sosyal Hizmet Uzmanlar\u0131:<\/strong> \u00c7ocuklarla \u00e7al\u0131\u015fan sosyal hizmet uzmanlar\u0131 ve terapistler.<\/p>\n<\/li>\n<li class=\"\" data-start=\"3472\" data-end=\"3578\">\n<p class=\"\" data-start=\"3474\" data-end=\"3578\"><strong data-start=\"3474\" data-end=\"3490\">\u00d6\u011fretmenler:<\/strong> S\u0131n\u0131flar\u0131nda duygusal ve psikolojik deste\u011fe ihtiya\u00e7 duyan \u00e7ocuklar bulunan \u00f6\u011fretmenler.<\/p>\n<\/li>\n<li class=\"\" data-start=\"3579\" data-end=\"3701\">\n<p class=\"\" data-start=\"3581\" data-end=\"3701\"><strong data-start=\"3581\" data-end=\"3610\">Rehabilitasyon Uzmanlar\u0131:<\/strong> \u00c7ocuklar\u0131n rehabilitasyon s\u00fcrecinde oyun terapisi y\u00f6ntemlerini uygulamak isteyen uzmanlar.<\/p>\n<\/li>\n<\/ul>\n<hr class=\"\" data-start=\"3703\" data-end=\"3706\" \/>\n<h3 class=\"\" data-start=\"3708\" data-end=\"3748\"><strong data-start=\"3712\" data-end=\"3748\">Neden Bu E\u011fitime Kat\u0131lmal\u0131s\u0131n\u0131z?<\/strong><\/h3>\n<ul data-start=\"3749\" data-end=\"4993\">\n<li class=\"\" data-start=\"3749\" data-end=\"3990\">\n<p class=\"\" data-start=\"3751\" data-end=\"3990\"><strong data-start=\"3751\" data-end=\"3793\">Duygusal \u0130yile\u015fme \u0130\u00e7in G\u00fc\u00e7l\u00fc Bir Ara\u00e7:<\/strong> Oyun terapisi, \u00e7ocuklar\u0131n i\u00e7sel d\u00fcnyalar\u0131n\u0131 d\u0131\u015fa vurduklar\u0131 ve iyile\u015fmeye ba\u015flad\u0131klar\u0131 do\u011fal bir s\u00fcre\u00e7tir. Bu e\u011fitim, profesyonellere \u00e7ocuklar\u0131n duygusal iyile\u015fme s\u00fcre\u00e7lerini desteklemeyi \u00f6\u011fretir.<\/p>\n<\/li>\n<li class=\"\" data-start=\"3994\" data-end=\"4219\">\n<p class=\"\" data-start=\"3996\" data-end=\"4219\"><strong data-start=\"3996\" data-end=\"4041\">\u00c7ocuklar\u0131n Duygusal \u0130htiya\u00e7lar\u0131n\u0131 Anlama:<\/strong> \u00c7ocuklar oyun arac\u0131l\u0131\u011f\u0131yla duygu ve d\u00fc\u015f\u00fcncelerini ifade ederler. Bu e\u011fitimle, \u00e7ocuklar\u0131n ya\u015fad\u0131\u011f\u0131 zorluklar\u0131 anlaman\u0131z\u0131 ve onlara en uygun terap\u00f6tik m\u00fcdahaleyi yapman\u0131z\u0131 sa\u011flar.<\/p>\n<\/li>\n<li class=\"\" data-start=\"4221\" data-end=\"4398\">\n<p class=\"\" data-start=\"4223\" data-end=\"4398\"><strong data-start=\"4223\" data-end=\"4249\">Etkili \u0130leti\u015fim Kurma:<\/strong> \u00c7ocuklarla etkili bir \u015fekilde ileti\u015fim kurmak, onlar\u0131n d\u00fcnyas\u0131n\u0131 anlamak ve sa\u011fl\u0131kl\u0131 bir ili\u015fki kurmak i\u00e7in gerekli olan becerileri geli\u015ftirirsiniz.<\/p>\n<\/li>\n<li class=\"\" data-start=\"4400\" data-end=\"4602\">\n<p class=\"\" data-start=\"4402\" data-end=\"4602\"><strong data-start=\"4402\" data-end=\"4426\">Uygulamal\u0131 Yakla\u015f\u0131m:<\/strong> E\u011fitimde \u00f6\u011frendi\u011finiz teorik bilgileri, ger\u00e7ek vaka senaryolar\u0131 \u00fczerinden uygulama f\u0131rsat\u0131 bulursunuz. Bu sayede oyun terapisi y\u00f6ntemlerini prati\u011fe d\u00f6kme \u015fans\u0131 elde edersiniz.<\/p>\n<\/li>\n<li class=\"\" data-start=\"4604\" data-end=\"4798\">\n<p class=\"\" data-start=\"4606\" data-end=\"4798\"><strong data-start=\"4606\" data-end=\"4657\">\u00c7ocuklar\u0131n Psikolojik Geli\u015fimlerini Destekleme:<\/strong> Bu e\u011fitimle, \u00e7ocuklar\u0131n psikolojik geli\u015fim s\u00fcre\u00e7lerine dair daha derin bir anlay\u0131\u015f kazan\u0131r ve onlar\u0131 daha etkili bir \u015fekilde desteklersiniz.<\/p>\n<\/li>\n<li class=\"\" data-start=\"4800\" data-end=\"4993\">\n<p class=\"\" data-start=\"4802\" data-end=\"4993\"><strong data-start=\"4802\" data-end=\"4826\">Profesyonel Geli\u015fim:<\/strong> Oyun terapisi, \u00e7ocuklarla \u00e7al\u0131\u015fan her profesyonel i\u00e7in \u00f6nemli bir beceridir. Bu e\u011fitimi alarak bu alanda uzmanla\u015fabilir ve mesleki becerilerinizi geli\u015ftirebilirsiniz.<\/p>\n<\/li>\n<\/ul>\n<hr class=\"\" data-start=\"4995\" data-end=\"4998\" \/>\n<h3 class=\"\" data-start=\"5000\" data-end=\"5054\"><strong data-start=\"5004\" data-end=\"5054\">\u00c7ocuklar\u0131n Duygusal Geli\u015fimine Katk\u0131 Sa\u011flay\u0131n!<\/strong><\/h3>\n<p class=\"\" data-start=\"5056\" data-end=\"5321\"><strong data-start=\"5056\" data-end=\"5092\">Oyun Terapisi Uygulay\u0131c\u0131 E\u011fitimi<\/strong>, \u00e7ocuklar\u0131n duygusal, bili\u015fsel ve psikolojik geli\u015fimlerini desteklemek i\u00e7in kullan\u0131lan en g\u00fc\u00e7l\u00fc ve etkili ara\u00e7lardan biridir. Bu e\u011fitim, oyun terapisi tekniklerini \u00f6\u011frenerek \u00e7ocuklarla daha etkili bir \u015fekilde \u00e7al\u0131\u015fman\u0131z\u0131 sa\u011flar.<\/p>\n<p class=\"\" data-start=\"5323\" data-end=\"5506\">E\u011fer siz de \u00e7ocuklar\u0131n i\u00e7sel d\u00fcnyalar\u0131n\u0131 anlamak, onlara g\u00fcvenli bir ortamda duygusal destek sunmak ve onlar\u0131n iyile\u015fme s\u00fcre\u00e7lerine katk\u0131 sa\u011flamak istiyorsan\u0131z, bu e\u011fitimi ka\u00e7\u0131rmay\u0131n!<\/p>\n<p class=\"\" data-start=\"5508\" data-end=\"5583\"><strong data-start=\"5508\" data-end=\"5583\">Hemen kayd\u0131n\u0131z\u0131 yap\u0131n ve oyun terapisiyle \u00e7ocuklar\u0131n d\u00fcnyas\u0131na dokunun!<\/strong><\/p>\n","protected":false},"excerpt":{"rendered":"<p>Oyun Terapisi Uygulay\u0131c\u0131 E\u011fitimi: \u00c7ocuklar\u0131n Duygusal \u0130htiya\u00e7lar\u0131n\u0131 Anlamak ve Desteklemek \u0130\u00e7in G\u00fc\u00e7l\u00fc Bir Ara\u00e7 \u00c7ocuklar, duygusal ve psikolojik d\u00fcnyalar\u0131n\u0131 en iyi \u015fekilde oyun yoluyla ifade ederler. Oyun Terapisi Uygulay\u0131c\u0131 E\u011fitimi, [&hellip;]<\/p>\n","protected":false},"featured_media":2331,"comment_status":"open","ping_status":"closed","template":"","meta":{"_acf_changed":false,"_monsterinsights_skip_tracking":false,"_monsterinsights_sitenote_active":false,"_monsterinsights_sitenote_note":"","_monsterinsights_sitenote_category":0},"product_brand":[],"product_cat":[57],"product_tag":[],"class_list":{"0":"post-3816","1":"product","2":"type-product","3":"status-publish","4":"has-post-thumbnail","6":"product_cat-uncategorized-tr","8":"first","9":"instock","10":"sale","11":"virtual","12":"taxable","13":"purchasable","14":"product-type-simple"},"acf":[],"aioseo_notices":[],"_links":{"self":[{"href":"https:\/\/www.arsakademia.com\/en\/wp-json\/wp\/v2\/product\/3816","targetHints":{"allow":["GET"]}}],"collection":[{"href":"https:\/\/www.arsakademia.com\/en\/wp-json\/wp\/v2\/product"}],"about":[{"href":"https:\/\/www.arsakademia.com\/en\/wp-json\/wp\/v2\/types\/product"}],"replies":[{"embeddable":true,"href":"https:\/\/www.arsakademia.com\/en\/wp-json\/wp\/v2\/comments?post=3816"}],"wp:featuredmedia":[{"embeddable":true,"href":"https:\/\/www.arsakademia.com\/en\/wp-json\/wp\/v2\/media\/2331"}],"wp:attachment":[{"href":"https:\/\/www.arsakademia.com\/en\/wp-json\/wp\/v2\/media?parent=3816"}],"wp:term":[{"taxonomy":"product_brand","embeddable":true,"href":"https:\/\/www.arsakademia.com\/en\/wp-json\/wp\/v2\/product_brand?post=3816"},{"taxonomy":"product_cat","embeddable":true,"href":"https:\/\/www.arsakademia.com\/en\/wp-json\/wp\/v2\/product_cat?post=3816"},{"taxonomy":"product_tag","embeddable":true,"href":"https:\/\/www.arsakademia.com\/en\/wp-json\/wp\/v2\/product_tag?post=3816"}],"curies":[{"name":"wp","href":"https:\/\/api.w.org\/{rel}","templated":true}]}}