{"id":3765,"date":"2025-04-08T14:51:39","date_gmt":"2025-04-08T11:51:39","guid":{"rendered":"https:\/\/www.arsakademia.com\/?post_type=product&#038;p=3765"},"modified":"2025-04-08T14:51:40","modified_gmt":"2025-04-08T11:51:40","slug":"disleksi-egitmenlik-egitimi","status":"publish","type":"product","link":"https:\/\/www.arsakademia.com\/en\/product\/disleksi-egitmenlik-egitimi\/","title":{"rendered":"Disleksi E\u011fitmenlik E\u011fitimi"},"content":{"rendered":"<h3 class=\"\" data-start=\"89\" data-end=\"158\"><strong data-start=\"93\" data-end=\"158\">Disleksi E\u011fitmenlik E\u011fitimi ile Okuma Yazma G\u00fc\u00e7l\u00fcklerini A\u015f\u0131n<\/strong><\/h3>\n<p class=\"\" data-start=\"160\" data-end=\"640\">Disleksi, okuma, yazma ve heceleme gibi dil becerilerinde zorluklar ya\u015fayan bireylerde s\u0131k\u00e7a g\u00f6r\u00fclen bir \u00f6\u011frenme bozuklu\u011fudur. Bu bozukluk, zek\u00e2 d\u00fczeyinden ba\u011f\u0131ms\u0131z olarak, \u00f6\u011frencilerin akademik ba\u015far\u0131lar\u0131n\u0131 ve \u00f6zg\u00fcvenlerini ciddi \u015fekilde etkileyebilir. <strong data-start=\"414\" data-end=\"445\">Disleksi E\u011fitmenlik E\u011fitimi<\/strong>, disleksiye sahip \u00e7ocuklar ve yeti\u015fkinlerle \u00e7al\u0131\u015fan profesyonellere, bu bireylerin \u00f6\u011frenme s\u00fcre\u00e7lerinde nas\u0131l etkili destek verebileceklerini \u00f6\u011fretmeyi ama\u00e7layan kapsaml\u0131 bir e\u011fitim program\u0131d\u0131r.<\/p>\n<p class=\"\" data-start=\"642\" data-end=\"1017\">Bu e\u011fitim, \u00f6\u011fretmenler, pedagoglar, psikologlar ve \u00f6zel e\u011fitim uzmanlar\u0131 gibi e\u011fitim alan\u0131nda \u00e7al\u0131\u015fan t\u00fcm profesyonellere, disleksiye sahip bireylerin ihtiya\u00e7lar\u0131na y\u00f6nelik \u00f6zel stratejiler ve y\u00f6ntemler kazand\u0131racakt\u0131r. E\u011fitim sayesinde, disleksiye sahip \u00f6\u011frencilerin okuma, yazma ve dil becerilerindeki zorluklar\u0131 a\u015fmalar\u0131na yard\u0131mc\u0131 olacak bilgi ve beceriler edineceksiniz.<\/p>\n<hr class=\"\" data-start=\"1019\" data-end=\"1022\" \/>\n<h3 class=\"\" data-start=\"1024\" data-end=\"1047\"><strong data-start=\"1028\" data-end=\"1047\">E\u011fitim \u0130\u00e7eri\u011fi:<\/strong><\/h3>\n<ul data-start=\"1048\" data-end=\"3274\">\n<li class=\"\" data-start=\"1048\" data-end=\"1249\">\n<p class=\"\" data-start=\"1050\" data-end=\"1249\"><strong data-start=\"1050\" data-end=\"1069\">Disleksi Nedir?<\/strong>: Disleksi, dil ve okuma-yazma becerilerindeki zorluklarla tan\u0131mlanan bir \u00f6\u011frenme bozuklu\u011fudur. Disleksinin belirtileri, nedenleri ve nas\u0131l tan\u0131 konulaca\u011f\u0131 hakk\u0131nda temel bilgiler.<\/p>\n<\/li>\n<li class=\"\" data-start=\"1250\" data-end=\"1444\">\n<p class=\"\" data-start=\"1252\" data-end=\"1444\"><strong data-start=\"1252\" data-end=\"1288\">Disleksi T\u00fcrleri ve Belirtileri:<\/strong> Okuma, yazma, heceleme ve ses ay\u0131rt etme g\u00fc\u00e7l\u00fcklerinin yan\u0131 s\u0131ra, disleksiye ba\u011fl\u0131 g\u00f6r\u00fclen dikkat eksikli\u011fi, motor beceri zorluklar\u0131 ve haf\u0131za problemleri.<\/p>\n<\/li>\n<li class=\"\" data-start=\"1445\" data-end=\"1613\">\n<p class=\"\" data-start=\"1447\" data-end=\"1613\"><strong data-start=\"1447\" data-end=\"1487\">Disleksi Tan\u0131s\u0131 ve Erken Belirtiler:<\/strong> Disleksi tan\u0131s\u0131n\u0131n nas\u0131l konulaca\u011f\u0131, \u00e7ocuklarda erken d\u00f6nemde g\u00f6r\u00fclen belirtiler ve bu belirtileri nas\u0131l fark edebilece\u011fimiz.<\/p>\n<\/li>\n<li class=\"\" data-start=\"1614\" data-end=\"1784\">\n<p class=\"\" data-start=\"1616\" data-end=\"1784\"><strong data-start=\"1616\" data-end=\"1659\">Disleksiye Y\u00f6nelik E\u011fitim Stratejileri:<\/strong> Disleksiye sahip bireylere y\u00f6nelik okuma, yazma, dinleme ve anlama becerilerini geli\u015ftirmek i\u00e7in uygulanan etkili y\u00f6ntemler.<\/p>\n<\/li>\n<li class=\"\" data-start=\"1785\" data-end=\"1975\">\n<p class=\"\" data-start=\"1787\" data-end=\"1975\"><strong data-start=\"1787\" data-end=\"1831\">Fonolojik Fark\u0131ndal\u0131k ve Dil Becerileri:<\/strong> Disleksiye sahip bireylerde fonolojik fark\u0131ndal\u0131k (seslerin fark\u0131na varma) becerilerini geli\u015ftirme. Dil becerilerini destekleyecek stratejiler.<\/p>\n<\/li>\n<li class=\"\" data-start=\"1976\" data-end=\"2116\">\n<p class=\"\" data-start=\"1978\" data-end=\"2116\"><strong data-start=\"1978\" data-end=\"2008\">Okuma ve Yazma Teknikleri:<\/strong> Okuma h\u0131z\u0131n\u0131 art\u0131rma, do\u011fru okuma teknikleri, okuma bozukluklar\u0131n\u0131n d\u00fczeltilmesi i\u00e7in kullan\u0131lan y\u00f6ntemler.<\/p>\n<\/li>\n<li class=\"\" data-start=\"2117\" data-end=\"2281\">\n<p class=\"\" data-start=\"2119\" data-end=\"2281\"><strong data-start=\"2119\" data-end=\"2166\">Disleksiye Y\u00f6nelik Dil Terapi Yakla\u015f\u0131mlar\u0131:<\/strong> Dil terapisi ve fonolojik terapi yakla\u015f\u0131mlar\u0131n\u0131n disleksi tedavisindeki rol\u00fc. Bireyselle\u015ftirilmi\u015f tedavi planlar\u0131.<\/p>\n<\/li>\n<li class=\"\" data-start=\"2282\" data-end=\"2517\">\n<p class=\"\" data-start=\"2284\" data-end=\"2517\"><strong data-start=\"2284\" data-end=\"2321\">Multisensory E\u011fitim Yakla\u015f\u0131mlar\u0131:<\/strong> Disleksiye sahip bireylerin farkl\u0131 \u00f6\u011frenme stillerine hitap eden multisensory (\u00e7oklu duyusal) e\u011fitim y\u00f6ntemleri. G\u00f6rsel, i\u015fitsel ve dokunsal duyularla okuma ve yazma becerilerinin geli\u015ftirilmesi.<\/p>\n<\/li>\n<li class=\"\" data-start=\"2518\" data-end=\"2737\">\n<p class=\"\" data-start=\"2520\" data-end=\"2737\"><strong data-start=\"2520\" data-end=\"2575\">Bili\u015fsel Davran\u0131\u015f\u00e7\u0131 Yakla\u015f\u0131mlar ve Duygusal Destek:<\/strong> Disleksiye sahip bireylerin \u00f6zg\u00fcvenlerini artt\u0131rmak, kayg\u0131 ve stresle ba\u015fa \u00e7\u0131kmalar\u0131n\u0131 sa\u011flamak i\u00e7in bili\u015fsel davran\u0131\u015f\u00e7\u0131 terapi (CBT) tekniklerinin kullan\u0131lmas\u0131.<\/p>\n<\/li>\n<li class=\"\" data-start=\"2738\" data-end=\"2935\">\n<p class=\"\" data-start=\"2740\" data-end=\"2935\"><strong data-start=\"2740\" data-end=\"2769\">Aile \u0130leti\u015fimi ve Destek:<\/strong> Ebeveynlere y\u00f6nelik rehberlik, \u00e7ocuklar\u0131na disleksi konusunda nas\u0131l daha etkili yard\u0131mc\u0131 olabilecekleri, okul ve evde yap\u0131labilecek destekleyici \u00e7al\u0131\u015fmalar\u0131 \u00f6\u011frenme.<\/p>\n<\/li>\n<li class=\"\" data-start=\"2936\" data-end=\"3106\">\n<p class=\"\" data-start=\"2938\" data-end=\"3106\"><strong data-start=\"2938\" data-end=\"2966\">\u0130zleme ve De\u011ferlendirme:<\/strong> Disleksi tedavi s\u00fcre\u00e7lerinde d\u00fczenli izleme ve de\u011ferlendirme y\u00f6ntemleri. Ba\u015far\u0131y\u0131 \u00f6l\u00e7mek ve ilerlemeyi takip etmek i\u00e7in kullan\u0131lan ara\u00e7lar.<\/p>\n<\/li>\n<li class=\"\" data-start=\"3107\" data-end=\"3274\">\n<p class=\"\" data-start=\"3109\" data-end=\"3274\"><strong data-start=\"3109\" data-end=\"3156\">Disleksiye Y\u00f6nelik \u0130leri D\u00fczey Yakla\u015f\u0131mlar:<\/strong> \u00d6\u011frenme g\u00fc\u00e7l\u00fc\u011f\u00fc \u00e7eken daha ileri seviyedeki bireyler i\u00e7in kullan\u0131lan \u00f6zel e\u011fitim y\u00f6ntemleri ve ileri d\u00fczey teknikler.<\/p>\n<\/li>\n<\/ul>\n<hr class=\"\" data-start=\"3276\" data-end=\"3279\" \/>\n<h3 class=\"\" data-start=\"3281\" data-end=\"3306\"><strong data-start=\"3285\" data-end=\"3306\">Kimler Kat\u0131lmal\u0131?<\/strong><\/h3>\n<ul data-start=\"3307\" data-end=\"4213\">\n<li class=\"\" data-start=\"3307\" data-end=\"3488\">\n<p class=\"\" data-start=\"3309\" data-end=\"3488\"><strong data-start=\"3309\" data-end=\"3340\">\u00d6\u011fretmenler ve E\u011fitimciler:<\/strong> Disleksiye sahip \u00f6\u011frencilerle \u00e7al\u0131\u015fan \u00f6\u011fretmenler, okuma yazma g\u00fc\u00e7l\u00fcklerini a\u015fmalar\u0131na yard\u0131mc\u0131 olacak stratejiler geli\u015ftirmek isteyen e\u011fitimciler.<\/p>\n<\/li>\n<li class=\"\" data-start=\"3489\" data-end=\"3691\">\n<p class=\"\" data-start=\"3491\" data-end=\"3691\"><strong data-start=\"3491\" data-end=\"3526\">Psikologlar ve Psikiyatristler:<\/strong> Disleksiye sahip \u00e7ocuklar ve yeti\u015fkinlerle \u00e7al\u0131\u015facak olan uzmanlar, bireylerin dil becerilerini geli\u015ftirmek i\u00e7in terap\u00f6tik yakla\u015f\u0131mlar \u00f6\u011frenmek isteyen psikologlar.<\/p>\n<\/li>\n<li class=\"\" data-start=\"3692\" data-end=\"3854\">\n<p class=\"\" data-start=\"3694\" data-end=\"3854\"><strong data-start=\"3694\" data-end=\"3737\">Pedagoglar ve \u00c7ocuk Geli\u015fimi Uzmanlar\u0131:<\/strong> \u00c7ocuklar\u0131n geli\u015fim s\u00fcre\u00e7lerinde disleksiye sahip bireyler i\u00e7in do\u011fru m\u00fcdahaleler geli\u015ftirmek isteyen profesyoneller.<\/p>\n<\/li>\n<li class=\"\" data-start=\"3855\" data-end=\"4013\">\n<p class=\"\" data-start=\"3857\" data-end=\"4013\"><strong data-start=\"3857\" data-end=\"3883\">Aileler ve Ebeveynler:<\/strong> Disleksiye sahip \u00e7ocuklar\u0131 olan aileler, \u00e7ocuklar\u0131n\u0131n e\u011fitim s\u00fcrecinde nas\u0131l destek olabileceklerini \u00f6\u011frenmek isteyen ebeveynler.<\/p>\n<\/li>\n<li class=\"\" data-start=\"4014\" data-end=\"4126\">\n<p class=\"\" data-start=\"4016\" data-end=\"4126\"><strong data-start=\"4016\" data-end=\"4042\">\u00d6zel E\u011fitim Uzmanlar\u0131:<\/strong> Disleksiye y\u00f6nelik \u00f6zel e\u011fitim tekniklerini \u00f6\u011frenmek isteyen \u00f6zel e\u011fitim uzmanlar\u0131.<\/p>\n<\/li>\n<li class=\"\" data-start=\"4127\" data-end=\"4213\">\n<p class=\"\" data-start=\"4129\" data-end=\"4213\"><strong data-start=\"4129\" data-end=\"4150\">Dil Terapistleri:<\/strong> Disleksiye y\u00f6nelik dil terapisi uygulamak isteyen terapistler.<\/p>\n<\/li>\n<\/ul>\n<hr class=\"\" data-start=\"4215\" data-end=\"4218\" \/>\n<h3 class=\"\" data-start=\"4220\" data-end=\"4262\"><strong data-start=\"4224\" data-end=\"4262\">Neden Disleksi E\u011fitmenlik E\u011fitimi?<\/strong><\/h3>\n<ul data-start=\"4263\" data-end=\"5404\">\n<li class=\"\" data-start=\"4263\" data-end=\"4444\">\n<p class=\"\" data-start=\"4265\" data-end=\"4444\"><strong data-start=\"4265\" data-end=\"4308\">Disleksiye Y\u00f6nelik Derinlemesine Bilgi:<\/strong> Bu e\u011fitim, disleksiye sahip bireylerin zorluklar\u0131n\u0131 daha iyi anlaman\u0131z\u0131 sa\u011flar ve e\u011fitim s\u00fcrecindeki \u00f6nemli fark\u0131ndal\u0131klar\u0131 kazand\u0131r\u0131r.<\/p>\n<\/li>\n<li class=\"\" data-start=\"4445\" data-end=\"4667\">\n<p class=\"\" data-start=\"4447\" data-end=\"4667\"><strong data-start=\"4447\" data-end=\"4479\">Etkili \u00d6\u011frenme Stratejileri:<\/strong> Disleksiye sahip bireyler i\u00e7in en etkili okuma yazma ve dil geli\u015fim stratejilerini \u00f6\u011frenirsiniz. Multisensory ve fonolojik e\u011fitim teknikleriyle \u00f6\u011frencilerin becerilerini art\u0131rabilirsiniz.<\/p>\n<\/li>\n<li class=\"\" data-start=\"4668\" data-end=\"4901\">\n<p class=\"\" data-start=\"4670\" data-end=\"4901\"><strong data-start=\"4670\" data-end=\"4715\">\u00c7ocuklar\u0131n E\u011fitimde Ba\u015far\u0131lar\u0131n\u0131 Art\u0131rma:<\/strong> E\u011fitim, disleksiye sahip \u00e7ocuklar\u0131n okulda daha ba\u015far\u0131l\u0131 olmalar\u0131n\u0131 sa\u011flayacak destekleyici m\u00fcdahaleler sunar. Okul hayat\u0131nda kar\u015f\u0131la\u015ft\u0131klar\u0131 zorluklarla ba\u015fa \u00e7\u0131kmalar\u0131n\u0131 kolayla\u015ft\u0131r\u0131r.<\/p>\n<\/li>\n<li class=\"\" data-start=\"4902\" data-end=\"5081\">\n<p class=\"\" data-start=\"4904\" data-end=\"5081\"><strong data-start=\"4904\" data-end=\"4942\">Duygusal Destek ve \u00d6zg\u00fcven Art\u0131\u015f\u0131:<\/strong> Bu e\u011fitim, disleksiye sahip bireylerin duygusal zorluklar\u0131n\u0131 a\u015fmalar\u0131na yard\u0131mc\u0131 olacak bili\u015fsel davran\u0131\u015f\u00e7\u0131 terapi tekniklerini de i\u00e7erir.<\/p>\n<\/li>\n<li class=\"\" data-start=\"5082\" data-end=\"5226\">\n<p class=\"\" data-start=\"5084\" data-end=\"5226\"><strong data-start=\"5084\" data-end=\"5120\">Aile ve E\u011fitim Ortam\u0131nda Destek:<\/strong> Disleksiye sahip \u00e7ocuklar\u0131n e\u011fitiminde ailelerin rol\u00fcn\u00fc \u00f6n planda tutarak, ailelere y\u00f6nelik destek sunar.<\/p>\n<\/li>\n<li class=\"\" data-start=\"5227\" data-end=\"5404\">\n<p class=\"\" data-start=\"5229\" data-end=\"5404\"><strong data-start=\"5229\" data-end=\"5257\">\u0130zleme ve De\u011ferlendirme:<\/strong> Disleksiye y\u00f6nelik m\u00fcdahalelerin etkinli\u011fini izleme, geli\u015fim s\u00fcre\u00e7lerini takip etme ve ba\u015far\u0131l\u0131 bir e\u011fitim plan\u0131 olu\u015fturma konusunda bilgi sa\u011flar.<\/p>\n<\/li>\n<\/ul>\n<hr class=\"\" data-start=\"5406\" data-end=\"5409\" \/>\n<h3 class=\"\" data-start=\"5411\" data-end=\"5459\"><strong data-start=\"5415\" data-end=\"5459\">Disleksiye Kar\u015f\u0131 G\u00fc\u00e7l\u00fc Bir E\u011fitim Verin!<\/strong><\/h3>\n<p class=\"\" data-start=\"5461\" data-end=\"5762\"><strong data-start=\"5461\" data-end=\"5492\">Disleksi E\u011fitmenlik E\u011fitimi<\/strong>, disleksiye sahip bireylerin okuma, yazma ve dil becerilerini geli\u015ftirmelerine yard\u0131mc\u0131 olacak kapsaml\u0131 bir e\u011fitim sunar. Bu e\u011fitim, \u00f6\u011frencilerin \u00f6zg\u00fcven kazanmalar\u0131n\u0131, akademik ba\u015far\u0131lar\u0131n\u0131 artt\u0131rmalar\u0131n\u0131 ve \u00f6\u011frenme s\u00fcre\u00e7lerini daha sa\u011fl\u0131kl\u0131 hale getirmelerini sa\u011flar.<\/p>\n<p class=\"\" data-start=\"5764\" data-end=\"5879\"><strong data-start=\"5764\" data-end=\"5879\">Disleksiye sahip \u00e7ocuklara y\u00f6nelik do\u011fru m\u00fcdahalelerle, onlar\u0131n potansiyellerini en iyi \u015fekilde ortaya \u00e7\u0131kar\u0131n!<\/strong><\/p>\n","protected":false},"excerpt":{"rendered":"<p>Disleksi E\u011fitmenlik E\u011fitimi ile Okuma Yazma G\u00fc\u00e7l\u00fcklerini A\u015f\u0131n Disleksi, okuma, yazma ve heceleme gibi dil becerilerinde zorluklar ya\u015fayan bireylerde s\u0131k\u00e7a g\u00f6r\u00fclen bir \u00f6\u011frenme bozuklu\u011fudur. Bu bozukluk, zek\u00e2 d\u00fczeyinden ba\u011f\u0131ms\u0131z olarak, [&hellip;]<\/p>\n","protected":false},"featured_media":3666,"comment_status":"open","ping_status":"closed","template":"","meta":{"_acf_changed":false,"_monsterinsights_skip_tracking":false,"_monsterinsights_sitenote_active":false,"_monsterinsights_sitenote_note":"","_monsterinsights_sitenote_category":0},"product_brand":[],"product_cat":[57],"product_tag":[],"class_list":{"0":"post-3765","1":"product","2":"type-product","3":"status-publish","4":"has-post-thumbnail","6":"product_cat-uncategorized-tr","8":"first","9":"instock","10":"sale","11":"virtual","12":"taxable","13":"purchasable","14":"product-type-simple"},"acf":[],"aioseo_notices":[],"_links":{"self":[{"href":"https:\/\/www.arsakademia.com\/en\/wp-json\/wp\/v2\/product\/3765","targetHints":{"allow":["GET"]}}],"collection":[{"href":"https:\/\/www.arsakademia.com\/en\/wp-json\/wp\/v2\/product"}],"about":[{"href":"https:\/\/www.arsakademia.com\/en\/wp-json\/wp\/v2\/types\/product"}],"replies":[{"embeddable":true,"href":"https:\/\/www.arsakademia.com\/en\/wp-json\/wp\/v2\/comments?post=3765"}],"wp:featuredmedia":[{"embeddable":true,"href":"https:\/\/www.arsakademia.com\/en\/wp-json\/wp\/v2\/media\/3666"}],"wp:attachment":[{"href":"https:\/\/www.arsakademia.com\/en\/wp-json\/wp\/v2\/media?parent=3765"}],"wp:term":[{"taxonomy":"product_brand","embeddable":true,"href":"https:\/\/www.arsakademia.com\/en\/wp-json\/wp\/v2\/product_brand?post=3765"},{"taxonomy":"product_cat","embeddable":true,"href":"https:\/\/www.arsakademia.com\/en\/wp-json\/wp\/v2\/product_cat?post=3765"},{"taxonomy":"product_tag","embeddable":true,"href":"https:\/\/www.arsakademia.com\/en\/wp-json\/wp\/v2\/product_tag?post=3765"}],"curies":[{"name":"wp","href":"https:\/\/api.w.org\/{rel}","templated":true}]}}