{"id":3756,"date":"2025-04-08T14:42:15","date_gmt":"2025-04-08T11:42:15","guid":{"rendered":"https:\/\/www.arsakademia.com\/?post_type=product&#038;p=3756"},"modified":"2025-04-08T14:42:18","modified_gmt":"2025-04-08T11:42:18","slug":"dikkat-eksikligi-ve-hiperaktivite-egitimi","status":"publish","type":"product","link":"https:\/\/www.arsakademia.com\/en\/product\/dikkat-eksikligi-ve-hiperaktivite-egitimi\/","title":{"rendered":"Dikkat Eksikli\u011fi ve Hiperaktivite E\u011fitimi"},"content":{"rendered":"<h3 class=\"\" data-start=\"103\" data-end=\"188\"><strong data-start=\"107\" data-end=\"188\">Dikkat Eksikli\u011fi ve Hiperaktivite E\u011fitimi ile \u00c7ocuklar\u0131n Geli\u015fimine Y\u00f6n Verin<\/strong><\/h3>\n<p class=\"\" data-start=\"190\" data-end=\"619\">Dikkat eksikli\u011fi ve hiperaktivite, \u00e7ocuklar ve ergenler aras\u0131nda s\u0131kl\u0131kla g\u00f6r\u00fclen n\u00f6rolojik bir durumdur ve bu durum, bireylerin okul ba\u015far\u0131s\u0131n\u0131, sosyal ili\u015fkilerini ve genel ya\u015fam kalitesini etkileyebilir. <strong data-start=\"397\" data-end=\"442\">Dikkat Eksikli\u011fi ve Hiperaktivite E\u011fitimi<\/strong>, bu alanda \u00e7al\u0131\u015fan profesyonellere, \u00e7ocuklar\u0131n geli\u015fim s\u00fcre\u00e7lerini daha iyi anlamalar\u0131na ve etkili m\u00fcdahaleler geli\u015ftirmelerine yard\u0131mc\u0131 olacak kapsaml\u0131 bir e\u011fitim program\u0131d\u0131r.<\/p>\n<p class=\"\" data-start=\"621\" data-end=\"939\">Bu e\u011fitim, \u00f6\u011fretmenlere, psikologlara, pedagoglara ve ebeveynlere, dikkat eksikli\u011fi ve hiperaktivite bozuklu\u011fu (DEHB) olan \u00e7ocuklarla \u00e7al\u0131\u015f\u0131rken kullanabilecekleri bilimsel temelli y\u00f6ntemler sunar. E\u011fitimin amac\u0131, bu \u00e7ocuklar\u0131n sosyal, duygusal ve akademik geli\u015fimlerini desteklemek ve onlar\u0131 daha iyi anlayabilmektir.<\/p>\n<hr class=\"\" data-start=\"941\" data-end=\"944\" \/>\n<h3 class=\"\" data-start=\"946\" data-end=\"969\"><strong data-start=\"950\" data-end=\"969\">E\u011fitim \u0130\u00e7eri\u011fi:<\/strong><\/h3>\n<ul data-start=\"970\" data-end=\"3001\">\n<li class=\"\" data-start=\"970\" data-end=\"1136\">\n<p class=\"\" data-start=\"972\" data-end=\"1136\"><strong data-start=\"972\" data-end=\"1033\">Dikkat Eksikli\u011fi ve Hiperaktivite Bozuklu\u011fu (DEHB) Nedir?<\/strong>: DEHB\u2019nin tan\u0131m\u0131, belirtileri, nedenleri ve farkl\u0131 ya\u015f gruplar\u0131ndaki etkileri hakk\u0131nda kapsaml\u0131 bilgi.<\/p>\n<\/li>\n<li class=\"\" data-start=\"1137\" data-end=\"1299\">\n<p class=\"\" data-start=\"1139\" data-end=\"1299\"><strong data-start=\"1139\" data-end=\"1175\">DEHB\u2019nin T\u00fcrleri ve Belirtileri:<\/strong> Dikkat eksikli\u011fi, hiperaktivite ve d\u00fcrt\u00fcsellik gibi DEHB\u2019nin farkl\u0131 belirtileri ile bu belirtileri tan\u0131mlama ve ay\u0131rt etme.<\/p>\n<\/li>\n<li class=\"\" data-start=\"1300\" data-end=\"1469\">\n<p class=\"\" data-start=\"1302\" data-end=\"1469\"><strong data-start=\"1302\" data-end=\"1339\">DEHB\u2019nin N\u00f6robiyolojik Temelleri:<\/strong> Dikkat eksikli\u011fi ve hiperaktivitenin beyindeki n\u00f6robiyolojik s\u00fcre\u00e7lerle olan ili\u015fkisi. Bu durumun biyolojik ve genetik nedenleri.<\/p>\n<\/li>\n<li class=\"\" data-start=\"1470\" data-end=\"1591\">\n<p class=\"\" data-start=\"1472\" data-end=\"1591\"><strong data-start=\"1472\" data-end=\"1499\">Erken Tan\u0131 ve M\u00fcdahale:<\/strong> DEHB\u2019nin erken belirtilerini fark etme, tan\u0131 s\u00fcreci ve do\u011fru m\u00fcdahale y\u00f6ntemlerini \u00f6\u011frenme.<\/p>\n<\/li>\n<li class=\"\" data-start=\"1592\" data-end=\"1766\">\n<p class=\"\" data-start=\"1594\" data-end=\"1766\"><strong data-start=\"1594\" data-end=\"1630\">Davran\u0131\u015fsal M\u00fcdahale Teknikleri:<\/strong> DEHB\u2019li \u00e7ocuklarda dikkat artt\u0131rma ve davran\u0131\u015f kontrol\u00fcn\u00fc sa\u011flama teknikleri. Davran\u0131\u015fsal modifikasyon ve olumlu peki\u015ftirme y\u00f6ntemleri.<\/p>\n<\/li>\n<li class=\"\" data-start=\"1767\" data-end=\"1937\">\n<p class=\"\" data-start=\"1769\" data-end=\"1937\"><strong data-start=\"1769\" data-end=\"1814\">Bili\u015fsel Davran\u0131\u015f\u00e7\u0131 Terapi (CBT) ve DEHB:<\/strong> Bili\u015fsel davran\u0131\u015f\u00e7\u0131 terapinin DEHB\u2019li \u00e7ocuklar i\u00e7in nas\u0131l etkili bir tedavi y\u00f6ntemi olabilece\u011fi ve bu y\u00f6ntemin uygulan\u0131\u015f\u0131.<\/p>\n<\/li>\n<li class=\"\" data-start=\"1938\" data-end=\"2177\">\n<p class=\"\" data-start=\"1940\" data-end=\"2177\"><strong data-start=\"1940\" data-end=\"1987\">DEHB\u2019nin Akademik Ba\u015far\u0131 \u00dczerindeki Etkisi:<\/strong> Okulda dikkat eksikli\u011fi ve hiperaktivite nedeniyle ortaya \u00e7\u0131kan sorunlar ve bu sorunlarla ba\u015fa \u00e7\u0131kma yollar\u0131. \u00c7ocuklar\u0131n \u00f6\u011frenme s\u00fcre\u00e7lerinde kar\u015f\u0131la\u015ft\u0131\u011f\u0131 zorluklar\u0131 a\u015fmak i\u00e7in stratejiler.<\/p>\n<\/li>\n<li class=\"\" data-start=\"2178\" data-end=\"2367\">\n<p class=\"\" data-start=\"2180\" data-end=\"2367\"><strong data-start=\"2180\" data-end=\"2209\">Sosyal Beceriler ve DEHB:<\/strong> DEHB\u2019li \u00e7ocuklar\u0131n sosyal becerilerini geli\u015ftirmeleri i\u00e7in kullan\u0131labilecek y\u00f6ntemler. Arkada\u015fl\u0131k ili\u015fkileri ve grup \u00e7al\u0131\u015fmalar\u0131ndaki zorluklarla ba\u015fa \u00e7\u0131kma.<\/p>\n<\/li>\n<li class=\"\" data-start=\"2368\" data-end=\"2535\">\n<p class=\"\" data-start=\"2370\" data-end=\"2535\"><strong data-start=\"2370\" data-end=\"2408\">Ailelere Y\u00f6nelik Destek ve E\u011fitim:<\/strong> Ebeveynlere y\u00f6nelik rehberlik, DEHB\u2019li \u00e7ocuklarla sa\u011fl\u0131kl\u0131 bir ileti\u015fim kurma ve aile i\u00e7inde destekleyici bir ortam olu\u015fturma.<\/p>\n<\/li>\n<li class=\"\" data-start=\"2536\" data-end=\"2700\">\n<p class=\"\" data-start=\"2538\" data-end=\"2700\"><strong data-start=\"2538\" data-end=\"2564\">S\u0131n\u0131f \u0130\u00e7i Stratejiler:<\/strong> Okul ortam\u0131nda DEHB\u2019li \u00e7ocuklarla daha verimli \u00e7al\u0131\u015fabilmek i\u00e7in \u00f6\u011fretmenlere y\u00f6nelik s\u0131n\u0131f i\u00e7i stratejiler ve uyum sa\u011flama y\u00f6ntemleri.<\/p>\n<\/li>\n<li class=\"\" data-start=\"2701\" data-end=\"2828\">\n<p class=\"\" data-start=\"2703\" data-end=\"2828\"><strong data-start=\"2703\" data-end=\"2729\">\u0130la\u00e7 Tedavisi ve DEHB:<\/strong> DEHB\u2019li \u00e7ocuklar i\u00e7in kullan\u0131lan ila\u00e7 tedavileri ve ila\u00e7lar\u0131n yan etkileri hakk\u0131nda bilgilendirme.<\/p>\n<\/li>\n<li class=\"\" data-start=\"2829\" data-end=\"3001\">\n<p class=\"\" data-start=\"2831\" data-end=\"3001\"><strong data-start=\"2831\" data-end=\"2861\">DEHB ve Duygusal Sorunlar:<\/strong> Dikkat eksikli\u011fi ve hiperaktivite bozuklu\u011fu olan \u00e7ocuklarda g\u00f6r\u00fclen duygusal problemler, kayg\u0131, depresyon ve stresle ba\u015fa \u00e7\u0131kma y\u00f6ntemleri.<\/p>\n<\/li>\n<\/ul>\n<hr class=\"\" data-start=\"3003\" data-end=\"3006\" \/>\n<h3 class=\"\" data-start=\"3008\" data-end=\"3033\"><strong data-start=\"3012\" data-end=\"3033\">Kimler Kat\u0131lmal\u0131?<\/strong><\/h3>\n<ul data-start=\"3034\" data-end=\"3916\">\n<li class=\"\" data-start=\"3034\" data-end=\"3213\">\n<p class=\"\" data-start=\"3036\" data-end=\"3213\"><strong data-start=\"3036\" data-end=\"3067\">\u00d6\u011fretmenler ve E\u011fitimciler:<\/strong> DEHB\u2019li \u00e7ocuklarla s\u0131n\u0131f i\u00e7inde etkili bir \u015fekilde \u00e7al\u0131\u015fmak ve bu \u00e7ocuklar\u0131n akademik ve sosyal geli\u015fimlerine yard\u0131mc\u0131 olmak isteyen \u00f6\u011fretmenler.<\/p>\n<\/li>\n<li class=\"\" data-start=\"3214\" data-end=\"3364\">\n<p class=\"\" data-start=\"3216\" data-end=\"3364\"><strong data-start=\"3216\" data-end=\"3251\">Psikologlar ve Psikiyatristler:<\/strong> Dikkat eksikli\u011fi ve hiperaktivite bozuklu\u011fuyla ilgili terapi ve m\u00fcdahale y\u00f6ntemlerini \u00f6\u011frenmek isteyen uzmanlar.<\/p>\n<\/li>\n<li class=\"\" data-start=\"3365\" data-end=\"3525\">\n<p class=\"\" data-start=\"3367\" data-end=\"3525\"><strong data-start=\"3367\" data-end=\"3410\">Pedagoglar ve \u00c7ocuk Geli\u015fimi Uzmanlar\u0131:<\/strong> \u00c7ocuklar\u0131n geli\u015fim s\u00fcre\u00e7lerinde DEHB ile kar\u015f\u0131la\u015fan bireyler i\u00e7in do\u011fru m\u00fcdahaleleri geli\u015ftirmek isteyen uzmanlar.<\/p>\n<\/li>\n<li class=\"\" data-start=\"3526\" data-end=\"3680\">\n<p class=\"\" data-start=\"3528\" data-end=\"3680\"><strong data-start=\"3528\" data-end=\"3554\">Aileler ve Ebeveynler:<\/strong> \u00c7ocuklar\u0131nda DEHB bulunan ebeveynler, \u00e7ocuklar\u0131na y\u00f6nelik etkili y\u00f6ntemler ve ileti\u015fim stratejileri \u00f6\u011frenmek isteyen aileler.<\/p>\n<\/li>\n<li class=\"\" data-start=\"3681\" data-end=\"3793\">\n<p class=\"\" data-start=\"3683\" data-end=\"3793\"><strong data-start=\"3683\" data-end=\"3709\">\u00d6zel E\u011fitim Uzmanlar\u0131:<\/strong> DEHB\u2019li \u00e7ocuklara y\u00f6nelik \u00f6zel e\u011fitim tekniklerini \u00f6\u011frenmek isteyen profesyoneller.<\/p>\n<\/li>\n<li class=\"\" data-start=\"3794\" data-end=\"3916\">\n<p class=\"\" data-start=\"3796\" data-end=\"3916\"><strong data-start=\"3796\" data-end=\"3856\">Rehberlik ve Psikolojik Dan\u0131\u015fmanl\u0131k Alan\u0131nda \u00c7al\u0131\u015fanlar:<\/strong> DEHB\u2019li bireylerle ilgili dan\u0131\u015fmanl\u0131k yapan profesyoneller.<\/p>\n<\/li>\n<\/ul>\n<hr class=\"\" data-start=\"3918\" data-end=\"3921\" \/>\n<h3 class=\"\" data-start=\"3923\" data-end=\"3979\"><strong data-start=\"3927\" data-end=\"3979\">Neden Dikkat Eksikli\u011fi ve Hiperaktivite E\u011fitimi?<\/strong><\/h3>\n<ul data-start=\"3980\" data-end=\"5210\">\n<li class=\"\" data-start=\"3980\" data-end=\"4235\">\n<p class=\"\" data-start=\"3982\" data-end=\"4235\"><strong data-start=\"3982\" data-end=\"4009\">Erken Tan\u0131 ve M\u00fcdahale:<\/strong> DEHB\u2019nin erken d\u00f6nemde tan\u0131mlanmas\u0131, \u00e7ocuklar\u0131n okul ba\u015far\u0131s\u0131 ve sosyal geli\u015fimleri a\u00e7\u0131s\u0131ndan kritik \u00f6neme sahiptir. Bu e\u011fitim, erken m\u00fcdahale teknikleri ile \u00e7ocuklar\u0131n potansiyellerini en iyi \u015fekilde geli\u015ftirmelerini sa\u011flar.<\/p>\n<\/li>\n<li class=\"\" data-start=\"4236\" data-end=\"4432\">\n<p class=\"\" data-start=\"4238\" data-end=\"4432\"><strong data-start=\"4238\" data-end=\"4278\">Bili\u015fsel ve Davran\u0131\u015fsal Yakla\u015f\u0131mlar:<\/strong> E\u011fitimin sonunda, DEHB\u2019li \u00e7ocuklar\u0131n geli\u015fimine yard\u0131mc\u0131 olabilecek bili\u015fsel davran\u0131\u015f\u00e7\u0131 terapi (CBT) ve davran\u0131\u015fsal m\u00fcdahale stratejilerini \u00f6\u011frenirsiniz.<\/p>\n<\/li>\n<li class=\"\" data-start=\"4433\" data-end=\"4648\">\n<p class=\"\" data-start=\"4435\" data-end=\"4648\"><strong data-start=\"4435\" data-end=\"4469\">Okul ve Sosyal Hayatta Ba\u015far\u0131:<\/strong> DEHB\u2019li \u00e7ocuklar\u0131n okulda kar\u015f\u0131la\u015ft\u0131klar\u0131 zorluklarla ba\u015fa \u00e7\u0131kmalar\u0131na yard\u0131mc\u0131 olacak stratejiler kazan\u0131r ve sosyal becerilerini geli\u015ftirmelerine y\u00f6nelik y\u00f6ntemler \u00f6\u011frenirsiniz.<\/p>\n<\/li>\n<li class=\"\" data-start=\"4649\" data-end=\"4814\">\n<p class=\"\" data-start=\"4651\" data-end=\"4814\"><strong data-start=\"4651\" data-end=\"4678\">Aile Deste\u011fi ve E\u011fitim:<\/strong> Ebeveynlerin, DEHB\u2019li \u00e7ocuklar\u0131yla nas\u0131l daha etkili ileti\u015fim kuracaklar\u0131n\u0131 ve evde nas\u0131l destek olabileceklerini \u00f6\u011frenmelerini sa\u011flar.<\/p>\n<\/li>\n<li class=\"\" data-start=\"4815\" data-end=\"4982\">\n<p class=\"\" data-start=\"4817\" data-end=\"4982\"><strong data-start=\"4817\" data-end=\"4852\">Uygulamal\u0131 M\u00fcdahale Y\u00f6ntemleri:<\/strong> DEHB\u2019li \u00e7ocuklarla \u00e7al\u0131\u015f\u0131rken kullanabilece\u011finiz pratik m\u00fcdahale y\u00f6ntemlerini \u00f6\u011frenir ve bu y\u00f6ntemleri uygulamaya koyabilirsiniz.<\/p>\n<\/li>\n<li class=\"\" data-start=\"4983\" data-end=\"5207\">\n<p class=\"\" data-start=\"4985\" data-end=\"5207\"><strong data-start=\"4985\" data-end=\"5016\">Akademik ve Sosyal Geli\u015fim:<\/strong> Dikkat eksikli\u011fi ve hiperaktivite, \u00e7ocuklar\u0131n akademik ba\u015far\u0131lar\u0131n\u0131 ve sosyal ili\u015fkilerini etkileyebilir. Bu e\u011fitimle, bu \u00e7ocuklar\u0131n ba\u015far\u0131l\u0131 olmalar\u0131 i\u00e7in gerekli deste\u011fi sa\u011flayabilirsiniz.<\/p>\n<\/li>\n<\/ul>\n<hr class=\"\" data-start=\"5211\" data-end=\"5214\" \/>\n<h3 class=\"\" data-start=\"5216\" data-end=\"5268\"><strong data-start=\"5220\" data-end=\"5268\">\u00c7ocuklar \u0130\u00e7in Etkili M\u00fcdahaleler Geli\u015ftirin!<\/strong><\/h3>\n<p class=\"\" data-start=\"5270\" data-end=\"5601\"><strong data-start=\"5270\" data-end=\"5315\">Dikkat Eksikli\u011fi ve Hiperaktivite E\u011fitimi<\/strong>, DEHB\u2019li \u00e7ocuklarla \u00e7al\u0131\u015fan profesyonellere, \u00e7ocuklar\u0131n geli\u015fim s\u00fcre\u00e7lerine y\u00f6nelik etkili ve bilimsel temelli m\u00fcdahale y\u00f6ntemlerini sunar. Bu e\u011fitim, \u00e7ocuklar\u0131n ya\u015fam kalitelerini iyile\u015ftirmek, okul ve sosyal hayatlar\u0131nda daha ba\u015far\u0131l\u0131 olmalar\u0131n\u0131 sa\u011flamak amac\u0131yla \u00f6nemli bir ad\u0131md\u0131r.<\/p>\n<p class=\"\" data-start=\"5603\" data-end=\"5708\"><strong data-start=\"5603\" data-end=\"5708\">DEHB ile ilgili do\u011fru bilgi ve m\u00fcdahalelerle, \u00e7ocuklar\u0131n potansiyelini en iyi \u015fekilde ortaya \u00e7\u0131kar\u0131n!<\/strong><\/p>\n","protected":false},"excerpt":{"rendered":"<p>Dikkat Eksikli\u011fi ve Hiperaktivite E\u011fitimi ile \u00c7ocuklar\u0131n Geli\u015fimine Y\u00f6n Verin Dikkat eksikli\u011fi ve hiperaktivite, \u00e7ocuklar ve ergenler aras\u0131nda s\u0131kl\u0131kla g\u00f6r\u00fclen n\u00f6rolojik bir durumdur ve bu durum, bireylerin okul ba\u015far\u0131s\u0131n\u0131, sosyal [&hellip;]<\/p>\n","protected":false},"featured_media":0,"comment_status":"open","ping_status":"closed","template":"","meta":{"_acf_changed":false,"_monsterinsights_skip_tracking":false,"_monsterinsights_sitenote_active":false,"_monsterinsights_sitenote_note":"","_monsterinsights_sitenote_category":0},"product_brand":[],"product_cat":[57],"product_tag":[],"class_list":{"0":"post-3756","1":"product","2":"type-product","3":"status-publish","5":"product_cat-uncategorized-tr","7":"first","8":"instock","9":"sale","10":"virtual","11":"taxable","12":"purchasable","13":"product-type-simple"},"acf":[],"aioseo_notices":[],"_links":{"self":[{"href":"https:\/\/www.arsakademia.com\/en\/wp-json\/wp\/v2\/product\/3756","targetHints":{"allow":["GET"]}}],"collection":[{"href":"https:\/\/www.arsakademia.com\/en\/wp-json\/wp\/v2\/product"}],"about":[{"href":"https:\/\/www.arsakademia.com\/en\/wp-json\/wp\/v2\/types\/product"}],"replies":[{"embeddable":true,"href":"https:\/\/www.arsakademia.com\/en\/wp-json\/wp\/v2\/comments?post=3756"}],"wp:attachment":[{"href":"https:\/\/www.arsakademia.com\/en\/wp-json\/wp\/v2\/media?parent=3756"}],"wp:term":[{"taxonomy":"product_brand","embeddable":true,"href":"https:\/\/www.arsakademia.com\/en\/wp-json\/wp\/v2\/product_brand?post=3756"},{"taxonomy":"product_cat","embeddable":true,"href":"https:\/\/www.arsakademia.com\/en\/wp-json\/wp\/v2\/product_cat?post=3756"},{"taxonomy":"product_tag","embeddable":true,"href":"https:\/\/www.arsakademia.com\/en\/wp-json\/wp\/v2\/product_tag?post=3756"}],"curies":[{"name":"wp","href":"https:\/\/api.w.org\/{rel}","templated":true}]}}