{"id":3721,"date":"2025-04-08T14:13:34","date_gmt":"2025-04-08T11:13:34","guid":{"rendered":"https:\/\/www.arsakademia.com\/?post_type=product&#038;p=3721"},"modified":"2025-04-08T14:13:34","modified_gmt":"2025-04-08T11:13:34","slug":"adlerian-oyun-terapisi-egitimi","status":"publish","type":"product","link":"https:\/\/www.arsakademia.com\/en\/product\/adlerian-oyun-terapisi-egitimi\/","title":{"rendered":"Adlerian Oyun Terapisi E\u011fitimi"},"content":{"rendered":"<h3 class=\"\" data-start=\"92\" data-end=\"192\"><strong data-start=\"96\" data-end=\"192\">Adlerian Oyun Terapisi E\u011fitimi ile \u00c7ocuklar\u0131n Duygusal ve Davran\u0131\u015fsal Geli\u015fimine Destek Olun<\/strong><\/h3>\n<p class=\"\" data-start=\"194\" data-end=\"721\"><strong data-start=\"194\" data-end=\"220\">Adlerian Oyun Terapisi<\/strong>, \u00e7ocu\u011fun bireysel ihtiya\u00e7lar\u0131n\u0131, sosyal ba\u011flar\u0131n\u0131 ve toplumsal uyumunu anlamaya odaklanan, g\u00fc\u00e7l\u00fc bir psikoterapi y\u00f6ntemidir. Alfred Adler\u2019in bireysel psikoloji teorilerine dayanan bu oyun terapisi, \u00e7ocuklar\u0131n i\u00e7sel d\u00fcnyalar\u0131n\u0131 ke\u015ffetmelerine, duygusal sorunlarla ba\u015fa \u00e7\u0131kmalar\u0131na ve olumlu davran\u0131\u015f de\u011fi\u015fiklikleri geli\u015ftirmelerine yard\u0131mc\u0131 olur. <strong data-start=\"567\" data-end=\"601\">Adlerian Oyun Terapisi E\u011fitimi<\/strong>, terapistlere \u00e7ocuklarla \u00e7al\u0131\u015f\u0131rken, onlar\u0131n duygusal ve psikolojik geli\u015fimlerini destekleyecek etkili teknikler sunar.<\/p>\n<p class=\"\" data-start=\"723\" data-end=\"1044\">Bu e\u011fitim, \u00e7ocuklar\u0131n oyun arac\u0131l\u0131\u011f\u0131yla kendilerini ifade etmelerini ve sorunlar\u0131 \u00e7\u00f6zmelerini te\u015fvik eden Adlerian yakla\u015f\u0131m\u0131n\u0131 kullanmay\u0131 \u00f6\u011fretir. Oyun terapisi, \u00e7ocuklar\u0131n oyun yoluyla gizledikleri duygusal ve psikolojik engelleri g\u00fcn y\u00fcz\u00fcne \u00e7\u0131kar\u0131r ve terapistlerin bu engelleri do\u011fru \u015fekilde anlamalar\u0131na olanak tan\u0131r.<\/p>\n<hr class=\"\" data-start=\"1046\" data-end=\"1049\" \/>\n<h3 class=\"\" data-start=\"1051\" data-end=\"1074\"><strong data-start=\"1055\" data-end=\"1074\">E\u011fitim \u0130\u00e7eri\u011fi:<\/strong><\/h3>\n<ul data-start=\"1075\" data-end=\"2612\">\n<li class=\"\" data-start=\"1075\" data-end=\"1296\">\n<p class=\"\" data-start=\"1077\" data-end=\"1296\"><strong data-start=\"1077\" data-end=\"1115\">Adlerian Psikolojisinin Temelleri:<\/strong> Alfred Adler\u2019in bireysel psikoloji teorileri ve Adlerian oyun terapisi yakla\u015f\u0131m\u0131n\u0131n temelleri. \u00c7ocu\u011fun sosyal ba\u011flar\u0131, aidiyet ve \u00f6zg\u00fcvenin oyun terapisi ile nas\u0131l geli\u015ftirilece\u011fi.<\/p>\n<\/li>\n<li class=\"\" data-start=\"1297\" data-end=\"1503\">\n<p class=\"\" data-start=\"1299\" data-end=\"1503\"><strong data-start=\"1299\" data-end=\"1336\">Oyun Terapisi ve \u00c7ocu\u011fun \u0130fadesi:<\/strong> \u00c7ocuklar\u0131n duygusal d\u00fcnyalar\u0131n\u0131 ke\u015ffetmek i\u00e7in oyun terapisi nas\u0131l kullan\u0131labilir? \u00c7ocuklar\u0131n oyun yoluyla i\u00e7sel duygusal \u00e7at\u0131\u015fmalar\u0131n\u0131 ve d\u00fc\u015f\u00fcncelerini d\u0131\u015fa vurmas\u0131.<\/p>\n<\/li>\n<li class=\"\" data-start=\"1504\" data-end=\"1716\">\n<p class=\"\" data-start=\"1506\" data-end=\"1716\"><strong data-start=\"1506\" data-end=\"1549\">Adlerian Yakla\u015f\u0131m\u0131nda Aile Dinamikleri:<\/strong> Aile \u00fcyelerinin \u00e7ocukla ili\u015fkisini ve aile i\u00e7indeki rollerin \u00e7ocu\u011fun davran\u0131\u015flar\u0131n\u0131 nas\u0131l etkiledi\u011fini anlamak. Aile terapisi ve oyun terapisi aras\u0131ndaki ba\u011flant\u0131lar.<\/p>\n<\/li>\n<li class=\"\" data-start=\"1717\" data-end=\"1917\">\n<p class=\"\" data-start=\"1719\" data-end=\"1917\"><strong data-start=\"1719\" data-end=\"1770\">Davran\u0131\u015fsal ve Duygusal Zorluklarla Ba\u015fa \u00c7\u0131kma:<\/strong> \u00c7ocuklarda g\u00f6r\u00fclen kayg\u0131, \u00f6fke, d\u00fc\u015f\u00fck benlik sayg\u0131s\u0131 ve di\u011fer duygusal sorunlarla ba\u015fa \u00e7\u0131kmak i\u00e7in Adlerian oyun terapisi tekniklerinin kullan\u0131m\u0131.<\/p>\n<\/li>\n<li class=\"\" data-start=\"1918\" data-end=\"2079\">\n<p class=\"\" data-start=\"1920\" data-end=\"2079\"><strong data-start=\"1920\" data-end=\"1957\">Ki\u015fisel G\u00fc\u00e7lendirici Yakla\u015f\u0131mlar:<\/strong> \u00c7ocuklar\u0131n \u00f6zg\u00fcvenlerini art\u0131rmak ve sosyal becerilerini geli\u015ftirmek i\u00e7in oyun terapisi y\u00f6ntemlerinin nas\u0131l uygulanaca\u011f\u0131.<\/p>\n<\/li>\n<li class=\"\" data-start=\"2080\" data-end=\"2241\">\n<p class=\"\" data-start=\"2082\" data-end=\"2241\"><strong data-start=\"2082\" data-end=\"2123\">Oyun Terapisinde G\u00fc\u00e7l\u00fc Aile Kat\u0131l\u0131m\u0131:<\/strong> Aile \u00fcyelerinin terapi s\u00fcrecine dahil edilmesi ve oyun terapisi arac\u0131l\u0131\u011f\u0131yla aile i\u00e7i etkile\u015fimlerin g\u00fc\u00e7lendirilmesi.<\/p>\n<\/li>\n<li class=\"\" data-start=\"2242\" data-end=\"2447\">\n<p class=\"\" data-start=\"2244\" data-end=\"2447\"><strong data-start=\"2244\" data-end=\"2289\">Uygulamal\u0131 \u00c7al\u0131\u015fmalar ve Vaka Analizleri:<\/strong> Adlerian oyun terapisi y\u00f6ntemlerinin ger\u00e7ek vaka \u00f6rnekleri ile uygulanmas\u0131. Oyun terapisi s\u00fcrecinde \u00e7ocuklarla yap\u0131lan bireysel ve grup seanslar\u0131n\u0131n prati\u011fi.<\/p>\n<\/li>\n<li class=\"\" data-start=\"2448\" data-end=\"2612\">\n<p class=\"\" data-start=\"2450\" data-end=\"2612\"><strong data-start=\"2450\" data-end=\"2493\">Bireysel ve Grup Terapisi Uygulamalar\u0131:<\/strong> Adlerian oyun terapisi ile bireysel ve grup terapileri aras\u0131ndaki farklar ve her birinin \u00e7ocuklar\u0131n geli\u015fimine etkisi.<\/p>\n<\/li>\n<\/ul>\n<hr class=\"\" data-start=\"2614\" data-end=\"2617\" \/>\n<h3 class=\"\" data-start=\"2619\" data-end=\"2644\"><strong data-start=\"2623\" data-end=\"2644\">Kimler Kat\u0131lmal\u0131?<\/strong><\/h3>\n<ul data-start=\"2645\" data-end=\"3444\">\n<li class=\"\" data-start=\"2645\" data-end=\"2778\">\n<p class=\"\" data-start=\"2647\" data-end=\"2778\"><strong data-start=\"2647\" data-end=\"2682\">Psikologlar ve Psikiyatristler:<\/strong> \u00c7ocuklar\u0131n duygusal sorunlar\u0131n\u0131 anlamak ve oyun yoluyla terapi sa\u011flamak isteyen profesyoneller.<\/p>\n<\/li>\n<li class=\"\" data-start=\"2779\" data-end=\"2906\">\n<p class=\"\" data-start=\"2781\" data-end=\"2906\"><strong data-start=\"2781\" data-end=\"2803\">Aile Terapistleri:<\/strong> Aile i\u00e7indeki dinamikleri g\u00fc\u00e7lendirmek ve \u00e7ocuklar\u0131n geli\u015fimini desteklemek isteyen aile terapistleri.<\/p>\n<\/li>\n<li class=\"\" data-start=\"2907\" data-end=\"3083\">\n<p class=\"\" data-start=\"2909\" data-end=\"3083\"><strong data-start=\"2909\" data-end=\"2952\">\u00c7ocuk Geli\u015fimi Uzmanlar\u0131 ve Pedagoglar:<\/strong> \u00c7ocuklar\u0131n geli\u015fim s\u00fcre\u00e7lerini daha iyi anlamak ve onlar\u0131n sosyal, duygusal ve bili\u015fsel becerilerini desteklemek isteyen uzmanlar.<\/p>\n<\/li>\n<li class=\"\" data-start=\"3084\" data-end=\"3239\">\n<p class=\"\" data-start=\"3086\" data-end=\"3239\"><strong data-start=\"3086\" data-end=\"3117\">\u00d6\u011fretmenler ve E\u011fitimciler:<\/strong> \u00c7ocuklar\u0131n okulda kar\u015f\u0131la\u015ft\u0131\u011f\u0131 duygusal zorluklar\u0131 anlamak ve onlara uygun terap\u00f6tik destek sa\u011flamak isteyen \u00f6\u011fretmenler.<\/p>\n<\/li>\n<li class=\"\" data-start=\"3240\" data-end=\"3444\">\n<p class=\"\" data-start=\"3242\" data-end=\"3444\"><strong data-start=\"3242\" data-end=\"3270\">Sosyal Hizmet Uzmanlar\u0131:<\/strong> \u00c7ocuklar\u0131n psikolojik sa\u011fl\u0131\u011f\u0131na y\u00f6nelik m\u00fcdahale etmek ve oyun terapisi y\u00f6ntemlerini kullanarak \u00e7ocuklar\u0131n duygusal ihtiya\u00e7lar\u0131n\u0131 kar\u015f\u0131lamak isteyen sosyal hizmet uzmanlar\u0131.<\/p>\n<\/li>\n<\/ul>\n<hr class=\"\" data-start=\"3446\" data-end=\"3449\" \/>\n<h3 class=\"\" data-start=\"3451\" data-end=\"3496\"><strong data-start=\"3455\" data-end=\"3496\">Neden Adlerian Oyun Terapisi E\u011fitimi?<\/strong><\/h3>\n<ul data-start=\"3497\" data-end=\"4743\">\n<li class=\"\" data-start=\"3497\" data-end=\"3762\">\n<p class=\"\" data-start=\"3499\" data-end=\"3762\"><strong data-start=\"3499\" data-end=\"3558\">\u00c7ocuklar\u0131n Duygusal \u0130htiya\u00e7lar\u0131n\u0131 Derinlemesine Anlama:<\/strong> Oyun terapisi, \u00e7ocuklar\u0131n oyun arac\u0131l\u0131\u011f\u0131yla i\u00e7sel d\u00fcnyalar\u0131n\u0131 d\u0131\u015fa vurmas\u0131n\u0131 sa\u011flar. Adlerian yakla\u015f\u0131m\u0131 ile, \u00e7ocuklar\u0131n sosyal ba\u011flar\u0131n\u0131 g\u00fc\u00e7lendirebilir ve duygusal iyile\u015fmelerine yard\u0131mc\u0131 olabilirsiniz.<\/p>\n<\/li>\n<li class=\"\" data-start=\"3763\" data-end=\"3924\">\n<p class=\"\" data-start=\"3765\" data-end=\"3924\"><strong data-start=\"3765\" data-end=\"3788\">Aile Odakl\u0131 Terapi:<\/strong> Adlerian oyun terapisi, aileyi s\u00fcrece dahil ederek, aile i\u00e7indeki dinamikleri g\u00fc\u00e7lendirir ve \u00e7ocu\u011fun geli\u015fimine olumlu katk\u0131lar sa\u011flar.<\/p>\n<\/li>\n<li class=\"\" data-start=\"3925\" data-end=\"4146\">\n<p class=\"\" data-start=\"3927\" data-end=\"4146\"><strong data-start=\"3927\" data-end=\"3961\">\u00c7ocuklar\u0131n \u00d6zg\u00fcvenini Art\u0131rma:<\/strong> Adlerian terapi, \u00e7ocuklar\u0131n g\u00fc\u00e7l\u00fc y\u00f6nlerini ke\u015ffetmelerine ve sosyal becerilerini geli\u015ftirmelerine yard\u0131mc\u0131 olur. Bu s\u00fcre\u00e7te, \u00e7ocuklar\u0131n benlik sayg\u0131lar\u0131n\u0131 art\u0131rmak temel bir hedeftir.<\/p>\n<\/li>\n<li class=\"\" data-start=\"4147\" data-end=\"4345\">\n<p class=\"\" data-start=\"4149\" data-end=\"4345\"><strong data-start=\"4149\" data-end=\"4194\">Bireysel ve Grup \u00c7al\u0131\u015fmalar\u0131nda Esneklik:<\/strong> Bu e\u011fitim, hem bireysel terapi hem de grup terapisi uygulamalar\u0131nda kullan\u0131labilecek teknikler sunar, b\u00f6ylece farkl\u0131 terapi ortamlar\u0131na uyarlanabilir.<\/p>\n<\/li>\n<li class=\"\" data-start=\"4346\" data-end=\"4518\">\n<p class=\"\" data-start=\"4348\" data-end=\"4518\"><strong data-start=\"4348\" data-end=\"4379\">Kapsaml\u0131 Uygulamal\u0131 E\u011fitim:<\/strong> Ger\u00e7ek vaka \u00f6rnekleri ve uygulamal\u0131 \u00e7al\u0131\u015fmalarla, Adlerian oyun terapisi tekniklerini pratikte nas\u0131l kullanabilece\u011finizi \u00f6\u011frenebilirsiniz.<\/p>\n<\/li>\n<li class=\"\" data-start=\"4519\" data-end=\"4743\">\n<p class=\"\" data-start=\"4521\" data-end=\"4743\"><strong data-start=\"4521\" data-end=\"4541\">Etkili Sonu\u00e7lar:<\/strong> \u00c7ocuklarla oyun terapisi uygulamalar\u0131, \u00e7ocuklar\u0131n zihinsel, duygusal ve sosyal geli\u015fimlerinde g\u00fc\u00e7l\u00fc de\u011fi\u015fimler yaratabilir. Bu terapi y\u00f6ntemi, uzun vadeli ve kal\u0131c\u0131 iyile\u015fmeler i\u00e7in \u00f6nemli bir ara\u00e7t\u0131r.<\/p>\n<\/li>\n<\/ul>\n<hr class=\"\" data-start=\"4745\" data-end=\"4748\" \/>\n<h3 class=\"\" data-start=\"4750\" data-end=\"4822\"><strong data-start=\"4754\" data-end=\"4822\">Adlerian Oyun Terapisi ile \u00c7ocuklar\u0131n Geli\u015fimine Katk\u0131 Sa\u011flay\u0131n!<\/strong><\/h3>\n<p class=\"\" data-start=\"4824\" data-end=\"5189\"><strong data-start=\"4824\" data-end=\"4858\">Adlerian Oyun Terapisi E\u011fitimi<\/strong>, \u00e7ocuklar\u0131n duygusal ve sosyal geli\u015fimlerini desteklemek, onlar\u0131n i\u00e7sel \u00e7at\u0131\u015fmalar\u0131n\u0131 \u00e7\u00f6zmelerine yard\u0131mc\u0131 olmak ve aile dinamiklerini g\u00fc\u00e7lendirmek isteyen terapistler i\u00e7in m\u00fckemmel bir e\u011fitim f\u0131rsat\u0131d\u0131r. Bu e\u011fitim, oyun terapisi kullanarak \u00e7ocuklar\u0131n duygusal zorluklar\u0131 a\u015fmalar\u0131na yard\u0131mc\u0131 olacak teknikler ve stratejiler sunar.<\/p>\n<p class=\"\" data-start=\"5191\" data-end=\"5347\"><strong data-start=\"5191\" data-end=\"5347\">Adlerian oyun terapisi ile \u00e7ocuklar\u0131n psikolojik geli\u015fimlerine y\u00f6n verin, duygusal iyile\u015fme s\u00fcre\u00e7lerini h\u0131zland\u0131r\u0131n ve onlar\u0131n ya\u015fam kalitesini art\u0131r\u0131n!<\/strong><\/p>\n","protected":false},"excerpt":{"rendered":"<p>Adlerian Oyun Terapisi E\u011fitimi ile \u00c7ocuklar\u0131n Duygusal ve Davran\u0131\u015fsal Geli\u015fimine Destek Olun Adlerian Oyun Terapisi, \u00e7ocu\u011fun bireysel ihtiya\u00e7lar\u0131n\u0131, sosyal ba\u011flar\u0131n\u0131 ve toplumsal uyumunu anlamaya odaklanan, g\u00fc\u00e7l\u00fc bir psikoterapi y\u00f6ntemidir. Alfred [&hellip;]<\/p>\n","protected":false},"featured_media":3722,"comment_status":"open","ping_status":"closed","template":"","meta":{"_acf_changed":false,"_monsterinsights_skip_tracking":false,"_monsterinsights_sitenote_active":false,"_monsterinsights_sitenote_note":"","_monsterinsights_sitenote_category":0},"product_brand":[],"product_cat":[57],"product_tag":[],"class_list":{"0":"post-3721","1":"product","2":"type-product","3":"status-publish","4":"has-post-thumbnail","6":"product_cat-uncategorized-tr","8":"first","9":"instock","10":"sale","11":"virtual","12":"taxable","13":"purchasable","14":"product-type-simple"},"acf":[],"aioseo_notices":[],"_links":{"self":[{"href":"https:\/\/www.arsakademia.com\/en\/wp-json\/wp\/v2\/product\/3721","targetHints":{"allow":["GET"]}}],"collection":[{"href":"https:\/\/www.arsakademia.com\/en\/wp-json\/wp\/v2\/product"}],"about":[{"href":"https:\/\/www.arsakademia.com\/en\/wp-json\/wp\/v2\/types\/product"}],"replies":[{"embeddable":true,"href":"https:\/\/www.arsakademia.com\/en\/wp-json\/wp\/v2\/comments?post=3721"}],"wp:featuredmedia":[{"embeddable":true,"href":"https:\/\/www.arsakademia.com\/en\/wp-json\/wp\/v2\/media\/3722"}],"wp:attachment":[{"href":"https:\/\/www.arsakademia.com\/en\/wp-json\/wp\/v2\/media?parent=3721"}],"wp:term":[{"taxonomy":"product_brand","embeddable":true,"href":"https:\/\/www.arsakademia.com\/en\/wp-json\/wp\/v2\/product_brand?post=3721"},{"taxonomy":"product_cat","embeddable":true,"href":"https:\/\/www.arsakademia.com\/en\/wp-json\/wp\/v2\/product_cat?post=3721"},{"taxonomy":"product_tag","embeddable":true,"href":"https:\/\/www.arsakademia.com\/en\/wp-json\/wp\/v2\/product_tag?post=3721"}],"curies":[{"name":"wp","href":"https:\/\/api.w.org\/{rel}","templated":true}]}}