{"id":3715,"date":"2025-04-08T13:57:30","date_gmt":"2025-04-08T10:57:30","guid":{"rendered":"https:\/\/www.arsakademia.com\/?post_type=product&#038;p=3715"},"modified":"2025-04-08T13:57:30","modified_gmt":"2025-04-08T10:57:30","slug":"yetiskinlere-uygulanan-psikolojik-testler-egitimi","status":"publish","type":"product","link":"https:\/\/www.arsakademia.com\/en\/product\/yetiskinlere-uygulanan-psikolojik-testler-egitimi\/","title":{"rendered":"Yeti\u015fkinlere Uygulanan Psikolojik Testler E\u011fitimi"},"content":{"rendered":"<h3 class=\"\" data-start=\"111\" data-end=\"209\"><strong data-start=\"115\" data-end=\"209\">Yeti\u015fkinlere Uygulanan Psikolojik Testler E\u011fitimi ile Derinlemesine De\u011ferlendirmeler Yap\u0131n<\/strong><\/h3>\n<p class=\"\" data-start=\"211\" data-end=\"578\">Yeti\u015fkin psikolojik testleri, bireylerin zihinsel sa\u011fl\u0131klar\u0131n\u0131, ki\u015filik \u00f6zelliklerini, bili\u015fsel yeteneklerini ve duygusal durumlar\u0131n\u0131 anlamada etkili ara\u00e7lard\u0131r. <strong data-start=\"373\" data-end=\"426\">Yeti\u015fkinlere Uygulanan Psikolojik Testler E\u011fitimi<\/strong>, psikologlar, terapistler ve di\u011fer ruh sa\u011fl\u0131\u011f\u0131 profesyonelleri i\u00e7in bu testleri do\u011fru bir \u015fekilde uygulama ve yorumlama becerisi kazand\u0131rmay\u0131 ama\u00e7lar.<\/p>\n<p class=\"\" data-start=\"580\" data-end=\"943\">Bu e\u011fitim, profesyonellere, ki\u015filik testlerinden zeka testlerine, anksiyete, depresyon ve stres d\u00fczeylerini \u00f6l\u00e7en testlere kadar geni\u015f bir yelpazede psikolojik de\u011ferlendirmeler yapma imkan\u0131 sunar. Kat\u0131l\u0131mc\u0131lar, \u00e7e\u015fitli psikolojik testleri kullanarak, bireylerin ya\u015fam kalitesini ve psikolojik sa\u011fl\u0131klar\u0131n\u0131 daha etkin bir \u015fekilde izleyebilir ve destekleyebilirler.<\/p>\n<hr class=\"\" data-start=\"945\" data-end=\"948\" \/>\n<h3 class=\"\" data-start=\"950\" data-end=\"973\"><strong data-start=\"954\" data-end=\"973\">E\u011fitim \u0130\u00e7eri\u011fi:<\/strong><\/h3>\n<ul data-start=\"974\" data-end=\"2260\">\n<li class=\"\" data-start=\"974\" data-end=\"1149\">\n<p class=\"\" data-start=\"976\" data-end=\"1149\"><strong data-start=\"976\" data-end=\"1011\">Psikolojik Testlerin Temelleri:<\/strong> Psikolojik testlerin genel yap\u0131s\u0131, kullan\u0131m\u0131 ve farkl\u0131 test t\u00fcrlerinin amac\u0131. Psikolojik testlerin bilimsel ge\u00e7erlili\u011fi ve g\u00fcvenilirli\u011fi.<\/p>\n<\/li>\n<li class=\"\" data-start=\"1150\" data-end=\"1365\">\n<p class=\"\" data-start=\"1152\" data-end=\"1365\"><strong data-start=\"1152\" data-end=\"1173\">Ki\u015filik Testleri:<\/strong> Yeti\u015fkinlerin ki\u015filik \u00f6zelliklerini de\u011ferlendiren testler (MMPI, Rorschach, NEO-PI-R vb.). Bu testlerle ki\u015filik yap\u0131s\u0131n\u0131, olumsuz d\u00fc\u015f\u00fcnce kal\u0131plar\u0131n\u0131 ve bireylerin davran\u0131\u015flar\u0131n\u0131 analiz etme.<\/p>\n<\/li>\n<li class=\"\" data-start=\"1366\" data-end=\"1539\">\n<p class=\"\" data-start=\"1368\" data-end=\"1539\"><strong data-start=\"1368\" data-end=\"1386\">Zeka Testleri:<\/strong> Yeti\u015fkinlerde bili\u015fsel yetenekleri \u00f6l\u00e7en testler (WAIS, Raven\u2019in \u0130leri Testi vb.). Zeka d\u00fczeyi, bellek ve problem \u00e7\u00f6zme becerilerinin de\u011ferlendirilmesi.<\/p>\n<\/li>\n<li class=\"\" data-start=\"1540\" data-end=\"1733\">\n<p class=\"\" data-start=\"1542\" data-end=\"1733\"><strong data-start=\"1542\" data-end=\"1591\">Duygusal ve Psikolojik Durum De\u011ferlendirmesi:<\/strong> Depresyon, anksiyete, stres gibi duygusal durumlar\u0131 belirlemek i\u00e7in kullan\u0131lan psikolojik testler (Beck Depresyon Envanteri, STAI, DASS vb.).<\/p>\n<\/li>\n<li class=\"\" data-start=\"1734\" data-end=\"1904\">\n<p class=\"\" data-start=\"1736\" data-end=\"1904\"><strong data-start=\"1736\" data-end=\"1768\">Proje Testleri ve Y\u00f6ntemler:<\/strong> Rorschach, TAT gibi projektif testlerin kullan\u0131m\u0131. Bireylerin bilin\u00e7alt\u0131 s\u00fcre\u00e7lerini ve i\u00e7sel \u00e7at\u0131\u015fmalar\u0131n\u0131 daha derinlemesine anlamak.<\/p>\n<\/li>\n<li class=\"\" data-start=\"1905\" data-end=\"2087\">\n<p class=\"\" data-start=\"1907\" data-end=\"2087\"><strong data-start=\"1907\" data-end=\"1935\">Klinik Vaka \u00c7al\u0131\u015fmalar\u0131:<\/strong> Testlerin farkl\u0131 klinik durumlarda nas\u0131l uygulanaca\u011f\u0131na dair vaka \u00f6rnekleri ve pratik uygulamalar. Bu \u00f6rnekler \u00fczerinden analiz ve de\u011ferlendirme yapma.<\/p>\n<\/li>\n<li class=\"\" data-start=\"2088\" data-end=\"2260\">\n<p class=\"\" data-start=\"2090\" data-end=\"2260\"><strong data-start=\"2090\" data-end=\"2125\">Test Sonu\u00e7lar\u0131n\u0131n Yorumlanmas\u0131:<\/strong> Yeti\u015fkinlere uygulanan testlerin do\u011fru yorumlanmas\u0131 ve bireylerin psikolojik ihtiya\u00e7lar\u0131na uygun m\u00fcdahale stratejileri geli\u015ftirilmesi.<\/p>\n<\/li>\n<\/ul>\n<hr class=\"\" data-start=\"2262\" data-end=\"2265\" \/>\n<h3 class=\"\" data-start=\"2267\" data-end=\"2292\"><strong data-start=\"2271\" data-end=\"2292\">Kimler Kat\u0131lmal\u0131?<\/strong><\/h3>\n<ul data-start=\"2293\" data-end=\"3127\">\n<li class=\"\" data-start=\"2293\" data-end=\"2437\">\n<p class=\"\" data-start=\"2295\" data-end=\"2437\"><strong data-start=\"2295\" data-end=\"2330\">Psikologlar ve Psikiyatristler:<\/strong> Yeti\u015fkinlerin psikolojik durumlar\u0131n\u0131 analiz etmek ve tedavi s\u00fcre\u00e7lerine y\u00f6n vermek isteyen profesyoneller.<\/p>\n<\/li>\n<li class=\"\" data-start=\"2438\" data-end=\"2632\">\n<p class=\"\" data-start=\"2440\" data-end=\"2632\"><strong data-start=\"2440\" data-end=\"2478\">Klinik Terapistler ve Dan\u0131\u015fmanlar:<\/strong> Bireylerin ki\u015filik \u00f6zelliklerini, duygusal durumlar\u0131n\u0131 ve bili\u015fsel becerilerini daha iyi anlamak ve terapi s\u00fcre\u00e7lerine entegre etmek isteyen terapistler.<\/p>\n<\/li>\n<li class=\"\" data-start=\"2804\" data-end=\"2944\">\n<p class=\"\" data-start=\"2806\" data-end=\"2944\"><strong data-start=\"2806\" data-end=\"2834\">Sosyal Hizmet Uzmanlar\u0131:<\/strong> Yeti\u015fkinlerin psikolojik sa\u011fl\u0131klar\u0131n\u0131 izlemek ve gerekti\u011finde m\u00fcdahale etmek isteyen sosyal hizmet uzmanlar\u0131.<\/p>\n<\/li>\n<\/ul>\n<hr class=\"\" data-start=\"3129\" data-end=\"3132\" \/>\n<h3 class=\"\" data-start=\"3134\" data-end=\"3198\"><strong data-start=\"3138\" data-end=\"3198\">Neden Yeti\u015fkinlere Uygulanan Psikolojik Testler E\u011fitimi?<\/strong><\/h3>\n<ul data-start=\"3199\" data-end=\"4234\">\n<li class=\"\" data-start=\"3199\" data-end=\"3403\">\n<p class=\"\" data-start=\"3201\" data-end=\"3403\"><strong data-start=\"3201\" data-end=\"3248\">Kapsaml\u0131 ve Derinlemesine De\u011ferlendirmeler:<\/strong> Bu e\u011fitim, yeti\u015fkinlerin psikolojik sa\u011fl\u0131klar\u0131n\u0131 daha do\u011fru bir \u015fekilde de\u011ferlendirmenize yard\u0131mc\u0131 olacak bir dizi testin kapsaml\u0131 bir incelemesini sunar.<\/p>\n<\/li>\n<li class=\"\" data-start=\"3404\" data-end=\"3619\">\n<p class=\"\" data-start=\"3406\" data-end=\"3619\"><strong data-start=\"3406\" data-end=\"3452\">Bireyselle\u015ftirilmi\u015f Terap\u00f6tik Yakla\u015f\u0131mlar:<\/strong> Test sonu\u00e7lar\u0131n\u0131 analiz ederek, her birey i\u00e7in en uygun terap\u00f6tik m\u00fcdahaleyi planlayabilir ve ki\u015fisel geli\u015fim s\u00fcre\u00e7lerini daha etkin bir \u015fekilde y\u00f6nlendirebilirsiniz.<\/p>\n<\/li>\n<li class=\"\" data-start=\"3620\" data-end=\"3828\">\n<p class=\"\" data-start=\"3622\" data-end=\"3828\"><strong data-start=\"3622\" data-end=\"3661\">Bili\u015fsel ve Duygusal Durum Tespiti:<\/strong> Yeti\u015fkinlerin bili\u015fsel becerilerini, ki\u015filik yap\u0131lar\u0131n\u0131 ve duygusal durumlar\u0131n\u0131 \u00f6l\u00e7erek, onlar\u0131n ya\u015fam kalitesini etkileyen fakt\u00f6rleri derinlemesine anlayabilirsiniz.<\/p>\n<\/li>\n<li class=\"\" data-start=\"3829\" data-end=\"3983\">\n<p class=\"\" data-start=\"3831\" data-end=\"3983\"><strong data-start=\"3831\" data-end=\"3853\">Uygulamal\u0131 E\u011fitim:<\/strong> Ger\u00e7ek vaka \u00f6rnekleri ve pratik uygulamalar ile testlerin nas\u0131l uygulanaca\u011f\u0131 ve yorumlanaca\u011f\u0131 konusunda deneyim kazanabilirsiniz.<\/p>\n<\/li>\n<li class=\"\" data-start=\"3984\" data-end=\"4234\">\n<p class=\"\" data-start=\"3986\" data-end=\"4234\"><strong data-start=\"3986\" data-end=\"4028\">Profesyonel Becerilerinizi Geli\u015ftirin:<\/strong> Psikolojik testlerin do\u011fru bir \u015fekilde uygulanmas\u0131 ve yorumlanmas\u0131, profesyonel becerilerinizi geli\u015ftirecek ve psikoterapi, dan\u0131\u015fmanl\u0131k gibi alanlarda daha derinlemesine bir etki yaratman\u0131za olanak sa\u011flar.<\/p>\n<\/li>\n<\/ul>\n<hr class=\"\" data-start=\"4236\" data-end=\"4239\" \/>\n<h3 class=\"\" data-start=\"4241\" data-end=\"4307\"><strong data-start=\"4245\" data-end=\"4307\">Psikolojik Testlerle Derinlemesine De\u011ferlendirmeler Yap\u0131n!<\/strong><\/h3>\n<p class=\"\" data-start=\"4309\" data-end=\"4616\"><strong data-start=\"4309\" data-end=\"4362\">Yeti\u015fkinlere Uygulanan Psikolojik Testler E\u011fitimi<\/strong>, psikoterapi, psikolojik dan\u0131\u015fmanl\u0131k ve benzeri alanlarda \u00e7al\u0131\u015fan profesyoneller i\u00e7in vazge\u00e7ilmez bir e\u011fitim f\u0131rsat\u0131d\u0131r. Yeti\u015fkinlerin ki\u015filik, duygusal durum ve bili\u015fsel s\u00fcre\u00e7lerini anlamak, onlara en uygun m\u00fcdahaleyi sunmak i\u00e7in bu e\u011fitimi ka\u00e7\u0131rmay\u0131n.<\/p>\n<p class=\"\" data-start=\"4618\" data-end=\"4788\"><strong data-start=\"4618\" data-end=\"4788\">Psikolojik testlerle yeti\u015fkinlerin psikolojik sa\u011fl\u0131klar\u0131n\u0131 daha iyi anlay\u0131n, onlara daha etkili \u00e7\u00f6z\u00fcmler sunun ve profesyonel becerilerinizi bir \u00fcst seviyeye ta\u015f\u0131y\u0131n!<\/strong><\/p>\n","protected":false},"excerpt":{"rendered":"<p>Yeti\u015fkinlere Uygulanan Psikolojik Testler E\u011fitimi ile Derinlemesine De\u011ferlendirmeler Yap\u0131n Yeti\u015fkin psikolojik testleri, bireylerin zihinsel sa\u011fl\u0131klar\u0131n\u0131, ki\u015filik \u00f6zelliklerini, bili\u015fsel yeteneklerini ve duygusal durumlar\u0131n\u0131 anlamada etkili ara\u00e7lard\u0131r. Yeti\u015fkinlere Uygulanan Psikolojik Testler E\u011fitimi, [&hellip;]<\/p>\n","protected":false},"featured_media":3716,"comment_status":"open","ping_status":"closed","template":"","meta":{"_acf_changed":false,"_monsterinsights_skip_tracking":false,"_monsterinsights_sitenote_active":false,"_monsterinsights_sitenote_note":"","_monsterinsights_sitenote_category":0},"product_brand":[],"product_cat":[57],"product_tag":[],"class_list":{"0":"post-3715","1":"product","2":"type-product","3":"status-publish","4":"has-post-thumbnail","6":"product_cat-uncategorized-tr","8":"first","9":"instock","10":"sale","11":"virtual","12":"taxable","13":"purchasable","14":"product-type-simple"},"acf":[],"aioseo_notices":[],"_links":{"self":[{"href":"https:\/\/www.arsakademia.com\/en\/wp-json\/wp\/v2\/product\/3715","targetHints":{"allow":["GET"]}}],"collection":[{"href":"https:\/\/www.arsakademia.com\/en\/wp-json\/wp\/v2\/product"}],"about":[{"href":"https:\/\/www.arsakademia.com\/en\/wp-json\/wp\/v2\/types\/product"}],"replies":[{"embeddable":true,"href":"https:\/\/www.arsakademia.com\/en\/wp-json\/wp\/v2\/comments?post=3715"}],"wp:featuredmedia":[{"embeddable":true,"href":"https:\/\/www.arsakademia.com\/en\/wp-json\/wp\/v2\/media\/3716"}],"wp:attachment":[{"href":"https:\/\/www.arsakademia.com\/en\/wp-json\/wp\/v2\/media?parent=3715"}],"wp:term":[{"taxonomy":"product_brand","embeddable":true,"href":"https:\/\/www.arsakademia.com\/en\/wp-json\/wp\/v2\/product_brand?post=3715"},{"taxonomy":"product_cat","embeddable":true,"href":"https:\/\/www.arsakademia.com\/en\/wp-json\/wp\/v2\/product_cat?post=3715"},{"taxonomy":"product_tag","embeddable":true,"href":"https:\/\/www.arsakademia.com\/en\/wp-json\/wp\/v2\/product_tag?post=3715"}],"curies":[{"name":"wp","href":"https:\/\/api.w.org\/{rel}","templated":true}]}}