{"id":3708,"date":"2025-04-08T13:46:37","date_gmt":"2025-04-08T10:46:37","guid":{"rendered":"https:\/\/www.arsakademia.com\/?post_type=product&#038;p=3708"},"modified":"2025-04-08T13:46:37","modified_gmt":"2025-04-08T10:46:37","slug":"temel-emdr-uygulayici-egitimi","status":"publish","type":"product","link":"https:\/\/www.arsakademia.com\/en\/product\/temel-emdr-uygulayici-egitimi\/","title":{"rendered":"Temel EMDR Uygulay\u0131c\u0131 E\u011fitimi"},"content":{"rendered":"<h3 class=\"\" data-start=\"91\" data-end=\"180\"><strong data-start=\"95\" data-end=\"180\">Temel EMDR Uygulay\u0131c\u0131 E\u011fitimi ile Travma Sonras\u0131 \u0130yile\u015fme S\u00fcrecine Katk\u0131 Sa\u011flay\u0131n<\/strong><\/h3>\n<p class=\"\" data-start=\"182\" data-end=\"630\"><strong data-start=\"182\" data-end=\"246\">EMDR (G\u00f6z Hareketleriyle Duyars\u0131zla\u015ft\u0131rma ve Yeniden \u0130\u015fleme)<\/strong> terapisi, \u00f6zellikle travma ve travmaya ba\u011fl\u0131 bozukluklar \u00fczerine etkili bir psikoterapi y\u00f6ntemidir. EMDR, bireylerin ge\u00e7mi\u015f travmalar\u0131n\u0131 i\u015fleyerek, olumsuz an\u0131lar\u0131 ve duygusal engelleri iyile\u015ftirmelerine yard\u0131mc\u0131 olur. <strong data-start=\"466\" data-end=\"499\">Temel EMDR Uygulay\u0131c\u0131 E\u011fitimi<\/strong>, terapistlere bu g\u00fc\u00e7l\u00fc y\u00f6ntemi do\u011fru bir \u015fekilde uygulama becerisi kazand\u0131r\u0131r ve travma odakl\u0131 \u00e7al\u0131\u015fmalarda etkili bir ara\u00e7 sunar.<\/p>\n<p class=\"\" data-start=\"632\" data-end=\"958\">Bu e\u011fitim, EMDR terapisi ile \u00e7al\u0131\u015facak profesyonellere, teknikleri derinlemesine \u00f6\u011fretir ve terap\u00f6tik s\u00fcre\u00e7te daha verimli sonu\u00e7lar elde etmelerini sa\u011flar. Kat\u0131l\u0131mc\u0131lar, bu e\u011fitim sayesinde, travma sonras\u0131 stres bozuklu\u011fu (TSSB), kay\u0131p, anksiyete, fobi ve di\u011fer travma kaynakl\u0131 sorunlarla ba\u015fa \u00e7\u0131kmada g\u00fc\u00e7l\u00fc beceriler kazan\u0131r.<\/p>\n<hr class=\"\" data-start=\"960\" data-end=\"963\" \/>\n<h3 class=\"\" data-start=\"965\" data-end=\"988\"><strong data-start=\"969\" data-end=\"988\">E\u011fitim \u0130\u00e7eri\u011fi:<\/strong><\/h3>\n<ul data-start=\"989\" data-end=\"2105\">\n<li class=\"\" data-start=\"989\" data-end=\"1154\">\n<p class=\"\" data-start=\"991\" data-end=\"1154\"><strong data-start=\"991\" data-end=\"1022\">EMDR Terapisinin Temelleri:<\/strong> EMDR terapisi nedir, nas\u0131l geli\u015fmi\u015ftir ve nas\u0131l \u00e7al\u0131\u015f\u0131r? Bu terapi y\u00f6nteminin bilimsel temelleri ve etkisi \u00fczerine genel bir bak\u0131\u015f.<\/p>\n<\/li>\n<li class=\"\" data-start=\"1155\" data-end=\"1296\">\n<p class=\"\" data-start=\"1157\" data-end=\"1296\"><strong data-start=\"1157\" data-end=\"1177\">Travma ve Beyin:<\/strong> Travmalar\u0131n beyindeki etkileri, travman\u0131n nas\u0131l i\u015flendi\u011fi ve EMDR&#8217;nin travma sonras\u0131 s\u00fcre\u00e7lerde nas\u0131l devreye girdi\u011fi.<\/p>\n<\/li>\n<li class=\"\" data-start=\"1297\" data-end=\"1480\">\n<p class=\"\" data-start=\"1299\" data-end=\"1480\"><strong data-start=\"1299\" data-end=\"1329\">EMDR&#8217;nin 8 A\u015famal\u0131 S\u00fcreci:<\/strong> EMDR terapisi s\u00fcrecinde izlenen 8 temel a\u015fama: De\u011ferlendirme, hedef belirleme, duyars\u0131zla\u015ft\u0131rma, yeniden i\u015fleme, beden fark\u0131ndal\u0131\u011f\u0131, kapan\u0131\u015f ve sonu\u00e7.<\/p>\n<\/li>\n<li class=\"\" data-start=\"1481\" data-end=\"1638\">\n<p class=\"\" data-start=\"1483\" data-end=\"1638\"><strong data-start=\"1483\" data-end=\"1523\">G\u00f6z Hareketleri ve Di\u011fer Bile\u015fenler:<\/strong> G\u00f6z hareketleri, ses ve dokunma gibi farkl\u0131 uyaranlar\u0131n nas\u0131l kullan\u0131laca\u011f\u0131 ve bunlar\u0131n iyile\u015fme s\u00fcrecindeki rol\u00fc.<\/p>\n<\/li>\n<li class=\"\" data-start=\"1639\" data-end=\"1786\">\n<p class=\"\" data-start=\"1641\" data-end=\"1786\"><strong data-start=\"1641\" data-end=\"1674\">EMDR\u2019nin Terap\u00f6tik Kullan\u0131m\u0131:<\/strong> EMDR&#8217;yi travma, anksiyete, fobiler, depresyon gibi farkl\u0131 psikolojik rahats\u0131zl\u0131klarda nas\u0131l kullanabilece\u011finiz.<\/p>\n<\/li>\n<li class=\"\" data-start=\"1787\" data-end=\"1959\">\n<p class=\"\" data-start=\"1789\" data-end=\"1959\"><strong data-start=\"1789\" data-end=\"1840\">Bireysel ve Grup Terapilerinde EMDR Uygulamas\u0131:<\/strong> EMDR&#8217;nin bireysel terapi seanslar\u0131nda nas\u0131l kullan\u0131laca\u011f\u0131 ve grup terapilerinde de nas\u0131l etkili sonu\u00e7lar verebilece\u011fi.<\/p>\n<\/li>\n<li class=\"\" data-start=\"1960\" data-end=\"2105\">\n<p class=\"\" data-start=\"1962\" data-end=\"2105\"><strong data-start=\"1962\" data-end=\"1984\">Uygulamal\u0131 E\u011fitim:<\/strong> Ger\u00e7ek vaka \u00f6rnekleri ve sim\u00fclasyonlarla, EMDR y\u00f6ntemlerini nas\u0131l do\u011fru bir \u015fekilde uygulayaca\u011f\u0131n\u0131z \u00fczerine \u00e7al\u0131\u015f\u0131lacak.<\/p>\n<\/li>\n<\/ul>\n<hr class=\"\" data-start=\"2107\" data-end=\"2110\" \/>\n<h3 class=\"\" data-start=\"2112\" data-end=\"2137\"><strong data-start=\"2116\" data-end=\"2137\">Kimler Kat\u0131lmal\u0131?<\/strong><\/h3>\n<ul data-start=\"2138\" data-end=\"3011\">\n<li class=\"\" data-start=\"2138\" data-end=\"2296\">\n<p class=\"\" data-start=\"2140\" data-end=\"2296\"><strong data-start=\"2140\" data-end=\"2175\">Psikologlar ve Psikiyatristler:<\/strong> Travma ve stresle ba\u015fa \u00e7\u0131kma konusunda deneyim kazanmak ve EMDR terapisini etkin bir \u015fekilde kullanmak isteyen uzmanlar.<\/p>\n<\/li>\n<li class=\"\" data-start=\"2297\" data-end=\"2462\">\n<p class=\"\" data-start=\"2299\" data-end=\"2462\"><strong data-start=\"2299\" data-end=\"2337\">Klinik Terapistler ve Dan\u0131\u015fmanlar:<\/strong> Travmatik deneyimlere sahip bireylerle \u00e7al\u0131\u015farak, EMDR terapisi ile iyile\u015fme s\u00fcre\u00e7lerine katk\u0131 sa\u011flamak isteyen terapistler.<\/p>\n<\/li>\n<li class=\"\" data-start=\"2463\" data-end=\"2594\">\n<p class=\"\" data-start=\"2465\" data-end=\"2594\"><strong data-start=\"2465\" data-end=\"2487\">Aile Dan\u0131\u015fmanlar\u0131:<\/strong> Aile i\u00e7indeki travmalar\u0131n ve olumsuz deneyimlerin iyile\u015ftirilmesine yard\u0131mc\u0131 olmak isteyen profesyoneller.<\/p>\n<\/li>\n<li class=\"\" data-start=\"2595\" data-end=\"2747\">\n<p class=\"\" data-start=\"2597\" data-end=\"2747\"><strong data-start=\"2597\" data-end=\"2625\">Sosyal Hizmet Uzmanlar\u0131:<\/strong> Travma odakl\u0131 terap\u00f6tik m\u00fcdahalelerle bireylerin iyile\u015fme s\u00fcre\u00e7lerini h\u0131zland\u0131rmak isteyen sosyal hizmet profesyonelleri.<\/p>\n<\/li>\n<li class=\"\" data-start=\"2748\" data-end=\"2883\">\n<p class=\"\" data-start=\"2750\" data-end=\"2883\"><strong data-start=\"2750\" data-end=\"2781\">E\u011fitimciler ve \u00d6\u011fretmenler:<\/strong> \u00d6\u011frencilerinin psikolojik sa\u011fl\u0131klar\u0131n\u0131 desteklemek i\u00e7in EMDR y\u00f6ntemini uygulamak isteyen e\u011fitimciler.<\/p>\n<\/li>\n<li class=\"\" data-start=\"2884\" data-end=\"3011\">\n<p class=\"\" data-start=\"2886\" data-end=\"3011\"><strong data-start=\"2886\" data-end=\"2930\">Ya\u015fam Ko\u00e7lar\u0131 ve Ko\u00e7luk Profesyonelleri:<\/strong> Travma ve stresle ba\u015fa \u00e7\u0131kma konusunda bireylere rehberlik etmek isteyen ko\u00e7lar.<\/p>\n<\/li>\n<\/ul>\n<hr class=\"\" data-start=\"3013\" data-end=\"3016\" \/>\n<h3 class=\"\" data-start=\"3018\" data-end=\"3062\"><strong data-start=\"3022\" data-end=\"3062\">Neden Temel EMDR Uygulay\u0131c\u0131 E\u011fitimi?<\/strong><\/h3>\n<ul data-start=\"3063\" data-end=\"4176\">\n<li class=\"\" data-start=\"3063\" data-end=\"3209\">\n<p class=\"\" data-start=\"3065\" data-end=\"3209\"><strong data-start=\"3065\" data-end=\"3099\">Travma Sonras\u0131 H\u0131zl\u0131 \u0130yile\u015fme:<\/strong> EMDR terapisi, bireylerin travmatik an\u0131lar\u0131n\u0131 h\u0131zl\u0131 ve etkin bir \u015fekilde i\u015fleyerek, duygusal iyile\u015fme sa\u011flar.<\/p>\n<\/li>\n<li class=\"\" data-start=\"3210\" data-end=\"3408\">\n<p class=\"\" data-start=\"3212\" data-end=\"3408\"><strong data-start=\"3212\" data-end=\"3256\">Beyin ve Duygu Ba\u011flant\u0131s\u0131n\u0131 G\u00fc\u00e7lendirir:<\/strong> EMDR, beynin travmatik an\u0131lar\u0131 i\u015fleme ve duygusal dengeyi sa\u011flama kapasitesini art\u0131r\u0131r. Bu s\u00fcre\u00e7, uzun vadeli de\u011fi\u015fimlere ve iyile\u015fmelere olanak tan\u0131r.<\/p>\n<\/li>\n<li class=\"\" data-start=\"3409\" data-end=\"3601\">\n<p class=\"\" data-start=\"3411\" data-end=\"3601\"><strong data-start=\"3411\" data-end=\"3455\">\u00c7e\u015fitli Psikolojik Sorunlar \u0130\u00e7in Etkili:<\/strong> Travma sonras\u0131 stres bozuklu\u011fu (TSSB), kay\u0131plar, anksiyete, fobiler, depresyon gibi bir\u00e7ok psikolojik sorun i\u00e7in etkili bir tedavi y\u00f6ntemi sunar.<\/p>\n<\/li>\n<li class=\"\" data-start=\"3602\" data-end=\"3816\">\n<p class=\"\" data-start=\"3604\" data-end=\"3816\"><strong data-start=\"3604\" data-end=\"3646\">K\u0131sa S\u00fcreli ve Derinlemesine \u00c7\u00f6z\u00fcmler:<\/strong> EMDR, geleneksel terapi y\u00f6ntemlerine g\u00f6re daha k\u0131sa s\u00fcrede kal\u0131c\u0131 etkiler sa\u011flayabilir. Bu sayede, terapistler h\u0131zl\u0131 ve etkili m\u00fcdahalelerle iyile\u015fme s\u00fcrecini destekler.<\/p>\n<\/li>\n<li class=\"\" data-start=\"3817\" data-end=\"3996\">\n<p class=\"\" data-start=\"3819\" data-end=\"3996\"><strong data-start=\"3819\" data-end=\"3852\">Uygulamal\u0131 E\u011fitim ve Deneyim:<\/strong> E\u011fitim boyunca, teorik bilgilere ek olarak ger\u00e7ek vaka \u00f6rnekleri ve uygulamal\u0131 seanslarla, \u00f6\u011frendiklerinizi prati\u011fe d\u00f6kme f\u0131rsat\u0131 bulacaks\u0131n\u0131z.<\/p>\n<\/li>\n<li class=\"\" data-start=\"3997\" data-end=\"4176\">\n<p class=\"\" data-start=\"3999\" data-end=\"4176\"><strong data-start=\"3999\" data-end=\"4024\">Geni\u015f Uygulama Alan\u0131:<\/strong> EMDR, yaln\u0131zca travma ile ilgili sorunlar i\u00e7in de\u011fil, ayn\u0131 zamanda depresyon, kay\u0131plar, anksiyete, fobi gibi durumlarla ba\u015fa \u00e7\u0131kmada da kullan\u0131labilir.<\/p>\n<\/li>\n<\/ul>\n<hr class=\"\" data-start=\"4178\" data-end=\"4181\" \/>\n<h3 class=\"\" data-start=\"4183\" data-end=\"4226\"><strong data-start=\"4187\" data-end=\"4226\">Travman\u0131n Etkilerini EMDR ile A\u015f\u0131n!<\/strong><\/h3>\n<p class=\"\" data-start=\"4228\" data-end=\"4557\"><strong data-start=\"4228\" data-end=\"4261\">Temel EMDR Uygulay\u0131c\u0131 E\u011fitimi<\/strong>, travma sonras\u0131 iyile\u015fme s\u00fcrecine katk\u0131 sa\u011flamak ve bireylerin psikolojik sa\u011fl\u0131klar\u0131n\u0131 yeniden yap\u0131land\u0131rmalar\u0131na yard\u0131mc\u0131 olmak isteyen terapistler i\u00e7in m\u00fckemmel bir f\u0131rsatt\u0131r. Bu e\u011fitim, EMDR terapisiyle \u00e7al\u0131\u015fan profesyonellere, etkili bir \u015fekilde travma tedavisi uygulama becerisi kazand\u0131r\u0131r.<\/p>\n<p class=\"\" data-start=\"4559\" data-end=\"4649\"><strong data-start=\"4559\" data-end=\"4649\">EMDR ile g\u00fc\u00e7l\u00fc bir de\u011fi\u015fim yarat\u0131n ve travma sonras\u0131 iyile\u015fme s\u00fcre\u00e7lerini h\u0131zland\u0131r\u0131n!<\/strong><\/p>\n","protected":false},"excerpt":{"rendered":"<p>Temel EMDR Uygulay\u0131c\u0131 E\u011fitimi ile Travma Sonras\u0131 \u0130yile\u015fme S\u00fcrecine Katk\u0131 Sa\u011flay\u0131n EMDR (G\u00f6z Hareketleriyle Duyars\u0131zla\u015ft\u0131rma ve Yeniden \u0130\u015fleme) terapisi, \u00f6zellikle travma ve travmaya ba\u011fl\u0131 bozukluklar \u00fczerine etkili bir psikoterapi y\u00f6ntemidir. [&hellip;]<\/p>\n","protected":false},"featured_media":3710,"comment_status":"open","ping_status":"closed","template":"","meta":{"_acf_changed":false,"_monsterinsights_skip_tracking":false,"_monsterinsights_sitenote_active":false,"_monsterinsights_sitenote_note":"","_monsterinsights_sitenote_category":0},"product_brand":[],"product_cat":[57],"product_tag":[],"class_list":{"0":"post-3708","1":"product","2":"type-product","3":"status-publish","4":"has-post-thumbnail","6":"product_cat-uncategorized-tr","8":"first","9":"instock","10":"sale","11":"virtual","12":"taxable","13":"purchasable","14":"product-type-simple"},"acf":[],"aioseo_notices":[],"_links":{"self":[{"href":"https:\/\/www.arsakademia.com\/en\/wp-json\/wp\/v2\/product\/3708","targetHints":{"allow":["GET"]}}],"collection":[{"href":"https:\/\/www.arsakademia.com\/en\/wp-json\/wp\/v2\/product"}],"about":[{"href":"https:\/\/www.arsakademia.com\/en\/wp-json\/wp\/v2\/types\/product"}],"replies":[{"embeddable":true,"href":"https:\/\/www.arsakademia.com\/en\/wp-json\/wp\/v2\/comments?post=3708"}],"wp:featuredmedia":[{"embeddable":true,"href":"https:\/\/www.arsakademia.com\/en\/wp-json\/wp\/v2\/media\/3710"}],"wp:attachment":[{"href":"https:\/\/www.arsakademia.com\/en\/wp-json\/wp\/v2\/media?parent=3708"}],"wp:term":[{"taxonomy":"product_brand","embeddable":true,"href":"https:\/\/www.arsakademia.com\/en\/wp-json\/wp\/v2\/product_brand?post=3708"},{"taxonomy":"product_cat","embeddable":true,"href":"https:\/\/www.arsakademia.com\/en\/wp-json\/wp\/v2\/product_cat?post=3708"},{"taxonomy":"product_tag","embeddable":true,"href":"https:\/\/www.arsakademia.com\/en\/wp-json\/wp\/v2\/product_tag?post=3708"}],"curies":[{"name":"wp","href":"https:\/\/api.w.org\/{rel}","templated":true}]}}