{"id":3691,"date":"2025-04-08T13:09:57","date_gmt":"2025-04-08T10:09:57","guid":{"rendered":"https:\/\/www.arsakademia.com\/?post_type=product&#038;p=3691"},"modified":"2025-06-01T00:00:15","modified_gmt":"2025-05-31T21:00:15","slug":"objektif-testler-uygulayici-egitimi","status":"publish","type":"product","link":"https:\/\/www.arsakademia.com\/en\/product\/objektif-testler-uygulayici-egitimi\/","title":{"rendered":"Objektif Testler Uygulay\u0131c\u0131 E\u011fitimi"},"content":{"rendered":"<h3 class=\"\" data-start=\"97\" data-end=\"203\"><strong data-start=\"101\" data-end=\"203\">Objektif Testler Uygulay\u0131c\u0131 E\u011fitimi ile Psikolojik De\u011ferlendirmelerde G\u00fcvenilir Sonu\u00e7lar Elde Edin<\/strong><\/h3>\n<p class=\"\" data-start=\"205\" data-end=\"710\"><strong data-start=\"205\" data-end=\"225\">Objektif testler<\/strong>, bireylerin ki\u015filik \u00f6zelliklerini, zihinsel durumlar\u0131n\u0131 ve davran\u0131\u015flar\u0131n\u0131 \u00f6l\u00e7mede kullan\u0131lan psikolojik ara\u00e7lard\u0131r. Bu testler, de\u011ferlendirmelerin nesnel ve g\u00fcvenilir olmas\u0131n\u0131 sa\u011flar, \u00e7\u00fcnk\u00fc yan\u0131tlar genellikle a\u00e7\u0131k u\u00e7lu de\u011fil, belirli yan\u0131t se\u00e7eneklerinden olu\u015fur. <strong data-start=\"491\" data-end=\"530\">Objektif Testler Uygulay\u0131c\u0131 E\u011fitimi<\/strong>, psikologlar, dan\u0131\u015fmanlar ve di\u011fer ruh sa\u011fl\u0131\u011f\u0131 profesyonellerine, objektif testlerin do\u011fru bir \u015fekilde nas\u0131l uygulanaca\u011f\u0131n\u0131 ve sonu\u00e7lar\u0131n nas\u0131l yorumlanaca\u011f\u0131n\u0131 \u00f6\u011fretmeyi hedefler.<\/p>\n<p class=\"\" data-start=\"712\" data-end=\"1001\">Bu e\u011fitim, psikolojik testlerin do\u011frulu\u011funu ve ge\u00e7erlili\u011fini art\u0131rmak i\u00e7in gerekli bilgi ve becerileri kazand\u0131r\u0131r. Kat\u0131l\u0131mc\u0131lar, psikolojik de\u011ferlendirme s\u00fcre\u00e7lerinde objektif testleri etkin bir \u015fekilde kullanarak, bireylerin ruhsal sa\u011fl\u0131klar\u0131n\u0131 ve ki\u015filik yap\u0131lar\u0131n\u0131 daha iyi anlayabilir.<\/p>\n<hr class=\"\" data-start=\"1003\" data-end=\"1006\" \/>\n<h3 class=\"\" data-start=\"1008\" data-end=\"1031\"><strong data-start=\"1012\" data-end=\"1031\">E\u011fitim \u0130\u00e7eri\u011fi:<\/strong><\/h3>\n<ul data-start=\"1032\" data-end=\"2065\">\n<li class=\"\" data-start=\"1032\" data-end=\"1167\">\n<p class=\"\" data-start=\"1034\" data-end=\"1167\"><strong data-start=\"1034\" data-end=\"1062\">Objektif Testlere Giri\u015f:<\/strong> Objektif testlerin tarih\u00e7esi, geli\u015fimi ve psikolojik de\u011ferlendirmelerdeki \u00f6nemi hakk\u0131nda temel bilgiler.<\/p>\n<\/li>\n<li class=\"\" data-start=\"1168\" data-end=\"1293\">\n<p class=\"\" data-start=\"1170\" data-end=\"1293\"><strong data-start=\"1170\" data-end=\"1201\">Objektif Testlerin T\u00fcrleri:<\/strong> Farkl\u0131 objektif test t\u00fcrlerinin tan\u0131t\u0131m\u0131, hangi testlerin hangi durumlar i\u00e7in uygun oldu\u011fu.<\/p>\n<\/li>\n<li class=\"\" data-start=\"1294\" data-end=\"1468\">\n<p class=\"\" data-start=\"1296\" data-end=\"1468\"><strong data-start=\"1296\" data-end=\"1325\">Test Uygulama Y\u00f6ntemleri:<\/strong> Objektif testlerin do\u011fru bir \u015fekilde nas\u0131l uygulanaca\u011f\u0131, bireylere testin nas\u0131l sunulaca\u011f\u0131 ve test s\u0131ras\u0131nda dikkat edilmesi gereken noktalar.<\/p>\n<\/li>\n<li class=\"\" data-start=\"1469\" data-end=\"1615\">\n<p class=\"\" data-start=\"1471\" data-end=\"1615\"><strong data-start=\"1471\" data-end=\"1499\">Sonu\u00e7lar\u0131n Yorumlanmas\u0131:<\/strong> Test sonu\u00e7lar\u0131n\u0131n do\u011fru bir \u015fekilde nas\u0131l analiz edilece\u011fi ve farkl\u0131 \u00f6l\u00e7\u00fcm alanlar\u0131nda anlaml\u0131 yorumlar yap\u0131laca\u011f\u0131.<\/p>\n<\/li>\n<li class=\"\" data-start=\"1616\" data-end=\"1786\">\n<p class=\"\" data-start=\"1618\" data-end=\"1786\"><strong data-start=\"1618\" data-end=\"1661\">Testlerin G\u00fcvenilirli\u011fi ve Ge\u00e7erlili\u011fi:<\/strong> Objektif testlerin g\u00fcvenilirli\u011fini ve ge\u00e7erlili\u011fini nas\u0131l \u00f6l\u00e7ebilece\u011finiz, bu testlerin sonu\u00e7lar\u0131na nas\u0131l g\u00fcvenebilece\u011finiz.<\/p>\n<\/li>\n<li class=\"\" data-start=\"1787\" data-end=\"1947\">\n<p class=\"\" data-start=\"1789\" data-end=\"1947\"><strong data-start=\"1789\" data-end=\"1827\">Farkl\u0131 Beceriler \u0130\u00e7in Test Se\u00e7imi:<\/strong> Bireylerin ki\u015filik, zeka, dikkat, haf\u0131za gibi farkl\u0131 becerileri \u00fczerine hangi testlerin kullan\u0131laca\u011f\u0131na dair rehberlik.<\/p>\n<\/li>\n<li class=\"\" data-start=\"1948\" data-end=\"2065\">\n<p class=\"\" data-start=\"1950\" data-end=\"2065\"><strong data-start=\"1950\" data-end=\"1982\">Uygulamal\u0131 Vaka \u00c7al\u0131\u015fmalar\u0131:<\/strong> Ger\u00e7ek vaka \u00f6rnekleriyle, \u00f6\u011frenilen teorik bilgilerin pratikte nas\u0131l uygulanaca\u011f\u0131.<\/p>\n<\/li>\n<\/ul>\n<hr class=\"\" data-start=\"2067\" data-end=\"2070\" \/>\n<h3 class=\"\" data-start=\"2072\" data-end=\"2097\"><strong data-start=\"2076\" data-end=\"2097\">Kimler Kat\u0131lmal\u0131?<\/strong><\/h3>\n<ul data-start=\"2098\" data-end=\"2976\">\n<li class=\"\" data-start=\"2098\" data-end=\"2238\">\n<p class=\"\" data-start=\"2100\" data-end=\"2238\"><strong data-start=\"2100\" data-end=\"2135\">Psikologlar ve Psikiyatristler:<\/strong> Bireylerin ruhsal durumlar\u0131n\u0131 ve ki\u015filik yap\u0131lar\u0131n\u0131 do\u011fru bir \u015fekilde de\u011ferlendirmek isteyen uzmanlar.<\/p>\n<\/li>\n<li class=\"\" data-start=\"2239\" data-end=\"2376\">\n<p class=\"\" data-start=\"2241\" data-end=\"2376\"><strong data-start=\"2241\" data-end=\"2279\">Klinik Terapistler ve Dan\u0131\u015fmanlar:<\/strong> Psikolojik testleri kullanarak daha kapsaml\u0131 de\u011ferlendirmeler yapmay\u0131 hedefleyen profesyoneller.<\/p>\n<\/li>\n<li class=\"\" data-start=\"2377\" data-end=\"2530\">\n<p class=\"\" data-start=\"2379\" data-end=\"2530\"><strong data-start=\"2379\" data-end=\"2429\">Rehberlik ve Psikolojik Dan\u0131\u015fmanl\u0131k Uzmanlar\u0131:<\/strong> E\u011fitimde ve rehberlik s\u00fcre\u00e7lerinde psikolojik testlerin yerini daha iyi anlamak isteyen dan\u0131\u015fmanlar.<\/p>\n<\/li>\n<li class=\"\" data-start=\"2531\" data-end=\"2664\">\n<p class=\"\" data-start=\"2533\" data-end=\"2664\"><strong data-start=\"2533\" data-end=\"2561\">Sosyal Hizmet Uzmanlar\u0131:<\/strong> Bireylerin psikolojik durumlar\u0131n\u0131 daha do\u011fru bir \u015fekilde analiz etmek isteyen sosyal hizmet uzmanlar\u0131.<\/p>\n<\/li>\n<li class=\"\" data-start=\"2665\" data-end=\"2808\">\n<p class=\"\" data-start=\"2667\" data-end=\"2808\"><strong data-start=\"2667\" data-end=\"2698\">\u0130nsan Kaynaklar\u0131 Uzmanlar\u0131:<\/strong> Personel se\u00e7me s\u00fcre\u00e7lerinde objektif testler kullanarak daha do\u011fru kararlar almak isteyen \u0130K profesyonelleri.<\/p>\n<\/li>\n<li class=\"\" data-start=\"2809\" data-end=\"2976\">\n<p class=\"\" data-start=\"2811\" data-end=\"2976\"><strong data-start=\"2811\" data-end=\"2842\">E\u011fitimciler ve \u00d6\u011fretmenler:<\/strong> \u00d6\u011frencilerinin ki\u015filik \u00f6zelliklerini ve potansiyellerini daha iyi anlayarak e\u011fitim s\u00fcre\u00e7lerinde rehberlik yapmak isteyen e\u011fitimciler.<\/p>\n<\/li>\n<\/ul>\n<hr class=\"\" data-start=\"2978\" data-end=\"2981\" \/>\n<h3 class=\"\" data-start=\"2983\" data-end=\"3033\"><strong data-start=\"2987\" data-end=\"3033\">Neden Objektif Testler Uygulay\u0131c\u0131 E\u011fitimi?<\/strong><\/h3>\n<ul data-start=\"3034\" data-end=\"4144\">\n<li class=\"\" data-start=\"3034\" data-end=\"3202\">\n<p class=\"\" data-start=\"3036\" data-end=\"3202\"><strong data-start=\"3036\" data-end=\"3059\">G\u00fcvenilir Sonu\u00e7lar:<\/strong> Objektif testler, yan\u0131tlar\u0131n belirli ve a\u00e7\u0131k oldu\u011fu ara\u00e7lar olup, testin g\u00fcvenilirli\u011fini art\u0131r\u0131r ve de\u011ferlendirmelerin nesnel olmas\u0131n\u0131 sa\u011flar.<\/p>\n<\/li>\n<li class=\"\" data-start=\"3203\" data-end=\"3427\">\n<p class=\"\" data-start=\"3205\" data-end=\"3427\"><strong data-start=\"3205\" data-end=\"3261\">Psikolojik De\u011ferlendirmelerde Derinlemesine Anlay\u0131\u015f:<\/strong> Bu testler, bireylerin ki\u015filik \u00f6zelliklerini, zeka seviyelerini, bili\u015fsel becerilerini ve duygusal durumlar\u0131n\u0131 daha do\u011fru bir \u015fekilde de\u011ferlendirmenize olanak tan\u0131r.<\/p>\n<\/li>\n<li class=\"\" data-start=\"3428\" data-end=\"3626\">\n<p class=\"\" data-start=\"3430\" data-end=\"3626\"><strong data-start=\"3430\" data-end=\"3473\">Test Sonu\u00e7lar\u0131n\u0131 Profesyonel Yorumlama:<\/strong> E\u011fitim, test sonu\u00e7lar\u0131n\u0131 do\u011fru ve etkili bir \u015fekilde yorumlama becerisi kazand\u0131r\u0131r, b\u00f6ylece psikolojik analizlerde daha kapsaml\u0131 veriler elde edersiniz.<\/p>\n<\/li>\n<li class=\"\" data-start=\"3627\" data-end=\"3847\">\n<p class=\"\" data-start=\"3629\" data-end=\"3847\"><strong data-start=\"3629\" data-end=\"3676\">Bireylerin G\u00fc\u00e7l\u00fc ve Zay\u0131f Y\u00f6nlerini Anlama:<\/strong> Objektif testler, bireylerin g\u00fc\u00e7l\u00fc y\u00f6nlerini ke\u015ffetmeye ve geli\u015fim ihtiya\u00e7lar\u0131n\u0131 belirlemeye yard\u0131mc\u0131 olur, bu da ki\u015fisel ve profesyonel geli\u015fim s\u00fcre\u00e7lerine katk\u0131 sa\u011flar.<\/p>\n<\/li>\n<li class=\"\" data-start=\"3848\" data-end=\"4001\">\n<p class=\"\" data-start=\"3850\" data-end=\"4001\"><strong data-start=\"3850\" data-end=\"3882\">Testlerin Kullan\u0131m Alanlar\u0131:<\/strong> E\u011fitim, farkl\u0131 testlerin hangi durumlarda kullan\u0131laca\u011f\u0131n\u0131 ve hangi alanlarda daha etkili olaca\u011f\u0131n\u0131 \u00f6\u011frenmenizi sa\u011flar.<\/p>\n<\/li>\n<li class=\"\" data-start=\"4002\" data-end=\"4144\">\n<p class=\"\" data-start=\"4004\" data-end=\"4144\"><strong data-start=\"4004\" data-end=\"4027\">Pratik Uygulamalar:<\/strong> Ger\u00e7ek vaka \u00e7al\u0131\u015fmalar\u0131 ve uygulamalar ile \u00f6\u011frenilen teorik bilgilerin ger\u00e7ek d\u00fcnyada nas\u0131l kullan\u0131ld\u0131\u011f\u0131n\u0131 ke\u015ffedin.<\/p>\n<\/li>\n<\/ul>\n<hr class=\"\" data-start=\"4146\" data-end=\"4149\" \/>\n<h3 class=\"\" data-start=\"4151\" data-end=\"4242\"><strong data-start=\"4155\" data-end=\"4242\">Objektif Testler ile Psikolojik De\u011ferlendirmelerde Uzmanla\u015fmak \u0130\u00e7in \u015eimdi Ba\u015fvurun!<\/strong><\/h3>\n<p class=\"\" data-start=\"4244\" data-end=\"4577\"><strong data-start=\"4244\" data-end=\"4283\">Objektif Testler Uygulay\u0131c\u0131 E\u011fitimi<\/strong>, psikolojik testleri do\u011fru bir \u015fekilde kullanarak, bireylerin ki\u015filiklerini, zeka seviyelerini ve ruhsal durumlar\u0131n\u0131 daha derinlemesine analiz etmenizi sa\u011flayacakt\u0131r. Bu e\u011fitim, profesyonel becerilerinizi geli\u015ftirecek ve psikolojik de\u011ferlendirme s\u00fcre\u00e7lerinizi daha g\u00fcvenilir hale getirecektir.<\/p>\n<p class=\"\" data-start=\"4579\" data-end=\"4718\"><strong data-start=\"4579\" data-end=\"4718\">Objektif testleri do\u011fru bir \u015fekilde kullanarak, bireylerin psikolojik durumlar\u0131n\u0131 daha etkili bir \u015fekilde de\u011ferlendirmek i\u00e7in ba\u015fvurun!<\/strong><\/p>\n","protected":false},"excerpt":{"rendered":"<p>Objektif Testler Uygulay\u0131c\u0131 E\u011fitimi ile Psikolojik De\u011ferlendirmelerde G\u00fcvenilir Sonu\u00e7lar Elde Edin Objektif testler, bireylerin ki\u015filik \u00f6zelliklerini, zihinsel durumlar\u0131n\u0131 ve davran\u0131\u015flar\u0131n\u0131 \u00f6l\u00e7mede kullan\u0131lan psikolojik ara\u00e7lard\u0131r. Bu testler, de\u011ferlendirmelerin nesnel ve g\u00fcvenilir [&hellip;]<\/p>\n","protected":false},"featured_media":3692,"comment_status":"open","ping_status":"closed","template":"","meta":{"_acf_changed":false,"_monsterinsights_skip_tracking":false,"_monsterinsights_sitenote_active":false,"_monsterinsights_sitenote_note":"","_monsterinsights_sitenote_category":0},"product_brand":[],"product_cat":[57],"product_tag":[],"class_list":{"0":"post-3691","1":"product","2":"type-product","3":"status-publish","4":"has-post-thumbnail","6":"product_cat-uncategorized-tr","8":"first","9":"instock","10":"virtual","11":"taxable","12":"purchasable","13":"product-type-simple"},"acf":[],"aioseo_notices":[],"_links":{"self":[{"href":"https:\/\/www.arsakademia.com\/en\/wp-json\/wp\/v2\/product\/3691","targetHints":{"allow":["GET"]}}],"collection":[{"href":"https:\/\/www.arsakademia.com\/en\/wp-json\/wp\/v2\/product"}],"about":[{"href":"https:\/\/www.arsakademia.com\/en\/wp-json\/wp\/v2\/types\/product"}],"replies":[{"embeddable":true,"href":"https:\/\/www.arsakademia.com\/en\/wp-json\/wp\/v2\/comments?post=3691"}],"wp:featuredmedia":[{"embeddable":true,"href":"https:\/\/www.arsakademia.com\/en\/wp-json\/wp\/v2\/media\/3692"}],"wp:attachment":[{"href":"https:\/\/www.arsakademia.com\/en\/wp-json\/wp\/v2\/media?parent=3691"}],"wp:term":[{"taxonomy":"product_brand","embeddable":true,"href":"https:\/\/www.arsakademia.com\/en\/wp-json\/wp\/v2\/product_brand?post=3691"},{"taxonomy":"product_cat","embeddable":true,"href":"https:\/\/www.arsakademia.com\/en\/wp-json\/wp\/v2\/product_cat?post=3691"},{"taxonomy":"product_tag","embeddable":true,"href":"https:\/\/www.arsakademia.com\/en\/wp-json\/wp\/v2\/product_tag?post=3691"}],"curies":[{"name":"wp","href":"https:\/\/api.w.org\/{rel}","templated":true}]}}