{"id":3688,"date":"2025-04-08T13:05:04","date_gmt":"2025-04-08T10:05:04","guid":{"rendered":"https:\/\/www.arsakademia.com\/?post_type=product&#038;p=3688"},"modified":"2025-04-08T13:05:04","modified_gmt":"2025-04-08T10:05:04","slug":"minnesota-cok-yonlu-kisilik-envanteri","status":"publish","type":"product","link":"https:\/\/www.arsakademia.com\/en\/product\/minnesota-cok-yonlu-kisilik-envanteri\/","title":{"rendered":"Minnesota \u00c7ok Y\u00f6nl\u00fc Ki\u015filik Envanteri"},"content":{"rendered":"<h3 class=\"\" data-start=\"114\" data-end=\"222\"><strong data-start=\"118\" data-end=\"222\">Minnesota \u00c7ok Y\u00f6nl\u00fc Ki\u015filik Envanteri (MMPI) E\u011fitimi ile Derinlemesine Ki\u015filik De\u011ferlendirmesi Yap\u0131n<\/strong><\/h3>\n<p class=\"\" data-start=\"224\" data-end=\"738\"><strong data-start=\"224\" data-end=\"272\">Minnesota \u00c7ok Y\u00f6nl\u00fc Ki\u015filik Envanteri (MMPI)<\/strong>, d\u00fcnya \u00e7ap\u0131nda en yayg\u0131n kullan\u0131lan psikolojik testlerden biridir. Bireylerin ki\u015filik \u00f6zelliklerini, psikolojik durumlar\u0131n\u0131 ve olas\u0131 psikopatolojik belirtileri de\u011ferlendirmek i\u00e7in kullan\u0131lan MMPI, klinik psikologlar ve di\u011fer ruh sa\u011fl\u0131\u011f\u0131 profesyonelleri taraf\u0131ndan ki\u015filik de\u011ferlendirmelerinde s\u0131kl\u0131kla ba\u015fvurulan bir ara\u00e7t\u0131r. <strong data-start=\"599\" data-end=\"615\">MMPI E\u011fitimi<\/strong>, bu testin do\u011fru bir \u015fekilde uygulanmas\u0131 ve yorumlanmas\u0131 konusunda size kapsaml\u0131 bilgi ve beceriler kazand\u0131rmay\u0131 hedefler.<\/p>\n<p class=\"\" data-start=\"740\" data-end=\"1097\">Bu e\u011fitim, ki\u015filik yap\u0131lar\u0131n\u0131n ve ruhsal durumlar\u0131n daha iyi anla\u015f\u0131lmas\u0131n\u0131 sa\u011flar. MMPI testi, yaln\u0131zca bireylerin ki\u015filiklerini anlamakla kalmaz, ayn\u0131 zamanda ruhsal bozukluklar\u0131 ve davran\u0131\u015fsal e\u011filimleri de incelemeye olanak tan\u0131r. E\u011fitimi alarak, MMPI\u2019yi do\u011fru bir \u015fekilde kullanabilir ve test sonu\u00e7lar\u0131ndan sa\u011fl\u0131kl\u0131, g\u00fcvenilir \u00e7\u0131kar\u0131mlar yapabilirsiniz.<\/p>\n<hr class=\"\" data-start=\"1099\" data-end=\"1102\" \/>\n<h3 class=\"\" data-start=\"1104\" data-end=\"1127\"><strong data-start=\"1108\" data-end=\"1127\">E\u011fitim \u0130\u00e7eri\u011fi:<\/strong><\/h3>\n<ul data-start=\"1128\" data-end=\"2288\">\n<li class=\"\" data-start=\"1128\" data-end=\"1256\">\n<p class=\"\" data-start=\"1130\" data-end=\"1256\"><strong data-start=\"1130\" data-end=\"1153\">MMPI Testine Giri\u015f:<\/strong> Testin tarih\u00e7esi, geli\u015fimi, amac\u0131 ve psikolojik de\u011ferlendirmelerdeki yeri hakk\u0131nda temel bilgi edinme.<\/p>\n<\/li>\n<li class=\"\" data-start=\"1257\" data-end=\"1462\">\n<p class=\"\" data-start=\"1259\" data-end=\"1462\"><strong data-start=\"1259\" data-end=\"1295\">MMPI Testinin Yap\u0131s\u0131 ve Kapsam\u0131:<\/strong> MMPI\u2019nin \u00e7e\u015fitli alt testlerinden ve kategorilerinden, testin hangi ruhsal durumlar\u0131 ve ki\u015filik \u00f6zelliklerini de\u011ferlendirdi\u011finden nas\u0131l faydalanabilece\u011finizi \u00f6\u011frenin.<\/p>\n<\/li>\n<li class=\"\" data-start=\"1463\" data-end=\"1629\">\n<p class=\"\" data-start=\"1465\" data-end=\"1629\"><strong data-start=\"1465\" data-end=\"1498\">MMPI\u2019nin Uygulama Y\u00f6ntemleri:<\/strong> Testin do\u011fru bir \u015fekilde nas\u0131l uygulanaca\u011f\u0131, bireylere testin nas\u0131l sunulaca\u011f\u0131 ve test s\u0131ras\u0131nda dikkat edilmesi gereken noktalar.<\/p>\n<\/li>\n<li class=\"\" data-start=\"1630\" data-end=\"1832\">\n<p class=\"\" data-start=\"1632\" data-end=\"1832\"><strong data-start=\"1632\" data-end=\"1667\">Test Sonu\u00e7lar\u0131n\u0131n Yorumlanmas\u0131:<\/strong> MMPI sonu\u00e7lar\u0131n\u0131 do\u011fru bir \u015fekilde analiz etme, testteki farkl\u0131 skorlar\u0131 (\u00f6rne\u011fin, belirli \u00f6l\u00e7ekler) anlamland\u0131rma ve bunlar\u0131 profesyonel bir \u015fekilde de\u011ferlendirme.<\/p>\n<\/li>\n<li class=\"\" data-start=\"1833\" data-end=\"1995\">\n<p class=\"\" data-start=\"1835\" data-end=\"1995\"><strong data-start=\"1835\" data-end=\"1861\">Psikolojik Profilleme:<\/strong> MMPI sonu\u00e7lar\u0131 ile bireylerin ki\u015filik yap\u0131lar\u0131 ve olas\u0131 psikopatolojik e\u011filimleri hakk\u0131nda nas\u0131l derinlemesine bilgi edinebilirsiniz.<\/p>\n<\/li>\n<li class=\"\" data-start=\"1996\" data-end=\"2113\">\n<p class=\"\" data-start=\"1998\" data-end=\"2113\"><strong data-start=\"1998\" data-end=\"2034\">MMPI\u2019nin G\u00fc\u00e7l\u00fc ve Zay\u0131f Y\u00f6nleri:<\/strong> MMPI\u2019nin etkinlik alanlar\u0131, s\u0131n\u0131rlamalar\u0131 ve dikkat edilmesi gereken noktalar.<\/p>\n<\/li>\n<li class=\"\" data-start=\"2114\" data-end=\"2288\">\n<p class=\"\" data-start=\"2116\" data-end=\"2288\"><strong data-start=\"2116\" data-end=\"2159\">Pratik Uygulamalar ve Vaka \u00c7al\u0131\u015fmalar\u0131:<\/strong> Ger\u00e7ek vaka \u00f6rnekleriyle MMPI sonu\u00e7lar\u0131n\u0131n nas\u0131l yorumlanaca\u011f\u0131 ve \u00e7e\u015fitli durumlar i\u00e7in nas\u0131l profesyonel bir analiz yap\u0131laca\u011f\u0131.<\/p>\n<\/li>\n<\/ul>\n<hr class=\"\" data-start=\"2290\" data-end=\"2293\" \/>\n<h3 class=\"\" data-start=\"2295\" data-end=\"2320\"><strong data-start=\"2299\" data-end=\"2320\">Kimler Kat\u0131lmal\u0131?<\/strong><\/h3>\n<ul data-start=\"2321\" data-end=\"3273\">\n<li class=\"\" data-start=\"2321\" data-end=\"2478\">\n<p class=\"\" data-start=\"2323\" data-end=\"2478\"><strong data-start=\"2323\" data-end=\"2358\">Psikologlar ve Psikiyatristler:<\/strong> Bireylerin ki\u015filik yap\u0131lar\u0131, psikolojik sa\u011fl\u0131klar\u0131 ve potansiyel ruhsal bozukluklar\u0131n\u0131 de\u011ferlendirmek isteyen uzmanlar.<\/p>\n<\/li>\n<li class=\"\" data-start=\"2479\" data-end=\"2600\">\n<p class=\"\" data-start=\"2481\" data-end=\"2600\"><strong data-start=\"2481\" data-end=\"2519\">Klinik Terapistler ve Dan\u0131\u015fmanlar:<\/strong> Bireysel terapi uygulayan ve ruhsal sa\u011fl\u0131k de\u011ferlendirmesi yapan profesyoneller.<\/p>\n<\/li>\n<li class=\"\" data-start=\"2601\" data-end=\"2778\">\n<p class=\"\" data-start=\"2603\" data-end=\"2778\"><strong data-start=\"2603\" data-end=\"2643\">Adli Psikologlar ve Hukuk Uzmanlar\u0131:<\/strong> Psikolojik de\u011ferlendirmelerin adli s\u00fcre\u00e7lerde nas\u0131l kullan\u0131ld\u0131\u011f\u0131n\u0131 \u00f6\u011frenmek isteyen hukuk ve adalet sisteminde \u00e7al\u0131\u015fan profesyoneller.<\/p>\n<\/li>\n<li class=\"\" data-start=\"2779\" data-end=\"2961\">\n<p class=\"\" data-start=\"2781\" data-end=\"2961\"><strong data-start=\"2781\" data-end=\"2831\">Rehberlik ve Psikolojik Dan\u0131\u015fmanl\u0131k Uzmanlar\u0131:<\/strong> Bireylerin ki\u015filik \u00f6zelliklerini ve psikolojik durumlar\u0131n\u0131 daha iyi anlayarak, rehberlik s\u00fcrecinde kullanmak isteyen dan\u0131\u015fmanlar.<\/p>\n<\/li>\n<li class=\"\" data-start=\"2962\" data-end=\"3143\">\n<p class=\"\" data-start=\"2964\" data-end=\"3143\"><strong data-start=\"2964\" data-end=\"3007\">Sosyal Hizmet Uzmanlar\u0131 ve E\u011fitimciler:<\/strong> Psikolojik de\u011ferlendirmelerin, e\u011fitim s\u00fcre\u00e7lerinde nas\u0131l bir yol g\u00f6sterici oldu\u011funu \u00f6\u011frenmek isteyen sosyal hizmet ve e\u011fitim uzmanlar\u0131.<\/p>\n<\/li>\n<li class=\"\" data-start=\"3144\" data-end=\"3273\">\n<p class=\"\" data-start=\"3146\" data-end=\"3273\"><strong data-start=\"3146\" data-end=\"3177\">\u0130nsan Kaynaklar\u0131 Uzmanlar\u0131:<\/strong> Personel al\u0131m s\u00fcre\u00e7lerinde adaylar\u0131n ki\u015filik \u00f6zelliklerini de\u011ferlendirmek isteyen \u0130K uzmanlar\u0131.<\/p>\n<\/li>\n<\/ul>\n<hr class=\"\" data-start=\"3275\" data-end=\"3278\" \/>\n<h3 class=\"\" data-start=\"3280\" data-end=\"3307\"><strong data-start=\"3284\" data-end=\"3307\">Neden MMPI E\u011fitimi?<\/strong><\/h3>\n<ul data-start=\"3308\" data-end=\"4461\">\n<li class=\"\" data-start=\"3308\" data-end=\"3499\">\n<p class=\"\" data-start=\"3310\" data-end=\"3499\"><strong data-start=\"3310\" data-end=\"3347\">Kapsaml\u0131 Ki\u015filik De\u011ferlendirmesi:<\/strong> MMPI, bireylerin ki\u015filik yap\u0131s\u0131n\u0131, psikolojik sa\u011fl\u0131k durumlar\u0131n\u0131 ve potansiyel ruhsal bozukluklar\u0131 derinlemesine inceleyerek, g\u00fcvenilir sonu\u00e7lar sunar.<\/p>\n<\/li>\n<li class=\"\" data-start=\"3500\" data-end=\"3658\">\n<p class=\"\" data-start=\"3502\" data-end=\"3658\"><strong data-start=\"3502\" data-end=\"3543\">Psikopatolojik Belirtileri Tan\u0131mlama:<\/strong> MMPI, depresyon, anksiyete, \u015fizofreni gibi \u00e7e\u015fitli psikolojik rahats\u0131zl\u0131klar\u0131n tan\u0131mlanmas\u0131nda etkili bir ara\u00e7t\u0131r.<\/p>\n<\/li>\n<li class=\"\" data-start=\"3659\" data-end=\"3852\">\n<p class=\"\" data-start=\"3661\" data-end=\"3852\"><strong data-start=\"3661\" data-end=\"3700\">Klinik De\u011ferlendirmelerde Kullan\u0131m:<\/strong> MMPI, klinik de\u011ferlendirmelerde ve tedavi s\u00fcrecinde bireylerin ruhsal sa\u011fl\u0131klar\u0131n\u0131 anlamak ve tedavi planlar\u0131 olu\u015fturmak i\u00e7in yayg\u0131n olarak kullan\u0131l\u0131r.<\/p>\n<\/li>\n<li class=\"\" data-start=\"3853\" data-end=\"4007\">\n<p class=\"\" data-start=\"3855\" data-end=\"4007\"><strong data-start=\"3855\" data-end=\"3890\">Objektif ve G\u00fcvenilir Sonu\u00e7lar:<\/strong> MMPI, bireylerin ki\u015filik \u00f6zelliklerini ve psikolojik durumlar\u0131n\u0131 daha objektif bir \u015fekilde de\u011ferlendirmenizi sa\u011flar.<\/p>\n<\/li>\n<li class=\"\" data-start=\"4008\" data-end=\"4172\">\n<p class=\"\" data-start=\"4010\" data-end=\"4172\"><strong data-start=\"4010\" data-end=\"4039\">Pratik ve Kolay Uygulama:<\/strong> Test kolayca uygulanabilir ve k\u0131sa s\u00fcrede sonu\u00e7 elde edilebilir. Test, psikolojik de\u011ferlendirmelerde h\u0131zl\u0131 ve g\u00fcvenilir veri sa\u011flar.<\/p>\n<\/li>\n<li class=\"\" data-start=\"4173\" data-end=\"4334\">\n<p class=\"\" data-start=\"4175\" data-end=\"4334\"><strong data-start=\"4175\" data-end=\"4206\">Etkili Analiz ve Yorumlama:<\/strong> E\u011fitimin sonunda, test sonu\u00e7lar\u0131n\u0131 do\u011fru bir \u015fekilde yorumlama becerisi kazanarak, daha etkili de\u011ferlendirmeler yapabilirsiniz.<\/p>\n<\/li>\n<li class=\"\" data-start=\"4335\" data-end=\"4461\">\n<p class=\"\" data-start=\"4337\" data-end=\"4461\"><strong data-start=\"4337\" data-end=\"4359\">Uygulamal\u0131 E\u011fitim:<\/strong> Ger\u00e7ek vaka \u00e7al\u0131\u015fmalar\u0131 ile, \u00f6\u011frendiklerinizi pratikte nas\u0131l kullanaca\u011f\u0131n\u0131z\u0131 g\u00f6rme f\u0131rsat\u0131n\u0131z olacak.<\/p>\n<\/li>\n<\/ul>\n<hr class=\"\" data-start=\"4463\" data-end=\"4466\" \/>\n<h3 class=\"\" data-start=\"4468\" data-end=\"4549\"><strong data-start=\"4472\" data-end=\"4549\">MMPI ile Ki\u015filik Analizi ve Psikolojik De\u011ferlendirme \u0130\u00e7in \u015eimdi Ba\u015fvurun!<\/strong><\/h3>\n<p class=\"\" data-start=\"4551\" data-end=\"4865\"><strong data-start=\"4551\" data-end=\"4607\">Minnesota \u00c7ok Y\u00f6nl\u00fc Ki\u015filik Envanteri (MMPI) E\u011fitimi<\/strong>, psikolojik de\u011ferlendirmelerde g\u00fcvenilir ve derinlemesine sonu\u00e7lar elde etmenizi sa\u011flayacak \u00f6nemli bir ara\u00e7t\u0131r. Bu e\u011fitim ile ki\u015filik analizi ve psikopatolojik de\u011ferlendirmeler konusunda uzmanla\u015farak, profesyonel kariyerinizde \u00f6nemli bir ad\u0131m atabilirsiniz.<\/p>\n<p class=\"\" data-start=\"4867\" data-end=\"5000\"><strong data-start=\"4867\" data-end=\"5000\">MMPI ile ki\u015filik profilleme ve psikolojik sa\u011fl\u0131k de\u011ferlendirmeleri yapmak i\u00e7in ba\u015fvurun ve profesyonel becerilerinizi geli\u015ftirin!<\/strong><\/p>\n","protected":false},"excerpt":{"rendered":"<p>Minnesota \u00c7ok Y\u00f6nl\u00fc Ki\u015filik Envanteri (MMPI) E\u011fitimi ile Derinlemesine Ki\u015filik De\u011ferlendirmesi Yap\u0131n Minnesota \u00c7ok Y\u00f6nl\u00fc Ki\u015filik Envanteri (MMPI), d\u00fcnya \u00e7ap\u0131nda en yayg\u0131n kullan\u0131lan psikolojik testlerden biridir. Bireylerin ki\u015filik \u00f6zelliklerini, psikolojik [&hellip;]<\/p>\n","protected":false},"featured_media":3689,"comment_status":"open","ping_status":"closed","template":"","meta":{"_acf_changed":false,"_monsterinsights_skip_tracking":false,"_monsterinsights_sitenote_active":false,"_monsterinsights_sitenote_note":"","_monsterinsights_sitenote_category":0},"product_brand":[],"product_cat":[57],"product_tag":[],"class_list":{"0":"post-3688","1":"product","2":"type-product","3":"status-publish","4":"has-post-thumbnail","6":"product_cat-uncategorized-tr","8":"first","9":"instock","10":"sale","11":"virtual","12":"taxable","13":"purchasable","14":"product-type-simple"},"acf":[],"aioseo_notices":[],"_links":{"self":[{"href":"https:\/\/www.arsakademia.com\/en\/wp-json\/wp\/v2\/product\/3688","targetHints":{"allow":["GET"]}}],"collection":[{"href":"https:\/\/www.arsakademia.com\/en\/wp-json\/wp\/v2\/product"}],"about":[{"href":"https:\/\/www.arsakademia.com\/en\/wp-json\/wp\/v2\/types\/product"}],"replies":[{"embeddable":true,"href":"https:\/\/www.arsakademia.com\/en\/wp-json\/wp\/v2\/comments?post=3688"}],"wp:featuredmedia":[{"embeddable":true,"href":"https:\/\/www.arsakademia.com\/en\/wp-json\/wp\/v2\/media\/3689"}],"wp:attachment":[{"href":"https:\/\/www.arsakademia.com\/en\/wp-json\/wp\/v2\/media?parent=3688"}],"wp:term":[{"taxonomy":"product_brand","embeddable":true,"href":"https:\/\/www.arsakademia.com\/en\/wp-json\/wp\/v2\/product_brand?post=3688"},{"taxonomy":"product_cat","embeddable":true,"href":"https:\/\/www.arsakademia.com\/en\/wp-json\/wp\/v2\/product_cat?post=3688"},{"taxonomy":"product_tag","embeddable":true,"href":"https:\/\/www.arsakademia.com\/en\/wp-json\/wp\/v2\/product_tag?post=3688"}],"curies":[{"name":"wp","href":"https:\/\/api.w.org\/{rel}","templated":true}]}}