{"id":3676,"date":"2025-04-08T12:52:30","date_gmt":"2025-04-08T09:52:30","guid":{"rendered":"https:\/\/www.arsakademia.com\/?post_type=product&#038;p=3676"},"modified":"2025-04-08T12:52:31","modified_gmt":"2025-04-08T09:52:31","slug":"imago-cift-terapisi-egitimi","status":"publish","type":"product","link":"https:\/\/www.arsakademia.com\/en\/product\/imago-cift-terapisi-egitimi\/","title":{"rendered":"\u0130mago \u00c7ift Terapisi E\u011fitimi"},"content":{"rendered":"<h3 class=\"\" data-start=\"89\" data-end=\"175\"><strong data-start=\"93\" data-end=\"175\">\u0130mago \u00c7ift Terapisi E\u011fitimi ile \u0130li\u015fkilerde Derin Anlay\u0131\u015f ve Sa\u011fl\u0131kl\u0131 \u0130leti\u015fim<\/strong><\/h3>\n<p class=\"\" data-start=\"177\" data-end=\"608\"><strong data-start=\"177\" data-end=\"200\">\u0130mago \u00c7ift Terapisi<\/strong>, \u00e7iftlerin birbirlerini daha derinlemesine anlamalar\u0131n\u0131, ileti\u015fim becerilerini g\u00fc\u00e7lendirmelerini ve ili\u015fkilerinde sa\u011fl\u0131kl\u0131 ba\u011flar kurmalar\u0131n\u0131 sa\u011flayan g\u00fc\u00e7l\u00fc bir terapi modelidir. <strong data-start=\"380\" data-end=\"411\">\u0130mago \u00c7ift Terapisi E\u011fitimi<\/strong>, terapistlere bu g\u00fc\u00e7l\u00fc modeli uygulama becerisi kazand\u0131rarak, \u00e7iftlerin ili\u015fkilerindeki ileti\u015fim engellerini a\u015fmalar\u0131na ve daha sa\u011fl\u0131kl\u0131, tatmin edici bir ba\u011f kurmalar\u0131na yard\u0131mc\u0131 olmay\u0131 ama\u00e7lar.<\/p>\n<p class=\"\" data-start=\"610\" data-end=\"986\">Bu e\u011fitim, ili\u015fkilerdeki \u00e7at\u0131\u015fmalar\u0131 \u00e7\u00f6zmek ve \u00e7iftlerin birbirlerine daha yak\u0131n ve anlay\u0131\u015fl\u0131 olmalar\u0131n\u0131 sa\u011flamak isteyen profesyoneller i\u00e7in kapsaml\u0131 bir programd\u0131r. \u0130mago terapi, \u00f6zellikle ge\u00e7mi\u015f travmalar\u0131n, \u00e7ocukluk deneyimlerinin ve bilin\u00e7 d\u0131\u015f\u0131 etkile\u015fimlerin ili\u015fkiler \u00fczerindeki etkilerini ke\u015ffetmek ve bu unsurlar\u0131 iyile\u015ftirmek i\u00e7in son derece etkili bir y\u00f6ntem sunar.<\/p>\n<hr class=\"\" data-start=\"988\" data-end=\"991\" \/>\n<h3 class=\"\" data-start=\"993\" data-end=\"1016\"><strong data-start=\"997\" data-end=\"1016\">E\u011fitim \u0130\u00e7eri\u011fi:<\/strong><\/h3>\n<ul data-start=\"1017\" data-end=\"2274\">\n<li class=\"\" data-start=\"1017\" data-end=\"1148\">\n<p class=\"\" data-start=\"1019\" data-end=\"1148\"><strong data-start=\"1019\" data-end=\"1052\">\u0130mago \u00c7ift Terapisi&#8217;ne Giri\u015f:<\/strong> Terapinin temel prensipleri, tarih\u00e7esi ve \u00e7ift terapisi alan\u0131ndaki \u00f6nemi hakk\u0131nda bilgi edinin.<\/p>\n<\/li>\n<li class=\"\" data-start=\"1149\" data-end=\"1347\">\n<p class=\"\" data-start=\"1151\" data-end=\"1347\"><strong data-start=\"1151\" data-end=\"1188\">\u0130mago Terapisinin Temel \u0130lkeleri:<\/strong> \u00c7iftlerin ileti\u015fimsizlik ve \u00e7at\u0131\u015fmalar\u0131n\u0131 nas\u0131l anlayaca\u011f\u0131n\u0131z\u0131 ve \u00e7\u00f6zebilece\u011finizi \u00f6\u011frenin. \u0130mago terapisi, bilin\u00e7 d\u0131\u015f\u0131 kal\u0131plar\u0131n fark\u0131na var\u0131lmas\u0131n\u0131 sa\u011flar.<\/p>\n<\/li>\n<li class=\"\" data-start=\"1348\" data-end=\"1517\">\n<p class=\"\" data-start=\"1350\" data-end=\"1517\"><strong data-start=\"1350\" data-end=\"1374\">Bilin\u00e7 D\u0131\u015f\u0131n\u0131n Rol\u00fc:<\/strong> \u00c7iftlerin ili\u015fkilerinde ge\u00e7mi\u015f deneyimlerinin nas\u0131l bir etki yaratt\u0131\u011f\u0131n\u0131 ve bu etkile\u015fimlerin \u015fimdiki ili\u015fkilerine nas\u0131l yans\u0131d\u0131\u011f\u0131n\u0131 ke\u015ffedin.<\/p>\n<\/li>\n<li class=\"\" data-start=\"1518\" data-end=\"1669\">\n<p class=\"\" data-start=\"1520\" data-end=\"1669\"><strong data-start=\"1520\" data-end=\"1556\">Empatik Dinleme ve Duygusal Ba\u011f:<\/strong> Empatik dinleme teknikleriyle, \u00e7iftlerin birbirlerine duygusal olarak nas\u0131l daha yak\u0131n olabileceklerini \u00f6\u011frenin.<\/p>\n<\/li>\n<li class=\"\" data-start=\"1670\" data-end=\"1814\">\n<p class=\"\" data-start=\"1672\" data-end=\"1814\"><strong data-start=\"1672\" data-end=\"1714\">\u0130leti\u015fim Becerilerinin Geli\u015ftirilmesi:<\/strong> \u00c7iftlerin sa\u011fl\u0131kl\u0131 ve a\u00e7\u0131k ileti\u015fim kurmalar\u0131n\u0131 destekleyecek teknikleri uygulama becerisi kazan\u0131n.<\/p>\n<\/li>\n<li class=\"\" data-start=\"1815\" data-end=\"1983\">\n<p class=\"\" data-start=\"1817\" data-end=\"1983\"><strong data-start=\"1817\" data-end=\"1849\">\u0130mago \u0130leti\u015fim Uygulamalar\u0131:<\/strong> Terapistler i\u00e7in pratik uygulamalar ve tekniklerle, \u00e7iftlerin sa\u011fl\u0131kl\u0131 bir \u015fekilde ileti\u015fim kurmalar\u0131n\u0131 sa\u011flamak i\u00e7in rehberlik edin.<\/p>\n<\/li>\n<li class=\"\" data-start=\"1984\" data-end=\"2143\">\n<p class=\"\" data-start=\"1986\" data-end=\"2143\"><strong data-start=\"1986\" data-end=\"2015\">\u00c7at\u0131\u015fma \u00c7\u00f6zme Y\u00f6ntemleri:<\/strong> \u00c7iftlerin ya\u015fad\u0131klar\u0131 \u00e7at\u0131\u015fmalar\u0131 \u00e7\u00f6zme yollar\u0131n\u0131 ke\u015ffedin. Bu y\u00f6ntemlerle \u00e7iftlerin ba\u011flar\u0131n\u0131 g\u00fc\u00e7lendirmelerine yard\u0131mc\u0131 olun.<\/p>\n<\/li>\n<li class=\"\" data-start=\"2144\" data-end=\"2274\">\n<p class=\"\" data-start=\"2146\" data-end=\"2274\"><strong data-start=\"2146\" data-end=\"2178\">Uygulamal\u0131 Vaka \u00c7al\u0131\u015fmalar\u0131:<\/strong> Ger\u00e7ek vaka \u00f6rnekleri \u00fczerinden \u0130mago terapisi tekniklerini pratikte g\u00f6rme ve uygulama f\u0131rsat\u0131.<\/p>\n<\/li>\n<\/ul>\n<hr class=\"\" data-start=\"2276\" data-end=\"2279\" \/>\n<h3 class=\"\" data-start=\"2281\" data-end=\"2306\"><strong data-start=\"2285\" data-end=\"2306\">Kimler Kat\u0131lmal\u0131?<\/strong><\/h3>\n<ul data-start=\"2307\" data-end=\"2951\">\n<li class=\"\" data-start=\"2307\" data-end=\"2449\">\n<p class=\"\" data-start=\"2309\" data-end=\"2449\"><strong data-start=\"2309\" data-end=\"2345\">Psikologlar ve Psikoterapistler:<\/strong> \u00c7ift terapisi alan\u0131nda uzmanla\u015fmak isteyen ve ili\u015fkilerdeki dinamikleri anlamak isteyen profesyoneller.<\/p>\n<\/li>\n<li class=\"\" data-start=\"2450\" data-end=\"2604\">\n<p class=\"\" data-start=\"2452\" data-end=\"2604\"><strong data-start=\"2452\" data-end=\"2474\">Aile Terapistleri:<\/strong> \u00c7iftlerin yan\u0131 s\u0131ra aile terapisi yapan uzmanlar, ili\u015fkilerdeki sorunlar\u0131 \u00e7\u00f6zmek i\u00e7in \u0130mago terapi tekniklerinden faydalanabilir.<\/p>\n<\/li>\n<li class=\"\" data-start=\"2605\" data-end=\"2732\">\n<p class=\"\" data-start=\"2607\" data-end=\"2732\"><strong data-start=\"2607\" data-end=\"2657\">Rehberlik ve Psikolojik Dan\u0131\u015fmanl\u0131k Uzmanlar\u0131:<\/strong> \u00c7iftlerin sa\u011fl\u0131kl\u0131 ili\u015fkiler kurmalar\u0131na destek olmak isteyen dan\u0131\u015fmanlar.<\/p>\n<\/li>\n<li class=\"\" data-start=\"2733\" data-end=\"2827\">\n<p class=\"\" data-start=\"2735\" data-end=\"2827\"><strong data-start=\"2735\" data-end=\"2763\">Sosyal Hizmet Uzmanlar\u0131:<\/strong> Aile ve \u00e7ift terapisi alan\u0131nda \u00e7al\u0131\u015fan sosyal hizmet uzmanlar\u0131.<\/p>\n<\/li>\n<li class=\"\" data-start=\"2828\" data-end=\"2951\">\n<p class=\"\" data-start=\"2830\" data-end=\"2951\"><strong data-start=\"2830\" data-end=\"2853\">Terapist ve Ko\u00e7lar:<\/strong> \u0130leti\u015fim becerileri konusunda daha derinlemesine bilgi edinmek isteyen ki\u015fisel geli\u015fim uzmanlar\u0131.<\/p>\n<\/li>\n<\/ul>\n<hr class=\"\" data-start=\"2953\" data-end=\"2956\" \/>\n<h3 class=\"\" data-start=\"2958\" data-end=\"3000\"><strong data-start=\"2962\" data-end=\"3000\">Neden \u0130mago \u00c7ift Terapisi E\u011fitimi?<\/strong><\/h3>\n<ul data-start=\"3001\" data-end=\"4141\">\n<li class=\"\" data-start=\"3001\" data-end=\"3154\">\n<p class=\"\" data-start=\"3003\" data-end=\"3154\"><strong data-start=\"3003\" data-end=\"3030\">Derinlemesine \u0130leti\u015fim:<\/strong> \u0130mago terapisi, \u00e7iftlerin birbirlerini daha derinlemesine anlamalar\u0131n\u0131 ve sa\u011fl\u0131kl\u0131 bir \u015fekilde ileti\u015fim kurmalar\u0131n\u0131 sa\u011flar.<\/p>\n<\/li>\n<li class=\"\" data-start=\"3155\" data-end=\"3330\">\n<p class=\"\" data-start=\"3157\" data-end=\"3330\"><strong data-start=\"3157\" data-end=\"3197\">Bilin\u00e7 D\u0131\u015f\u0131 Etkilerin Fark\u0131na Varma:<\/strong> \u00c7iftlerin ge\u00e7mi\u015f deneyimlerinin, \u00f6zellikle \u00e7ocukluk travmalar\u0131n\u0131n \u015fimdiki ili\u015fkilerine nas\u0131l yans\u0131d\u0131\u011f\u0131n\u0131 anlamalar\u0131na yard\u0131mc\u0131 olur.<\/p>\n<\/li>\n<li class=\"\" data-start=\"3331\" data-end=\"3544\">\n<p class=\"\" data-start=\"3333\" data-end=\"3544\"><strong data-start=\"3333\" data-end=\"3363\">\u0130leti\u015fim Engellerini A\u015fma:<\/strong> \u00c7iftlerin birbirleriyle etkili bir \u015fekilde ileti\u015fim kurabilmeleri i\u00e7in gerekli ara\u00e7lar\u0131 sa\u011flar. Bu e\u011fitim, sa\u011fl\u0131kl\u0131 bir ili\u015fkinin temeli olan ileti\u015fimi g\u00fc\u00e7lendirmeye yard\u0131mc\u0131 olur.<\/p>\n<\/li>\n<li class=\"\" data-start=\"3545\" data-end=\"3691\">\n<p class=\"\" data-start=\"3547\" data-end=\"3691\"><strong data-start=\"3547\" data-end=\"3565\">\u00c7at\u0131\u015fma \u00c7\u00f6zme:<\/strong> \u0130mago terapi, \u00e7iftlerin ya\u015fad\u0131klar\u0131 \u00e7at\u0131\u015fmalar\u0131 anlamalar\u0131n\u0131 ve bu \u00e7at\u0131\u015fmalar\u0131 sa\u011fl\u0131kl\u0131 bir \u015fekilde \u00e7\u00f6zmelerine olanak tan\u0131r.<\/p>\n<\/li>\n<li class=\"\" data-start=\"3692\" data-end=\"3838\">\n<p class=\"\" data-start=\"3694\" data-end=\"3838\"><strong data-start=\"3694\" data-end=\"3716\">Empatik Ba\u011f Kurma:<\/strong> E\u011fitim, empatik dinleme tekniklerini \u00f6\u011fretir ve \u00e7iftlerin birbirleriyle daha sa\u011fl\u0131kl\u0131 duygusal ba\u011flar kurmalar\u0131n\u0131 sa\u011flar.<\/p>\n<\/li>\n<li class=\"\" data-start=\"3839\" data-end=\"3999\">\n<p class=\"\" data-start=\"3841\" data-end=\"3999\"><strong data-start=\"3841\" data-end=\"3864\">Pratik Uygulamalar:<\/strong> \u0130mago terapisi, teorik bilgilerin yan\u0131 s\u0131ra, ger\u00e7ek vaka \u00f6rnekleri ve uygulamal\u0131 \u00e7al\u0131\u015fmalar ile daha etkili bir \u015fekilde \u00f6\u011frenilebilir.<\/p>\n<\/li>\n<li class=\"\" data-start=\"4000\" data-end=\"4141\">\n<p class=\"\" data-start=\"4002\" data-end=\"4141\"><strong data-start=\"4002\" data-end=\"4020\">Zengin \u0130\u00e7erik:<\/strong> \u0130mago \u00c7ift Terapisi E\u011fitimi, \u00e7iftlerin ili\u015fkilerindeki t\u00fcm dinamikleri anlaman\u0131z\u0131 sa\u011flayacak kapsaml\u0131 bir program sunar.<\/p>\n<\/li>\n<\/ul>\n<hr class=\"\" data-start=\"4143\" data-end=\"4146\" \/>\n<h3 class=\"\" data-start=\"4148\" data-end=\"4223\"><strong data-start=\"4152\" data-end=\"4223\">\u00c7iftlerin \u0130li\u015fkilerinde Derin Anlay\u0131\u015f Sa\u011flamak \u0130\u00e7in \u015eimdi Ba\u015fvurun!<\/strong><\/h3>\n<p class=\"\" data-start=\"4225\" data-end=\"4563\"><strong data-start=\"4225\" data-end=\"4256\">\u0130mago \u00c7ift Terapisi E\u011fitimi<\/strong>, \u00e7iftlerin ili\u015fkilerinde daha sa\u011fl\u0131kl\u0131 ileti\u015fim kurmalar\u0131na ve duygusal ba\u011flar\u0131n\u0131 g\u00fc\u00e7lendirmelerine yard\u0131mc\u0131 olmak i\u00e7in g\u00fc\u00e7l\u00fc bir ara\u00e7t\u0131r. \u0130li\u015fki terapisi alan\u0131nda uzmanla\u015fmak ve \u00e7iftlerin birbirlerine daha yak\u0131n ve anlay\u0131\u015fl\u0131 olmalar\u0131n\u0131 sa\u011flamak isteyen profesyoneller i\u00e7in bu e\u011fitim, \u00f6nemli bir f\u0131rsatt\u0131r.<\/p>\n<p class=\"\" data-start=\"4565\" data-end=\"4691\"><strong data-start=\"4565\" data-end=\"4691\">\u00c7ift terapisi ve ili\u015fkilerde sa\u011fl\u0131kl\u0131 ileti\u015fimin temellerini atmak i\u00e7in ba\u015fvurun ve profesyonel becerilerinizi geli\u015ftirin!<\/strong><\/p>\n","protected":false},"excerpt":{"rendered":"<p>\u0130mago \u00c7ift Terapisi E\u011fitimi ile \u0130li\u015fkilerde Derin Anlay\u0131\u015f ve Sa\u011fl\u0131kl\u0131 \u0130leti\u015fim \u0130mago \u00c7ift Terapisi, \u00e7iftlerin birbirlerini daha derinlemesine anlamalar\u0131n\u0131, ileti\u015fim becerilerini g\u00fc\u00e7lendirmelerini ve ili\u015fkilerinde sa\u011fl\u0131kl\u0131 ba\u011flar kurmalar\u0131n\u0131 sa\u011flayan g\u00fc\u00e7l\u00fc bir [&hellip;]<\/p>\n","protected":false},"featured_media":3678,"comment_status":"open","ping_status":"closed","template":"","meta":{"_acf_changed":false,"_monsterinsights_skip_tracking":false,"_monsterinsights_sitenote_active":false,"_monsterinsights_sitenote_note":"","_monsterinsights_sitenote_category":0},"product_brand":[],"product_cat":[57],"product_tag":[],"class_list":{"0":"post-3676","1":"product","2":"type-product","3":"status-publish","4":"has-post-thumbnail","6":"product_cat-uncategorized-tr","8":"first","9":"instock","10":"sale","11":"virtual","12":"taxable","13":"purchasable","14":"product-type-simple"},"acf":[],"aioseo_notices":[],"_links":{"self":[{"href":"https:\/\/www.arsakademia.com\/en\/wp-json\/wp\/v2\/product\/3676","targetHints":{"allow":["GET"]}}],"collection":[{"href":"https:\/\/www.arsakademia.com\/en\/wp-json\/wp\/v2\/product"}],"about":[{"href":"https:\/\/www.arsakademia.com\/en\/wp-json\/wp\/v2\/types\/product"}],"replies":[{"embeddable":true,"href":"https:\/\/www.arsakademia.com\/en\/wp-json\/wp\/v2\/comments?post=3676"}],"wp:featuredmedia":[{"embeddable":true,"href":"https:\/\/www.arsakademia.com\/en\/wp-json\/wp\/v2\/media\/3678"}],"wp:attachment":[{"href":"https:\/\/www.arsakademia.com\/en\/wp-json\/wp\/v2\/media?parent=3676"}],"wp:term":[{"taxonomy":"product_brand","embeddable":true,"href":"https:\/\/www.arsakademia.com\/en\/wp-json\/wp\/v2\/product_brand?post=3676"},{"taxonomy":"product_cat","embeddable":true,"href":"https:\/\/www.arsakademia.com\/en\/wp-json\/wp\/v2\/product_cat?post=3676"},{"taxonomy":"product_tag","embeddable":true,"href":"https:\/\/www.arsakademia.com\/en\/wp-json\/wp\/v2\/product_tag?post=3676"}],"curies":[{"name":"wp","href":"https:\/\/api.w.org\/{rel}","templated":true}]}}