{"id":3669,"date":"2025-04-08T12:44:51","date_gmt":"2025-04-08T09:44:51","guid":{"rendered":"https:\/\/www.arsakademia.com\/?post_type=product&#038;p=3669"},"modified":"2025-06-01T00:00:14","modified_gmt":"2025-05-31T21:00:14","slug":"good-enough-harris-egitimi","status":"publish","type":"product","link":"https:\/\/www.arsakademia.com\/en\/product\/good-enough-harris-egitimi\/","title":{"rendered":"Good Enough-Harris E\u011fitimi"},"content":{"rendered":"<h3 class=\"\" data-start=\"88\" data-end=\"198\"><strong data-start=\"92\" data-end=\"198\">Good Enough-Harris E\u011fitimi ile \u00c7ocuklar\u0131n Zihinsel ve Duygusal Durumlar\u0131n\u0131 Derinlemesine De\u011ferlendirin<\/strong><\/h3>\n<p class=\"\" data-start=\"200\" data-end=\"671\"><strong data-start=\"200\" data-end=\"234\">Good Enough-Harris \u00c7izim Testi<\/strong>, bir \u00e7ocu\u011fun zihinsel, duygusal ve psikolojik durumunu anlamak i\u00e7in kullan\u0131lan etkili bir projeif testtir. \u00c7ocuklar\u0131n i\u00e7 d\u00fcnyalar\u0131n\u0131 ve ki\u015filik \u00f6zelliklerini d\u0131\u015fa vurduklar\u0131 \u00e7izimlerden, onlar\u0131n duygusal ve bili\u015fsel durumlar\u0131 hakk\u0131nda derinlemesine bilgi edinmek m\u00fcmk\u00fcnd\u00fcr. <strong data-start=\"509\" data-end=\"539\">Good Enough-Harris E\u011fitimi<\/strong>, bu testin do\u011fru bir \u015fekilde uygulanmas\u0131n\u0131 ve yorumlanmas\u0131n\u0131 sa\u011flayarak, \u00e7ocuklar\u0131n ruhsal durumlar\u0131n\u0131 daha iyi anlaman\u0131z\u0131 sa\u011flar.<\/p>\n<p class=\"\" data-start=\"673\" data-end=\"948\">Bu e\u011fitim, psikologlar, pedagoglar, rehberlik uzmanlar\u0131 ve \u00e7ocuk geli\u015fimi profesyonellerine y\u00f6nelik olup, \u00e7ocuklar\u0131n i\u00e7sel d\u00fcnyalar\u0131na dair \u00f6nemli veriler toplamak i\u00e7in kullan\u0131lan <strong data-start=\"853\" data-end=\"887\">Good Enough-Harris \u00c7izim Testi<\/strong>ni etkili bir \u015fekilde kullanma becerisi kazand\u0131rmay\u0131 ama\u00e7lar.<\/p>\n<hr class=\"\" data-start=\"950\" data-end=\"953\" \/>\n<h3 class=\"\" data-start=\"955\" data-end=\"978\"><strong data-start=\"959\" data-end=\"978\">E\u011fitim \u0130\u00e7eri\u011fi:<\/strong><\/h3>\n<ul data-start=\"979\" data-end=\"1965\">\n<li class=\"\" data-start=\"979\" data-end=\"1109\">\n<p class=\"\" data-start=\"981\" data-end=\"1109\"><strong data-start=\"981\" data-end=\"1018\">Good Enough-Harris Testine Giri\u015f:<\/strong> Testin amac\u0131, tarih\u00e7esi, geli\u015fimi ve uygulama alanlar\u0131 hakk\u0131nda kapsaml\u0131 bir bilgi edinin.<\/p>\n<\/li>\n<li class=\"\" data-start=\"1110\" data-end=\"1239\">\n<p class=\"\" data-start=\"1112\" data-end=\"1239\"><strong data-start=\"1112\" data-end=\"1151\">\u00c7izim Testinin Uygulama Y\u00f6ntemleri:<\/strong> \u00c7ocu\u011fa do\u011fru talimatlar vererek, testin do\u011fru bir \u015fekilde nas\u0131l uygulanaca\u011f\u0131n\u0131 \u00f6\u011frenin.<\/p>\n<\/li>\n<li class=\"\" data-start=\"1240\" data-end=\"1437\">\n<p class=\"\" data-start=\"1242\" data-end=\"1437\"><strong data-start=\"1242\" data-end=\"1288\">Test Sonu\u00e7lar\u0131n\u0131n Analizi ve Yorumlanmas\u0131:<\/strong> \u00c7ocuklar\u0131n \u00e7izimlerinden nas\u0131l anlaml\u0131 \u00e7\u0131kar\u0131mlar yapabilece\u011finizi ve bu \u00e7izimlerin psikolojik durumlar\u0131 hakk\u0131nda ne t\u00fcr veriler sundu\u011funu ke\u015ffedin.<\/p>\n<\/li>\n<li class=\"\" data-start=\"1438\" data-end=\"1620\">\n<p class=\"\" data-start=\"1440\" data-end=\"1620\"><strong data-start=\"1440\" data-end=\"1473\">Duygusal Durumlar\u0131 Belirleme:<\/strong> \u00c7ocu\u011fun \u00e7izimlerinde yer alan semboller, fig\u00fcrler ve detaylar \u00fczerinden, duygusal ve bili\u015fsel s\u00fcre\u00e7lere dair de\u011ferlendirme yapma becerisi kazan\u0131n.<\/p>\n<\/li>\n<li class=\"\" data-start=\"1621\" data-end=\"1828\">\n<p class=\"\" data-start=\"1623\" data-end=\"1828\"><strong data-start=\"1623\" data-end=\"1657\">Testin G\u00fc\u00e7l\u00fc ve Zay\u0131f Y\u00f6nleri:<\/strong> Good Enough-Harris testinin avantajlar\u0131 ve s\u0131n\u0131rlamalar\u0131 \u00fczerine derinlemesine bilgi edinin, do\u011fru de\u011ferlendirmeler i\u00e7in nas\u0131l g\u00fcvenilir sonu\u00e7lar alabilece\u011finizi \u00f6\u011frenin.<\/p>\n<\/li>\n<li class=\"\" data-start=\"1829\" data-end=\"1965\">\n<p class=\"\" data-start=\"1831\" data-end=\"1965\"><strong data-start=\"1831\" data-end=\"1857\">Uygulamal\u0131 \u00c7al\u0131\u015fmalar:<\/strong> Ger\u00e7ek vaka \u00f6rnekleri ve \u00e7izimler \u00fczerinden pratik yaparak, testin yorumlanmas\u0131 s\u00fcrecini peki\u015ftirme imkan\u0131.<\/p>\n<\/li>\n<\/ul>\n<hr class=\"\" data-start=\"1967\" data-end=\"1970\" \/>\n<h3 class=\"\" data-start=\"1972\" data-end=\"1997\"><strong data-start=\"1976\" data-end=\"1997\">Kimler Kat\u0131lmal\u0131?<\/strong><\/h3>\n<ul data-start=\"1998\" data-end=\"2599\">\n<li class=\"\" data-start=\"1998\" data-end=\"2128\">\n<p class=\"\" data-start=\"2000\" data-end=\"2128\"><strong data-start=\"2000\" data-end=\"2035\">Psikologlar ve Psikiyatristler:<\/strong> \u00c7ocuklar\u0131n psikolojik de\u011ferlendirmelerini yaparak, onlar\u0131 daha iyi anlamak isteyen uzmanlar.<\/p>\n<\/li>\n<li class=\"\" data-start=\"2129\" data-end=\"2304\">\n<p class=\"\" data-start=\"2131\" data-end=\"2304\"><strong data-start=\"2131\" data-end=\"2174\">\u00c7ocuk Geli\u015fimi Uzmanlar\u0131 ve Pedagoglar:<\/strong> \u00c7ocuklar\u0131n bili\u015fsel ve duygusal geli\u015fimlerini inceleyerek, geli\u015fimsel ihtiya\u00e7lar\u0131n\u0131 daha iyi analiz etmek isteyen profesyoneller.<\/p>\n<\/li>\n<li class=\"\" data-start=\"2305\" data-end=\"2464\">\n<p class=\"\" data-start=\"2307\" data-end=\"2464\"><strong data-start=\"2307\" data-end=\"2355\">E\u011fitimciler ve Okul Psikolojik Dan\u0131\u015fmanlar\u0131:<\/strong> \u00c7ocuklar\u0131n e\u011fitim s\u00fcre\u00e7lerini etkileyebilecek duygusal sorunlar\u0131 anlamak isteyen \u00f6\u011fretmenler ve dan\u0131\u015fmanlar.<\/p>\n<\/li>\n<li class=\"\" data-start=\"2465\" data-end=\"2599\">\n<p class=\"\" data-start=\"2467\" data-end=\"2599\"><strong data-start=\"2467\" data-end=\"2498\">Terapistler ve Dan\u0131\u015fmanlar:<\/strong> \u00c7ocuklar\u0131n i\u00e7sel d\u00fcnyalar\u0131n\u0131 anlamak ve do\u011fru m\u00fcdahale stratejileri geli\u015ftirmek isteyen terapistler.<\/p>\n<\/li>\n<\/ul>\n<hr class=\"\" data-start=\"2601\" data-end=\"2604\" \/>\n<h3 class=\"\" data-start=\"2606\" data-end=\"2647\"><strong data-start=\"2610\" data-end=\"2647\">Neden Good Enough-Harris E\u011fitimi?<\/strong><\/h3>\n<ul data-start=\"2648\" data-end=\"3760\">\n<li class=\"\" data-start=\"2648\" data-end=\"2857\">\n<p class=\"\" data-start=\"2650\" data-end=\"2857\"><strong data-start=\"2650\" data-end=\"2694\">\u00c7ocuklar\u0131n Duygusal Durumlar\u0131n\u0131 Anlamak:<\/strong> \u00c7ocuklar\u0131n \u00e7izimleri, onlar\u0131n duygusal ve psikolojik d\u00fcnyalar\u0131n\u0131 anlaman\u0131n g\u00fc\u00e7l\u00fc bir arac\u0131d\u0131r. Bu e\u011fitim, \u00e7ocuklar\u0131n i\u00e7sel d\u00fcnyalar\u0131n\u0131 ke\u015ffetmenize yard\u0131mc\u0131 olur.<\/p>\n<\/li>\n<li class=\"\" data-start=\"2858\" data-end=\"3043\">\n<p class=\"\" data-start=\"2860\" data-end=\"3043\"><strong data-start=\"2860\" data-end=\"2882\">Projeksiyon Testi:<\/strong> Bu test, \u00e7ocu\u011fun bilin\u00e7 d\u0131\u015f\u0131 d\u00fc\u015f\u00fcncelerini ve duygular\u0131n\u0131 d\u0131\u015fa vurdu\u011fu bir projeksiyon arac\u0131d\u0131r. Bu \u00f6zellik, testin psikolojik de\u011ferlendirmedeki g\u00fcc\u00fcn\u00fc art\u0131r\u0131r.<\/p>\n<\/li>\n<li class=\"\" data-start=\"3044\" data-end=\"3251\">\n<p class=\"\" data-start=\"3046\" data-end=\"3251\"><strong data-start=\"3046\" data-end=\"3075\">Geli\u015fimsel De\u011ferlendirme:<\/strong> \u00c7ocu\u011fun \u00e7iziminde yer alan fig\u00fcrler, oranlar ve di\u011fer semboller, onlar\u0131n geli\u015fimsel s\u00fcre\u00e7lerini yans\u0131t\u0131r. Bu bilgiyi, geli\u015fimsel m\u00fcdahaleler olu\u015fturmak i\u00e7in kullanabilirsiniz.<\/p>\n<\/li>\n<li class=\"\" data-start=\"3252\" data-end=\"3439\">\n<p class=\"\" data-start=\"3254\" data-end=\"3439\"><strong data-start=\"3254\" data-end=\"3293\">Kolay Uygulama ve Anlaml\u0131 Sonu\u00e7lar:<\/strong> Test, k\u0131sa s\u00fcrede uygulanabilir ve hemen anlaml\u0131 sonu\u00e7lar verir. \u00c7ocuklar\u0131n davran\u0131\u015flar\u0131n\u0131 anlamak i\u00e7in h\u0131zl\u0131 bir de\u011ferlendirme yapman\u0131z\u0131 sa\u011flar.<\/p>\n<\/li>\n<li class=\"\" data-start=\"3440\" data-end=\"3603\">\n<p class=\"\" data-start=\"3442\" data-end=\"3603\"><strong data-start=\"3442\" data-end=\"3459\">Erken Te\u015fhis:<\/strong> Duygusal ya da psikolojik sorunlar\u0131n erken d\u00f6nemde tespit edilmesini sa\u011flar ve do\u011fru m\u00fcdahale ile sa\u011fl\u0131kl\u0131 geli\u015fim s\u00fcre\u00e7lerine katk\u0131da bulunur.<\/p>\n<\/li>\n<li class=\"\" data-start=\"3604\" data-end=\"3760\">\n<p class=\"\" data-start=\"3606\" data-end=\"3760\"><strong data-start=\"3606\" data-end=\"3626\">Kapsaml\u0131 E\u011fitim:<\/strong> Uygulamal\u0131 \u00e7al\u0131\u015fmalar, vaka incelemeleri ve rehberlik ile bu testi nas\u0131l kullanaca\u011f\u0131n\u0131z konusunda profesyonel bilgi sahibi olursunuz.<\/p>\n<\/li>\n<\/ul>\n<hr class=\"\" data-start=\"3762\" data-end=\"3765\" \/>\n<h3 class=\"\" data-start=\"3767\" data-end=\"3832\"><strong data-start=\"3771\" data-end=\"3832\">\u00c7ocuklar\u0131n \u0130\u00e7sel D\u00fcnyas\u0131n\u0131 Ke\u015ffetmek \u0130\u00e7in \u015eimdi Ba\u015fvurun!<\/strong><\/h3>\n<p class=\"\" data-start=\"3834\" data-end=\"4199\"><strong data-start=\"3834\" data-end=\"3864\">Good Enough-Harris E\u011fitimi<\/strong>, \u00e7ocuklar\u0131n zihinsel ve duygusal durumlar\u0131n\u0131 anlaman\u0131z\u0131 sa\u011flayan \u00f6nemli bir beceri kazand\u0131r\u0131r. \u00c7ocuklar, \u00e7izimleri arac\u0131l\u0131\u011f\u0131yla kendilerini d\u0131\u015fa vururlar ve bu \u00e7izimler, onlar\u0131n duygusal durumlar\u0131na dair derinlemesine ipu\u00e7lar\u0131 sunar. <strong data-start=\"4099\" data-end=\"4133\">Good Enough-Harris \u00c7izim Testi<\/strong>, psikolojik de\u011ferlendirme s\u00fcrecinizde de\u011ferli bir ara\u00e7 olacakt\u0131r.<\/p>\n<p class=\"\" data-start=\"4201\" data-end=\"4361\"><strong data-start=\"4201\" data-end=\"4361\">\u00c7ocuklar\u0131n i\u00e7sel d\u00fcnyalar\u0131n\u0131 do\u011fru bir \u015fekilde anlamak ve erken d\u00f6nemde do\u011fru m\u00fcdahalelerde bulunmak i\u00e7in ba\u015fvurun ve profesyonel becerilerinizi geli\u015ftirin!<\/strong><\/p>\n","protected":false},"excerpt":{"rendered":"<p>Good Enough-Harris E\u011fitimi ile \u00c7ocuklar\u0131n Zihinsel ve Duygusal Durumlar\u0131n\u0131 Derinlemesine De\u011ferlendirin Good Enough-Harris \u00c7izim Testi, bir \u00e7ocu\u011fun zihinsel, duygusal ve psikolojik durumunu anlamak i\u00e7in kullan\u0131lan etkili bir projeif testtir. \u00c7ocuklar\u0131n [&hellip;]<\/p>\n","protected":false},"featured_media":3674,"comment_status":"open","ping_status":"closed","template":"","meta":{"_acf_changed":false,"_monsterinsights_skip_tracking":false,"_monsterinsights_sitenote_active":false,"_monsterinsights_sitenote_note":"","_monsterinsights_sitenote_category":0},"product_brand":[],"product_cat":[57],"product_tag":[],"class_list":{"0":"post-3669","1":"product","2":"type-product","3":"status-publish","4":"has-post-thumbnail","6":"product_cat-uncategorized-tr","8":"first","9":"instock","10":"virtual","11":"taxable","12":"purchasable","13":"product-type-simple"},"acf":[],"aioseo_notices":[],"_links":{"self":[{"href":"https:\/\/www.arsakademia.com\/en\/wp-json\/wp\/v2\/product\/3669","targetHints":{"allow":["GET"]}}],"collection":[{"href":"https:\/\/www.arsakademia.com\/en\/wp-json\/wp\/v2\/product"}],"about":[{"href":"https:\/\/www.arsakademia.com\/en\/wp-json\/wp\/v2\/types\/product"}],"replies":[{"embeddable":true,"href":"https:\/\/www.arsakademia.com\/en\/wp-json\/wp\/v2\/comments?post=3669"}],"wp:featuredmedia":[{"embeddable":true,"href":"https:\/\/www.arsakademia.com\/en\/wp-json\/wp\/v2\/media\/3674"}],"wp:attachment":[{"href":"https:\/\/www.arsakademia.com\/en\/wp-json\/wp\/v2\/media?parent=3669"}],"wp:term":[{"taxonomy":"product_brand","embeddable":true,"href":"https:\/\/www.arsakademia.com\/en\/wp-json\/wp\/v2\/product_brand?post=3669"},{"taxonomy":"product_cat","embeddable":true,"href":"https:\/\/www.arsakademia.com\/en\/wp-json\/wp\/v2\/product_cat?post=3669"},{"taxonomy":"product_tag","embeddable":true,"href":"https:\/\/www.arsakademia.com\/en\/wp-json\/wp\/v2\/product_tag?post=3669"}],"curies":[{"name":"wp","href":"https:\/\/api.w.org\/{rel}","templated":true}]}}