{"id":3665,"date":"2025-04-08T12:39:06","date_gmt":"2025-04-08T09:39:06","guid":{"rendered":"https:\/\/www.arsakademia.com\/?post_type=product&#038;p=3665"},"modified":"2025-04-08T12:39:06","modified_gmt":"2025-04-08T09:39:06","slug":"gesell-gelisim-testi-egitimi","status":"publish","type":"product","link":"https:\/\/www.arsakademia.com\/en\/product\/gesell-gelisim-testi-egitimi\/","title":{"rendered":"Gesell Geli\u015fim Testi E\u011fitimi"},"content":{"rendered":"<h3 class=\"\" data-start=\"90\" data-end=\"175\"><strong data-start=\"94\" data-end=\"175\">Gesell Geli\u015fim Testi E\u011fitimi ile \u00c7ocuk Geli\u015fimini Derinlemesine De\u011ferlendirin<\/strong><\/h3>\n<p class=\"\" data-start=\"177\" data-end=\"689\"><strong data-start=\"177\" data-end=\"201\">Gesell Geli\u015fim Testi<\/strong>, \u00e7ocuklar\u0131n motor, dil, bili\u015fsel ve sosyal-duygusal geli\u015fimlerini \u00f6l\u00e7en kapsaml\u0131 bir ara\u00e7t\u0131r. Bu test, \u00e7ocuklar\u0131n geli\u015fimsel d\u00f6nemlerini ve becerilerini objektif bir \u015fekilde de\u011ferlendirmeye y\u00f6nelik \u00f6nemli bir psikolojik ara\u00e7t\u0131r. <strong data-start=\"431\" data-end=\"463\">Gesell Geli\u015fim Testi E\u011fitimi<\/strong>, psikologlar, pedagoglar, e\u011fitimciler ve di\u011fer geli\u015fim uzmanlar\u0131 i\u00e7in, bu testi do\u011fru bir \u015fekilde uygulama, analiz etme ve \u00e7ocuklar\u0131n geli\u015fimsel ihtiya\u00e7lar\u0131na y\u00f6nelik uygun m\u00fcdahalelerde bulunma becerisi kazand\u0131rmay\u0131 ama\u00e7lar.<\/p>\n<p class=\"\" data-start=\"691\" data-end=\"888\">Bu e\u011fitim, kat\u0131l\u0131mc\u0131lara Gesell Geli\u015fim Testi&#8217;nin uygulama s\u00fcre\u00e7lerini \u00f6\u011fretirken, test sonu\u00e7lar\u0131n\u0131 anlamalar\u0131n\u0131 ve \u00e7ocuklar\u0131n geli\u015fim d\u00fczeyine y\u00f6nelik etkili \u00e7\u00f6z\u00fcm yollar\u0131 geli\u015ftirmelerini sa\u011flar.<\/p>\n<hr class=\"\" data-start=\"890\" data-end=\"893\" \/>\n<h3 class=\"\" data-start=\"895\" data-end=\"918\"><strong data-start=\"899\" data-end=\"918\">E\u011fitim \u0130\u00e7eri\u011fi:<\/strong><\/h3>\n<ul data-start=\"919\" data-end=\"1897\">\n<li class=\"\" data-start=\"919\" data-end=\"1026\">\n<p class=\"\" data-start=\"921\" data-end=\"1026\"><strong data-start=\"921\" data-end=\"955\">Gesell Geli\u015fim Testi&#8217;ne Giri\u015f:<\/strong> Testin amac\u0131, yap\u0131s\u0131 ve kullan\u0131m alanlar\u0131 hakk\u0131nda temel bilgi edinme.<\/p>\n<\/li>\n<li class=\"\" data-start=\"1027\" data-end=\"1226\">\n<p class=\"\" data-start=\"1029\" data-end=\"1226\"><strong data-start=\"1029\" data-end=\"1060\">Testin Uygulama Y\u00f6ntemleri:<\/strong> Gesell Geli\u015fim Testi&#8217;ni do\u011fru bir \u015fekilde nas\u0131l uygulayaca\u011f\u0131n\u0131z\u0131 \u00f6\u011frenin. \u00c7ocuklarla etkili ileti\u015fim kurma ve testin her a\u015famas\u0131nda dikkat edilmesi gereken noktalar.<\/p>\n<\/li>\n<li class=\"\" data-start=\"1227\" data-end=\"1381\">\n<p class=\"\" data-start=\"1229\" data-end=\"1381\"><strong data-start=\"1229\" data-end=\"1275\">Test Sonu\u00e7lar\u0131n\u0131n Analizi ve Yorumlanmas\u0131:<\/strong> Test sonu\u00e7lar\u0131n\u0131 do\u011fru bir \u015fekilde analiz etme ve geli\u015fimsel de\u011ferlendirmelerde bulunma becerisi kazanma.<\/p>\n<\/li>\n<li class=\"\" data-start=\"1382\" data-end=\"1575\">\n<p class=\"\" data-start=\"1384\" data-end=\"1575\"><strong data-start=\"1384\" data-end=\"1408\">Geli\u015fimsel D\u00f6nemler:<\/strong> \u00c7ocuklar\u0131n motor, dil, bili\u015fsel ve sosyal-duygusal geli\u015fim alanlar\u0131ndaki farkl\u0131l\u0131klar\u0131 \u00f6\u011frenerek, her ya\u015f grubunun ihtiya\u00e7lar\u0131na y\u00f6nelik do\u011fru de\u011ferlendirmeler yapma.<\/p>\n<\/li>\n<li class=\"\" data-start=\"1576\" data-end=\"1748\">\n<p class=\"\" data-start=\"1578\" data-end=\"1748\"><strong data-start=\"1578\" data-end=\"1607\">Erken Te\u015fhis ve M\u00fcdahale:<\/strong> Test sonu\u00e7lar\u0131na g\u00f6re, geli\u015fimsel gecikmeler veya zorluklar ya\u015fayan \u00e7ocuklar\u0131 erken d\u00f6nemde tespit etme ve m\u00fcdahale stratejileri geli\u015ftirme.<\/p>\n<\/li>\n<li class=\"\" data-start=\"1749\" data-end=\"1897\">\n<p class=\"\" data-start=\"1751\" data-end=\"1897\"><strong data-start=\"1751\" data-end=\"1783\">Uygulamal\u0131 Vaka \u00c7al\u0131\u015fmalar\u0131:<\/strong> Ger\u00e7ek vaka \u00f6rnekleri ile, testin nas\u0131l uygulanaca\u011f\u0131n\u0131 ve sonu\u00e7lar\u0131n nas\u0131l yorumlanaca\u011f\u0131n\u0131 pratikte g\u00f6rme imkan\u0131.<\/p>\n<\/li>\n<\/ul>\n<hr class=\"\" data-start=\"1899\" data-end=\"1902\" \/>\n<h3 class=\"\" data-start=\"1904\" data-end=\"1929\"><strong data-start=\"1908\" data-end=\"1929\">Kimler Kat\u0131lmal\u0131?<\/strong><\/h3>\n<ul data-start=\"1930\" data-end=\"2555\">\n<li class=\"\" data-start=\"1930\" data-end=\"2058\">\n<p class=\"\" data-start=\"1932\" data-end=\"2058\"><strong data-start=\"1932\" data-end=\"1967\">Psikologlar ve Psikiyatristler:<\/strong> \u00c7ocuklar\u0131n geli\u015fimsel s\u00fcre\u00e7lerini do\u011fru bir \u015fekilde de\u011ferlendirmek isteyen profesyoneller.<\/p>\n<\/li>\n<li class=\"\" data-start=\"2059\" data-end=\"2218\">\n<p class=\"\" data-start=\"2061\" data-end=\"2218\"><strong data-start=\"2061\" data-end=\"2104\">Pedagoglar ve \u00c7ocuk Geli\u015fimi Uzmanlar\u0131:<\/strong> \u00c7ocuklar\u0131n bili\u015fsel ve duygusal geli\u015fimini inceleyerek, erken m\u00fcdahale stratejileri geli\u015ftirmek isteyen uzmanlar.<\/p>\n<\/li>\n<li class=\"\" data-start=\"2219\" data-end=\"2373\">\n<p class=\"\" data-start=\"2221\" data-end=\"2373\"><strong data-start=\"2221\" data-end=\"2269\">E\u011fitimciler ve Okul Psikolojik Dan\u0131\u015fmanlar\u0131:<\/strong> Okul \u00f6ncesi veya ilkokul d\u00fczeyindeki \u00f6\u011frencilerin geli\u015fimsel ihtiya\u00e7lar\u0131n\u0131 anlamak isteyen e\u011fitimciler.<\/p>\n<\/li>\n<li class=\"\" data-start=\"2374\" data-end=\"2555\">\n<p class=\"\" data-start=\"2376\" data-end=\"2555\"><strong data-start=\"2376\" data-end=\"2436\">Rehberlik ve Psikolojik Dan\u0131\u015fmanl\u0131k Alan\u0131nda \u00c7al\u0131\u015fanlar:<\/strong> \u00c7ocuklar\u0131n geli\u015fimsel s\u00fcre\u00e7lerini izleyerek, onlara uygun e\u011fitim ve terapi planlar\u0131 haz\u0131rlamak isteyen profesyoneller.<\/p>\n<\/li>\n<\/ul>\n<hr class=\"\" data-start=\"2557\" data-end=\"2560\" \/>\n<h3 class=\"\" data-start=\"2562\" data-end=\"2605\"><strong data-start=\"2566\" data-end=\"2605\">Neden Gesell Geli\u015fim Testi E\u011fitimi?<\/strong><\/h3>\n<ul data-start=\"2606\" data-end=\"3602\">\n<li class=\"\" data-start=\"2606\" data-end=\"2757\">\n<p class=\"\" data-start=\"2608\" data-end=\"2757\"><strong data-start=\"2608\" data-end=\"2637\">Geli\u015fimsel De\u011ferlendirme:<\/strong> Gesell Geli\u015fim Testi, \u00e7ocuklar\u0131n genel geli\u015fim d\u00fczeylerini de\u011ferlendirmek i\u00e7in geni\u015f kapsaml\u0131 ve g\u00fcvenilir bir ara\u00e7t\u0131r.<\/p>\n<\/li>\n<li class=\"\" data-start=\"2758\" data-end=\"2919\">\n<p class=\"\" data-start=\"2760\" data-end=\"2919\"><strong data-start=\"2760\" data-end=\"2784\">Erken Te\u015fhis \u0130mkan\u0131:<\/strong> Bu test, geli\u015fimsel gecikmeleri veya zorluklar\u0131 erken d\u00f6nemde tespit etmenize yard\u0131mc\u0131 olur, b\u00f6ylece m\u00fcdahaleler daha etkili olabilir.<\/p>\n<\/li>\n<li class=\"\" data-start=\"2920\" data-end=\"3080\">\n<p class=\"\" data-start=\"2922\" data-end=\"3080\"><strong data-start=\"2922\" data-end=\"2950\">B\u00fct\u00fcnsel Geli\u015fim Takibi:<\/strong> Test, \u00e7ocuklar\u0131n motor, dil, bili\u015fsel ve sosyal geli\u015fim alanlar\u0131ndaki becerilerini kapsaml\u0131 bir \u015fekilde de\u011ferlendirmenizi sa\u011flar.<\/p>\n<\/li>\n<li class=\"\" data-start=\"3081\" data-end=\"3260\">\n<p class=\"\" data-start=\"3083\" data-end=\"3260\"><strong data-start=\"3083\" data-end=\"3131\">\u00c7ocuklarla Etkili \u0130leti\u015fim ve De\u011ferlendirme:<\/strong> Bu e\u011fitim, \u00e7ocuklarla nas\u0131l daha verimli ileti\u015fim kuraca\u011f\u0131n\u0131z\u0131 ve test s\u0131ras\u0131nda daha sa\u011fl\u0131kl\u0131 veriler elde edece\u011finizi \u00f6\u011fretir.<\/p>\n<\/li>\n<li class=\"\" data-start=\"3261\" data-end=\"3473\">\n<p class=\"\" data-start=\"3263\" data-end=\"3473\"><strong data-start=\"3263\" data-end=\"3303\">E\u011fitim ve Klinik Alanlarda Kullan\u0131m:<\/strong> Hem klinik ortamlarda hem de e\u011fitim kurumlar\u0131nda kullan\u0131labilecek bir ara\u00e7t\u0131r. \u00c7ocuklar\u0131n geli\u015fimsel ihtiya\u00e7lar\u0131na y\u00f6nelik daha sa\u011fl\u0131kl\u0131 de\u011ferlendirmeler yapabilirsiniz.<\/p>\n<\/li>\n<li class=\"\" data-start=\"3474\" data-end=\"3602\">\n<p class=\"\" data-start=\"3476\" data-end=\"3602\"><strong data-start=\"3476\" data-end=\"3498\">Uygulamal\u0131 E\u011fitim:<\/strong> Ger\u00e7ek vaka \u00e7al\u0131\u015fmalar\u0131 ve uygulamal\u0131 testlerle, \u00f6\u011frendiklerinizi prati\u011fe d\u00f6kme f\u0131rsat\u0131n\u0131 yakalars\u0131n\u0131z.<\/p>\n<\/li>\n<\/ul>\n<hr class=\"\" data-start=\"3604\" data-end=\"3607\" \/>\n<h3 class=\"\" data-start=\"3609\" data-end=\"3688\"><strong data-start=\"3613\" data-end=\"3688\">\u00c7ocuklar\u0131n Geli\u015fimini Do\u011fru \u015eekilde De\u011ferlendirmek \u0130\u00e7in \u015eimdi Ba\u015fvurun!<\/strong><\/h3>\n<p class=\"\" data-start=\"3690\" data-end=\"4094\"><strong data-start=\"3690\" data-end=\"3722\">Gesell Geli\u015fim Testi E\u011fitimi<\/strong>, \u00e7ocuklar\u0131n geli\u015fimsel s\u00fcre\u00e7lerini do\u011fru bir \u015fekilde de\u011ferlendirmenizi ve bu do\u011frultuda m\u00fcdahale planlar\u0131 geli\u015ftirmenizi sa\u011flar. Geli\u015fimsel testler, \u00f6zellikle \u00e7ocuklar\u0131n erken d\u00f6nemlerinde \u00f6nemli i\u015flevlere sahiptir. Bu e\u011fitim sayesinde, \u00e7ocuklar\u0131n geli\u015fimsel sorunlar\u0131n\u0131 erken d\u00f6nemde tespit ederek, onlara y\u00f6nelik do\u011fru m\u00fcdahaleler ve destek sa\u011flama imk\u00e2n\u0131 bulacaks\u0131n\u0131z.<\/p>\n<p class=\"\" data-start=\"4096\" data-end=\"4220\"><strong data-start=\"4096\" data-end=\"4220\">\u00c7ocuklar\u0131n geli\u015fimlerini daha etkili bir \u015fekilde de\u011ferlendirmek ve m\u00fcdahale stratejilerinizi g\u00fc\u00e7lendirmek i\u00e7in ba\u015fvurun!<\/strong><\/p>\n","protected":false},"excerpt":{"rendered":"<p>Gesell Geli\u015fim Testi E\u011fitimi ile \u00c7ocuk Geli\u015fimini Derinlemesine De\u011ferlendirin Gesell Geli\u015fim Testi, \u00e7ocuklar\u0131n motor, dil, bili\u015fsel ve sosyal-duygusal geli\u015fimlerini \u00f6l\u00e7en kapsaml\u0131 bir ara\u00e7t\u0131r. Bu test, \u00e7ocuklar\u0131n geli\u015fimsel d\u00f6nemlerini ve becerilerini [&hellip;]<\/p>\n","protected":false},"featured_media":0,"comment_status":"open","ping_status":"closed","template":"","meta":{"_acf_changed":false,"_monsterinsights_skip_tracking":false,"_monsterinsights_sitenote_active":false,"_monsterinsights_sitenote_note":"","_monsterinsights_sitenote_category":0},"product_brand":[],"product_cat":[57],"product_tag":[],"class_list":{"0":"post-3665","1":"product","2":"type-product","3":"status-publish","5":"product_cat-uncategorized-tr","7":"first","8":"instock","9":"sale","10":"virtual","11":"taxable","12":"purchasable","13":"product-type-simple"},"acf":[],"aioseo_notices":[],"_links":{"self":[{"href":"https:\/\/www.arsakademia.com\/en\/wp-json\/wp\/v2\/product\/3665","targetHints":{"allow":["GET"]}}],"collection":[{"href":"https:\/\/www.arsakademia.com\/en\/wp-json\/wp\/v2\/product"}],"about":[{"href":"https:\/\/www.arsakademia.com\/en\/wp-json\/wp\/v2\/types\/product"}],"replies":[{"embeddable":true,"href":"https:\/\/www.arsakademia.com\/en\/wp-json\/wp\/v2\/comments?post=3665"}],"wp:attachment":[{"href":"https:\/\/www.arsakademia.com\/en\/wp-json\/wp\/v2\/media?parent=3665"}],"wp:term":[{"taxonomy":"product_brand","embeddable":true,"href":"https:\/\/www.arsakademia.com\/en\/wp-json\/wp\/v2\/product_brand?post=3665"},{"taxonomy":"product_cat","embeddable":true,"href":"https:\/\/www.arsakademia.com\/en\/wp-json\/wp\/v2\/product_cat?post=3665"},{"taxonomy":"product_tag","embeddable":true,"href":"https:\/\/www.arsakademia.com\/en\/wp-json\/wp\/v2\/product_tag?post=3665"}],"curies":[{"name":"wp","href":"https:\/\/api.w.org\/{rel}","templated":true}]}}