{"id":3659,"date":"2025-04-08T12:30:38","date_gmt":"2025-04-08T09:30:38","guid":{"rendered":"https:\/\/www.arsakademia.com\/?post_type=product&#038;p=3659"},"modified":"2025-04-08T12:36:00","modified_gmt":"2025-04-08T09:36:00","slug":"frostig-gorsel-algilama-test-egitimi","status":"publish","type":"product","link":"https:\/\/www.arsakademia.com\/en\/product\/frostig-gorsel-algilama-test-egitimi\/","title":{"rendered":"Frostig G\u00f6rsel Alg\u0131lama Test E\u011fitimi"},"content":{"rendered":"<h3 class=\"\" data-start=\"99\" data-end=\"194\"><strong data-start=\"103\" data-end=\"194\">Frostig G\u00f6rsel Alg\u0131lama Testi E\u011fitimi ile \u00c7ocuklar\u0131n Alg\u0131sal Becerilerini De\u011ferlendirin<\/strong><\/h3>\n<p class=\"\" data-start=\"196\" data-end=\"737\"><strong data-start=\"196\" data-end=\"229\">Frostig G\u00f6rsel Alg\u0131lama Testi<\/strong>, \u00e7ocuklar\u0131n g\u00f6rsel alg\u0131lama becerilerini \u00f6l\u00e7mek i\u00e7in tasarlanm\u0131\u015f bilimsel bir de\u011ferlendirme arac\u0131d\u0131r. Bu test, \u00e7ocuklar\u0131n \u00e7evresel uyaranlar\u0131 nas\u0131l alg\u0131lad\u0131klar\u0131n\u0131, g\u00f6rsel dikkatlerini nas\u0131l y\u00f6nlendirdiklerini ve g\u00f6rsel-mek\u00e2nsal i\u015flevleri nas\u0131l kulland\u0131klar\u0131n\u0131 de\u011ferlendirmede olduk\u00e7a etkili bir ara\u00e7t\u0131r. <strong data-start=\"535\" data-end=\"576\">Frostig G\u00f6rsel Alg\u0131lama Testi E\u011fitimi<\/strong>, uzmanlar\u0131n bu testi do\u011fru bir \u015fekilde uygulamalar\u0131na, analiz etmelerine ve \u00e7ocuklar\u0131n g\u00f6rsel alg\u0131 bozukluklar\u0131n\u0131 erken d\u00f6nemde tespit etmelerine yard\u0131mc\u0131 olur.<\/p>\n<p class=\"\" data-start=\"739\" data-end=\"996\">Bu e\u011fitim, \u00e7ocuk geli\u015fimi uzmanlar\u0131, psikologlar, pedagojikler ve di\u011fer ilgili profesyonellere, \u00e7ocuklar\u0131n g\u00f6rsel alg\u0131lama becerilerini anlamak, analiz etmek ve bu becerilerle ilgili uygun m\u00fcdahalelerde bulunmak i\u00e7in gerekli becerileri kazand\u0131rmay\u0131 ama\u00e7lar.<\/p>\n<hr class=\"\" data-start=\"998\" data-end=\"1001\" \/>\n<h3 class=\"\" data-start=\"1003\" data-end=\"1026\"><strong data-start=\"1007\" data-end=\"1026\">E\u011fitim \u0130\u00e7eri\u011fi:<\/strong><\/h3>\n<ul data-start=\"1027\" data-end=\"1952\">\n<li class=\"\" data-start=\"1027\" data-end=\"1140\">\n<p class=\"\" data-start=\"1029\" data-end=\"1140\"><strong data-start=\"1029\" data-end=\"1072\">Frostig G\u00f6rsel Alg\u0131lama Testi\u2019ne Giri\u015f:<\/strong> Testin amac\u0131, yap\u0131s\u0131 ve g\u00f6rsel alg\u0131lama alan\u0131ndaki \u00f6nemini \u00f6\u011frenin.<\/p>\n<\/li>\n<li class=\"\" data-start=\"1141\" data-end=\"1330\">\n<p class=\"\" data-start=\"1143\" data-end=\"1330\"><strong data-start=\"1143\" data-end=\"1174\">Testin Uygulama Y\u00f6ntemleri:<\/strong> Frostig G\u00f6rsel Alg\u0131lama Testi\u2019ni do\u011fru bir \u015fekilde nas\u0131l uygulayaca\u011f\u0131n\u0131z\u0131 \u00f6\u011frenin. Testin her a\u015famas\u0131nda dikkat edilmesi gereken \u00f6nemli noktalar\u0131 ke\u015ffedin.<\/p>\n<\/li>\n<li class=\"\" data-start=\"1331\" data-end=\"1502\">\n<p class=\"\" data-start=\"1333\" data-end=\"1502\"><strong data-start=\"1333\" data-end=\"1372\">Sonu\u00e7lar\u0131n Analizi ve Yorumlanmas\u0131:<\/strong> Test sonu\u00e7lar\u0131n\u0131 do\u011fru bir \u015fekilde analiz etme ve yorumlama y\u00f6ntemlerini \u00f6\u011frenin. \u00c7ocuklar\u0131n g\u00f6rsel alg\u0131 seviyelerini belirleyin.<\/p>\n<\/li>\n<li class=\"\" data-start=\"1503\" data-end=\"1651\">\n<p class=\"\" data-start=\"1505\" data-end=\"1651\"><strong data-start=\"1505\" data-end=\"1549\">G\u00f6rsel Alg\u0131lama Bozukluklar\u0131n\u0131n Tespiti:<\/strong> G\u00f6rsel alg\u0131lama ile ilgili ya\u015fanan zorluklar\u0131 erken d\u00f6nemde tan\u0131mlayarak, m\u00fcdahale s\u00fcrecini ba\u015flat\u0131n.<\/p>\n<\/li>\n<li class=\"\" data-start=\"1652\" data-end=\"1777\">\n<p class=\"\" data-start=\"1654\" data-end=\"1777\"><strong data-start=\"1654\" data-end=\"1686\">Uygulamal\u0131 Vaka \u00c7al\u0131\u015fmalar\u0131:<\/strong> Ger\u00e7ek vaka \u00f6rnekleri \u00fczerinden test uygulamalar\u0131 yaparak, \u00f6\u011frendiklerinizi prati\u011fe d\u00f6k\u00fcn.<\/p>\n<\/li>\n<li class=\"\" data-start=\"1778\" data-end=\"1952\">\n<p class=\"\" data-start=\"1780\" data-end=\"1952\"><strong data-start=\"1780\" data-end=\"1819\">G\u00f6rsel Alg\u0131lama ve Akademik Ba\u015far\u0131:<\/strong> G\u00f6rsel alg\u0131 ve dikkatin \u00e7ocuklar\u0131n okul ba\u015far\u0131s\u0131na etkisi \u00fczerine bilgiler edinin ve bu do\u011frultuda m\u00fcdahale stratejileri geli\u015ftirin.<\/p>\n<\/li>\n<\/ul>\n<hr class=\"\" data-start=\"1954\" data-end=\"1957\" \/>\n<h3 class=\"\" data-start=\"1959\" data-end=\"1984\"><strong data-start=\"1963\" data-end=\"1984\">Kimler Kat\u0131lmal\u0131?<\/strong><\/h3>\n<ul data-start=\"1985\" data-end=\"2531\">\n<li class=\"\" data-start=\"1985\" data-end=\"2101\">\n<p class=\"\" data-start=\"1987\" data-end=\"2101\"><strong data-start=\"1987\" data-end=\"2022\">Psikologlar ve Psikiyatristler:<\/strong> \u00c7ocuklar\u0131n g\u00f6rsel alg\u0131lama becerilerini de\u011ferlendirmek isteyen profesyoneller.<\/p>\n<\/li>\n<li class=\"\" data-start=\"2102\" data-end=\"2239\">\n<p class=\"\" data-start=\"2104\" data-end=\"2239\"><strong data-start=\"2104\" data-end=\"2147\">\u00c7ocuk Geli\u015fimi Uzmanlar\u0131 ve Pedagoglar:<\/strong> \u00c7ocuklar\u0131n geli\u015fimsel s\u00fcre\u00e7lerinde g\u00f6rsel alg\u0131lama becerilerini incelemek isteyen uzmanlar.<\/p>\n<\/li>\n<li class=\"\" data-start=\"2240\" data-end=\"2424\">\n<p class=\"\" data-start=\"2242\" data-end=\"2424\"><strong data-start=\"2242\" data-end=\"2284\">E\u011fitimciler ve Rehberlik \u00d6\u011fretmenleri:<\/strong> Okul ortam\u0131nda \u00f6\u011frencilerin g\u00f6rsel alg\u0131lama becerilerini de\u011ferlendirerek, e\u011fitim y\u00f6ntemlerini buna g\u00f6re \u015fekillendirmek isteyen \u00f6\u011fretmenler.<\/p>\n<\/li>\n<li class=\"\" data-start=\"2425\" data-end=\"2531\">\n<p class=\"\" data-start=\"2427\" data-end=\"2531\"><strong data-start=\"2427\" data-end=\"2453\">\u00d6zel E\u011fitim Uzmanlar\u0131:<\/strong> G\u00f6rsel alg\u0131 bozukluklar\u0131 olan \u00e7ocuklarla \u00e7al\u0131\u015fan \u00f6zel e\u011fitim profesyonelleri.<\/p>\n<\/li>\n<\/ul>\n<hr class=\"\" data-start=\"2533\" data-end=\"2536\" \/>\n<h3 class=\"\" data-start=\"2538\" data-end=\"2590\"><strong data-start=\"2542\" data-end=\"2590\">Neden Frostig G\u00f6rsel Alg\u0131lama Testi E\u011fitimi?<\/strong><\/h3>\n<ul data-start=\"2591\" data-end=\"3412\">\n<li class=\"\" data-start=\"2591\" data-end=\"2741\">\n<p class=\"\" data-start=\"2593\" data-end=\"2741\"><strong data-start=\"2593\" data-end=\"2620\">Erken M\u00fcdahale F\u0131rsat\u0131:<\/strong> G\u00f6rsel alg\u0131lama bozukluklar\u0131 erken tespit edilirse, \u00e7ocuklar\u0131n geli\u015fim s\u00fcre\u00e7lerinde daha etkili m\u00fcdahaleler yap\u0131labilir.<\/p>\n<\/li>\n<li class=\"\" data-start=\"2742\" data-end=\"2898\">\n<p class=\"\" data-start=\"2744\" data-end=\"2898\"><strong data-start=\"2744\" data-end=\"2773\">Geli\u015fimsel De\u011ferlendirme:<\/strong> Bu test, \u00e7ocuklar\u0131n g\u00f6rsel-mek\u00e2nsal becerilerini de\u011ferlendirerek, onlar\u0131n bili\u015fsel ve motor geli\u015fimlerini anlaman\u0131z\u0131 sa\u011flar.<\/p>\n<\/li>\n<li class=\"\" data-start=\"2899\" data-end=\"3116\">\n<p class=\"\" data-start=\"2901\" data-end=\"3116\"><strong data-start=\"2901\" data-end=\"2944\">G\u00f6rsel Alg\u0131lama ile \u0130lgili M\u00fcdahaleler:<\/strong> G\u00f6rsel alg\u0131lama bozukluklar\u0131n\u0131n tespit edilmesi, \u00e7ocuklar\u0131n akademik ba\u015far\u0131lar\u0131n\u0131 ve g\u00fcnl\u00fck ya\u015fam becerilerini iyile\u015ftirecek m\u00fcdahale planlar\u0131 olu\u015fturman\u0131za yard\u0131mc\u0131 olur.<\/p>\n<\/li>\n<li class=\"\" data-start=\"3117\" data-end=\"3247\">\n<p class=\"\" data-start=\"3119\" data-end=\"3247\"><strong data-start=\"3119\" data-end=\"3139\">Kapsaml\u0131 E\u011fitim:<\/strong> Ger\u00e7ek vaka \u00e7al\u0131\u015fmalar\u0131 ve uygulamal\u0131 testlerle, e\u011fitimde \u00f6\u011frendiklerinizi prati\u011fe d\u00f6kme imk\u00e2n\u0131 bulursunuz.<\/p>\n<\/li>\n<li class=\"\" data-start=\"3248\" data-end=\"3412\">\n<p class=\"\" data-start=\"3250\" data-end=\"3412\"><strong data-start=\"3250\" data-end=\"3280\">\u00c7ocuklarla Etkili \u00c7al\u0131\u015fma:<\/strong> \u00c7ocuklar\u0131n g\u00f6rsel alg\u0131lama becerilerini anlayarak, onlar\u0131n geli\u015fimsel s\u00fcre\u00e7lerini do\u011fru \u015fekilde y\u00f6nlendirme f\u0131rsat\u0131 elde edersiniz.<\/p>\n<\/li>\n<\/ul>\n<hr class=\"\" data-start=\"3414\" data-end=\"3417\" \/>\n<h3 class=\"\" data-start=\"3419\" data-end=\"3501\"><strong data-start=\"3423\" data-end=\"3501\">G\u00f6rsel Alg\u0131 Becerilerini Derinlemesine De\u011ferlendirmek \u0130\u00e7in \u015eimdi Ba\u015fvurun!<\/strong><\/h3>\n<p class=\"\" data-start=\"3503\" data-end=\"3895\"><strong data-start=\"3503\" data-end=\"3544\">Frostig G\u00f6rsel Alg\u0131lama Testi E\u011fitimi<\/strong>, \u00e7ocuklar\u0131n g\u00f6rsel alg\u0131lama becerilerini do\u011fru bir \u015fekilde de\u011ferlendirmenizi ve bu verilerle onlar\u0131n geli\u015fim s\u00fcre\u00e7lerine etkili m\u00fcdahaleler yapman\u0131z\u0131 sa\u011flar. G\u00f6rsel alg\u0131lama, \u00e7ocuklar\u0131n bili\u015fsel geli\u015fiminde kritik bir rol oynar ve do\u011fru tespit edilen sorunlar, erken d\u00f6nemde \u00e7\u00f6z\u00fclerek \u00e7ocuklar\u0131n daha sa\u011fl\u0131kl\u0131 bir geli\u015fim s\u00fcreci ge\u00e7irmelerini sa\u011flar.<\/p>\n<p class=\"\" data-start=\"3897\" data-end=\"4051\"><strong data-start=\"3897\" data-end=\"4051\">G\u00f6rsel alg\u0131lama testini do\u011fru \u015fekilde uygulamak ve sonu\u00e7lar\u0131n\u0131 etkili bir bi\u00e7imde analiz etmek i\u00e7in ba\u015fvurun ve profesyonel becerilerinizi geli\u015ftirin!<\/strong><\/p>\n","protected":false},"excerpt":{"rendered":"<p>Frostig G\u00f6rsel Alg\u0131lama Testi E\u011fitimi ile \u00c7ocuklar\u0131n Alg\u0131sal Becerilerini De\u011ferlendirin Frostig G\u00f6rsel Alg\u0131lama Testi, \u00e7ocuklar\u0131n g\u00f6rsel alg\u0131lama becerilerini \u00f6l\u00e7mek i\u00e7in tasarlanm\u0131\u015f bilimsel bir de\u011ferlendirme arac\u0131d\u0131r. Bu test, \u00e7ocuklar\u0131n \u00e7evresel uyaranlar\u0131 [&hellip;]<\/p>\n","protected":false},"featured_media":3660,"comment_status":"open","ping_status":"closed","template":"","meta":{"_acf_changed":false,"_monsterinsights_skip_tracking":false,"_monsterinsights_sitenote_active":false,"_monsterinsights_sitenote_note":"","_monsterinsights_sitenote_category":0},"product_brand":[],"product_cat":[57],"product_tag":[],"class_list":{"0":"post-3659","1":"product","2":"type-product","3":"status-publish","4":"has-post-thumbnail","6":"product_cat-uncategorized-tr","8":"first","9":"instock","10":"sale","11":"virtual","12":"taxable","13":"purchasable","14":"product-type-simple"},"acf":[],"aioseo_notices":[],"_links":{"self":[{"href":"https:\/\/www.arsakademia.com\/en\/wp-json\/wp\/v2\/product\/3659","targetHints":{"allow":["GET"]}}],"collection":[{"href":"https:\/\/www.arsakademia.com\/en\/wp-json\/wp\/v2\/product"}],"about":[{"href":"https:\/\/www.arsakademia.com\/en\/wp-json\/wp\/v2\/types\/product"}],"replies":[{"embeddable":true,"href":"https:\/\/www.arsakademia.com\/en\/wp-json\/wp\/v2\/comments?post=3659"}],"wp:featuredmedia":[{"embeddable":true,"href":"https:\/\/www.arsakademia.com\/en\/wp-json\/wp\/v2\/media\/3660"}],"wp:attachment":[{"href":"https:\/\/www.arsakademia.com\/en\/wp-json\/wp\/v2\/media?parent=3659"}],"wp:term":[{"taxonomy":"product_brand","embeddable":true,"href":"https:\/\/www.arsakademia.com\/en\/wp-json\/wp\/v2\/product_brand?post=3659"},{"taxonomy":"product_cat","embeddable":true,"href":"https:\/\/www.arsakademia.com\/en\/wp-json\/wp\/v2\/product_cat?post=3659"},{"taxonomy":"product_tag","embeddable":true,"href":"https:\/\/www.arsakademia.com\/en\/wp-json\/wp\/v2\/product_tag?post=3659"}],"curies":[{"name":"wp","href":"https:\/\/api.w.org\/{rel}","templated":true}]}}