{"id":3655,"date":"2025-04-08T12:26:51","date_gmt":"2025-04-08T09:26:51","guid":{"rendered":"https:\/\/www.arsakademia.com\/?post_type=product&#038;p=3655"},"modified":"2025-06-01T00:00:14","modified_gmt":"2025-05-31T21:00:14","slug":"frankfurter-dikkat-testi-egitimi","status":"publish","type":"product","link":"https:\/\/www.arsakademia.com\/en\/product\/frankfurter-dikkat-testi-egitimi\/","title":{"rendered":"Frankfurter Dikkat Testi E\u011fitimi"},"content":{"rendered":"<h3 class=\"\" data-start=\"86\" data-end=\"189\"><strong data-start=\"90\" data-end=\"189\">Frankfurter Dikkat Testi E\u011fitimi ile Dikkat ve Bili\u015fsel Yetenekleri Derinlemesine De\u011ferlendirin<\/strong><\/h3>\n<p class=\"\" data-start=\"191\" data-end=\"712\"><strong data-start=\"191\" data-end=\"219\">Frankfurter Dikkat Testi<\/strong>, bireylerin dikkat seviyelerini, konsantrasyon becerilerini ve zihinsel h\u0131zlar\u0131n\u0131 \u00f6l\u00e7mek i\u00e7in yayg\u0131n olarak kullan\u0131lan psikolojik bir de\u011ferlendirme arac\u0131d\u0131r. Bu test, \u00f6zellikle dikkat eksikli\u011fi, hiperaktivite ve di\u011fer bili\u015fsel zorluklar\u0131n tespitinde son derece etkili bir y\u00f6ntemdir. <strong data-start=\"503\" data-end=\"539\">Frankfurter Dikkat Testi E\u011fitimi<\/strong>, profesyonellere bu testi do\u011fru bir \u015fekilde uygulama, sonu\u00e7lar\u0131 do\u011fru yorumlama ve bu verilerle bireylere y\u00f6nelik etkin m\u00fcdahalelerde bulunma becerisi kazand\u0131rmay\u0131 ama\u00e7lar.<\/p>\n<p class=\"\" data-start=\"714\" data-end=\"974\">Bu e\u011fitim sayesinde, dikkat testlerini nas\u0131l do\u011fru bir \u015fekilde uygulayaca\u011f\u0131n\u0131z\u0131 ve elde etti\u011finiz sonu\u00e7larla hangi terapi veya m\u00fcdahalelere ihtiya\u00e7 duyuldu\u011funu daha iyi anlayarak, bireylerin bili\u015fsel durumlar\u0131 hakk\u0131nda derinlemesine bilgi sahibi olabilirsiniz.<\/p>\n<hr class=\"\" data-start=\"976\" data-end=\"979\" \/>\n<h3 class=\"\" data-start=\"981\" data-end=\"1004\"><strong data-start=\"985\" data-end=\"1004\">E\u011fitim \u0130\u00e7eri\u011fi:<\/strong><\/h3>\n<ul data-start=\"1005\" data-end=\"1920\">\n<li class=\"\" data-start=\"1005\" data-end=\"1143\">\n<p class=\"\" data-start=\"1007\" data-end=\"1143\"><strong data-start=\"1007\" data-end=\"1054\">Frankfurter Dikkat Testinin Temel \u0130lkeleri:<\/strong> Testin amac\u0131, kullan\u0131m alanlar\u0131 ve dikkat \u00f6l\u00e7\u00fcm\u00fc konusundaki bilimsel temelleri \u00f6\u011frenin.<\/p>\n<\/li>\n<li class=\"\" data-start=\"1144\" data-end=\"1325\">\n<p class=\"\" data-start=\"1146\" data-end=\"1325\"><strong data-start=\"1146\" data-end=\"1177\">Testin Uygulama Y\u00f6ntemleri:<\/strong> Frankfurter Dikkat Testi\u2019ni do\u011fru bir \u015fekilde nas\u0131l uygulayaca\u011f\u0131n\u0131z\u0131 ve testin farkl\u0131 b\u00f6l\u00fcmleriyle nas\u0131l etkin bir \u015fekilde \u00e7al\u0131\u015faca\u011f\u0131n\u0131z\u0131 ke\u015ffedin.<\/p>\n<\/li>\n<li class=\"\" data-start=\"1326\" data-end=\"1449\">\n<p class=\"\" data-start=\"1328\" data-end=\"1449\"><strong data-start=\"1328\" data-end=\"1367\">Sonu\u00e7lar\u0131n Analizi ve Yorumlanmas\u0131:<\/strong> Test sonu\u00e7lar\u0131n\u0131 do\u011fru bir \u015fekilde analiz etme ve yorumlama y\u00f6ntemlerini \u00f6\u011frenin.<\/p>\n<\/li>\n<li class=\"\" data-start=\"1450\" data-end=\"1622\">\n<p class=\"\" data-start=\"1452\" data-end=\"1622\"><strong data-start=\"1452\" data-end=\"1487\">Dikkat Bozukluklar\u0131n\u0131n Tespiti:<\/strong> Frankfurter Dikkat Testi&#8217;ni kullanarak dikkat eksikli\u011fi, konsantrasyon sorunlar\u0131 ve zihinsel h\u0131z gibi bili\u015fsel zorluklar\u0131 tespit etme.<\/p>\n<\/li>\n<li class=\"\" data-start=\"1623\" data-end=\"1798\">\n<p class=\"\" data-start=\"1625\" data-end=\"1798\"><strong data-start=\"1625\" data-end=\"1680\">Bili\u015fsel Yeteneklerle \u0130lgili M\u00fcdahale Stratejileri:<\/strong> Test sonu\u00e7lar\u0131na g\u00f6re, bireylerin bili\u015fsel geli\u015fimlerini destekleyecek m\u00fcdahaleler ve terapi y\u00f6ntemlerini belirleyin.<\/p>\n<\/li>\n<li class=\"\" data-start=\"1799\" data-end=\"1920\">\n<p class=\"\" data-start=\"1801\" data-end=\"1920\"><strong data-start=\"1801\" data-end=\"1845\">Uygulamal\u0131 \u00d6rnekler ve Vaka \u00c7al\u0131\u015fmalar\u0131:<\/strong> Test uygulamalar\u0131 yaparak ger\u00e7ek vaka \u00f6rnekleri \u00fczerinden analizler yap\u0131n.<\/p>\n<\/li>\n<\/ul>\n<hr class=\"\" data-start=\"1922\" data-end=\"1925\" \/>\n<h3 class=\"\" data-start=\"1927\" data-end=\"1952\"><strong data-start=\"1931\" data-end=\"1952\">Kimler Kat\u0131lmal\u0131?<\/strong><\/h3>\n<ul data-start=\"1953\" data-end=\"2570\">\n<li class=\"\" data-start=\"1953\" data-end=\"2099\">\n<p class=\"\" data-start=\"1955\" data-end=\"2099\"><strong data-start=\"1955\" data-end=\"1990\">Psikologlar ve Psikiyatristler:<\/strong> Dikkat ve bili\u015fsel becerileri de\u011ferlendirmek, dikkat eksikli\u011fi gibi durumlar\u0131 tespit etmek isteyen uzmanlar.<\/p>\n<\/li>\n<li class=\"\" data-start=\"2100\" data-end=\"2296\">\n<p class=\"\" data-start=\"2102\" data-end=\"2296\"><strong data-start=\"2102\" data-end=\"2144\">E\u011fitimciler ve Rehberlik \u00d6\u011fretmenleri:<\/strong> \u00d6\u011frencilerin dikkat becerilerini de\u011ferlendirerek, e\u011fitim s\u00fcre\u00e7lerinde nas\u0131l daha etkili m\u00fcdahalelerde bulunabileceklerini \u00f6\u011frenmek isteyen \u00f6\u011fretmenler.<\/p>\n<\/li>\n<li class=\"\" data-start=\"2297\" data-end=\"2450\">\n<p class=\"\" data-start=\"2299\" data-end=\"2450\"><strong data-start=\"2299\" data-end=\"2342\">\u00c7ocuk Geli\u015fimi Uzmanlar\u0131 ve Pedagoglar:<\/strong> \u00c7ocuklar\u0131n dikkat seviyelerini \u00f6l\u00e7mek ve bu verilere dayal\u0131 geli\u015fimsel m\u00fcdahaleler yapmak isteyen uzmanlar.<\/p>\n<\/li>\n<li class=\"\" data-start=\"2451\" data-end=\"2570\">\n<p class=\"\" data-start=\"2453\" data-end=\"2570\"><strong data-start=\"2453\" data-end=\"2484\">Terapistler ve Dan\u0131\u015fmanlar:<\/strong> Dikkat sorunlar\u0131yla ilgili terapi ve destek planlar\u0131 geli\u015ftirmek isteyen terapistler.<\/p>\n<\/li>\n<\/ul>\n<hr class=\"\" data-start=\"2572\" data-end=\"2575\" \/>\n<h3 class=\"\" data-start=\"2577\" data-end=\"2624\"><strong data-start=\"2581\" data-end=\"2624\">Neden Frankfurter Dikkat Testi E\u011fitimi?<\/strong><\/h3>\n<ul data-start=\"2625\" data-end=\"3511\">\n<li class=\"\" data-start=\"2625\" data-end=\"2805\">\n<p class=\"\" data-start=\"2627\" data-end=\"2805\"><strong data-start=\"2627\" data-end=\"2668\">Derinlemesine Dikkat De\u011ferlendirmesi:<\/strong> Frankfurter Dikkat Testi, bireylerin dikkat ve bili\u015fsel performans\u0131n\u0131 kapsaml\u0131 bir \u015fekilde \u00f6l\u00e7mek i\u00e7in kullan\u0131lan g\u00fcvenilir bir ara\u00e7t\u0131r.<\/p>\n<\/li>\n<li class=\"\" data-start=\"2806\" data-end=\"2953\">\n<p class=\"\" data-start=\"2808\" data-end=\"2953\"><strong data-start=\"2808\" data-end=\"2825\">Erken Te\u015fhis:<\/strong> Dikkat bozukluklar\u0131, erken d\u00f6nemde tespit edilirse, m\u00fcdahale \u015fans\u0131 artar. Bu e\u011fitim, erken te\u015fhis yapman\u0131za yard\u0131mc\u0131 olacakt\u0131r.<\/p>\n<\/li>\n<li class=\"\" data-start=\"2954\" data-end=\"3152\">\n<p class=\"\" data-start=\"2956\" data-end=\"3152\"><strong data-start=\"2956\" data-end=\"2982\">Kapsaml\u0131 Veri Analizi:<\/strong> Test sonu\u00e7lar\u0131n\u0131 do\u011fru bir \u015fekilde analiz ederek, bireylerin dikkat ve konsantrasyon becerilerini derinlemesine anlayabilir ve ona uygun m\u00fcdahaleler geli\u015ftirebilirsiniz.<\/p>\n<\/li>\n<li class=\"\" data-start=\"3153\" data-end=\"3338\">\n<p class=\"\" data-start=\"3155\" data-end=\"3338\"><strong data-start=\"3155\" data-end=\"3188\">Profesyonel Yetenek Geli\u015fimi:<\/strong> Frankfurter Dikkat Testi&#8217;ni do\u011fru \u015fekilde uygulama ve sonu\u00e7lar\u0131 yorumlama becerisi kazanarak, daha etkili psikolojik de\u011ferlendirmeler yapabilirsiniz.<\/p>\n<\/li>\n<li class=\"\" data-start=\"3339\" data-end=\"3511\">\n<p class=\"\" data-start=\"3341\" data-end=\"3511\"><strong data-start=\"3341\" data-end=\"3372\">\u00c7e\u015fitli Alanlarda Kullan\u0131m:<\/strong> Bu testi, hem klinik hem de e\u011fitim alanlar\u0131nda kullanarak, bireylerin dikkat sorunlar\u0131na y\u00f6nelik etkili \u00e7\u00f6z\u00fcm yollar\u0131 geli\u015ftirebilirsiniz.<\/p>\n<\/li>\n<\/ul>\n<hr class=\"\" data-start=\"3513\" data-end=\"3516\" \/>\n<h3 class=\"\" data-start=\"3518\" data-end=\"3608\"><strong data-start=\"3522\" data-end=\"3608\">Dikkat ve Bili\u015fsel Fonksiyonlar\u0131 Derinlemesine De\u011ferlendirmek \u0130\u00e7in \u015eimdi Ba\u015fvurun!<\/strong><\/h3>\n<p class=\"\" data-start=\"3610\" data-end=\"3977\"><strong data-start=\"3610\" data-end=\"3646\">Frankfurter Dikkat Testi E\u011fitimi<\/strong>, dikkat ve bili\u015fsel becerileri do\u011fru bir \u015fekilde de\u011ferlendirmenin yan\u0131 s\u0131ra, bu verileri kullanarak m\u00fcdahale ve tedavi stratejileri geli\u015ftirme imk\u00e2n\u0131 sunar. Bireylerin dikkat sorunlar\u0131n\u0131 tespit etmek, tedavi s\u00fcre\u00e7lerinde etkili m\u00fcdahalelerde bulunmak ve bili\u015fsel geli\u015fimlerini desteklemek i\u00e7in gerekli becerileri kazanabilirsiniz.<\/p>\n<p class=\"\" data-start=\"3979\" data-end=\"4087\"><strong data-start=\"3979\" data-end=\"4087\">Dikkat sorunlar\u0131n\u0131 do\u011fru bir \u015fekilde de\u011ferlendirmek i\u00e7in ba\u015fvurun ve profesyonel becerilerinizi art\u0131r\u0131n!<\/strong><\/p>\n","protected":false},"excerpt":{"rendered":"<p>Frankfurter Dikkat Testi E\u011fitimi ile Dikkat ve Bili\u015fsel Yetenekleri Derinlemesine De\u011ferlendirin Frankfurter Dikkat Testi, bireylerin dikkat seviyelerini, konsantrasyon becerilerini ve zihinsel h\u0131zlar\u0131n\u0131 \u00f6l\u00e7mek i\u00e7in yayg\u0131n olarak kullan\u0131lan psikolojik bir de\u011ferlendirme [&hellip;]<\/p>\n","protected":false},"featured_media":3657,"comment_status":"open","ping_status":"closed","template":"","meta":{"_acf_changed":false,"_monsterinsights_skip_tracking":false,"_monsterinsights_sitenote_active":false,"_monsterinsights_sitenote_note":"","_monsterinsights_sitenote_category":0},"product_brand":[],"product_cat":[57],"product_tag":[],"class_list":{"0":"post-3655","1":"product","2":"type-product","3":"status-publish","4":"has-post-thumbnail","6":"product_cat-uncategorized-tr","8":"first","9":"instock","10":"virtual","11":"taxable","12":"purchasable","13":"product-type-simple"},"acf":[],"aioseo_notices":[],"_links":{"self":[{"href":"https:\/\/www.arsakademia.com\/en\/wp-json\/wp\/v2\/product\/3655","targetHints":{"allow":["GET"]}}],"collection":[{"href":"https:\/\/www.arsakademia.com\/en\/wp-json\/wp\/v2\/product"}],"about":[{"href":"https:\/\/www.arsakademia.com\/en\/wp-json\/wp\/v2\/types\/product"}],"replies":[{"embeddable":true,"href":"https:\/\/www.arsakademia.com\/en\/wp-json\/wp\/v2\/comments?post=3655"}],"wp:featuredmedia":[{"embeddable":true,"href":"https:\/\/www.arsakademia.com\/en\/wp-json\/wp\/v2\/media\/3657"}],"wp:attachment":[{"href":"https:\/\/www.arsakademia.com\/en\/wp-json\/wp\/v2\/media?parent=3655"}],"wp:term":[{"taxonomy":"product_brand","embeddable":true,"href":"https:\/\/www.arsakademia.com\/en\/wp-json\/wp\/v2\/product_brand?post=3655"},{"taxonomy":"product_cat","embeddable":true,"href":"https:\/\/www.arsakademia.com\/en\/wp-json\/wp\/v2\/product_cat?post=3655"},{"taxonomy":"product_tag","embeddable":true,"href":"https:\/\/www.arsakademia.com\/en\/wp-json\/wp\/v2\/product_tag?post=3655"}],"curies":[{"name":"wp","href":"https:\/\/api.w.org\/{rel}","templated":true}]}}