{"id":3652,"date":"2025-04-08T12:13:18","date_gmt":"2025-04-08T09:13:18","guid":{"rendered":"https:\/\/www.arsakademia.com\/?post_type=product&#038;p=3652"},"modified":"2025-06-01T00:00:13","modified_gmt":"2025-05-31T21:00:13","slug":"dikkat-ve-algi-testleri-uygulayici-egitimi","status":"publish","type":"product","link":"https:\/\/www.arsakademia.com\/en\/product\/dikkat-ve-algi-testleri-uygulayici-egitimi\/","title":{"rendered":"Dikkat ve Alg\u0131 Testleri Uygulay\u0131c\u0131 E\u011fitimi"},"content":{"rendered":"<p>Dikkat ve Alg\u0131 Testleri Uygulay\u0131c\u0131 E\u011fitimi ile Psikolojik De\u011ferlendirmelerinizi G\u00fc\u00e7lendirin<br \/>\nBireylerin dikkat, alg\u0131 ve bili\u015fsel fonksiyonlar\u0131n\u0131 do\u011fru bir \u015fekilde de\u011ferlendirmek, psikolojik testlerin en \u00f6nemli ad\u0131mlar\u0131ndan biridir. Dikkat ve Alg\u0131 Testleri Uygulay\u0131c\u0131 E\u011fitimi, bu alanda uzmanla\u015fmak isteyen psikologlar, terapistler, e\u011fitimciler ve di\u011fer profesyonellere y\u00f6nelik kapsaml\u0131 bir e\u011fitim program\u0131d\u0131r. Bu e\u011fitim sayesinde, dikkat ve alg\u0131 testlerini etkili bir \u015fekilde uygulamay\u0131, sonu\u00e7lar\u0131 do\u011fru bir \u015fekilde analiz etmeyi ve bu verileri kullanarak uygun m\u00fcdahalelerde bulunmay\u0131 \u00f6\u011freneceksiniz.<\/p>\n<p>Dikkat ve Alg\u0131 Testleri, bireylerin \u00e7evreyi nas\u0131l alg\u0131lad\u0131klar\u0131n\u0131, dikkat s\u00fcreklili\u011fini, dikkati y\u00f6nlendirme ve de\u011fi\u015ftirme becerilerini anlamak i\u00e7in kullan\u0131lan \u00f6nemli ara\u00e7lard\u0131r. Bu e\u011fitim, hem \u00e7ocuklar hem de yeti\u015fkinler i\u00e7in \u00e7e\u015fitli testlerin nas\u0131l uyguland\u0131\u011f\u0131n\u0131 ve de\u011ferlendirildi\u011fini \u00f6\u011freterek, daha sa\u011fl\u0131kl\u0131 bir psikolojik de\u011ferlendirme s\u00fcreci olu\u015fturman\u0131za yard\u0131mc\u0131 olur.<\/p>\n<p>E\u011fitim \u0130\u00e7eri\u011fi:<br \/>\nDikkat ve Alg\u0131 Testlerinin Temel \u0130lkeleri: Dikkat ve alg\u0131 testlerinin amac\u0131n\u0131, kullan\u0131m alanlar\u0131n\u0131 ve psikolojik de\u011ferlendirmelerde nas\u0131l yer ald\u0131klar\u0131n\u0131 \u00f6\u011frenin.<\/p>\n<p>Dikkat Testlerinin Uygulanmas\u0131: Dikkat testlerini do\u011fru bir \u015fekilde nas\u0131l uygulayaca\u011f\u0131n\u0131z\u0131 ve testin t\u00fcm a\u015famalar\u0131n\u0131 etkili \u015fekilde y\u00f6netmeyi ke\u015ffedin.<\/p>\n<p>Alg\u0131 Testlerinin Uygulamas\u0131 ve Yorumlanmas\u0131: Alg\u0131 testlerinin nas\u0131l uygulanaca\u011f\u0131n\u0131, sonu\u00e7lar\u0131n do\u011fru \u015fekilde nas\u0131l yorumlanaca\u011f\u0131n\u0131 ve bu bilgileri nas\u0131l kullanabilece\u011finizi \u00f6\u011frenin.<\/p>\n<p>Dikkat ve Alg\u0131 Bozukluklar\u0131n\u0131n Tespiti: Test sonu\u00e7lar\u0131 ile dikkat eksikli\u011fi, alg\u0131 bozukluklar\u0131 gibi psikolojik durumlar\u0131n tespitini yapmay\u0131 \u00f6\u011frenin.<\/p>\n<p>Veri Analizi ve Sonu\u00e7 Yorumlama: Test sonu\u00e7lar\u0131n\u0131 nas\u0131l analiz edece\u011finizi ve bu sonu\u00e7lar\u0131 bireylerin psikolojik sa\u011fl\u0131k durumlar\u0131n\u0131 anlamada nas\u0131l kullanabilece\u011finizi \u00f6\u011frenin.<\/p>\n<p>Uygulamal\u0131 Test Uygulamalar\u0131: Ger\u00e7ek vaka analizleri ve \u00f6rneklerle test uygulamalar\u0131 yaparak \u00f6\u011frendiklerinizi peki\u015ftirin.<\/p>\n<p>Kimler Kat\u0131lmal\u0131?<br \/>\nPsikologlar ve Psikiyatristler: Dikkat ve alg\u0131 bozukluklar\u0131 hakk\u0131nda daha fazla bilgi edinmek ve bu bozukluklar\u0131 do\u011fru \u015fekilde de\u011ferlendirebilmek isteyen profesyoneller.<\/p>\n<p>E\u011fitimciler ve Rehberlik \u00d6\u011fretmenleri: \u00d6\u011frencilerin dikkat seviyelerini ve alg\u0131lar\u0131n\u0131 de\u011ferlendirmek isteyen e\u011fitimciler.<\/p>\n<p>\u00c7ocuk Geli\u015fimi Uzmanlar\u0131 ve Pedagoglar: \u00c7ocuklar\u0131n dikkat ve alg\u0131 geli\u015fimini inceleyerek, onlara y\u00f6nelik geli\u015fimsel m\u00fcdahalelerde bulunmak isteyen uzmanlar.<\/p>\n<p>Terapistler ve Dan\u0131\u015fmanlar: Dikkat ve alg\u0131 sorunlar\u0131 ile ba\u015fa \u00e7\u0131kma s\u00fcre\u00e7lerinde etkili m\u00fcdahaleler geli\u015ftirmek isteyen profesyoneller.<\/p>\n<p>Neden Dikkat ve Alg\u0131 Testleri Uygulay\u0131c\u0131 E\u011fitimi?<br \/>\nEtkili Psikolojik De\u011ferlendirme: Dikkat ve alg\u0131 testleri, bireylerin psikolojik durumlar\u0131n\u0131 anlamada ve do\u011fru tedavi planlar\u0131 olu\u015fturmakta \u00f6nemli bir yer tutar.<\/p>\n<p>B\u00fct\u00fcnsel Yakla\u015f\u0131m: Test sonu\u00e7lar\u0131, sadece bireyin dikkat seviyelerini de\u011fil, ayn\u0131 zamanda \u00e7evresel alg\u0131lar\u0131n\u0131 ve genel bili\u015fsel i\u015flevselliklerini anlaman\u0131z\u0131 sa\u011flar.<\/p>\n<p>Bilimsel Temele Dayal\u0131 M\u00fcdahaleler: Bu testlerin sonu\u00e7lar\u0131na dayanarak, dikkat ve alg\u0131 bozukluklar\u0131n\u0131 do\u011fru bir \u015fekilde tespit edebilir, etkili ve hedeflenmi\u015f tedavi stratejileri geli\u015ftirebilirsiniz.<\/p>\n<p>E\u011fitim ve Klinik Alanlarda Uygulama: Hem e\u011fitim kurumlar\u0131nda hem de klinik ortamlarda dikkat ve alg\u0131 de\u011ferlendirmeleri yapabilir, do\u011fru te\u015fhis koyarak daha sa\u011fl\u0131kl\u0131 bir tedavi s\u00fcreci ba\u015flatabilirsiniz.<\/p>\n<p>Kapsaml\u0131 E\u011fitim: Ger\u00e7ek vaka \u00e7al\u0131\u015fmalar\u0131, uygulamal\u0131 testler ve detayl\u0131 analizlerle teorik bilgilerinizi prati\u011fe d\u00f6kme imk\u00e2n\u0131 bulursunuz.<\/p>\n<p>Dikkat ve Alg\u0131y\u0131 Do\u011fru \u015eekilde De\u011ferlendirme \u0130mkan\u0131!<br \/>\nDikkat ve Alg\u0131 Testleri Uygulay\u0131c\u0131 E\u011fitimi, bireylerin psikolojik durumlar\u0131n\u0131 do\u011fru bir \u015fekilde de\u011ferlendirme becerisi kazand\u0131r\u0131rken, ayn\u0131 zamanda bu bilgileri kullanarak daha sa\u011fl\u0131kl\u0131 m\u00fcdahaleler yapman\u0131za yard\u0131mc\u0131 olur. Dikkat ve alg\u0131 bozukluklar\u0131, bireylerin g\u00fcnl\u00fck ya\u015fam kalitelerini etkileyebilecek \u00f6nemli bir fakt\u00f6rd\u00fcr. Bu e\u011fitimle, bu t\u00fcr bozukluklar\u0131 erken te\u015fhis ederek, do\u011fru y\u00f6nlendirme ve tedavi s\u00fcrecine katk\u0131 sa\u011flayabilirsiniz.<\/p>\n<p>Dikkat ve alg\u0131 sorunlar\u0131 ile ilgili do\u011fru veriye ula\u015fmak i\u00e7in \u015fimdi ba\u015fvurun ve profesyonel becerilerinizi geli\u015ftirin!<\/p>\n","protected":false},"excerpt":{"rendered":"<p>Dikkat ve Alg\u0131 Testleri Uygulay\u0131c\u0131 E\u011fitimi ile Psikolojik De\u011ferlendirmelerinizi G\u00fc\u00e7lendirin Bireylerin dikkat, alg\u0131 ve bili\u015fsel fonksiyonlar\u0131n\u0131 do\u011fru bir \u015fekilde de\u011ferlendirmek, psikolojik testlerin en \u00f6nemli ad\u0131mlar\u0131ndan biridir. Dikkat ve Alg\u0131 Testleri [&hellip;]<\/p>\n","protected":false},"featured_media":3653,"comment_status":"open","ping_status":"closed","template":"","meta":{"_acf_changed":false,"_monsterinsights_skip_tracking":false,"_monsterinsights_sitenote_active":false,"_monsterinsights_sitenote_note":"","_monsterinsights_sitenote_category":0},"product_brand":[],"product_cat":[57],"product_tag":[],"class_list":{"0":"post-3652","1":"product","2":"type-product","3":"status-publish","4":"has-post-thumbnail","6":"product_cat-uncategorized-tr","8":"first","9":"instock","10":"virtual","11":"taxable","12":"purchasable","13":"product-type-simple"},"acf":[],"aioseo_notices":[],"_links":{"self":[{"href":"https:\/\/www.arsakademia.com\/en\/wp-json\/wp\/v2\/product\/3652","targetHints":{"allow":["GET"]}}],"collection":[{"href":"https:\/\/www.arsakademia.com\/en\/wp-json\/wp\/v2\/product"}],"about":[{"href":"https:\/\/www.arsakademia.com\/en\/wp-json\/wp\/v2\/types\/product"}],"replies":[{"embeddable":true,"href":"https:\/\/www.arsakademia.com\/en\/wp-json\/wp\/v2\/comments?post=3652"}],"wp:featuredmedia":[{"embeddable":true,"href":"https:\/\/www.arsakademia.com\/en\/wp-json\/wp\/v2\/media\/3653"}],"wp:attachment":[{"href":"https:\/\/www.arsakademia.com\/en\/wp-json\/wp\/v2\/media?parent=3652"}],"wp:term":[{"taxonomy":"product_brand","embeddable":true,"href":"https:\/\/www.arsakademia.com\/en\/wp-json\/wp\/v2\/product_brand?post=3652"},{"taxonomy":"product_cat","embeddable":true,"href":"https:\/\/www.arsakademia.com\/en\/wp-json\/wp\/v2\/product_cat?post=3652"},{"taxonomy":"product_tag","embeddable":true,"href":"https:\/\/www.arsakademia.com\/en\/wp-json\/wp\/v2\/product_tag?post=3652"}],"curies":[{"name":"wp","href":"https:\/\/api.w.org\/{rel}","templated":true}]}}