{"id":3646,"date":"2025-04-08T12:04:17","date_gmt":"2025-04-08T09:04:17","guid":{"rendered":"https:\/\/www.arsakademia.com\/?post_type=product&#038;p=3646"},"modified":"2025-06-01T00:00:12","modified_gmt":"2025-05-31T21:00:12","slug":"cocuklarda-bilissel-davranisci-terapi-egitimi","status":"publish","type":"product","link":"https:\/\/www.arsakademia.com\/en\/product\/cocuklarda-bilissel-davranisci-terapi-egitimi\/","title":{"rendered":"\u00c7ocuklarda Bili\u015fsel Davran\u0131\u015f\u00e7\u0131 Terapi E\u011fitimi"},"content":{"rendered":"<h3 class=\"\" data-start=\"107\" data-end=\"215\"><strong data-start=\"111\" data-end=\"215\">\u00c7ocuklarda Bili\u015fsel Davran\u0131\u015f\u00e7\u0131 Terapi E\u011fitimi ile \u00c7ocuklar\u0131n Psikolojik Zorluklar\u0131na Etkili M\u00fcdahale<\/strong><\/h3>\n<p class=\"\" data-start=\"217\" data-end=\"627\"><strong data-start=\"217\" data-end=\"253\">Bili\u015fsel Davran\u0131\u015f\u00e7\u0131 Terapi (BDT)<\/strong>, duygusal ve davran\u0131\u015fsal zorluklarla ba\u015fa \u00e7\u0131kmada son derece etkili bir yakla\u015f\u0131md\u0131r. \u00c7ocuklar, zaman zaman okul, aile i\u00e7i ili\u015fkiler ve sosyal etkile\u015fimlerde \u00e7e\u015fitli zorluklarla kar\u015f\u0131la\u015fabilir. <strong data-start=\"447\" data-end=\"496\">\u00c7ocuklarda Bili\u015fsel Davran\u0131\u015f\u00e7\u0131 Terapi E\u011fitimi<\/strong>, bu t\u00fcr zorluklarla ba\u015fa \u00e7\u0131kabilmeleri i\u00e7in \u00e7ocuklara y\u00f6nelik terap\u00f6tik m\u00fcdahaleler geli\u015ftirmeyi ama\u00e7layan bir e\u011fitim program\u0131d\u0131r.<\/p>\n<p class=\"\" data-start=\"629\" data-end=\"983\">Bu e\u011fitimde, \u00e7ocuklar\u0131n bili\u015fsel s\u00fcre\u00e7lerini anlamak, olumsuz d\u00fc\u015f\u00fcnce kal\u0131plar\u0131n\u0131 de\u011fi\u015ftirmek ve sa\u011fl\u0131kl\u0131 davran\u0131\u015flar geli\u015ftirmelerine yard\u0131mc\u0131 olmak i\u00e7in BDT tekniklerini nas\u0131l kullanabilece\u011finizi \u00f6\u011freneceksiniz. Bu e\u011fitim, psikologlar, terapistler, pedagojikler ve rehberlik \u00f6\u011fretmenleri gibi \u00e7ocuklarla \u00e7al\u0131\u015fan profesyoneller i\u00e7in ideal bir f\u0131rsatt\u0131r.<\/p>\n<hr class=\"\" data-start=\"985\" data-end=\"988\" \/>\n<h3 class=\"\" data-start=\"990\" data-end=\"1013\"><strong data-start=\"994\" data-end=\"1013\">E\u011fitim \u0130\u00e7eri\u011fi:<\/strong><\/h3>\n<ul data-start=\"1014\" data-end=\"2187\">\n<li class=\"\" data-start=\"1014\" data-end=\"1140\">\n<p class=\"\" data-start=\"1016\" data-end=\"1140\"><strong data-start=\"1016\" data-end=\"1055\">Bili\u015fsel Davran\u0131\u015f\u00e7\u0131 Terapiye Giri\u015f:<\/strong> BDT&#8217;nin temel ilkelerini \u00f6\u011frenin ve \u00e7ocuklar i\u00e7in nas\u0131l uyarlanabilece\u011fini ke\u015ffedin.<\/p>\n<\/li>\n<li class=\"\" data-start=\"1141\" data-end=\"1368\">\n<p class=\"\" data-start=\"1143\" data-end=\"1368\"><strong data-start=\"1143\" data-end=\"1193\">\u00c7ocuklar\u0131n Duygusal \u0130htiya\u00e7lar\u0131 ve Zorluklar\u0131:<\/strong> \u00c7ocuklarda yayg\u0131n g\u00f6r\u00fclen duygusal ve davran\u0131\u015fsal problemleri anlamak (anksiyete, depresyon, \u00f6fke, dikkat eksikli\u011fi vb.) ve bu problemleri \u00e7\u00f6zmek i\u00e7in BDT&#8217;nin rol\u00fcn\u00fc \u00f6\u011frenin.<\/p>\n<\/li>\n<li class=\"\" data-start=\"1369\" data-end=\"1536\">\n<p class=\"\" data-start=\"1371\" data-end=\"1536\"><strong data-start=\"1371\" data-end=\"1414\">Olumsuz D\u00fc\u015f\u00fcnce Kal\u0131plar\u0131n\u0131 De\u011fi\u015ftirme:<\/strong> \u00c7ocuklar\u0131n olumsuz d\u00fc\u015f\u00fcncelerini tan\u0131mlama ve bunlar\u0131 daha sa\u011fl\u0131kl\u0131, olumlu d\u00fc\u015f\u00fcncelerle de\u011fi\u015ftirme tekniklerini \u00f6\u011frenin.<\/p>\n<\/li>\n<li class=\"\" data-start=\"1537\" data-end=\"1696\">\n<p class=\"\" data-start=\"1539\" data-end=\"1696\"><strong data-start=\"1539\" data-end=\"1567\">Davran\u0131\u015fsal M\u00fcdahaleler:<\/strong> \u00c7ocuklar\u0131n problemli davran\u0131\u015flar\u0131n\u0131 de\u011fi\u015ftirmek i\u00e7in davran\u0131\u015fsal teknikler ve peki\u015ftirme y\u00f6ntemlerini kullanma becerisi kazan\u0131n.<\/p>\n<\/li>\n<li class=\"\" data-start=\"1697\" data-end=\"1857\">\n<p class=\"\" data-start=\"1699\" data-end=\"1857\"><strong data-start=\"1699\" data-end=\"1722\">Duygusal D\u00fczenleme:<\/strong> \u00c7ocuklar\u0131n duygusal zorluklar\u0131n\u0131 tan\u0131ma, duygusal d\u00fczenleme becerilerini \u00f6\u011fretme ve stresle ba\u015fa \u00e7\u0131kmalar\u0131na yard\u0131mc\u0131 olma y\u00f6ntemleri.<\/p>\n<\/li>\n<li class=\"\" data-start=\"1858\" data-end=\"1990\">\n<p class=\"\" data-start=\"1860\" data-end=\"1990\"><strong data-start=\"1860\" data-end=\"1882\">Ailelerle \u00c7al\u0131\u015fma:<\/strong> BDT&#8217;yi aile terapisine nas\u0131l entegre edebilece\u011finiz ve ailelerin terapi s\u00fcrecine nas\u0131l dahil edilebilece\u011fi.<\/p>\n<\/li>\n<li class=\"\" data-start=\"1991\" data-end=\"2187\">\n<p class=\"\" data-start=\"1993\" data-end=\"2187\"><strong data-start=\"1993\" data-end=\"2046\">Bili\u015fsel Davran\u0131\u015f\u00e7\u0131 Teknikler ve Pratik Uygulama:<\/strong> BDT tekniklerini \u00e7ocuklara uygulayarak ger\u00e7ek vaka analizleri yapma, oyun terapisi ve yarat\u0131c\u0131 uygulamalarla terapi s\u00fcrecini zenginle\u015ftirme.<\/p>\n<\/li>\n<\/ul>\n<hr class=\"\" data-start=\"2189\" data-end=\"2192\" \/>\n<h3 class=\"\" data-start=\"2194\" data-end=\"2219\"><strong data-start=\"2198\" data-end=\"2219\">Kimler Kat\u0131lmal\u0131?<\/strong><\/h3>\n<ul data-start=\"2220\" data-end=\"2649\">\n<li class=\"\" data-start=\"2220\" data-end=\"2343\">\n<p class=\"\" data-start=\"2222\" data-end=\"2343\"><strong data-start=\"2222\" data-end=\"2257\">Psikologlar ve Psikiyatristler:<\/strong> \u00c7ocuklar\u0131n psikolojik ihtiya\u00e7lar\u0131n\u0131 anlamak ve m\u00fcdahale etmek isteyen profesyoneller.<\/p>\n<\/li>\n<li class=\"\" data-start=\"2344\" data-end=\"2436\">\n<p class=\"\" data-start=\"2346\" data-end=\"2436\"><strong data-start=\"2346\" data-end=\"2383\">\u00c7ocuk Terapistleri ve Pedagoglar:<\/strong> \u00c7ocuklarla \u00e7al\u0131\u015fan terapistler ve geli\u015fim uzmanlar\u0131.<\/p>\n<\/li>\n<li class=\"\" data-start=\"2437\" data-end=\"2542\">\n<p class=\"\" data-start=\"2439\" data-end=\"2542\"><strong data-start=\"2439\" data-end=\"2479\">Rehberlik ve Psikolojik Dan\u0131\u015fmanlar:<\/strong> Okullarda ve di\u011fer e\u011fitim kurumlar\u0131nda \u00e7al\u0131\u015fan profesyoneller.<\/p>\n<\/li>\n<li class=\"\" data-start=\"2543\" data-end=\"2649\">\n<p class=\"\" data-start=\"2545\" data-end=\"2649\"><strong data-start=\"2545\" data-end=\"2575\">Aile ve \u00c7ift Terapistleri:<\/strong> Aile terapisi ve \u00e7ocuk terapisi alanlar\u0131nda uzmanla\u015fmak isteyen bireyler.<\/p>\n<\/li>\n<\/ul>\n<hr class=\"\" data-start=\"2651\" data-end=\"2654\" \/>\n<h3 class=\"\" data-start=\"2656\" data-end=\"2716\"><strong data-start=\"2660\" data-end=\"2716\">Neden \u00c7ocuklarda Bili\u015fsel Davran\u0131\u015f\u00e7\u0131 Terapi E\u011fitimi?<\/strong><\/h3>\n<ul data-start=\"2717\" data-end=\"3470\">\n<li class=\"\" data-start=\"2717\" data-end=\"2881\">\n<p class=\"\" data-start=\"2719\" data-end=\"2881\"><strong data-start=\"2719\" data-end=\"2738\">Erken M\u00fcdahale:<\/strong> \u00c7ocuklar\u0131n psikolojik geli\u015fimlerini erken ya\u015flarda olumlu y\u00f6nde etkilemek, onlar\u0131n gelecekte kar\u015f\u0131la\u015fabilece\u011fi psikolojik zorluklar\u0131 engeller.<\/p>\n<\/li>\n<li class=\"\" data-start=\"2882\" data-end=\"3055\">\n<p class=\"\" data-start=\"2884\" data-end=\"3055\"><strong data-start=\"2884\" data-end=\"2907\">Etkili M\u00fcdahaleler:<\/strong> BDT, \u00f6zellikle \u00e7ocuklarda kayg\u0131, depresyon, \u00f6fke, dikkat eksikli\u011fi gibi zorluklar\u0131 anlamak ve \u00e7\u00f6zmek i\u00e7in olduk\u00e7a etkili bir terap\u00f6tik yakla\u015f\u0131md\u0131r.<\/p>\n<\/li>\n<li class=\"\" data-start=\"3056\" data-end=\"3205\">\n<p class=\"\" data-start=\"3058\" data-end=\"3205\"><strong data-start=\"3058\" data-end=\"3080\">B\u00fct\u00fcnsel Yakla\u015f\u0131m:<\/strong> \u00c7ocuklar\u0131n d\u00fc\u015f\u00fcnce, duygu ve davran\u0131\u015flar\u0131 aras\u0131ndaki ili\u015fkiyi anlaman\u0131z\u0131 sa\u011flayarak, daha sa\u011fl\u0131kl\u0131 bir geli\u015fim s\u00fcreci sunar.<\/p>\n<\/li>\n<li class=\"\" data-start=\"3206\" data-end=\"3332\">\n<p class=\"\" data-start=\"3208\" data-end=\"3332\"><strong data-start=\"3208\" data-end=\"3231\">Pratik Uygulamalar:<\/strong> BDT tekniklerini ger\u00e7ek ya\u015famda ve \u00e7ocuklarla nas\u0131l etkin bir \u015fekilde uygulayaca\u011f\u0131n\u0131z\u0131 \u00f6\u011frenirsiniz.<\/p>\n<\/li>\n<li class=\"\" data-start=\"3333\" data-end=\"3470\">\n<p class=\"\" data-start=\"3335\" data-end=\"3470\"><strong data-start=\"3335\" data-end=\"3365\">\u00c7ocuklara Uygun Teknikler:<\/strong> BDT&#8217;nin \u00e7ocuklara y\u00f6nelik uyarlanm\u0131\u015f y\u00f6ntemlerini \u00f6\u011frenerek, terap\u00f6tik m\u00fcdahalenizde ba\u015far\u0131 sa\u011flars\u0131n\u0131z.<\/p>\n<\/li>\n<\/ul>\n<hr class=\"\" data-start=\"3472\" data-end=\"3475\" \/>\n<h3 class=\"\" data-start=\"3477\" data-end=\"3545\"><strong data-start=\"3481\" data-end=\"3545\">\u00c7ocuklar\u0131n Psikolojik Zorluklar\u0131n\u0131 A\u015fmalar\u0131na Yard\u0131mc\u0131 Olun!<\/strong><\/h3>\n<p class=\"\" data-start=\"3547\" data-end=\"3937\"><strong data-start=\"3547\" data-end=\"3596\">\u00c7ocuklarda Bili\u015fsel Davran\u0131\u015f\u00e7\u0131 Terapi E\u011fitimi<\/strong>, \u00e7ocuklar\u0131n duygusal ve davran\u0131\u015fsal zorluklar\u0131n\u0131 erken d\u00f6nemde \u00e7\u00f6zmek ve onlar\u0131 sa\u011fl\u0131kl\u0131 bir psikolojik geli\u015fime y\u00f6nlendirmek i\u00e7in etkili bir y\u00f6ntemdir. E\u011fitim sonunda, BDT tekniklerini \u00e7ocuklarla do\u011fru bir \u015fekilde uygulayarak, onlar\u0131n psikolojik iyile\u015fmelerine yard\u0131mc\u0131 olabilir, daha sa\u011fl\u0131kl\u0131 bir psikolojik geli\u015fim s\u00fcreci sunabilirsiniz.<\/p>\n<p class=\"\" data-start=\"3939\" data-end=\"4026\"><strong data-start=\"3939\" data-end=\"4026\">\u00c7ocuklar\u0131n Zihinsel ve Duygusal \u0130yile\u015fme S\u00fcre\u00e7lerini Ba\u015flatmak \u0130\u00e7in \u015eimdi Ba\u015fvurun!<\/strong><\/p>\n","protected":false},"excerpt":{"rendered":"<p>\u00c7ocuklarda Bili\u015fsel Davran\u0131\u015f\u00e7\u0131 Terapi E\u011fitimi ile \u00c7ocuklar\u0131n Psikolojik Zorluklar\u0131na Etkili M\u00fcdahale Bili\u015fsel Davran\u0131\u015f\u00e7\u0131 Terapi (BDT), duygusal ve davran\u0131\u015fsal zorluklarla ba\u015fa \u00e7\u0131kmada son derece etkili bir yakla\u015f\u0131md\u0131r. \u00c7ocuklar, zaman zaman okul, [&hellip;]<\/p>\n","protected":false},"featured_media":3647,"comment_status":"open","ping_status":"closed","template":"","meta":{"_acf_changed":false,"_monsterinsights_skip_tracking":false,"_monsterinsights_sitenote_active":false,"_monsterinsights_sitenote_note":"","_monsterinsights_sitenote_category":0},"product_brand":[],"product_cat":[57],"product_tag":[],"class_list":{"0":"post-3646","1":"product","2":"type-product","3":"status-publish","4":"has-post-thumbnail","6":"product_cat-uncategorized-tr","8":"first","9":"instock","10":"virtual","11":"taxable","12":"purchasable","13":"product-type-simple"},"acf":[],"aioseo_notices":[],"_links":{"self":[{"href":"https:\/\/www.arsakademia.com\/en\/wp-json\/wp\/v2\/product\/3646","targetHints":{"allow":["GET"]}}],"collection":[{"href":"https:\/\/www.arsakademia.com\/en\/wp-json\/wp\/v2\/product"}],"about":[{"href":"https:\/\/www.arsakademia.com\/en\/wp-json\/wp\/v2\/types\/product"}],"replies":[{"embeddable":true,"href":"https:\/\/www.arsakademia.com\/en\/wp-json\/wp\/v2\/comments?post=3646"}],"wp:featuredmedia":[{"embeddable":true,"href":"https:\/\/www.arsakademia.com\/en\/wp-json\/wp\/v2\/media\/3647"}],"wp:attachment":[{"href":"https:\/\/www.arsakademia.com\/en\/wp-json\/wp\/v2\/media?parent=3646"}],"wp:term":[{"taxonomy":"product_brand","embeddable":true,"href":"https:\/\/www.arsakademia.com\/en\/wp-json\/wp\/v2\/product_brand?post=3646"},{"taxonomy":"product_cat","embeddable":true,"href":"https:\/\/www.arsakademia.com\/en\/wp-json\/wp\/v2\/product_cat?post=3646"},{"taxonomy":"product_tag","embeddable":true,"href":"https:\/\/www.arsakademia.com\/en\/wp-json\/wp\/v2\/product_tag?post=3646"}],"curies":[{"name":"wp","href":"https:\/\/api.w.org\/{rel}","templated":true}]}}