{"id":3643,"date":"2025-04-08T11:57:59","date_gmt":"2025-04-08T08:57:59","guid":{"rendered":"https:\/\/www.arsakademia.com\/?post_type=product&#038;p=3643"},"modified":"2025-06-01T00:00:12","modified_gmt":"2025-05-31T21:00:12","slug":"cocuk-terapistligi","status":"publish","type":"product","link":"https:\/\/www.arsakademia.com\/en\/product\/cocuk-terapistligi\/","title":{"rendered":"\u00c7ocuk Terapistli\u011fi"},"content":{"rendered":"<p class=\"\" data-start=\"95\" data-end=\"187\"><strong data-start=\"95\" data-end=\"187\">\u00c7ocuk Terapistli\u011fi E\u011fitimi ile \u00c7ocuklar\u0131n Psikolojik \u0130htiya\u00e7lar\u0131n\u0131 Derinlemesine Anlay\u0131n<\/strong><\/p>\n<p class=\"\" data-start=\"189\" data-end=\"750\">\u00c7ocuklar, duygusal ve psikolojik geli\u015fimlerini erken ya\u015flardan itibaren \u015fekillendirmektedirler. Bu s\u00fcre\u00e7te kar\u015f\u0131la\u015ft\u0131klar\u0131 zorluklar, geli\u015fimsel, sosyal veya psikolojik sorunlar haline gelebilir. <strong data-start=\"385\" data-end=\"415\">\u00c7ocuk Terapistli\u011fi E\u011fitimi<\/strong>, \u00e7ocuklar\u0131n duygusal ve psikolojik iyile\u015fme s\u00fcre\u00e7lerine katk\u0131 sa\u011flamak isteyen psikologlar, terapistler, pedagoglar ve di\u011fer e\u011fitimciler i\u00e7in \u00f6zel olarak haz\u0131rlanm\u0131\u015f kapsaml\u0131 bir e\u011fitim program\u0131d\u0131r. Bu e\u011fitim sayesinde, \u00e7ocuklarla etkili bir \u015fekilde ileti\u015fim kurmay\u0131, onlar\u0131 anlamay\u0131 ve terap\u00f6tik m\u00fcdahalelerde bulunmay\u0131 \u00f6\u011frenirsiniz.<\/p>\n<p class=\"\" data-start=\"752\" data-end=\"1067\">\u00c7ocuk terapistli\u011fi, yaln\u0131zca \u00e7ocuklar\u0131n psikolojik sorunlar\u0131n\u0131 \u00e7\u00f6zmekle kalmaz, ayn\u0131 zamanda onlar\u0131n duygusal d\u00fcnyalar\u0131n\u0131 ke\u015ffetmelerine ve sa\u011fl\u0131kl\u0131 bir \u015fekilde geli\u015fmelerine yard\u0131mc\u0131 olur. Bu e\u011fitim ile, farkl\u0131 terap\u00f6tik yakla\u015f\u0131mlarla \u00e7ocuklar\u0131n zihinsel ve duygusal iyile\u015fmelerini sa\u011flama yetkinli\u011fi kazan\u0131rs\u0131n\u0131z.<\/p>\n<p class=\"\" data-start=\"1069\" data-end=\"1088\"><strong data-start=\"1069\" data-end=\"1088\">E\u011fitim \u0130\u00e7eri\u011fi:<\/strong><\/p>\n<ul data-start=\"1089\" data-end=\"2301\">\n<li class=\"\" data-start=\"1089\" data-end=\"1223\">\n<p class=\"\" data-start=\"1091\" data-end=\"1223\">Yarat\u0131c\u0131 Drama E\u011fitmenlik E\u011fitimi<br \/>\n\u00c7ocuk Objektif Testler Uygulay\u0131c\u0131 E\u011fitimi<br \/>\nMontessori E\u011fitimi<br \/>\nPsiko-pedegojik A\u00e7\u0131dan Resim Yorumlama E\u011fitimi<br \/>\nMasal Terapisi E\u011fitimi<br \/>\nOyun Terapisi Uygulay\u0131c\u0131 E\u011fitimi<br \/>\nUygulamal\u0131 Kum Terapisi E\u011fitimi<br \/>\nWisc-r Zeka Testi Uygulay\u0131c\u0131 E\u011fitimi<\/p>\n<\/li>\n<\/ul>\n<p class=\"\" data-start=\"2303\" data-end=\"2324\"><strong data-start=\"2303\" data-end=\"2324\">Kimler Kat\u0131lmal\u0131?<\/strong><\/p>\n<ul data-start=\"2325\" data-end=\"2554\">\n<li class=\"\" data-start=\"2325\" data-end=\"2357\">\n<p class=\"\" data-start=\"2327\" data-end=\"2357\">Psikologlar ve Psikiyatristler<\/p>\n<\/li>\n<li class=\"\" data-start=\"2358\" data-end=\"2398\">\n<p class=\"\" data-start=\"2360\" data-end=\"2398\">Pedagoglar ve \u00c7ocuk Geli\u015fimi Uzmanlar\u0131<\/p>\n<\/li>\n<li class=\"\" data-start=\"2399\" data-end=\"2426\">\n<p class=\"\" data-start=\"2401\" data-end=\"2426\">Aile ve \u00c7ift Terapistleri<\/p>\n<\/li>\n<li class=\"\" data-start=\"2427\" data-end=\"2485\">\n<p class=\"\" data-start=\"2429\" data-end=\"2485\">\u00c7ocuklarla \u00c7al\u0131\u015fan E\u011fitimciler ve Rehberlik \u00d6\u011fretmenleri<\/p>\n<\/li>\n<li class=\"\" data-start=\"2486\" data-end=\"2554\">\n<p class=\"\" data-start=\"2488\" data-end=\"2554\">\u00c7ocuk Terapistli\u011fi Alan\u0131nda Uzmanla\u015fmak \u0130steyen T\u00fcm Profesyoneller<\/p>\n<\/li>\n<\/ul>\n<p class=\"\" data-start=\"2556\" data-end=\"2593\"><strong data-start=\"2556\" data-end=\"2593\">Neden \u00c7ocuk Terapistli\u011fi E\u011fitimi?<\/strong><\/p>\n<ul data-start=\"2594\" data-end=\"3432\">\n<li class=\"\" data-start=\"2594\" data-end=\"2758\">\n<p class=\"\" data-start=\"2596\" data-end=\"2758\"><strong data-start=\"2596\" data-end=\"2642\">\u00c7ocuklar\u0131n Duygusal Sa\u011fl\u0131\u011f\u0131n\u0131 Destekleyin:<\/strong> \u00c7ocuklar\u0131n duygusal ve psikolojik iyile\u015fme s\u00fcre\u00e7lerini y\u00f6nlendirmek i\u00e7in etkili ve empatik bir yakla\u015f\u0131m geli\u015ftirin.<\/p>\n<\/li>\n<li class=\"\" data-start=\"2759\" data-end=\"2926\">\n<p class=\"\" data-start=\"2761\" data-end=\"2926\"><strong data-start=\"2761\" data-end=\"2797\">B\u00fct\u00fcnsel Bir Terap\u00f6tik Yakla\u015f\u0131m:<\/strong> Oyun terapisi, CBT, aile terapisi gibi farkl\u0131 terap\u00f6tik tekniklerle \u00e7ocuklar\u0131n psikolojik sorunlar\u0131na \u00e7ok y\u00f6nl\u00fc \u00e7\u00f6z\u00fcmler \u00fcretin.<\/p>\n<\/li>\n<li class=\"\" data-start=\"2927\" data-end=\"3081\">\n<p class=\"\" data-start=\"2929\" data-end=\"3081\"><strong data-start=\"2929\" data-end=\"2976\">Geli\u015fimsel \u0130htiya\u00e7lara Y\u00f6nelik M\u00fcdahaleler:<\/strong> \u00c7ocuklar\u0131n ya\u015flar\u0131na uygun terap\u00f6tik m\u00fcdahaleler uygulayarak onlar\u0131n geli\u015fim s\u00fcre\u00e7lerine katk\u0131 sa\u011flay\u0131n.<\/p>\n<\/li>\n<li class=\"\" data-start=\"3082\" data-end=\"3279\">\n<p class=\"\" data-start=\"3084\" data-end=\"3279\"><strong data-start=\"3084\" data-end=\"3135\">\u00c7ocuklara Y\u00f6nelik Profesyonel Yetenek Kazan\u0131m\u0131:<\/strong> \u00c7ocuklar\u0131n psikolojik ihtiya\u00e7lar\u0131na dair derinlemesine bilgi ve beceriler kazanarak, onlar\u0131n sa\u011fl\u0131kl\u0131 bir \u015fekilde geli\u015fmelerine rehberlik edin.<\/p>\n<\/li>\n<li class=\"\" data-start=\"3280\" data-end=\"3432\">\n<p class=\"\" data-start=\"3282\" data-end=\"3432\"><strong data-start=\"3282\" data-end=\"3308\">Erken M\u00fcdahale \u0130mkan\u0131:<\/strong> \u00c7ocuklarda erken d\u00f6nemde tespit edilen psikolojik zorluklar\u0131 \u00e7\u00f6zme f\u0131rsat\u0131 sunarak, onlar\u0131n ya\u015fam kalitelerini iyile\u015ftirin.<\/p>\n<\/li>\n<\/ul>\n<p class=\"\" data-start=\"3434\" data-end=\"3516\"><strong data-start=\"3434\" data-end=\"3516\">\u00c7ocuklar\u0131n Sa\u011fl\u0131kl\u0131 Geli\u015fimine Katk\u0131 Sa\u011flamak \u0130\u00e7in \u00c7ocuk Terapistli\u011fi E\u011fitimi!<\/strong><\/p>\n<p class=\"\" data-start=\"3518\" data-end=\"3813\"><strong data-start=\"3518\" data-end=\"3548\">\u00c7ocuk Terapistli\u011fi E\u011fitimi<\/strong> ile \u00e7ocuklar\u0131n duygusal ve psikolojik iyile\u015fmelerine katk\u0131 sa\u011flayacak bilgi ve becerileri edinin. E\u011fitim sonunda, \u00e7ocuklarla etkili ileti\u015fim kurma, onlara y\u00f6nelik terap\u00f6tik m\u00fcdahaleler yapma ve geli\u015fimsel ihtiya\u00e7lar\u0131n\u0131 anlamada g\u00fc\u00e7l\u00fc bir uzmanl\u0131k kazanabilirsiniz.<\/p>\n<p class=\"\" data-start=\"3815\" data-end=\"3894\"><strong data-start=\"3815\" data-end=\"3894\">\u00c7ocuklarla \u00c7al\u0131\u015fmaya Ba\u015flay\u0131n ve Gelece\u011fin Sa\u011fl\u0131kl\u0131 Bireylerini Yeti\u015ftirin!<\/strong><\/p>\n","protected":false},"excerpt":{"rendered":"<p>\u00c7ocuk Terapistli\u011fi E\u011fitimi ile \u00c7ocuklar\u0131n Psikolojik \u0130htiya\u00e7lar\u0131n\u0131 Derinlemesine Anlay\u0131n \u00c7ocuklar, duygusal ve psikolojik geli\u015fimlerini erken ya\u015flardan itibaren \u015fekillendirmektedirler. Bu s\u00fcre\u00e7te kar\u015f\u0131la\u015ft\u0131klar\u0131 zorluklar, geli\u015fimsel, sosyal veya psikolojik sorunlar haline gelebilir. \u00c7ocuk [&hellip;]<\/p>\n","protected":false},"featured_media":3644,"comment_status":"open","ping_status":"closed","template":"","meta":{"_acf_changed":false,"_monsterinsights_skip_tracking":false,"_monsterinsights_sitenote_active":false,"_monsterinsights_sitenote_note":"","_monsterinsights_sitenote_category":0},"product_brand":[],"product_cat":[57],"product_tag":[],"class_list":{"0":"post-3643","1":"product","2":"type-product","3":"status-publish","4":"has-post-thumbnail","6":"product_cat-uncategorized-tr","8":"first","9":"instock","10":"virtual","11":"taxable","12":"purchasable","13":"product-type-simple"},"acf":[],"aioseo_notices":[],"_links":{"self":[{"href":"https:\/\/www.arsakademia.com\/en\/wp-json\/wp\/v2\/product\/3643","targetHints":{"allow":["GET"]}}],"collection":[{"href":"https:\/\/www.arsakademia.com\/en\/wp-json\/wp\/v2\/product"}],"about":[{"href":"https:\/\/www.arsakademia.com\/en\/wp-json\/wp\/v2\/types\/product"}],"replies":[{"embeddable":true,"href":"https:\/\/www.arsakademia.com\/en\/wp-json\/wp\/v2\/comments?post=3643"}],"wp:featuredmedia":[{"embeddable":true,"href":"https:\/\/www.arsakademia.com\/en\/wp-json\/wp\/v2\/media\/3644"}],"wp:attachment":[{"href":"https:\/\/www.arsakademia.com\/en\/wp-json\/wp\/v2\/media?parent=3643"}],"wp:term":[{"taxonomy":"product_brand","embeddable":true,"href":"https:\/\/www.arsakademia.com\/en\/wp-json\/wp\/v2\/product_brand?post=3643"},{"taxonomy":"product_cat","embeddable":true,"href":"https:\/\/www.arsakademia.com\/en\/wp-json\/wp\/v2\/product_cat?post=3643"},{"taxonomy":"product_tag","embeddable":true,"href":"https:\/\/www.arsakademia.com\/en\/wp-json\/wp\/v2\/product_tag?post=3643"}],"curies":[{"name":"wp","href":"https:\/\/api.w.org\/{rel}","templated":true}]}}