{"id":3639,"date":"2025-04-08T11:50:43","date_gmt":"2025-04-08T08:50:43","guid":{"rendered":"https:\/\/www.arsakademia.com\/?post_type=product&#038;p=3639"},"modified":"2025-04-08T11:50:43","modified_gmt":"2025-04-08T08:50:43","slug":"cocuk-testleri-egitimi","status":"publish","type":"product","link":"https:\/\/www.arsakademia.com\/en\/product\/cocuk-testleri-egitimi\/","title":{"rendered":"\u00c7ocuk Testleri E\u011fitimi"},"content":{"rendered":"<p class=\"\" data-start=\"91\" data-end=\"176\"><strong data-start=\"91\" data-end=\"176\">\u00c7ocuk Testleri E\u011fitimi ile \u00c7ocuklar\u0131n Psikolojik Geli\u015fimini Derinlemesine Anlay\u0131n<\/strong><\/p>\n<p class=\"\" data-start=\"178\" data-end=\"780\">\u00c7ocuklar\u0131n psikolojik geli\u015fimini ve duygusal durumlar\u0131n\u0131 de\u011ferlendirmek, erken ya\u015fta m\u00fcdahale yapabilmek ve do\u011fru y\u00f6nlendirmelerle onlar\u0131n sa\u011fl\u0131kl\u0131 bir \u015fekilde b\u00fcy\u00fcmelerine yard\u0131mc\u0131 olmak, uzmanl\u0131k gerektiren bir aland\u0131r. <strong data-start=\"400\" data-end=\"426\">\u00c7ocuk Testleri E\u011fitimi<\/strong>, \u00e7ocuk psikolojisi ve psikolojik testler konusunda uzmanla\u015fmak isteyen psikologlar, psikolojik dan\u0131\u015fmanlar ve e\u011fitimciler i\u00e7in kapsaml\u0131 bir e\u011fitim program\u0131d\u0131r. Bu e\u011fitim, \u00e7ocuklar\u0131n zeka d\u00fczeyinden ki\u015filik \u00f6zelliklerine, duygusal durumlar\u0131ndan geli\u015fimsel d\u00fczeylerine kadar pek \u00e7ok alanda etkili testler uygulamay\u0131 ve sonu\u00e7lar\u0131 do\u011fru yorumlamay\u0131 \u00f6\u011fretir.<\/p>\n<p class=\"\" data-start=\"782\" data-end=\"801\"><strong data-start=\"782\" data-end=\"801\">E\u011fitim \u0130\u00e7eri\u011fi:<\/strong><\/p>\n<ul data-start=\"802\" data-end=\"1999\">\n<li class=\"\" data-start=\"802\" data-end=\"994\">\n<p class=\"\" data-start=\"804\" data-end=\"994\"><strong data-start=\"804\" data-end=\"849\">\u00c7ocuk Psikolojisi ve Testlerin Temelleri:<\/strong> \u00c7ocuklar\u0131n psikolojik geli\u015fim s\u00fcre\u00e7lerini \u00f6\u011frenir, testlerin nas\u0131l bir rol oynad\u0131\u011f\u0131n\u0131 kavrayarak \u00e7ocuk testlerine yakla\u015f\u0131m\u0131n\u0131z\u0131 geli\u015ftirirsiniz.<\/p>\n<\/li>\n<li class=\"\" data-start=\"995\" data-end=\"1163\">\n<p class=\"\" data-start=\"997\" data-end=\"1163\"><strong data-start=\"997\" data-end=\"1021\">\u00c7ocuk Zeka Testleri:<\/strong> \u00c7ocuklar\u0131n zeka d\u00fczeylerini de\u011ferlendirmek i\u00e7in kullan\u0131lan \u00e7e\u015fitli testler (\u00f6rn. WISC, Stanford-Binet Testi) hakk\u0131nda bilgi sahibi olursunuz.<\/p>\n<\/li>\n<li class=\"\" data-start=\"1164\" data-end=\"1305\">\n<p class=\"\" data-start=\"1166\" data-end=\"1305\"><strong data-start=\"1166\" data-end=\"1187\">Ki\u015filik Testleri:<\/strong> \u00c7ocuklar\u0131n ki\u015filik \u00f6zelliklerini anlamak ve onlar\u0131n i\u00e7sel d\u00fcnyalar\u0131n\u0131 ke\u015ffetmek i\u00e7in uygulanan testleri \u00f6\u011frenirsiniz.<\/p>\n<\/li>\n<li class=\"\" data-start=\"1306\" data-end=\"1478\">\n<p class=\"\" data-start=\"1308\" data-end=\"1478\"><strong data-start=\"1308\" data-end=\"1331\">Geli\u015fimsel Testler:<\/strong> \u00c7ocuklar\u0131n geli\u015fimsel seviyelerini, dil becerilerini, motor becerilerini ve sosyal geli\u015fimlerini de\u011ferlendiren testler hakk\u0131nda bilgi edinirsiniz.<\/p>\n<\/li>\n<li class=\"\" data-start=\"1479\" data-end=\"1676\">\n<p class=\"\" data-start=\"1481\" data-end=\"1676\"><strong data-start=\"1481\" data-end=\"1516\">Projeif Testler ve Yarat\u0131c\u0131l\u0131k:<\/strong> \u00c7ocuklar\u0131n hayal d\u00fcnyalar\u0131n\u0131 ve duygusal durumlar\u0131n\u0131 anlamak i\u00e7in kullan\u0131lan projektif testler (\u00f6rn. Rorschach, \u00c7ocuklar i\u00e7in Zeka Testleri) \u00fczerine \u00e7al\u0131\u015f\u0131l\u0131r.<\/p>\n<\/li>\n<li class=\"\" data-start=\"1677\" data-end=\"1847\">\n<p class=\"\" data-start=\"1679\" data-end=\"1847\"><strong data-start=\"1679\" data-end=\"1703\">Davran\u0131\u015fsal Testler:<\/strong> \u00c7ocuklar\u0131n davran\u0131\u015fsal \u00f6zelliklerini ve psikolojik ihtiya\u00e7lar\u0131n\u0131 de\u011ferlendiren testlerin nas\u0131l uygulanaca\u011f\u0131 konusunda pratik bilgiler sa\u011flan\u0131r.<\/p>\n<\/li>\n<li class=\"\" data-start=\"1848\" data-end=\"1999\">\n<p class=\"\" data-start=\"1850\" data-end=\"1999\"><strong data-start=\"1850\" data-end=\"1881\">Test Sonu\u00e7lar\u0131n\u0131 Yorumlama:<\/strong> \u00c7ocuk testlerinin sonu\u00e7lar\u0131n\u0131 do\u011fru yorumlama, ailelere ve \u00f6\u011fretmenlere geri bildirimde bulunma y\u00f6ntemleri \u00f6\u011fretilir.<\/p>\n<\/li>\n<\/ul>\n<p class=\"\" data-start=\"2001\" data-end=\"2022\"><strong data-start=\"2001\" data-end=\"2022\">Kimler Kat\u0131lmal\u0131?<\/strong><\/p>\n<ul data-start=\"2023\" data-end=\"2168\">\n<li class=\"\" data-start=\"2023\" data-end=\"2036\">\n<p class=\"\" data-start=\"2025\" data-end=\"2036\">Psikologlar<\/p>\n<\/li>\n<li class=\"\" data-start=\"2037\" data-end=\"2061\">\n<p class=\"\" data-start=\"2039\" data-end=\"2061\">Psikolojik Dan\u0131\u015fmanlar<\/p>\n<\/li>\n<li class=\"\" data-start=\"2062\" data-end=\"2088\">\n<p class=\"\" data-start=\"2064\" data-end=\"2088\">\u00c7ocuk Geli\u015fimi Uzmanlar\u0131<\/p>\n<\/li>\n<li class=\"\" data-start=\"2089\" data-end=\"2128\">\n<p class=\"\" data-start=\"2091\" data-end=\"2128\">E\u011fitimciler ve Rehberlik \u00d6\u011fretmenleri<\/p>\n<\/li>\n<li class=\"\" data-start=\"2129\" data-end=\"2168\">\n<p class=\"\" data-start=\"2131\" data-end=\"2168\">\u00c7ocuklarla \u00e7al\u0131\u015fan t\u00fcm profesyoneller<\/p>\n<\/li>\n<\/ul>\n<p class=\"\" data-start=\"2170\" data-end=\"2203\"><strong data-start=\"2170\" data-end=\"2203\">Neden \u00c7ocuk Testleri E\u011fitimi?<\/strong><\/p>\n<ul data-start=\"2204\" data-end=\"2867\">\n<li class=\"\" data-start=\"2204\" data-end=\"2400\">\n<p class=\"\" data-start=\"2206\" data-end=\"2400\"><strong data-start=\"2206\" data-end=\"2233\">Erken Tan\u0131 ve M\u00fcdahale:<\/strong> \u00c7ocuk testleri, geli\u015fimsel ve duygusal bozukluklar\u0131n erken te\u015fhis edilmesinde b\u00fcy\u00fck bir rol oynar. Bu e\u011fitim, profesyonel olarak \u00e7ocuklar\u0131 daha iyi anlaman\u0131z\u0131 sa\u011flar.<\/p>\n<\/li>\n<li class=\"\" data-start=\"2401\" data-end=\"2555\">\n<p class=\"\" data-start=\"2403\" data-end=\"2555\"><strong data-start=\"2403\" data-end=\"2436\">Geli\u015fimsel S\u00fcre\u00e7leri Anlamak:<\/strong> \u00c7ocuklar\u0131n ya\u015flar\u0131na uygun testler uygulayarak, onlar\u0131n geli\u015fimsel s\u00fcre\u00e7lerini detayl\u0131 bir \u015fekilde de\u011ferlendirirsiniz.<\/p>\n<\/li>\n<li class=\"\" data-start=\"2556\" data-end=\"2709\">\n<p class=\"\" data-start=\"2558\" data-end=\"2709\"><strong data-start=\"2558\" data-end=\"2593\">G\u00fc\u00e7l\u00fc De\u011ferlendirme Becerileri:<\/strong> Test sonu\u00e7lar\u0131n\u0131 do\u011fru bir \u015fekilde analiz etmek, do\u011fru m\u00fcdahaleler yapabilmek i\u00e7in gerekli becerileri kazan\u0131rs\u0131n\u0131z.<\/p>\n<\/li>\n<li class=\"\" data-start=\"2710\" data-end=\"2867\">\n<p class=\"\" data-start=\"2712\" data-end=\"2867\"><strong data-start=\"2712\" data-end=\"2745\">Profesyonel Yetenek Kazan\u0131m\u0131:<\/strong> \u00c7ocuk testleri konusunda uzmanla\u015farak, farkl\u0131 psikolojik testleri etkili bir \u015fekilde uygulama yetene\u011fine sahip olursunuz.<\/p>\n<\/li>\n<\/ul>\n<p class=\"\" data-start=\"2869\" data-end=\"2938\"><strong data-start=\"2869\" data-end=\"2938\">\u00c7ocuk Testleri E\u011fitimi ile Derinlemesine Bir De\u011ferlendirme Yap\u0131n!<\/strong><\/p>\n<p class=\"\" data-start=\"2940\" data-end=\"3296\">\u00c7ocuklar\u0131n psikolojik sa\u011fl\u0131\u011f\u0131n\u0131 de\u011ferlendirmek, onlar\u0131n ihtiya\u00e7lar\u0131n\u0131 do\u011fru \u015fekilde anlamak ve desteklemek, yaln\u0131zca bir uzmanl\u0131k de\u011fil, ayn\u0131 zamanda bir sorumluluktur. <strong data-start=\"3109\" data-end=\"3135\">\u00c7ocuk Testleri E\u011fitimi<\/strong> ile bu sorumlulu\u011fun gerekliliklerini yerine getirebilecek beceriler kazanarak, \u00e7ocuklar\u0131n sa\u011fl\u0131kl\u0131 geli\u015fimlerine katk\u0131 sa\u011flayacak bir profesyonel olabilirsiniz.<\/p>\n<p class=\"\" data-start=\"3298\" data-end=\"3461\">E\u011fitim sonunda, \u00e7ocuklar\u0131n zeka, ki\u015filik, davran\u0131\u015f ve duygusal durumlar\u0131n\u0131 daha iyi anlayacak, etkili testler uygulayarak g\u00fc\u00e7l\u00fc bir de\u011ferlendirme yapabileceksiniz.<\/p>\n<p class=\"\" data-start=\"3463\" data-end=\"3520\"><strong data-start=\"3463\" data-end=\"3520\">\u00c7ocuk Psikolojisinde Uzmanla\u015fmak \u0130\u00e7in \u015eimdi Ba\u015fvurun!<\/strong><\/p>\n","protected":false},"excerpt":{"rendered":"<p>\u00c7ocuk Testleri E\u011fitimi ile \u00c7ocuklar\u0131n Psikolojik Geli\u015fimini Derinlemesine Anlay\u0131n \u00c7ocuklar\u0131n psikolojik geli\u015fimini ve duygusal durumlar\u0131n\u0131 de\u011ferlendirmek, erken ya\u015fta m\u00fcdahale yapabilmek ve do\u011fru y\u00f6nlendirmelerle onlar\u0131n sa\u011fl\u0131kl\u0131 bir \u015fekilde b\u00fcy\u00fcmelerine yard\u0131mc\u0131 olmak, [&hellip;]<\/p>\n","protected":false},"featured_media":3640,"comment_status":"open","ping_status":"closed","template":"","meta":{"_acf_changed":false,"_monsterinsights_skip_tracking":false,"_monsterinsights_sitenote_active":false,"_monsterinsights_sitenote_note":"","_monsterinsights_sitenote_category":0},"product_brand":[],"product_cat":[57],"product_tag":[],"class_list":{"0":"post-3639","1":"product","2":"type-product","3":"status-publish","4":"has-post-thumbnail","6":"product_cat-uncategorized-tr","8":"first","9":"instock","10":"sale","11":"taxable","12":"shipping-taxable","13":"purchasable","14":"product-type-simple"},"acf":[],"aioseo_notices":[],"_links":{"self":[{"href":"https:\/\/www.arsakademia.com\/en\/wp-json\/wp\/v2\/product\/3639","targetHints":{"allow":["GET"]}}],"collection":[{"href":"https:\/\/www.arsakademia.com\/en\/wp-json\/wp\/v2\/product"}],"about":[{"href":"https:\/\/www.arsakademia.com\/en\/wp-json\/wp\/v2\/types\/product"}],"replies":[{"embeddable":true,"href":"https:\/\/www.arsakademia.com\/en\/wp-json\/wp\/v2\/comments?post=3639"}],"wp:featuredmedia":[{"embeddable":true,"href":"https:\/\/www.arsakademia.com\/en\/wp-json\/wp\/v2\/media\/3640"}],"wp:attachment":[{"href":"https:\/\/www.arsakademia.com\/en\/wp-json\/wp\/v2\/media?parent=3639"}],"wp:term":[{"taxonomy":"product_brand","embeddable":true,"href":"https:\/\/www.arsakademia.com\/en\/wp-json\/wp\/v2\/product_brand?post=3639"},{"taxonomy":"product_cat","embeddable":true,"href":"https:\/\/www.arsakademia.com\/en\/wp-json\/wp\/v2\/product_cat?post=3639"},{"taxonomy":"product_tag","embeddable":true,"href":"https:\/\/www.arsakademia.com\/en\/wp-json\/wp\/v2\/product_tag?post=3639"}],"curies":[{"name":"wp","href":"https:\/\/api.w.org\/{rel}","templated":true}]}}