{"id":3635,"date":"2025-04-08T11:45:09","date_gmt":"2025-04-08T08:45:09","guid":{"rendered":"https:\/\/www.arsakademia.com\/?post_type=product&#038;p=3635"},"modified":"2025-04-08T11:46:42","modified_gmt":"2025-04-08T08:46:42","slug":"cinsel-terapi-egitimi","status":"publish","type":"product","link":"https:\/\/www.arsakademia.com\/en\/product\/cinsel-terapi-egitimi\/","title":{"rendered":"Cinsel Terapi E\u011fitimi"},"content":{"rendered":"<p class=\"\" data-start=\"90\" data-end=\"182\"><strong data-start=\"90\" data-end=\"182\">Cinsel Terapi E\u011fitimi ile Bireylerin ve \u00c7iftlerin Cinsel Sa\u011fl\u0131klar\u0131na Y\u00f6nelik Uzmanla\u015f\u0131n<\/strong><\/p>\n<p class=\"\" data-start=\"184\" data-end=\"676\">Cinsel sa\u011fl\u0131k, bireylerin genel iyilik hali \u00fczerinde derin bir etkiye sahip olup, pek \u00e7ok psikolojik ve duygusal sorunla i\u00e7 i\u00e7e olabilir. <strong data-start=\"322\" data-end=\"347\">Cinsel Terapi E\u011fitimi<\/strong>, cinsel sorunlar ya\u015fayan bireyler ve \u00e7iftler i\u00e7in etkili terap\u00f6tik yakla\u015f\u0131mlar geli\u015ftirmeyi \u00f6\u011frenmek isteyen psikologlar, terapistler ve dan\u0131\u015fmanlar i\u00e7in kapsaml\u0131 bir e\u011fitim program\u0131d\u0131r. Bu e\u011fitim, cinsel terapi alan\u0131ndaki teorik bilgilerin yan\u0131 s\u0131ra, pratik beceriler kazand\u0131rarak profesyonel anlamda donan\u0131m\u0131n\u0131z\u0131 art\u0131racakt\u0131r.<\/p>\n<p class=\"\" data-start=\"678\" data-end=\"1056\">Cinsel terapistler, cinsel i\u015flev bozukluklar\u0131, cinsel kimlik sorunlar\u0131, travmalar ve di\u011fer cinsel sa\u011fl\u0131k problemleri ile ilgili terapi s\u00fcre\u00e7lerini y\u00f6nlendirebilen, alan\u0131nda uzmanla\u015fm\u0131\u015f profesyonellerdir. Bu e\u011fitimle birlikte, cinsel terapi konusunda etkili ve bilin\u00e7li bir yakla\u015f\u0131m geli\u015ftirebilir, bireylerin ve \u00e7iftlerin ya\u015fam kalitelerini art\u0131rmalar\u0131na yard\u0131mc\u0131 olabilirsiniz.<\/p>\n<p class=\"\" data-start=\"1058\" data-end=\"1077\"><strong data-start=\"1058\" data-end=\"1077\">E\u011fitim \u0130\u00e7eri\u011fi:<\/strong><\/p>\n<ul data-start=\"1078\" data-end=\"2208\">\n<li class=\"\" data-start=\"1078\" data-end=\"1259\">\n<p class=\"\" data-start=\"1080\" data-end=\"1259\"><strong data-start=\"1080\" data-end=\"1120\">Cinsel Sa\u011fl\u0131k ve Psikoloji \u0130li\u015fkisi:<\/strong> Cinsel sa\u011fl\u0131\u011f\u0131n psikolojik ve duygusal y\u00f6nleri hakk\u0131nda derinlemesine bilgi edinir, cinsel terapi s\u00fcrecinin temel ilkelerini \u00f6\u011frenirsiniz.<\/p>\n<\/li>\n<li class=\"\" data-start=\"1260\" data-end=\"1472\">\n<p class=\"\" data-start=\"1262\" data-end=\"1472\"><strong data-start=\"1262\" data-end=\"1292\">Cinsel \u0130\u015flev Bozukluklar\u0131:<\/strong> Erkek ve kad\u0131nlarda g\u00f6r\u00fclen cinsel i\u015flev bozukluklar\u0131 (erektil disfonksiyon, vajinismus, anorgazmi, vb.) hakk\u0131nda teorik bilgi ve bu sorunlarla ba\u015fa \u00e7\u0131kma y\u00f6ntemlerini ke\u015ffederiz.<\/p>\n<\/li>\n<li class=\"\" data-start=\"1473\" data-end=\"1638\">\n<p class=\"\" data-start=\"1475\" data-end=\"1638\"><strong data-start=\"1475\" data-end=\"1507\">Cinsel Kimlik ve Y\u00f6nelimler:<\/strong> Cinsel kimlik, cinsel y\u00f6nelim ve cinsel y\u00f6nelimle ilgili toplumsal ve psikolojik fakt\u00f6rler \u00fczerine kapsaml\u0131 bir bak\u0131\u015f a\u00e7\u0131s\u0131 sunar.<\/p>\n<\/li>\n<li class=\"\" data-start=\"1639\" data-end=\"1800\">\n<p class=\"\" data-start=\"1641\" data-end=\"1800\"><strong data-start=\"1641\" data-end=\"1674\">Cinsel Travmalar ve Terapisi:<\/strong> Cinsel travma ya\u015fayan bireylerle \u00e7al\u0131\u015fman\u0131n \u00f6zel gereksinimlerini \u00f6\u011frenir, travma sonras\u0131 tedavi y\u00f6ntemleri \u00fczerinde durulur.<\/p>\n<\/li>\n<li class=\"\" data-start=\"1801\" data-end=\"2003\">\n<p class=\"\" data-start=\"1803\" data-end=\"2003\"><strong data-start=\"1803\" data-end=\"1840\">\u00c7ift Terapisi ve Cinsel \u0130leti\u015fim:<\/strong> \u00c7iftler aras\u0131nda cinsel ili\u015fkiyi iyile\u015ftirme ve cinsel ileti\u015fimi art\u0131rma teknikleriyle, sa\u011fl\u0131kl\u0131 bir cinsel ya\u015fam\u0131n temellerini atmalar\u0131na yard\u0131mc\u0131 olabilirsiniz.<\/p>\n<\/li>\n<li class=\"\" data-start=\"2004\" data-end=\"2208\">\n<p class=\"\" data-start=\"2006\" data-end=\"2208\"><strong data-start=\"2006\" data-end=\"2051\">Cinsel Terapi Teknikleri ve Yakla\u015f\u0131mlar\u0131:<\/strong> Farkl\u0131 terap\u00f6tik yakla\u015f\u0131mlar ve uygulamal\u0131 cinsel terapi teknikleri \u00fczerine odaklanarak, \u00e7e\u015fitli cinsel sa\u011fl\u0131k sorunlar\u0131yla ba\u015fa \u00e7\u0131kma yollar\u0131n\u0131 ke\u015ffederiz.<\/p>\n<\/li>\n<\/ul>\n<p class=\"\" data-start=\"2210\" data-end=\"2231\"><strong data-start=\"2210\" data-end=\"2231\">Kimler Kat\u0131lmal\u0131?<\/strong><\/p>\n<ul data-start=\"2232\" data-end=\"2479\">\n<li class=\"\" data-start=\"2232\" data-end=\"2264\">\n<p class=\"\" data-start=\"2234\" data-end=\"2264\">Psikologlar ve Psikiyatristler<\/p>\n<\/li>\n<li class=\"\" data-start=\"2265\" data-end=\"2292\">\n<p class=\"\" data-start=\"2267\" data-end=\"2292\">Aile ve \u00c7ift Terapistleri<\/p>\n<\/li>\n<li class=\"\" data-start=\"2293\" data-end=\"2349\">\n<p class=\"\" data-start=\"2295\" data-end=\"2349\">Cinsel Terapi Alan\u0131nda Uzmanla\u015fmak \u0130steyen Dan\u0131\u015fmanlar<\/p>\n<\/li>\n<li class=\"\" data-start=\"2350\" data-end=\"2400\">\n<p class=\"\" data-start=\"2352\" data-end=\"2400\">Sa\u011fl\u0131k ve Terapi Alan\u0131nda \u00c7al\u0131\u015fan Profesyoneller<\/p>\n<\/li>\n<li class=\"\" data-start=\"2401\" data-end=\"2479\">\n<p class=\"\" data-start=\"2403\" data-end=\"2479\">\n<\/li>\n<\/ul>\n<p class=\"\" data-start=\"2481\" data-end=\"2513\"><strong data-start=\"2481\" data-end=\"2513\">Neden Cinsel Terapi E\u011fitimi?<\/strong><\/p>\n<ul data-start=\"2514\" data-end=\"3285\">\n<li class=\"\" data-start=\"2514\" data-end=\"2741\">\n<p class=\"\" data-start=\"2516\" data-end=\"2741\"><strong data-start=\"2516\" data-end=\"2538\">B\u00fct\u00fcnsel Yakla\u015f\u0131m:<\/strong> Cinsel terapi sadece cinsel i\u015flev bozukluklar\u0131n\u0131 de\u011fil, ayn\u0131 zamanda bireylerin psikolojik, duygusal ve toplumsal sorunlar\u0131n\u0131 da ele al\u0131r. E\u011fitimimiz, cinsel sa\u011fl\u0131k konusuna b\u00fct\u00fcnsel bir yakla\u015f\u0131m sunar.<\/p>\n<\/li>\n<li class=\"\" data-start=\"2742\" data-end=\"2915\">\n<p class=\"\" data-start=\"2744\" data-end=\"2915\"><strong data-start=\"2744\" data-end=\"2769\">Etkili \u00c7ift Terapisi:<\/strong> \u00c7iftlerin cinsel ya\u015fam\u0131n\u0131 iyile\u015ftirmek ve cinsel ileti\u015fimdeki engelleri a\u015fmalar\u0131na yard\u0131mc\u0131 olmak i\u00e7in geli\u015fmi\u015f terap\u00f6tik y\u00f6ntemler \u00f6\u011frenirsiniz.<\/p>\n<\/li>\n<li class=\"\" data-start=\"2916\" data-end=\"3130\">\n<p class=\"\" data-start=\"2918\" data-end=\"3130\"><strong data-start=\"2918\" data-end=\"2949\">Gizlilik ve Profesyonellik:<\/strong> Cinsel terapi alan\u0131ndaki en \u00f6nemli hususlardan biri, terapistin gizlili\u011fi ve profesyonellik d\u00fczeyidir. Bu e\u011fitimle, etik ve profesyonel s\u0131n\u0131rlar\u0131 nas\u0131l koruyaca\u011f\u0131n\u0131z\u0131 \u00f6\u011frenirsiniz.<\/p>\n<\/li>\n<li class=\"\" data-start=\"3131\" data-end=\"3285\">\n<p class=\"\" data-start=\"3133\" data-end=\"3285\"><strong data-start=\"3133\" data-end=\"3158\">Uygulamal\u0131 Beceriler:<\/strong> Cinsel terapi ile ilgili pratik beceriler kazan\u0131r, ger\u00e7ek vakalar \u00fczerinden \u00f6rnekler ile terap\u00f6tik teknikleri peki\u015ftirirsiniz.<\/p>\n<\/li>\n<\/ul>\n<p class=\"\" data-start=\"3287\" data-end=\"3328\"><strong data-start=\"3287\" data-end=\"3328\">Cinsel Terapi E\u011fitimi ile Uzmanla\u015f\u0131n!<\/strong><\/p>\n<p class=\"\" data-start=\"3330\" data-end=\"3617\">Cinsel sa\u011fl\u0131k ve terapi alan\u0131nda daha derin bilgi ve beceri kazanmak, profesyonel kariyerinizde size \u00f6nemli bir avantaj sa\u011flar. <strong data-start=\"3458\" data-end=\"3483\">Cinsel Terapi E\u011fitimi<\/strong> ile hem bireylerin hem de \u00e7iftlerin cinsel sa\u011fl\u0131klar\u0131n\u0131 iyile\u015ftirmelerine yard\u0131mc\u0131 olacak g\u00fc\u00e7l\u00fc bir terapist olarak yeti\u015febilirsiniz.<\/p>\n<p class=\"\" data-start=\"3619\" data-end=\"3805\">E\u011fitim sonunda, cinsel terapi konusunda teorik bilgi ve pratik deneyim kazanarak, dan\u0131\u015fanlar\u0131n\u0131z\u0131n sa\u011fl\u0131kl\u0131 bir cinsel ya\u015fam s\u00fcrd\u00fcrmelerine katk\u0131 sa\u011flayacak beceriler elde edebilirsiniz.<\/p>\n<p class=\"\" data-start=\"3807\" data-end=\"3859\"><strong data-start=\"3807\" data-end=\"3859\">Cinsel Sa\u011fl\u0131kta Uzmanla\u015fmak \u0130\u00e7in \u015eimdi Ba\u015fvurun!<\/strong><\/p>\n","protected":false},"excerpt":{"rendered":"<p>Cinsel Terapi E\u011fitimi ile Bireylerin ve \u00c7iftlerin Cinsel Sa\u011fl\u0131klar\u0131na Y\u00f6nelik Uzmanla\u015f\u0131n Cinsel sa\u011fl\u0131k, bireylerin genel iyilik hali \u00fczerinde derin bir etkiye sahip olup, pek \u00e7ok psikolojik ve duygusal sorunla i\u00e7 [&hellip;]<\/p>\n","protected":false},"featured_media":3637,"comment_status":"open","ping_status":"closed","template":"","meta":{"_acf_changed":false,"_monsterinsights_skip_tracking":false,"_monsterinsights_sitenote_active":false,"_monsterinsights_sitenote_note":"","_monsterinsights_sitenote_category":0},"product_brand":[],"product_cat":[57],"product_tag":[],"class_list":{"0":"post-3635","1":"product","2":"type-product","3":"status-publish","4":"has-post-thumbnail","6":"product_cat-uncategorized-tr","8":"first","9":"instock","10":"sale","11":"taxable","12":"shipping-taxable","13":"purchasable","14":"product-type-simple"},"acf":[],"aioseo_notices":[],"_links":{"self":[{"href":"https:\/\/www.arsakademia.com\/en\/wp-json\/wp\/v2\/product\/3635","targetHints":{"allow":["GET"]}}],"collection":[{"href":"https:\/\/www.arsakademia.com\/en\/wp-json\/wp\/v2\/product"}],"about":[{"href":"https:\/\/www.arsakademia.com\/en\/wp-json\/wp\/v2\/types\/product"}],"replies":[{"embeddable":true,"href":"https:\/\/www.arsakademia.com\/en\/wp-json\/wp\/v2\/comments?post=3635"}],"wp:featuredmedia":[{"embeddable":true,"href":"https:\/\/www.arsakademia.com\/en\/wp-json\/wp\/v2\/media\/3637"}],"wp:attachment":[{"href":"https:\/\/www.arsakademia.com\/en\/wp-json\/wp\/v2\/media?parent=3635"}],"wp:term":[{"taxonomy":"product_brand","embeddable":true,"href":"https:\/\/www.arsakademia.com\/en\/wp-json\/wp\/v2\/product_brand?post=3635"},{"taxonomy":"product_cat","embeddable":true,"href":"https:\/\/www.arsakademia.com\/en\/wp-json\/wp\/v2\/product_cat?post=3635"},{"taxonomy":"product_tag","embeddable":true,"href":"https:\/\/www.arsakademia.com\/en\/wp-json\/wp\/v2\/product_tag?post=3635"}],"curies":[{"name":"wp","href":"https:\/\/api.w.org\/{rel}","templated":true}]}}