{"id":3631,"date":"2025-04-08T11:31:34","date_gmt":"2025-04-08T08:31:34","guid":{"rendered":"https:\/\/www.arsakademia.com\/?post_type=product&#038;p=3631"},"modified":"2025-04-08T11:34:21","modified_gmt":"2025-04-08T08:34:21","slug":"cattel-2a-3a-zeka-testi-egitimi","status":"publish","type":"product","link":"https:\/\/www.arsakademia.com\/en\/product\/cattel-2a-3a-zeka-testi-egitimi\/","title":{"rendered":"Cattel 2A-3A Zeka Testi E\u011fitimi"},"content":{"rendered":"<article class=\"text-token-text-primary w-full\" dir=\"auto\" data-testid=\"conversation-turn-4\" data-scroll-anchor=\"true\">\n<div class=\"text-base my-auto mx-auto py-5 px-6\">\n<div class=\"mx-auto flex flex-1 text-base gap-4 md:gap-5 lg:gap-6 md:max-w-3xl group\/turn-messages focus-visible:outline-hidden\" tabindex=\"-1\">\n<div class=\"group\/conversation-turn relative flex w-full min-w-0 flex-col agent-turn @xs\/thread:px-0 @sm\/thread:px-1.5 @md\/thread:px-4\">\n<div class=\"relative flex-col gap-1 md:gap-3\">\n<div class=\"flex max-w-full flex-col grow\">\n<div class=\"min-h-8 text-message relative flex w-full flex-col items-end gap-2 text-start break-words whitespace-normal [.text-message+&amp;]:mt-5\" dir=\"auto\" data-message-author-role=\"assistant\" data-message-id=\"89aa6dba-63c3-42f2-a0bb-832dde80d0c6\" data-message-model-slug=\"gpt-4o-mini\">\n<div class=\"flex w-full flex-col gap-1 empty:hidden first:pt-[3px]\">\n<div class=\"markdown prose dark:prose-invert w-full break-words light\">\n<p class=\"\" data-start=\"100\" data-end=\"185\"><strong data-start=\"100\" data-end=\"185\">Cattel 2A-3A Zeka Testi E\u011fitimi ile Zeka ve Yetenek De\u011ferlendirmesinde Uzmanla\u015f\u0131n<\/strong><\/p>\n<p class=\"\" data-start=\"187\" data-end=\"566\">Zeka testleri, psikolojik de\u011ferlendirmelerin temel ta\u015flar\u0131ndan biri olup, bireylerin bili\u015fsel yeteneklerini ve potansiyellerini anlamada b\u00fcy\u00fck bir rol oynar. <strong data-start=\"345\" data-end=\"380\">Cattel 2A-3A Zeka Testi E\u011fitimi<\/strong>, psikologlar, psikolojik dan\u0131\u015fmanlar ve di\u011fer profesyoneller i\u00e7in, zeka testi uygulamalar\u0131 ve sonu\u00e7lar\u0131 hakk\u0131nda derinlemesine bilgi sahibi olmay\u0131 sa\u011flayan \u00f6zel bir e\u011fitim program\u0131d\u0131r.<\/p>\n<p class=\"\" data-start=\"568\" data-end=\"878\"><strong data-start=\"568\" data-end=\"595\">Cattel 2A-3A Zeka Testi<\/strong>, zeka d\u00fczeyini, bili\u015fsel yetenekleri, problem \u00e7\u00f6zme becerilerini ve entelekt\u00fcel potansiyeli \u00f6l\u00e7meye y\u00f6nelik g\u00fcvenilir bir testtir. Bu e\u011fitim sayesinde, testin do\u011fru bir \u015fekilde uygulanmas\u0131n\u0131 \u00f6\u011frenir, sonu\u00e7lar\u0131 anlamland\u0131rma ve raporlama konusunda profesyonel beceriler kazan\u0131rs\u0131n\u0131z.<\/p>\n<p class=\"\" data-start=\"880\" data-end=\"905\"><strong data-start=\"880\" data-end=\"905\">E\u011fitimimizin \u0130\u00e7eri\u011fi:<\/strong><\/p>\n<ul data-start=\"906\" data-end=\"1839\">\n<li class=\"\" data-start=\"906\" data-end=\"1110\">\n<p class=\"\" data-start=\"908\" data-end=\"1110\"><strong data-start=\"908\" data-end=\"929\">Testin Temelleri:<\/strong> Cattel 2A-3A Zeka Testi\u2019nin teorik altyap\u0131s\u0131n\u0131 \u00f6\u011frenin. Testin geli\u015ftirilme s\u00fcreci, kullan\u0131lan \u00f6l\u00e7\u00fcm ara\u00e7lar\u0131 ve testin psikometrik \u00f6zellikleri hakk\u0131nda kapsaml\u0131 bilgi edinirsiniz.<\/p>\n<\/li>\n<li class=\"\" data-start=\"1111\" data-end=\"1307\">\n<p class=\"\" data-start=\"1113\" data-end=\"1307\"><strong data-start=\"1113\" data-end=\"1142\">Test Uygulama Teknikleri:<\/strong> Testin do\u011fru bir \u015fekilde nas\u0131l uygulanaca\u011f\u0131, kat\u0131l\u0131mc\u0131lara nas\u0131l rehberlik edilece\u011fi ve test ko\u015fullar\u0131n\u0131n nas\u0131l d\u00fczenlenece\u011fi konusunda pratik bilgiler edinirsiniz.<\/p>\n<\/li>\n<li class=\"\" data-start=\"1308\" data-end=\"1502\">\n<p class=\"\" data-start=\"1310\" data-end=\"1502\"><strong data-start=\"1310\" data-end=\"1343\">Sonu\u00e7lar\u0131n De\u011ferlendirilmesi:<\/strong> Cattel 2A-3A testi sonucunda elde edilen verilerin do\u011fru bir \u015fekilde nas\u0131l analiz edilece\u011fi, zeka d\u00fczeyine dair anlaml\u0131 \u00e7\u0131kar\u0131mlar nas\u0131l yap\u0131laca\u011f\u0131 \u00f6\u011fretilir.<\/p>\n<\/li>\n<li class=\"\" data-start=\"1503\" data-end=\"1698\">\n<p class=\"\" data-start=\"1505\" data-end=\"1698\"><strong data-start=\"1505\" data-end=\"1537\">Bili\u015fsel Yetenek Analizleri:<\/strong> Zeka testi sonu\u00e7lar\u0131yla bireylerin bili\u015fsel yeteneklerini, \u00f6\u011frenme tarzlar\u0131n\u0131 ve potansiyellerini nas\u0131l de\u011ferlendirmeniz gerekti\u011fi konusunda rehberlik sa\u011flan\u0131r.<\/p>\n<\/li>\n<li class=\"\" data-start=\"1699\" data-end=\"1839\">\n<p class=\"\" data-start=\"1701\" data-end=\"1839\"><strong data-start=\"1701\" data-end=\"1724\">Raporlama ve Sunum:<\/strong> Test sonu\u00e7lar\u0131n\u0131 etkili bir \u015fekilde raporlama, sonu\u00e7lar\u0131 dan\u0131\u015fan veya kurumlara sunma teknikleri \u00fczerinde durulur.<\/p>\n<\/li>\n<\/ul>\n<p class=\"\" data-start=\"1841\" data-end=\"1862\"><strong data-start=\"1841\" data-end=\"1862\">Kimler Kat\u0131lmal\u0131?<\/strong><\/p>\n<ul data-start=\"1863\" data-end=\"2040\">\n<li class=\"\" data-start=\"1863\" data-end=\"1876\">\n<p class=\"\" data-start=\"1865\" data-end=\"1876\">Psikologlar<\/p>\n<\/li>\n<li class=\"\" data-start=\"1877\" data-end=\"1901\">\n<p class=\"\" data-start=\"1879\" data-end=\"1901\">Psikolojik Dan\u0131\u015fmanlar<\/p>\n<\/li>\n<li class=\"\" data-start=\"1902\" data-end=\"1915\">\n<p class=\"\" data-start=\"1904\" data-end=\"1915\">E\u011fitimciler<\/p>\n<\/li>\n<li class=\"\" data-start=\"1951\" data-end=\"2040\">\n<p class=\"\" data-start=\"1953\" data-end=\"2040\">Zeka ve bili\u015fsel yetenek de\u011ferlendirme konusunda uzmanla\u015fmak isteyen t\u00fcm profesyoneller<\/p>\n<\/li>\n<\/ul>\n<p class=\"\" data-start=\"2042\" data-end=\"2084\"><strong data-start=\"2042\" data-end=\"2084\">Neden Cattel 2A-3A Zeka Testi E\u011fitimi?<\/strong><\/p>\n<ul data-start=\"2085\" data-end=\"2626\">\n<li class=\"\" data-start=\"2085\" data-end=\"2269\">\n<p class=\"\" data-start=\"2087\" data-end=\"2269\"><strong data-start=\"2087\" data-end=\"2111\">Bilimsel Ge\u00e7erlilik:<\/strong> Cattel 2A-3A Zeka Testi, y\u0131llard\u0131r g\u00fcvenilirli\u011fi ve ge\u00e7erlili\u011fi kan\u0131tlanm\u0131\u015f bir testtir. E\u011fitimimiz, bu testin do\u011fru ve etkili \u015fekilde kullan\u0131lmas\u0131n\u0131 sa\u011flar.<\/p>\n<\/li>\n<li class=\"\" data-start=\"2270\" data-end=\"2434\">\n<p class=\"\" data-start=\"2272\" data-end=\"2434\"><strong data-start=\"2272\" data-end=\"2305\">Profesyonel Yetenek Geli\u015fimi:<\/strong> Zeka testlerinin do\u011fru uygulanmas\u0131 ve yorumlanmas\u0131, profesyonel psikologlar\u0131n dan\u0131\u015fanlar\u0131na en iyi hizmeti sunabilmesini sa\u011flar.<\/p>\n<\/li>\n<li class=\"\" data-start=\"2435\" data-end=\"2626\">\n<p class=\"\" data-start=\"2437\" data-end=\"2626\"><strong data-start=\"2437\" data-end=\"2465\">Kapsaml\u0131 E\u011fitim \u0130\u00e7eri\u011fi:<\/strong> Testin t\u00fcm a\u015famalar\u0131n\u0131 kapsayan, teorik ve pratik bilgilerin dengeli bir \u015fekilde sunuldu\u011fu e\u011fitim program\u0131m\u0131zla, bir uzman olarak kendinizi geli\u015ftirebilirsiniz.<\/p>\n<\/li>\n<\/ul>\n<p class=\"\" data-start=\"2628\" data-end=\"2685\"><strong data-start=\"2628\" data-end=\"2685\">B\u00fct\u00fcnc\u00fcl Bir De\u011ferlendirme \u0130\u00e7in Cattel 2A-3A E\u011fitimi!<\/strong><\/p>\n<p class=\"\" data-start=\"2687\" data-end=\"3044\">Zeka de\u011ferlendirmelerinde derinlemesine bilgi sahibi olmak, profesyonel kariyerinizde b\u00fcy\u00fck bir fark yaratabilir. <strong data-start=\"2801\" data-end=\"2836\">Cattel 2A-3A Zeka Testi E\u011fitimi<\/strong> ile zeka testlerini do\u011fru uygulama, sonu\u00e7lar\u0131 etkili bir \u015fekilde analiz etme ve do\u011fru raporlama tekniklerini \u00f6\u011frenin. E\u011fitim sonunda, zeka testi uygulamalar\u0131nda yetkin bir uzman olarak hizmet verebilirsiniz.<\/p>\n<p class=\"\" data-start=\"3046\" data-end=\"3112\"><strong data-start=\"3046\" data-end=\"3112\">Zeka Testi ve De\u011ferlendirmede Uzmanla\u015fmak \u0130\u00e7in \u015eimdi Ba\u015fvurun!<\/strong><\/p>\n<hr class=\"\" data-start=\"3114\" data-end=\"3117\" \/>\n<p class=\"\" data-start=\"3119\" data-end=\"3318\">Bu yaz\u0131, Cattel 2A-3A Zeka Testi e\u011fitiminizi tan\u0131tmak i\u00e7in profesyonel bir ton ve i\u00e7erik sa\u011flar. Hem teorik hem de pratik y\u00f6nlere dikkat \u00e7ekerek, e\u011fitim program\u0131n\u0131z\u0131n kapsam\u0131n\u0131 net bir \u015fekilde sunar.<\/p>\n<\/div>\n<\/div>\n<\/div>\n<\/div>\n<div class=\"flex justify-start\">\n<div class=\"touch:-me-2 touch:-ms-3.5 -ms-2.5 -me-1 flex items-center p-1 select-none -mt-1 duration-[1.5s] focus-within:transition-none hover:transition-none pointer-events-none [mask-image:linear-gradient(to_right,black_33%,transparent_66%)] [mask-position:100%_0%] [mask-size:300%_100%] motion-safe:transition-[mask-position] group-hover\/turn-messages:pointer-events-auto group-hover\/turn-messages:[mask-position:0_0] group-focus-within\/turn-messages:pointer-events-auto group-focus-within\/turn-messages:[mask-position:0_0] has-data-[state=open]:pointer-events-auto has-data-[state=open]:[mask-position:0_0]\"><\/div>\n<\/div>\n<\/div>\n<div class=\"absolute\">\n<div class=\"flex items-center justify-center\"><\/div>\n<\/div>\n<\/div>\n<\/div>\n<\/div>\n<\/article>\n<div class=\"pointer-events-none h-px w-px\" aria-hidden=\"true\" data-edge=\"true\"><\/div>\n","protected":false},"excerpt":{"rendered":"<p>Cattel 2A-3A Zeka Testi E\u011fitimi ile Zeka ve Yetenek De\u011ferlendirmesinde Uzmanla\u015f\u0131n Zeka testleri, psikolojik de\u011ferlendirmelerin temel ta\u015flar\u0131ndan biri olup, bireylerin bili\u015fsel yeteneklerini ve potansiyellerini anlamada b\u00fcy\u00fck bir rol oynar. Cattel [&hellip;]<\/p>\n","protected":false},"featured_media":2331,"comment_status":"open","ping_status":"closed","template":"","meta":{"_acf_changed":false,"_monsterinsights_skip_tracking":false,"_monsterinsights_sitenote_active":false,"_monsterinsights_sitenote_note":"","_monsterinsights_sitenote_category":0},"product_brand":[],"product_cat":[57],"product_tag":[],"class_list":{"0":"post-3631","1":"product","2":"type-product","3":"status-publish","4":"has-post-thumbnail","6":"product_cat-uncategorized-tr","8":"first","9":"instock","10":"sale","11":"virtual","12":"taxable","13":"purchasable","14":"product-type-simple"},"acf":[],"aioseo_notices":[],"_links":{"self":[{"href":"https:\/\/www.arsakademia.com\/en\/wp-json\/wp\/v2\/product\/3631","targetHints":{"allow":["GET"]}}],"collection":[{"href":"https:\/\/www.arsakademia.com\/en\/wp-json\/wp\/v2\/product"}],"about":[{"href":"https:\/\/www.arsakademia.com\/en\/wp-json\/wp\/v2\/types\/product"}],"replies":[{"embeddable":true,"href":"https:\/\/www.arsakademia.com\/en\/wp-json\/wp\/v2\/comments?post=3631"}],"wp:featuredmedia":[{"embeddable":true,"href":"https:\/\/www.arsakademia.com\/en\/wp-json\/wp\/v2\/media\/2331"}],"wp:attachment":[{"href":"https:\/\/www.arsakademia.com\/en\/wp-json\/wp\/v2\/media?parent=3631"}],"wp:term":[{"taxonomy":"product_brand","embeddable":true,"href":"https:\/\/www.arsakademia.com\/en\/wp-json\/wp\/v2\/product_brand?post=3631"},{"taxonomy":"product_cat","embeddable":true,"href":"https:\/\/www.arsakademia.com\/en\/wp-json\/wp\/v2\/product_cat?post=3631"},{"taxonomy":"product_tag","embeddable":true,"href":"https:\/\/www.arsakademia.com\/en\/wp-json\/wp\/v2\/product_tag?post=3631"}],"curies":[{"name":"wp","href":"https:\/\/api.w.org\/{rel}","templated":true}]}}