{"id":3626,"date":"2025-04-08T11:22:59","date_gmt":"2025-04-08T08:22:59","guid":{"rendered":"https:\/\/www.arsakademia.com\/?post_type=product&#038;p=3626"},"modified":"2025-06-01T00:00:16","modified_gmt":"2025-05-31T21:00:16","slug":"butuncul-psikoterapi-egitimi","status":"publish","type":"product","link":"https:\/\/www.arsakademia.com\/en\/product\/butuncul-psikoterapi-egitimi\/","title":{"rendered":"B\u00fct\u00fcnc\u00fcl Psikoterapi E\u011fitimi"},"content":{"rendered":"<p class=\"\" data-start=\"91\" data-end=\"155\"><strong data-start=\"91\" data-end=\"155\">B\u00fct\u00fcnc\u00fcl Psikoloji E\u011fitimi ile Kapsaml\u0131 Bir Terapi Yakla\u015f\u0131m\u0131<\/strong><\/p>\n<p class=\"\" data-start=\"157\" data-end=\"518\">Ki\u015fisel geli\u015fim ve profesyonel terapistlik alan\u0131nda derinle\u015fmek isteyenler i\u00e7in, B\u00fct\u00fcnc\u00fcl Psikoloji E\u011fitimi, size geni\u015f bir e\u011fitim yelpazesi sunuyor. Bu e\u011fitimler, bireylerin, \u00e7iftlerin ve ailelerin psikolojik iyile\u015fme s\u00fcre\u00e7lerini anlayabilmeniz ve profesyonel anlamda y\u00f6nlendirebilmeniz i\u00e7in gereken t\u00fcm teorik bilgi ve pratik becerileri kazand\u0131rmay\u0131 hedefler.<\/p>\n<p class=\"\" data-start=\"520\" data-end=\"746\">E\u011fitimlerimiz, bir terapist olarak sizi yaln\u0131zca psikolojik sorunlar\u0131 \u00e7\u00f6zme konusunda donan\u0131ml\u0131 hale getirmekle kalmaz, ayn\u0131 zamanda \u00e7e\u015fitli terap\u00f6tik yakla\u015f\u0131mlar ve uygulamalarla ilgili derinlemesine bilgi edinmenizi sa\u011flar.<\/p>\n<p class=\"\" data-start=\"748\" data-end=\"766\"><strong data-start=\"748\" data-end=\"766\">E\u011fitimlerimiz:<\/strong><\/p>\n<ul data-start=\"767\" data-end=\"2504\">\n<li class=\"\" data-start=\"767\" data-end=\"926\">\n<p class=\"\" data-start=\"769\" data-end=\"926\"><strong data-start=\"769\" data-end=\"804\">Aile Dizimi Uygulay\u0131c\u0131 E\u011fitimi:<\/strong> Aile i\u00e7indeki ba\u011flar\u0131 ve kal\u0131plar\u0131 anlamak, aile terapisi alan\u0131nda derinle\u015fmek isteyenler i\u00e7in m\u00fckemmel bir ba\u015flang\u0131\u00e7t\u0131r.<\/p>\n<\/li>\n<li class=\"\" data-start=\"927\" data-end=\"1053\">\n<p class=\"\" data-start=\"929\" data-end=\"1053\"><strong data-start=\"929\" data-end=\"961\">\u0130mago \u00c7ift Terapisi E\u011fitimi:<\/strong> \u00c7ift terapisi \u00fczerine \u00e7al\u0131\u015fmak isteyenler i\u00e7in duygusal ba\u011flar\u0131 derinle\u015ftiren bir yakla\u015f\u0131m.<\/p>\n<\/li>\n<li class=\"\" data-start=\"1054\" data-end=\"1184\">\n<p class=\"\" data-start=\"1056\" data-end=\"1184\"><strong data-start=\"1056\" data-end=\"1088\">\u00c7\u00f6z\u00fcm Odakl\u0131 Terapi E\u011fitimi:<\/strong> H\u0131zl\u0131 ve etkili \u00e7\u00f6z\u00fcmler sunarak, terap\u00f6tik s\u00fcre\u00e7lerinizi daha verimli hale getirmenizi sa\u011flar.<\/p>\n<\/li>\n<li class=\"\" data-start=\"1185\" data-end=\"1342\">\n<p class=\"\" data-start=\"1187\" data-end=\"1342\"><strong data-start=\"1187\" data-end=\"1221\">Aile ve \u00c7ift Terapisi E\u011fitimi:<\/strong> Hem aile terapisi hem de \u00e7ift terapisi konular\u0131nda geni\u015f bir perspektif kazanman\u0131z\u0131 sa\u011flayacak derinlemesine bir e\u011fitim.<\/p>\n<\/li>\n<li class=\"\" data-start=\"1343\" data-end=\"1489\">\n<p class=\"\" data-start=\"1345\" data-end=\"1489\"><strong data-start=\"1345\" data-end=\"1382\">Cinsel Terapi Uygulay\u0131c\u0131 E\u011fitimi:<\/strong> Cinsel sa\u011fl\u0131k ve ili\u015fkiler \u00fczerine profesyonel bilgiler kazanarak, terap\u00f6tik bir yolculu\u011fa \u00e7\u0131kabilirsiniz.<\/p>\n<\/li>\n<li class=\"\" data-start=\"1490\" data-end=\"1664\">\n<p class=\"\" data-start=\"1492\" data-end=\"1664\"><strong data-start=\"1492\" data-end=\"1572\">Projektif Testler Uygulay\u0131c\u0131 E\u011fitimi ve Objektif Testler Uygulay\u0131c\u0131 E\u011fitimi:<\/strong> Psikolojik testlerle bireylerin i\u00e7sel d\u00fcnyalar\u0131n\u0131 anlaman\u0131z\u0131 sa\u011flayan bilimsel yakla\u015f\u0131mlar.<\/p>\n<\/li>\n<li class=\"\" data-start=\"1665\" data-end=\"1793\">\n<p class=\"\" data-start=\"1667\" data-end=\"1793\"><strong data-start=\"1667\" data-end=\"1704\">Oyun Terapisi Uygulay\u0131c\u0131 E\u011fitimi:<\/strong> \u00c7ocuklar i\u00e7in terapi s\u00fcrecinde oyun terapisi kullanarak etkili bir yol izleyebilirsiniz.<\/p>\n<\/li>\n<li class=\"\" data-start=\"1794\" data-end=\"1934\">\n<p class=\"\" data-start=\"1796\" data-end=\"1934\"><strong data-start=\"1796\" data-end=\"1830\">Temel EMDR Uygulay\u0131c\u0131 E\u011fitimi:<\/strong> Travma odakl\u0131 \u00e7al\u0131\u015fmak isteyen terapistler i\u00e7in, EMDR y\u00f6ntemiyle terap\u00f6tik derinlik yaratabileceksiniz.<\/p>\n<\/li>\n<li class=\"\" data-start=\"1935\" data-end=\"2091\">\n<p class=\"\" data-start=\"1937\" data-end=\"2091\"><strong data-start=\"1937\" data-end=\"1994\">Minnesota \u00c7ok Y\u00f6nl\u00fc Ki\u015filik Envanteri E\u011fitimi (MMPI):<\/strong> Ki\u015filik analizi ve psikopatoloji \u00fczerine odaklanarak, daha do\u011fru tan\u0131lar koyma becerisi kazan\u0131n.<\/p>\n<\/li>\n<li class=\"\" data-start=\"2092\" data-end=\"2213\">\n<p class=\"\" data-start=\"2094\" data-end=\"2213\"><strong data-start=\"2094\" data-end=\"2121\">NLP Uygulay\u0131c\u0131 E\u011fitimi:<\/strong> Bireylerin dil ve davran\u0131\u015f kal\u0131plar\u0131n\u0131 analiz ederek etkili ileti\u015fim y\u00f6ntemleri geli\u015ftirin.<\/p>\n<\/li>\n<li class=\"\" data-start=\"2214\" data-end=\"2358\">\n<p class=\"\" data-start=\"2216\" data-end=\"2358\"><strong data-start=\"2216\" data-end=\"2248\">Ba\u011f\u0131ml\u0131l\u0131k Terapisi E\u011fitimi:<\/strong> Ba\u011f\u0131ml\u0131l\u0131k terapisi konusunda uzmanla\u015farak, bu alandaki zorluklar\u0131 a\u015fman\u0131za yard\u0131mc\u0131 olacak beceriler edinin.<\/p>\n<\/li>\n<li class=\"\" data-start=\"2359\" data-end=\"2504\">\n<p class=\"\" data-start=\"2361\" data-end=\"2504\"><strong data-start=\"2361\" data-end=\"2399\">Masal Terapisi Uygulay\u0131c\u0131 E\u011fitimi:<\/strong> Masallar arac\u0131l\u0131\u011f\u0131yla, bireylerin i\u00e7sel d\u00fcnyas\u0131na dokunabilir ve iyile\u015fmelerine katk\u0131 sa\u011flayabilirsiniz.<\/p>\n<\/li>\n<\/ul>\n<p class=\"\" data-start=\"2506\" data-end=\"2685\">Her biri alan\u0131nda uzman e\u011fitmenler taraf\u0131ndan verilen e\u011fitimlerimiz, teorik bilgilerin yan\u0131 s\u0131ra pratik deneyim kazand\u0131rarak, sizlere terap\u00f6tik yakla\u015f\u0131mlarda yetkinlik kazand\u0131r\u0131r.<\/p>\n<p class=\"\" data-start=\"2687\" data-end=\"2722\"><strong data-start=\"2687\" data-end=\"2722\">B\u00fct\u00fcnc\u00fcl Psikoloji E\u011fitimi ile:<\/strong><\/p>\n<ul data-start=\"2723\" data-end=\"3043\">\n<li class=\"\" data-start=\"2723\" data-end=\"2848\">\n<p class=\"\" data-start=\"2725\" data-end=\"2848\">Farkl\u0131 terap\u00f6tik yakla\u015f\u0131mlar hakk\u0131nda derinlemesine bilgi sahibi olur, \u00e7e\u015fitli terapilerle donanm\u0131\u015f bir terapist olursunuz.<\/p>\n<\/li>\n<li class=\"\" data-start=\"2849\" data-end=\"2946\">\n<p class=\"\" data-start=\"2851\" data-end=\"2946\">\u00c7e\u015fitli psikolojik testleri uygulama ve sonu\u00e7lar\u0131 do\u011fru yorumlama yetkinli\u011fine sahip olursunuz.<\/p>\n<\/li>\n<li class=\"\" data-start=\"2947\" data-end=\"3043\">\n<p class=\"\" data-start=\"2949\" data-end=\"3043\">Her t\u00fcrl\u00fc birey, aile ve \u00e7iftin terap\u00f6tik ihtiya\u00e7lar\u0131na yan\u0131t verebilecek bir uzman olursunuz.<\/p>\n<\/li>\n<\/ul>\n<p class=\"\" data-start=\"3045\" data-end=\"3196\">E\u011fitimlerimiz, kapsaml\u0131 ve b\u00fct\u00fcnsel bir yakla\u015f\u0131m\u0131 benimseyen, ki\u015fisel geli\u015fiminizi desteklerken, ba\u015fkalar\u0131na yard\u0131m etme yolunda derinle\u015fmenizi sa\u011flar.<\/p>\n<p class=\"\" data-start=\"3198\" data-end=\"3308\"><strong data-start=\"3198\" data-end=\"3308\">B\u00fct\u00fcnc\u00fcl Psikoloji E\u011fitimi&#8217;ne kat\u0131l\u0131n, terapi alan\u0131ndaki bilgi ve becerilerinizi bir \u00fcst seviyeye ta\u015f\u0131y\u0131n!<\/strong><\/p>\n","protected":false},"excerpt":{"rendered":"<p>B\u00fct\u00fcnc\u00fcl Psikoloji E\u011fitimi ile Kapsaml\u0131 Bir Terapi Yakla\u015f\u0131m\u0131 Ki\u015fisel geli\u015fim ve profesyonel terapistlik alan\u0131nda derinle\u015fmek isteyenler i\u00e7in, B\u00fct\u00fcnc\u00fcl Psikoloji E\u011fitimi, size geni\u015f bir e\u011fitim yelpazesi sunuyor. Bu e\u011fitimler, bireylerin, \u00e7iftlerin [&hellip;]<\/p>\n","protected":false},"featured_media":1612,"comment_status":"open","ping_status":"closed","template":"","meta":{"_acf_changed":false,"_monsterinsights_skip_tracking":false,"_monsterinsights_sitenote_active":false,"_monsterinsights_sitenote_note":"","_monsterinsights_sitenote_category":0},"product_brand":[],"product_cat":[57],"product_tag":[],"class_list":{"0":"post-3626","1":"product","2":"type-product","3":"status-publish","4":"has-post-thumbnail","6":"product_cat-uncategorized-tr","8":"first","9":"instock","10":"virtual","11":"taxable","12":"purchasable","13":"product-type-simple"},"acf":[],"aioseo_notices":[],"_links":{"self":[{"href":"https:\/\/www.arsakademia.com\/en\/wp-json\/wp\/v2\/product\/3626","targetHints":{"allow":["GET"]}}],"collection":[{"href":"https:\/\/www.arsakademia.com\/en\/wp-json\/wp\/v2\/product"}],"about":[{"href":"https:\/\/www.arsakademia.com\/en\/wp-json\/wp\/v2\/types\/product"}],"replies":[{"embeddable":true,"href":"https:\/\/www.arsakademia.com\/en\/wp-json\/wp\/v2\/comments?post=3626"}],"wp:featuredmedia":[{"embeddable":true,"href":"https:\/\/www.arsakademia.com\/en\/wp-json\/wp\/v2\/media\/1612"}],"wp:attachment":[{"href":"https:\/\/www.arsakademia.com\/en\/wp-json\/wp\/v2\/media?parent=3626"}],"wp:term":[{"taxonomy":"product_brand","embeddable":true,"href":"https:\/\/www.arsakademia.com\/en\/wp-json\/wp\/v2\/product_brand?post=3626"},{"taxonomy":"product_cat","embeddable":true,"href":"https:\/\/www.arsakademia.com\/en\/wp-json\/wp\/v2\/product_cat?post=3626"},{"taxonomy":"product_tag","embeddable":true,"href":"https:\/\/www.arsakademia.com\/en\/wp-json\/wp\/v2\/product_tag?post=3626"}],"curies":[{"name":"wp","href":"https:\/\/api.w.org\/{rel}","templated":true}]}}