{"id":3619,"date":"2025-04-07T23:02:45","date_gmt":"2025-04-07T20:02:45","guid":{"rendered":"https:\/\/www.arsakademia.com\/?post_type=product&#038;p=3619"},"modified":"2025-04-07T23:02:45","modified_gmt":"2025-04-07T20:02:45","slug":"burdon-dikkat-testi-uygulama","status":"publish","type":"product","link":"https:\/\/www.arsakademia.com\/en\/product\/burdon-dikkat-testi-uygulama\/","title":{"rendered":"Burdon Dikkat Testi Uygulama"},"content":{"rendered":"<p class=\"\" data-start=\"106\" data-end=\"188\"><strong data-start=\"106\" data-end=\"188\">Burdon Dikkat Testi E\u011fitimi: Dikkat ve Konsantrasyon Becerilerinizi Geli\u015ftirin<\/strong><\/p>\n<p class=\"\" data-start=\"190\" data-end=\"633\">Dikkat ve konsantrasyon, hem bireysel ya\u015famda hem de profesyonel alanda ba\u015far\u0131 i\u00e7in temel fakt\u00f6rlerdir. Burdon Dikkat Testi, \u00f6zellikle dikkat ve bili\u015fsel s\u00fcre\u00e7leri de\u011ferlendiren, bireylerin dikkat becerilerini \u00f6l\u00e7mek i\u00e7in yayg\u0131n olarak kullan\u0131lan bir ara\u00e7t\u0131r. <strong data-start=\"450\" data-end=\"481\">Burdon Dikkat Testi E\u011fitimi<\/strong>, bu testi kullanarak dikkat, konsantrasyon ve bili\u015fsel s\u00fcre\u00e7lerle ilgili kapsaml\u0131 bilgi edinmek isteyen profesyonellere y\u00f6nelik bir e\u011fitim program\u0131d\u0131r.<\/p>\n<p class=\"\" data-start=\"635\" data-end=\"698\"><strong data-start=\"635\" data-end=\"698\">E\u011fitim \u0130\u00e7eri\u011fi: Burdon Dikkat Testini Derinlemesine \u00d6\u011frenin<\/strong><\/p>\n<p class=\"\" data-start=\"700\" data-end=\"889\">Burdon Dikkat Testi E\u011fitimi, bu testi uygulamak ve sonu\u00e7lar\u0131n\u0131 do\u011fru bir \u015fekilde de\u011ferlendirmek i\u00e7in gerekli t\u00fcm bilgileri sunmaktad\u0131r. E\u011fitim program\u0131m\u0131zda \u015fu ba\u015fl\u0131klara odaklan\u0131lmaktad\u0131r:<\/p>\n<ul data-start=\"891\" data-end=\"1717\">\n<li class=\"\" data-start=\"891\" data-end=\"1009\">\n<p class=\"\" data-start=\"893\" data-end=\"1009\"><strong data-start=\"893\" data-end=\"930\">Burdon Dikkat Testinin Temelleri:<\/strong> Testin tarih\u00e7esi, teorik temelleri ve nas\u0131l geli\u015ftirilmi\u015f oldu\u011funa dair bilgi.<\/p>\n<\/li>\n<li class=\"\" data-start=\"1010\" data-end=\"1133\">\n<p class=\"\" data-start=\"1012\" data-end=\"1133\"><strong data-start=\"1012\" data-end=\"1040\">Testin Uygulama Y\u00f6ntemi:<\/strong> Burdon Dikkat Testini do\u011fru bir \u015fekilde nas\u0131l uygulayaca\u011f\u0131n\u0131z ve testin uygulanma ko\u015fullar\u0131.<\/p>\n<\/li>\n<li class=\"\" data-start=\"1134\" data-end=\"1259\">\n<p class=\"\" data-start=\"1136\" data-end=\"1259\"><strong data-start=\"1136\" data-end=\"1187\">Burdon Dikkat Testi ile Dikkat De\u011ferlendirmesi:<\/strong> Testin, bireylerin dikkat d\u00fczeylerini ve dikkat s\u00fcresini nas\u0131l \u00f6l\u00e7t\u00fc\u011f\u00fc.<\/p>\n<\/li>\n<li class=\"\" data-start=\"1260\" data-end=\"1414\">\n<p class=\"\" data-start=\"1262\" data-end=\"1414\"><strong data-start=\"1262\" data-end=\"1295\">Sonu\u00e7lar\u0131n De\u011ferlendirilmesi:<\/strong> Test sonu\u00e7lar\u0131n\u0131 do\u011fru bir \u015fekilde analiz etmek ve bu sonu\u00e7lar\u0131 terap\u00f6tik veya e\u011fitsel ama\u00e7larla nas\u0131l kullanaca\u011f\u0131n\u0131z.<\/p>\n<\/li>\n<li class=\"\" data-start=\"1415\" data-end=\"1577\">\n<p class=\"\" data-start=\"1417\" data-end=\"1577\"><strong data-start=\"1417\" data-end=\"1449\">Testin Kullan\u0131ld\u0131\u011f\u0131 Alanlar:<\/strong> E\u011fitim, psikolojik de\u011ferlendirmeler, bili\u015fsel terapiler ve dikkatle ilgili di\u011fer alanlarda testin nas\u0131l kullan\u0131ld\u0131\u011f\u0131n\u0131 \u00f6\u011frenme.<\/p>\n<\/li>\n<li class=\"\" data-start=\"1578\" data-end=\"1717\">\n<p class=\"\" data-start=\"1580\" data-end=\"1717\"><strong data-start=\"1580\" data-end=\"1629\">Burdon Testinin Avantajlar\u0131 ve S\u0131n\u0131rlamalar\u0131:<\/strong> Bu testin g\u00fc\u00e7l\u00fc y\u00f6nleri ve di\u011fer dikkat testleriyle kar\u015f\u0131la\u015ft\u0131r\u0131ld\u0131\u011f\u0131nda s\u0131n\u0131rlamalar\u0131.<\/p>\n<\/li>\n<\/ul>\n<p class=\"\" data-start=\"1719\" data-end=\"1751\"><strong data-start=\"1719\" data-end=\"1751\">E\u011fitim Kimler \u0130\u00e7in Uygundur?<\/strong><\/p>\n<p class=\"\" data-start=\"1753\" data-end=\"1833\">Burdon Dikkat Testi E\u011fitimi, a\u015fa\u011f\u0131daki profesyoneller ve bireyler i\u00e7in uygundur:<\/p>\n<ul data-start=\"1834\" data-end=\"2451\">\n<li class=\"\" data-start=\"1834\" data-end=\"1949\">\n<p class=\"\" data-start=\"1836\" data-end=\"1949\"><strong data-start=\"1836\" data-end=\"1871\">Psikologlar ve Psikiyatristler:<\/strong> Bili\u015fsel de\u011ferlendirmeler ve dikkat testlerini uygulamak isteyen terapistler.<\/p>\n<\/li>\n<li class=\"\" data-start=\"1950\" data-end=\"2091\">\n<p class=\"\" data-start=\"1952\" data-end=\"2091\"><strong data-start=\"1952\" data-end=\"1983\">E\u011fitimciler ve Dan\u0131\u015fmanlar:<\/strong> \u00d6\u011frencilerin veya bireylerin dikkat becerilerini de\u011ferlendirmek isteyen \u00f6\u011fretmenler ve e\u011fitim dan\u0131\u015fmanlar\u0131.<\/p>\n<\/li>\n<li class=\"\" data-start=\"2092\" data-end=\"2227\">\n<p class=\"\" data-start=\"2094\" data-end=\"2227\"><strong data-start=\"2094\" data-end=\"2123\">Rehabilitasyon Uzmanlar\u0131:<\/strong> Dikkat ve konsantrasyon sorunlar\u0131 ya\u015fayan bireylerle \u00e7al\u0131\u015fan terapistler veya rehabilitasyon uzmanlar\u0131.<\/p>\n<\/li>\n<li class=\"\" data-start=\"2228\" data-end=\"2351\">\n<p class=\"\" data-start=\"2230\" data-end=\"2351\"><strong data-start=\"2230\" data-end=\"2272\">Kariyer De\u011fi\u015fikli\u011fi Yapmak \u0130steyenler:<\/strong> Dikkat \u00f6l\u00e7\u00fcm\u00fc ve de\u011ferlendirmesi konusunda uzmanla\u015fmak isteyen profesyoneller.<\/p>\n<\/li>\n<li class=\"\" data-start=\"2352\" data-end=\"2451\">\n<p class=\"\" data-start=\"2354\" data-end=\"2451\"><strong data-start=\"2354\" data-end=\"2384\">Ki\u015fisel Geli\u015fim Arayanlar:<\/strong> Kendi dikkat becerilerini anlamak ve geli\u015ftirmek isteyen bireyler.<\/p>\n<\/li>\n<\/ul>\n<p class=\"\" data-start=\"2453\" data-end=\"2486\"><strong data-start=\"2453\" data-end=\"2486\">Neden Bu E\u011fitimi Almal\u0131s\u0131n\u0131z?<\/strong><\/p>\n<ul data-start=\"2488\" data-end=\"3149\">\n<li class=\"\" data-start=\"2488\" data-end=\"2608\">\n<p class=\"\" data-start=\"2490\" data-end=\"2608\"><strong data-start=\"2490\" data-end=\"2518\">Kapsaml\u0131 E\u011fitim \u0130\u00e7eri\u011fi:<\/strong> Burdon Dikkat Testi hakk\u0131nda teori ve uygulama konusunda derinlemesine bilgi edinirsiniz.<\/p>\n<\/li>\n<li class=\"\" data-start=\"2609\" data-end=\"2724\">\n<p class=\"\" data-start=\"2611\" data-end=\"2724\"><strong data-start=\"2611\" data-end=\"2629\">Pratik E\u011fitim:<\/strong> Testi nas\u0131l do\u011fru \u015fekilde uygulayaca\u011f\u0131n\u0131z\u0131 ve sonu\u00e7lar\u0131 nas\u0131l analiz edece\u011finizi \u00f6\u011frenirsiniz.<\/p>\n<\/li>\n<li class=\"\" data-start=\"2725\" data-end=\"2876\">\n<p class=\"\" data-start=\"2727\" data-end=\"2876\"><strong data-start=\"2727\" data-end=\"2752\">Deneyimli E\u011fitmenler:<\/strong> Alan\u0131nda uzman e\u011fitmenler taraf\u0131ndan verilen e\u011fitimlerle, dikkat testleri konusunda profesyonel bir bilgi kazanabilirsiniz.<\/p>\n<\/li>\n<li class=\"\" data-start=\"2877\" data-end=\"2995\">\n<p class=\"\" data-start=\"2879\" data-end=\"2995\"><strong data-start=\"2879\" data-end=\"2908\">Esnek E\u011fitim Se\u00e7enekleri:<\/strong> E\u011fitim program\u0131, \u00e7evrimi\u00e7i veya y\u00fcz y\u00fcze se\u00e7eneklerle esnek bir \u015fekilde sunulmaktad\u0131r.<\/p>\n<\/li>\n<li class=\"\" data-start=\"2996\" data-end=\"3149\">\n<p class=\"\" data-start=\"2998\" data-end=\"3149\"><strong data-start=\"2998\" data-end=\"3012\">Sertifika:<\/strong> E\u011fitim sonunda alaca\u011f\u0131n\u0131z sertifika, Burdon Dikkat Testini profesyonel olarak uygulama yetkinli\u011finizi belgeleyen bir referans olacakt\u0131r.<\/p>\n<\/li>\n<\/ul>\n<p class=\"\" data-start=\"3151\" data-end=\"3194\"><strong data-start=\"3151\" data-end=\"3194\">E\u011fitimi Sat\u0131n Alarak Ne Elde Edersiniz?<\/strong><\/p>\n<ul data-start=\"3196\" data-end=\"3552\">\n<li class=\"\" data-start=\"3196\" data-end=\"3293\">\n<p class=\"\" data-start=\"3198\" data-end=\"3293\"><strong data-start=\"3198\" data-end=\"3293\">Burdon Dikkat Testini do\u011fru bir \u015fekilde uygulama ve sonu\u00e7lar\u0131n\u0131 do\u011fru analiz etme becerisi.<\/strong><\/p>\n<\/li>\n<li class=\"\" data-start=\"3294\" data-end=\"3385\">\n<p class=\"\" data-start=\"3296\" data-end=\"3385\"><strong data-start=\"3296\" data-end=\"3385\">Dikkat ve konsantrasyon problemlerini anlamak ve \u00e7\u00f6z\u00fcm yollar\u0131 geli\u015ftirme yetkinli\u011fi.<\/strong><\/p>\n<\/li>\n<li class=\"\" data-start=\"3386\" data-end=\"3465\">\n<p class=\"\" data-start=\"3388\" data-end=\"3465\"><strong data-start=\"3388\" data-end=\"3465\">Testi \u00e7e\u015fitli terapi ve rehabilitasyon alanlar\u0131nda kullanabilme yetene\u011fi.<\/strong><\/p>\n<\/li>\n<li class=\"\" data-start=\"3466\" data-end=\"3552\">\n<p class=\"\" data-start=\"3468\" data-end=\"3552\"><strong data-start=\"3468\" data-end=\"3552\">Kariyerinizde farkl\u0131 bir boyut kazanarak profesyonel bir sertifikaya sahip olma.<\/strong><\/p>\n<\/li>\n<\/ul>\n<p class=\"\" data-start=\"3554\" data-end=\"3629\"><strong data-start=\"3554\" data-end=\"3629\">Dikkat ve Konsantrasyon Becerilerini Geli\u015ftirme Yolunda \u0130lk Ad\u0131m\u0131 At\u0131n!<\/strong><\/p>\n<p class=\"\" data-start=\"3631\" data-end=\"3983\">Burdon Dikkat Testi, bireylerin dikkat d\u00fczeylerini objektif bir \u015fekilde \u00f6l\u00e7menize yard\u0131mc\u0131 olacak g\u00fc\u00e7l\u00fc bir ara\u00e7t\u0131r. <b>Ar\u015f akademi <\/b>\u00a0olarak, bu testi uygulamak ve do\u011fru sonu\u00e7lar\u0131 elde etmek isteyen profesyonellere kapsaml\u0131 e\u011fitim sunuyoruz. E\u011fitimi alarak, dikkat ve konsantrasyon becerilerinizi geli\u015ftirebilir ve bu alanda uzmanla\u015fabilirsiniz.<\/p>\n<p class=\"\" data-start=\"3985\" data-end=\"4085\">E\u011fitim hakk\u0131nda daha fazla bilgi almak veya kayd\u0131n\u0131z\u0131 olu\u015fturmak i\u00e7in hemen bizimle ileti\u015fime ge\u00e7in!<\/p>\n","protected":false},"excerpt":{"rendered":"<p>Burdon Dikkat Testi E\u011fitimi: Dikkat ve Konsantrasyon Becerilerinizi Geli\u015ftirin Dikkat ve konsantrasyon, hem bireysel ya\u015famda hem de profesyonel alanda ba\u015far\u0131 i\u00e7in temel fakt\u00f6rlerdir. Burdon Dikkat Testi, \u00f6zellikle dikkat ve bili\u015fsel [&hellip;]<\/p>\n","protected":false},"featured_media":2335,"comment_status":"open","ping_status":"closed","template":"","meta":{"_acf_changed":false,"_monsterinsights_skip_tracking":false,"_monsterinsights_sitenote_active":false,"_monsterinsights_sitenote_note":"","_monsterinsights_sitenote_category":0},"product_brand":[],"product_cat":[57],"product_tag":[],"class_list":{"0":"post-3619","1":"product","2":"type-product","3":"status-publish","4":"has-post-thumbnail","6":"product_cat-uncategorized-tr","8":"first","9":"instock","10":"sale","11":"taxable","12":"shipping-taxable","13":"purchasable","14":"product-type-simple"},"acf":[],"aioseo_notices":[],"_links":{"self":[{"href":"https:\/\/www.arsakademia.com\/en\/wp-json\/wp\/v2\/product\/3619","targetHints":{"allow":["GET"]}}],"collection":[{"href":"https:\/\/www.arsakademia.com\/en\/wp-json\/wp\/v2\/product"}],"about":[{"href":"https:\/\/www.arsakademia.com\/en\/wp-json\/wp\/v2\/types\/product"}],"replies":[{"embeddable":true,"href":"https:\/\/www.arsakademia.com\/en\/wp-json\/wp\/v2\/comments?post=3619"}],"wp:featuredmedia":[{"embeddable":true,"href":"https:\/\/www.arsakademia.com\/en\/wp-json\/wp\/v2\/media\/2335"}],"wp:attachment":[{"href":"https:\/\/www.arsakademia.com\/en\/wp-json\/wp\/v2\/media?parent=3619"}],"wp:term":[{"taxonomy":"product_brand","embeddable":true,"href":"https:\/\/www.arsakademia.com\/en\/wp-json\/wp\/v2\/product_brand?post=3619"},{"taxonomy":"product_cat","embeddable":true,"href":"https:\/\/www.arsakademia.com\/en\/wp-json\/wp\/v2\/product_cat?post=3619"},{"taxonomy":"product_tag","embeddable":true,"href":"https:\/\/www.arsakademia.com\/en\/wp-json\/wp\/v2\/product_tag?post=3619"}],"curies":[{"name":"wp","href":"https:\/\/api.w.org\/{rel}","templated":true}]}}