{"id":3617,"date":"2025-04-07T22:56:49","date_gmt":"2025-04-07T19:56:49","guid":{"rendered":"https:\/\/www.arsakademia.com\/?post_type=product&#038;p=3617"},"modified":"2025-04-07T22:56:50","modified_gmt":"2025-04-07T19:56:50","slug":"bilissel-davranisci-terapi-bdt","status":"publish","type":"product","link":"https:\/\/www.arsakademia.com\/en\/product\/bilissel-davranisci-terapi-bdt\/","title":{"rendered":"Bili\u015fsel Davran\u0131\u015f\u00e7\u0131 Terapi (BDT)"},"content":{"rendered":"<p class=\"\" data-start=\"113\" data-end=\"203\"><strong data-start=\"113\" data-end=\"203\">Bili\u015fsel Davran\u0131\u015f\u00e7\u0131 Terapi E\u011fitimi: Ki\u015fisel ve Profesyonel Geli\u015fim \u0130\u00e7in G\u00fc\u00e7l\u00fc Bir Ad\u0131m<\/strong><\/p>\n<p class=\"\" data-start=\"205\" data-end=\"692\">Bili\u015fsel Davran\u0131\u015f\u00e7\u0131 Terapi (BDT), g\u00fcn\u00fcm\u00fczde en yayg\u0131n ve etkili terapi yakla\u015f\u0131mlar\u0131ndan biri olarak kabul edilmektedir. Hem bireysel terapi s\u00fcre\u00e7lerinde hem de grup terapilerinde ba\u015far\u0131yla kullan\u0131lan bu y\u00f6ntem, bireylerin olumsuz d\u00fc\u015f\u00fcnce kal\u0131plar\u0131n\u0131 de\u011fi\u015ftirmelerine ve sa\u011fl\u0131kl\u0131 davran\u0131\u015flar geli\u015ftirmelerine yard\u0131mc\u0131 olur. <strong data-start=\"528\" data-end=\"566\">Bili\u015fsel Davran\u0131\u015f\u00e7\u0131 Terapi E\u011fitimi<\/strong>, bu g\u00fc\u00e7l\u00fc terap\u00f6tik y\u00f6ntemi derinlemesine \u00f6\u011frenmek ve profesyonel anlamda uygulamak isteyenler i\u00e7in e\u015fsiz bir f\u0131rsat sunuyor.<\/p>\n<p class=\"\" data-start=\"694\" data-end=\"752\"><strong data-start=\"694\" data-end=\"752\">E\u011fitim \u0130\u00e7eri\u011fi: BDT\u2019nin Temellerinden \u0130leri Tekniklere<\/strong><\/p>\n<p class=\"\" data-start=\"754\" data-end=\"919\">BDT e\u011fitimi, bu terapi y\u00f6nteminin temellerinden ba\u015flayarak, ileri d\u00fczey teknikleri ve uygulamalar\u0131 \u00f6\u011fretmektedir. E\u011fitim program\u0131m\u0131zda \u015fu konulara odaklan\u0131lmaktad\u0131r:<\/p>\n<ul data-start=\"921\" data-end=\"1722\">\n<li class=\"\" data-start=\"921\" data-end=\"1022\">\n<p class=\"\" data-start=\"923\" data-end=\"1022\"><strong data-start=\"923\" data-end=\"967\">Bili\u015fsel Davran\u0131\u015f\u00e7\u0131 Terapinin Temelleri:<\/strong> BDT\u2019nin tarih\u00e7esi, kuramsal temelleri ve genel yap\u0131s\u0131.<\/p>\n<\/li>\n<li class=\"\" data-start=\"1023\" data-end=\"1124\">\n<p class=\"\" data-start=\"1025\" data-end=\"1124\"><strong data-start=\"1025\" data-end=\"1058\">D\u00fc\u015f\u00fcnce-\u0130lgi-\u0130nan\u00e7 Modelleri:<\/strong> Olumsuz d\u00fc\u015f\u00fcnce kal\u0131plar\u0131n\u0131 analiz etme ve de\u011fi\u015ftirme y\u00f6ntemleri.<\/p>\n<\/li>\n<li class=\"\" data-start=\"1125\" data-end=\"1248\">\n<p class=\"\" data-start=\"1127\" data-end=\"1248\"><strong data-start=\"1127\" data-end=\"1163\">Davran\u0131\u015f De\u011fi\u015fikli\u011fi Teknikleri:<\/strong> Bireylerin olumsuz davran\u0131\u015flar\u0131n\u0131 de\u011fi\u015ftirmelerine yard\u0131mc\u0131 olacak etkili teknikler.<\/p>\n<\/li>\n<li class=\"\" data-start=\"1249\" data-end=\"1369\">\n<p class=\"\" data-start=\"1251\" data-end=\"1369\"><strong data-start=\"1251\" data-end=\"1311\">Cognitive Restructuring (Bili\u015fsel Yeniden Yap\u0131land\u0131rma):<\/strong> Bireylerin d\u00fc\u015f\u00fcnsel yap\u0131lar\u0131ndaki de\u011fi\u015fiklikleri y\u00f6netme.<\/p>\n<\/li>\n<li class=\"\" data-start=\"1370\" data-end=\"1582\">\n<p class=\"\" data-start=\"1372\" data-end=\"1582\"><strong data-start=\"1372\" data-end=\"1405\">A\u015fa\u011f\u0131daki Sorunlarla \u00c7al\u0131\u015fma:<\/strong> Anksiyete, depresyon, fobiler, stres, \u00f6fke y\u00f6netimi, obsesif-kompulsif bozukluk (OKB), travma sonras\u0131 stres bozuklu\u011fu (TSSB) gibi yayg\u0131n psikolojik sorunlar\u0131n BDT ile tedavisi.<\/p>\n<\/li>\n<li class=\"\" data-start=\"1583\" data-end=\"1722\">\n<p class=\"\" data-start=\"1585\" data-end=\"1722\"><strong data-start=\"1585\" data-end=\"1610\">Uygulamal\u0131 Teknikler:<\/strong> M\u00fc\u015fterilere etkin \u015fekilde terapi seanslar\u0131 sunmak i\u00e7in pratik uygulamalar, vaka \u00e7al\u0131\u015fmalar\u0131 ve video \u00f6rnekleri.<\/p>\n<\/li>\n<\/ul>\n<p class=\"\" data-start=\"1724\" data-end=\"1756\"><strong data-start=\"1724\" data-end=\"1756\">E\u011fitim Kimler \u0130\u00e7in Uygundur?<\/strong><\/p>\n<p class=\"\" data-start=\"1758\" data-end=\"1918\">Bili\u015fsel Davran\u0131\u015f\u00e7\u0131 Terapi E\u011fitimi, \u00e7e\u015fitli profesyonel gruplar ve ki\u015fisel geli\u015fim arayan bireyler i\u00e7in uygundur. \u015eunlar bu e\u011fitimi almak i\u00e7in ideal ki\u015filerdir:<\/p>\n<ul data-start=\"1919\" data-end=\"2530\">\n<li class=\"\" data-start=\"1919\" data-end=\"2026\">\n<p class=\"\" data-start=\"1921\" data-end=\"2026\"><strong data-start=\"1921\" data-end=\"1956\">Psikologlar ve Psikiyatristler:<\/strong> Terap\u00f6tik yakla\u015f\u0131mlar\u0131n\u0131 BDT ile g\u00fc\u00e7lendirmek isteyen profesyoneller.<\/p>\n<\/li>\n<li class=\"\" data-start=\"2027\" data-end=\"2141\">\n<p class=\"\" data-start=\"2029\" data-end=\"2141\"><strong data-start=\"2029\" data-end=\"2060\">Dan\u0131\u015fmanlar ve Terapistler:<\/strong> BDT\u2019yi terapilerinde kullanmak isteyen rehberlik ve dan\u0131\u015fmanl\u0131k profesyonelleri.<\/p>\n<\/li>\n<li class=\"\" data-start=\"2142\" data-end=\"2276\">\n<p class=\"\" data-start=\"2144\" data-end=\"2276\"><strong data-start=\"2144\" data-end=\"2172\">Sosyal Hizmet Uzmanlar\u0131:<\/strong> Bireylerin psikolojik sorunlar\u0131n\u0131 \u00e7\u00f6zmede BDT tekniklerini kullanmak isteyen sosyal hizmet \u00e7al\u0131\u015fanlar\u0131.<\/p>\n<\/li>\n<li class=\"\" data-start=\"2277\" data-end=\"2401\">\n<p class=\"\" data-start=\"2279\" data-end=\"2401\"><strong data-start=\"2279\" data-end=\"2313\">Kariyer De\u011fi\u015fikli\u011fi Arayanlar:<\/strong> Terap\u00f6tik bir kariyere ad\u0131m atmak isteyen ve BDT alan\u0131nda uzmanla\u015fmay\u0131 isteyen ki\u015filer.<\/p>\n<\/li>\n<li class=\"\" data-start=\"2402\" data-end=\"2530\">\n<p class=\"\" data-start=\"2404\" data-end=\"2530\"><strong data-start=\"2404\" data-end=\"2439\">Ki\u015fisel Geli\u015fime \u0130lgi Duyanlar:<\/strong> BDT tekniklerini kendileri i\u00e7in \u00f6\u011frenmek ve kendi hayatlar\u0131nda uygulamak isteyen bireyler.<\/p>\n<\/li>\n<\/ul>\n<p class=\"\" data-start=\"2532\" data-end=\"2565\"><strong data-start=\"2532\" data-end=\"2565\">Neden Bu E\u011fitimi Almal\u0131s\u0131n\u0131z?<\/strong><\/p>\n<ul data-start=\"2567\" data-end=\"3264\">\n<li class=\"\" data-start=\"2567\" data-end=\"2695\">\n<p class=\"\" data-start=\"2569\" data-end=\"2695\"><strong data-start=\"2569\" data-end=\"2591\">Uygulamal\u0131 E\u011fitim:<\/strong> Bili\u015fsel davran\u0131\u015f\u00e7\u0131 terapiyi sadece teorik olarak de\u011fil, pratikte nas\u0131l kullanaca\u011f\u0131n\u0131z\u0131 \u00f6\u011freneceksiniz.<\/p>\n<\/li>\n<li class=\"\" data-start=\"2696\" data-end=\"2818\">\n<p class=\"\" data-start=\"2698\" data-end=\"2818\"><strong data-start=\"2698\" data-end=\"2723\">Deneyimli E\u011fitmenler:<\/strong> E\u011fitim boyunca alan\u0131nda uzman e\u011fitmenler ile \u00e7al\u0131\u015farak, BDT\u2019yi derinlemesine \u00f6\u011frenebilirsiniz.<\/p>\n<\/li>\n<li class=\"\" data-start=\"2819\" data-end=\"2983\">\n<p class=\"\" data-start=\"2821\" data-end=\"2983\"><strong data-start=\"2821\" data-end=\"2839\">Zengin \u0130\u00e7erik:<\/strong> E\u011fitimde sadece BDT\u2019nin temel ilkeleri de\u011fil, ayn\u0131 zamanda bu terapiyi \u00e7e\u015fitli psikolojik sorunlar \u00fczerinde nas\u0131l uygulayaca\u011f\u0131n\u0131z da \u00f6\u011fretilir.<\/p>\n<\/li>\n<li class=\"\" data-start=\"2984\" data-end=\"3109\">\n<p class=\"\" data-start=\"2986\" data-end=\"3109\"><strong data-start=\"2986\" data-end=\"3015\">Esnek E\u011fitim Se\u00e7enekleri:<\/strong> Y\u00fcz y\u00fcze veya \u00e7evrimi\u00e7i e\u011fitim se\u00e7enekleri ile esnek zaman dilimlerinde e\u011fitim alabilirsiniz.<\/p>\n<\/li>\n<li class=\"\" data-start=\"3110\" data-end=\"3264\">\n<p class=\"\" data-start=\"3112\" data-end=\"3264\"><strong data-start=\"3112\" data-end=\"3126\">Sertifika:<\/strong> E\u011fitim sonunda alaca\u011f\u0131n\u0131z sertifika, BDT konusunda profesyonel bir yetkinlik kazand\u0131r\u0131r ve kariyerinizde \u00f6nemli bir ad\u0131m atman\u0131z\u0131 sa\u011flar.<\/p>\n<\/li>\n<\/ul>\n<p class=\"\" data-start=\"3266\" data-end=\"3309\"><strong data-start=\"3266\" data-end=\"3309\">E\u011fitimi Sat\u0131n Alarak Ne Elde Edersiniz?<\/strong><\/p>\n<ul data-start=\"3311\" data-end=\"3642\">\n<li class=\"\" data-start=\"3311\" data-end=\"3376\">\n<p class=\"\" data-start=\"3313\" data-end=\"3376\"><strong data-start=\"3313\" data-end=\"3376\">Bili\u015fsel Davran\u0131\u015f\u00e7\u0131 Terapiyi derinlemesine \u00f6\u011frenme f\u0131rsat\u0131.<\/strong><\/p>\n<\/li>\n<li class=\"\" data-start=\"3377\" data-end=\"3447\">\n<p class=\"\" data-start=\"3379\" data-end=\"3447\"><strong data-start=\"3379\" data-end=\"3447\">Olumsuz d\u00fc\u015f\u00fcnce kal\u0131plar\u0131n\u0131 ve davran\u0131\u015flar\u0131 de\u011fi\u015ftirme becerisi.<\/strong><\/p>\n<\/li>\n<li class=\"\" data-start=\"3448\" data-end=\"3500\">\n<p class=\"\" data-start=\"3450\" data-end=\"3500\"><strong data-start=\"3450\" data-end=\"3500\">BDT ile psikolojik sorunlar\u0131 \u00e7\u00f6zme yetkinli\u011fi.<\/strong><\/p>\n<\/li>\n<li class=\"\" data-start=\"3501\" data-end=\"3560\">\n<p class=\"\" data-start=\"3503\" data-end=\"3560\"><strong data-start=\"3503\" data-end=\"3560\">Kariyerinize de\u011fer katacak profesyonel bir sertifika.<\/strong><\/p>\n<\/li>\n<li class=\"\" data-start=\"3561\" data-end=\"3642\">\n<p class=\"\" data-start=\"3563\" data-end=\"3642\"><strong data-start=\"3563\" data-end=\"3642\">Dan\u0131\u015fanlar\u0131n\u0131za etkili ve yap\u0131land\u0131r\u0131lm\u0131\u015f terapi teknikleri sunma yetene\u011fi.<\/strong><\/p>\n<\/li>\n<\/ul>\n<p class=\"\" data-start=\"3644\" data-end=\"3699\"><strong data-start=\"3644\" data-end=\"3699\">Ki\u015fisel ve Profesyonel Geli\u015fim \u0130\u00e7in \u0130lk Ad\u0131m\u0131 At\u0131n!<\/strong><\/p>\n<p class=\"\" data-start=\"3701\" data-end=\"3961\">Bili\u015fsel Davran\u0131\u015f\u00e7\u0131 Terapi, hem terapistlerin hem de dan\u0131\u015fanlar\u0131n hayatlar\u0131n\u0131 d\u00f6n\u00fc\u015ft\u00fcren g\u00fc\u00e7l\u00fc bir y\u00f6ntemdir. <strong data-start=\"3811\" data-end=\"3834\">[arsakademia.com]<\/strong> olarak, bu alanda kendinizi geli\u015ftirmek ve BDT\u2019yi profesyonel olarak kullanmak istiyorsan\u0131z, e\u011fitim program\u0131m\u0131z tam size g\u00f6re!<\/p>\n<p class=\"\" data-start=\"3963\" data-end=\"4063\">E\u011fitim hakk\u0131nda daha fazla bilgi almak veya kayd\u0131n\u0131z\u0131 olu\u015fturmak i\u00e7in hemen bizimle ileti\u015fime ge\u00e7in.<\/p>\n","protected":false},"excerpt":{"rendered":"<p>Bili\u015fsel Davran\u0131\u015f\u00e7\u0131 Terapi E\u011fitimi: Ki\u015fisel ve Profesyonel Geli\u015fim \u0130\u00e7in G\u00fc\u00e7l\u00fc Bir Ad\u0131m Bili\u015fsel Davran\u0131\u015f\u00e7\u0131 Terapi (BDT), g\u00fcn\u00fcm\u00fczde en yayg\u0131n ve etkili terapi yakla\u015f\u0131mlar\u0131ndan biri olarak kabul edilmektedir. Hem bireysel terapi [&hellip;]<\/p>\n","protected":false},"featured_media":1618,"comment_status":"open","ping_status":"closed","template":"","meta":{"_acf_changed":false,"_monsterinsights_skip_tracking":false,"_monsterinsights_sitenote_active":false,"_monsterinsights_sitenote_note":"","_monsterinsights_sitenote_category":0},"product_brand":[],"product_cat":[57],"product_tag":[],"class_list":{"0":"post-3617","1":"product","2":"type-product","3":"status-publish","4":"has-post-thumbnail","6":"product_cat-uncategorized-tr","8":"first","9":"instock","10":"sale","11":"taxable","12":"shipping-taxable","13":"purchasable","14":"product-type-simple"},"acf":[],"aioseo_notices":[],"_links":{"self":[{"href":"https:\/\/www.arsakademia.com\/en\/wp-json\/wp\/v2\/product\/3617","targetHints":{"allow":["GET"]}}],"collection":[{"href":"https:\/\/www.arsakademia.com\/en\/wp-json\/wp\/v2\/product"}],"about":[{"href":"https:\/\/www.arsakademia.com\/en\/wp-json\/wp\/v2\/types\/product"}],"replies":[{"embeddable":true,"href":"https:\/\/www.arsakademia.com\/en\/wp-json\/wp\/v2\/comments?post=3617"}],"wp:featuredmedia":[{"embeddable":true,"href":"https:\/\/www.arsakademia.com\/en\/wp-json\/wp\/v2\/media\/1618"}],"wp:attachment":[{"href":"https:\/\/www.arsakademia.com\/en\/wp-json\/wp\/v2\/media?parent=3617"}],"wp:term":[{"taxonomy":"product_brand","embeddable":true,"href":"https:\/\/www.arsakademia.com\/en\/wp-json\/wp\/v2\/product_brand?post=3617"},{"taxonomy":"product_cat","embeddable":true,"href":"https:\/\/www.arsakademia.com\/en\/wp-json\/wp\/v2\/product_cat?post=3617"},{"taxonomy":"product_tag","embeddable":true,"href":"https:\/\/www.arsakademia.com\/en\/wp-json\/wp\/v2\/product_tag?post=3617"}],"curies":[{"name":"wp","href":"https:\/\/api.w.org\/{rel}","templated":true}]}}