{"id":3616,"date":"2025-04-07T22:47:46","date_gmt":"2025-04-07T19:47:46","guid":{"rendered":"https:\/\/www.arsakademia.com\/?post_type=product&#038;p=3616"},"modified":"2025-04-07T22:47:46","modified_gmt":"2025-04-07T19:47:46","slug":"bagimlilik-terapisi","status":"publish","type":"product","link":"https:\/\/www.arsakademia.com\/en\/product\/bagimlilik-terapisi\/","title":{"rendered":"Ba\u011f\u0131ml\u0131l\u0131k Terapisi"},"content":{"rendered":"<p class=\"\" data-start=\"166\" data-end=\"255\"><strong data-start=\"166\" data-end=\"255\">Ba\u011f\u0131ml\u0131l\u0131k Terapi E\u011fitimi: Ba\u011f\u0131ml\u0131l\u0131kla M\u00fccadelede Profesyonel Yard\u0131m ve Bilgi Edinin<\/strong><\/p>\n<p class=\"\" data-start=\"257\" data-end=\"688\">Ba\u011f\u0131ml\u0131l\u0131k, hem bireylerin hem de ailelerinin hayat\u0131n\u0131 derinden etkileyen bir sorundur. Alkol, madde kullan\u0131m\u0131, kumar ve di\u011fer ba\u011f\u0131ml\u0131l\u0131k t\u00fcrleri, ya\u015fam kalitesini d\u00fc\u015f\u00fcr\u00fcr ve ciddi sa\u011fl\u0131k problemlerine yol a\u00e7abilir. <strong data-start=\"473\" data-end=\"502\">Ba\u011f\u0131ml\u0131l\u0131k Terapi E\u011fitimi<\/strong>, bu alanda \u00e7al\u0131\u015fan ya da \u00e7al\u0131\u015fmay\u0131 planlayan profesyonellere ba\u011f\u0131ml\u0131l\u0131k tedavi s\u00fcre\u00e7leri hakk\u0131nda derinlemesine bilgi ve beceri kazand\u0131rmak amac\u0131yla tasarlanm\u0131\u015f kapsaml\u0131 bir programd\u0131r.<\/p>\n<p class=\"\" data-start=\"690\" data-end=\"762\"><strong data-start=\"690\" data-end=\"762\">E\u011fitim \u0130\u00e7eri\u011fi: Ba\u011f\u0131ml\u0131l\u0131kla M\u00fccadeleye Y\u00f6nelik Kapsaml\u0131 Yakla\u015f\u0131mlar<\/strong><\/p>\n<p class=\"\" data-start=\"764\" data-end=\"921\">Bu e\u011fitim, ba\u011f\u0131ml\u0131l\u0131k tedavisi s\u00fcrecinde kullan\u0131lan \u00e7e\u015fitli terapi y\u00f6ntemlerini ve stratejilerini \u00f6\u011fretmeyi hedefler. E\u011fitimde \u015fu konulara odaklan\u0131lmaktad\u0131r:<\/p>\n<ul data-start=\"923\" data-end=\"1577\">\n<li class=\"\" data-start=\"923\" data-end=\"1020\">\n<p class=\"\" data-start=\"925\" data-end=\"1020\"><strong data-start=\"925\" data-end=\"965\">Ba\u011f\u0131ml\u0131l\u0131\u011f\u0131n Psiko-Sosyal Temelleri:<\/strong> Ba\u011f\u0131ml\u0131l\u0131\u011f\u0131n nedenleri, psikolojik ve sosyal etkileri.<\/p>\n<\/li>\n<li class=\"\" data-start=\"1021\" data-end=\"1178\">\n<p class=\"\" data-start=\"1023\" data-end=\"1178\"><strong data-start=\"1023\" data-end=\"1081\">Ba\u011f\u0131ml\u0131l\u0131k Tedavisinde Kullan\u0131lan Terap\u00f6tik Y\u00f6ntemler:<\/strong> Bili\u015fsel davran\u0131\u015f\u00e7\u0131 terapi, motivasyonel g\u00f6r\u00fc\u015fme teknikleri ve di\u011fer etkili tedavi yakla\u015f\u0131mlar\u0131.<\/p>\n<\/li>\n<li class=\"\" data-start=\"1179\" data-end=\"1327\">\n<p class=\"\" data-start=\"1181\" data-end=\"1327\"><strong data-start=\"1181\" data-end=\"1220\">Ba\u011f\u0131ml\u0131l\u0131kla M\u00fccadele Stratejileri:<\/strong> Ba\u011f\u0131ml\u0131l\u0131k tedavisi s\u00fcrecinde dan\u0131\u015fanlar\u0131n kar\u015f\u0131la\u015ft\u0131\u011f\u0131 zorluklar ve bu zorluklarla ba\u015fa \u00e7\u0131kma y\u00f6ntemleri.<\/p>\n<\/li>\n<li class=\"\" data-start=\"1328\" data-end=\"1453\">\n<p class=\"\" data-start=\"1330\" data-end=\"1453\"><strong data-start=\"1330\" data-end=\"1356\">Rehabilitasyon S\u00fcreci:<\/strong> Ba\u011f\u0131ml\u0131l\u0131ktan kurtulma s\u00fcrecinde bireylerin desteklenmesi ve rehabilitasyonun \u00e7e\u015fitli a\u015famalar\u0131.<\/p>\n<\/li>\n<li class=\"\" data-start=\"1454\" data-end=\"1577\">\n<p class=\"\" data-start=\"1456\" data-end=\"1577\"><strong data-start=\"1456\" data-end=\"1482\">Aile ve \u00c7evre Deste\u011fi:<\/strong> Aile \u00fcyelerinin ve yak\u0131n \u00e7evrenin ba\u011f\u0131ml\u0131l\u0131k tedavisindeki rol\u00fc ve etkili ileti\u015fim y\u00f6ntemleri.<\/p>\n<\/li>\n<\/ul>\n<p class=\"\" data-start=\"1579\" data-end=\"1611\"><strong data-start=\"1579\" data-end=\"1611\">E\u011fitim Kimler \u0130\u00e7in Uygundur?<\/strong><\/p>\n<p class=\"\" data-start=\"1613\" data-end=\"1700\">Ba\u011f\u0131ml\u0131l\u0131k terapi e\u011fitimi, a\u015fa\u011f\u0131daki profesyoneller ve ilgilenen ki\u015filer i\u00e7in uygundur:<\/p>\n<ul data-start=\"1701\" data-end=\"2260\">\n<li class=\"\" data-start=\"1701\" data-end=\"1822\">\n<p class=\"\" data-start=\"1703\" data-end=\"1822\"><strong data-start=\"1703\" data-end=\"1738\">Psikologlar ve Psikiyatristler:<\/strong> Ba\u011f\u0131ml\u0131l\u0131k alan\u0131nda uzmanla\u015fmak isteyen terapistler ve ruh sa\u011fl\u0131\u011f\u0131 profesyonelleri.<\/p>\n<\/li>\n<li class=\"\" data-start=\"1823\" data-end=\"1933\">\n<p class=\"\" data-start=\"1825\" data-end=\"1933\"><strong data-start=\"1825\" data-end=\"1856\">Dan\u0131\u015fmanlar ve Terapistler:<\/strong> Ba\u011f\u0131ml\u0131l\u0131k terapisi ve dan\u0131\u015fmanl\u0131k hizmetleri vermek isteyen profesyoneller.<\/p>\n<\/li>\n<li class=\"\" data-start=\"1934\" data-end=\"2039\">\n<p class=\"\" data-start=\"1936\" data-end=\"2039\"><strong data-start=\"1936\" data-end=\"1964\">Sosyal Hizmet Uzmanlar\u0131:<\/strong> Ba\u011f\u0131ml\u0131l\u0131kla m\u00fccadelede aktif rol almak isteyen sosyal hizmet \u00e7al\u0131\u015fanlar\u0131.<\/p>\n<\/li>\n<li class=\"\" data-start=\"2040\" data-end=\"2147\">\n<p class=\"\" data-start=\"2042\" data-end=\"2147\"><strong data-start=\"2042\" data-end=\"2077\">Kariyer De\u011fi\u015ftirmek \u0130steyenler:<\/strong> Ba\u011f\u0131ml\u0131l\u0131k terapisi alan\u0131nda yeni bir kariyer yapmak isteyen ki\u015filer.<\/p>\n<\/li>\n<li class=\"\" data-start=\"2148\" data-end=\"2260\">\n<p class=\"\" data-start=\"2150\" data-end=\"2260\"><strong data-start=\"2150\" data-end=\"2196\">Ba\u011f\u0131ml\u0131l\u0131kla M\u00fccadelede Geli\u015fim Arayanlar:<\/strong> Ki\u015fisel geli\u015fim ve ba\u011f\u0131ml\u0131l\u0131kla m\u00fccadeleye ilgi duyan bireyler.<\/p>\n<\/li>\n<\/ul>\n<p class=\"\" data-start=\"2262\" data-end=\"2295\"><strong data-start=\"2262\" data-end=\"2295\">Neden Bu E\u011fitimi Almal\u0131s\u0131n\u0131z?<\/strong><\/p>\n<ul data-start=\"2297\" data-end=\"2989\">\n<li class=\"\" data-start=\"2297\" data-end=\"2414\">\n<p class=\"\" data-start=\"2299\" data-end=\"2414\"><strong data-start=\"2299\" data-end=\"2329\">Alan\u0131nda Uzman E\u011fitmenler:<\/strong> Ba\u011f\u0131ml\u0131l\u0131k terapisi konusunda deneyime sahip uzman e\u011fitmenlerden e\u011fitim alacaks\u0131n\u0131z.<\/p>\n<\/li>\n<li class=\"\" data-start=\"2415\" data-end=\"2547\">\n<p class=\"\" data-start=\"2417\" data-end=\"2547\"><strong data-start=\"2417\" data-end=\"2451\">Kapsaml\u0131 ve Uygulamal\u0131 \u0130\u00e7erik:<\/strong> Teorik bilgilerin yan\u0131 s\u0131ra, ba\u011f\u0131ml\u0131l\u0131k terapisi s\u00fcrecine dair pratik beceriler kazanacaks\u0131n\u0131z.<\/p>\n<\/li>\n<li class=\"\" data-start=\"2548\" data-end=\"2738\">\n<p class=\"\" data-start=\"2550\" data-end=\"2738\"><strong data-start=\"2550\" data-end=\"2595\">Ba\u011f\u0131ml\u0131l\u0131kla M\u00fccadelede Etkili Y\u00f6ntemler:<\/strong> Dan\u0131\u015fanlar\u0131n\u0131za daha etkili bir \u015fekilde yard\u0131mc\u0131 olabilmek i\u00e7in ba\u011f\u0131ml\u0131l\u0131kla m\u00fccadelede kullan\u0131lan \u00e7e\u015fitli terapi y\u00f6ntemlerini \u00f6\u011freneceksiniz.<\/p>\n<\/li>\n<li class=\"\" data-start=\"2739\" data-end=\"2866\">\n<p class=\"\" data-start=\"2741\" data-end=\"2866\"><strong data-start=\"2741\" data-end=\"2770\">Esnek E\u011fitim Se\u00e7enekleri:<\/strong> Y\u00fcz y\u00fcze ya da online e\u011fitim se\u00e7enekleriyle, istedi\u011finiz zaman ve mekanda e\u011fitim alabilirsiniz.<\/p>\n<\/li>\n<li class=\"\" data-start=\"2867\" data-end=\"2989\">\n<p class=\"\" data-start=\"2869\" data-end=\"2989\"><strong data-start=\"2869\" data-end=\"2883\">Sertifika:<\/strong> E\u011fitim sonunda verilen sertifika, ba\u011f\u0131ml\u0131l\u0131k terapisi alan\u0131nda profesyonel olarak \u00e7al\u0131\u015fabilmenizi sa\u011flar.<\/p>\n<\/li>\n<\/ul>\n<p class=\"\" data-start=\"2991\" data-end=\"3034\"><strong data-start=\"2991\" data-end=\"3034\">E\u011fitimi Sat\u0131n Alarak Ne Elde Edersiniz?<\/strong><\/p>\n<ul data-start=\"3036\" data-end=\"3453\">\n<li class=\"\" data-start=\"3036\" data-end=\"3121\">\n<p class=\"\" data-start=\"3038\" data-end=\"3121\"><strong data-start=\"3038\" data-end=\"3121\">Ba\u011f\u0131ml\u0131l\u0131\u011f\u0131n psikolojik ve sosyo-k\u00fclt\u00fcrel temellerine dair derinlemesine bilgi.<\/strong><\/p>\n<\/li>\n<li class=\"\" data-start=\"3122\" data-end=\"3196\">\n<p class=\"\" data-start=\"3124\" data-end=\"3196\"><strong data-start=\"3124\" data-end=\"3196\">Ba\u011f\u0131ml\u0131l\u0131k tedavisinde etkili terapi tekniklerini kullanma becerisi.<\/strong><\/p>\n<\/li>\n<li class=\"\" data-start=\"3197\" data-end=\"3265\">\n<p class=\"\" data-start=\"3199\" data-end=\"3265\"><strong data-start=\"3199\" data-end=\"3265\">Ba\u011f\u0131ml\u0131l\u0131kla m\u00fccadelede profesyonel destek sa\u011flama yetkinli\u011fi.<\/strong><\/p>\n<\/li>\n<li class=\"\" data-start=\"3266\" data-end=\"3351\">\n<p class=\"\" data-start=\"3268\" data-end=\"3351\"><strong data-start=\"3268\" data-end=\"3351\">Kariyerinizi ba\u011f\u0131ml\u0131l\u0131k terapisi alan\u0131nda ileriye ta\u015f\u0131yacak sertifikal\u0131 e\u011fitim.<\/strong><\/p>\n<\/li>\n<li class=\"\" data-start=\"3352\" data-end=\"3453\">\n<p class=\"\" data-start=\"3354\" data-end=\"3453\"><strong data-start=\"3354\" data-end=\"3453\">Ba\u011f\u0131ml\u0131l\u0131k tedavisinde ailelerin ve \u00e7evrenin nas\u0131l destek olabilece\u011fi konusunda kapsaml\u0131 bilgi.<\/strong><\/p>\n<\/li>\n<\/ul>\n<p class=\"\" data-start=\"3455\" data-end=\"3513\"><strong data-start=\"3455\" data-end=\"3513\">Ba\u011f\u0131ml\u0131l\u0131kla M\u00fccadelede Etkili Bir Terapi Uzman\u0131 Olun!<\/strong><\/p>\n<p class=\"\" data-start=\"3515\" data-end=\"3805\">Ba\u011f\u0131ml\u0131l\u0131k tedavisi, derin bilgi ve empati gerektiren bir s\u00fcre\u00e7tir. <strong data-start=\"3583\" data-end=\"3606\">[Web Sitenizin Ad\u0131]<\/strong> olarak, bu alanda kariyer yapmak isteyen profesyonellere kapsaml\u0131 ve uygulamal\u0131 e\u011fitim sunuyoruz. Ba\u011f\u0131ml\u0131l\u0131kla m\u00fccadelede g\u00fc\u00e7l\u00fc bir destek sa\u011flamak ve bu alanda uzmanla\u015fmak i\u00e7in do\u011fru e\u011fitim burada.<\/p>\n<p class=\"\" data-start=\"3807\" data-end=\"3896\">Hemen kayd\u0131n\u0131z\u0131 olu\u015fturun, ba\u011f\u0131ml\u0131l\u0131k terapisi konusunda profesyonel bir yolculu\u011fa \u00e7\u0131k\u0131n.<\/p>\n","protected":false},"excerpt":{"rendered":"<p>Ba\u011f\u0131ml\u0131l\u0131k Terapi E\u011fitimi: Ba\u011f\u0131ml\u0131l\u0131kla M\u00fccadelede Profesyonel Yard\u0131m ve Bilgi Edinin Ba\u011f\u0131ml\u0131l\u0131k, hem bireylerin hem de ailelerinin hayat\u0131n\u0131 derinden etkileyen bir sorundur. Alkol, madde kullan\u0131m\u0131, kumar ve di\u011fer ba\u011f\u0131ml\u0131l\u0131k t\u00fcrleri, ya\u015fam [&hellip;]<\/p>\n","protected":false},"featured_media":1603,"comment_status":"open","ping_status":"closed","template":"","meta":{"_acf_changed":false,"_monsterinsights_skip_tracking":false,"_monsterinsights_sitenote_active":false,"_monsterinsights_sitenote_note":"","_monsterinsights_sitenote_category":0},"product_brand":[],"product_cat":[57],"product_tag":[],"class_list":{"0":"post-3616","1":"product","2":"type-product","3":"status-publish","4":"has-post-thumbnail","6":"product_cat-uncategorized-tr","8":"first","9":"instock","10":"sale","11":"taxable","12":"shipping-taxable","13":"purchasable","14":"product-type-simple"},"acf":[],"aioseo_notices":[],"_links":{"self":[{"href":"https:\/\/www.arsakademia.com\/en\/wp-json\/wp\/v2\/product\/3616","targetHints":{"allow":["GET"]}}],"collection":[{"href":"https:\/\/www.arsakademia.com\/en\/wp-json\/wp\/v2\/product"}],"about":[{"href":"https:\/\/www.arsakademia.com\/en\/wp-json\/wp\/v2\/types\/product"}],"replies":[{"embeddable":true,"href":"https:\/\/www.arsakademia.com\/en\/wp-json\/wp\/v2\/comments?post=3616"}],"wp:featuredmedia":[{"embeddable":true,"href":"https:\/\/www.arsakademia.com\/en\/wp-json\/wp\/v2\/media\/1603"}],"wp:attachment":[{"href":"https:\/\/www.arsakademia.com\/en\/wp-json\/wp\/v2\/media?parent=3616"}],"wp:term":[{"taxonomy":"product_brand","embeddable":true,"href":"https:\/\/www.arsakademia.com\/en\/wp-json\/wp\/v2\/product_brand?post=3616"},{"taxonomy":"product_cat","embeddable":true,"href":"https:\/\/www.arsakademia.com\/en\/wp-json\/wp\/v2\/product_cat?post=3616"},{"taxonomy":"product_tag","embeddable":true,"href":"https:\/\/www.arsakademia.com\/en\/wp-json\/wp\/v2\/product_tag?post=3616"}],"curies":[{"name":"wp","href":"https:\/\/api.w.org\/{rel}","templated":true}]}}