{"id":3612,"date":"2025-04-07T22:29:28","date_gmt":"2025-04-07T19:29:28","guid":{"rendered":"https:\/\/www.arsakademia.com\/?post_type=product&#038;p=3612"},"modified":"2025-06-01T00:00:11","modified_gmt":"2025-05-31T21:00:11","slug":"3612","status":"publish","type":"product","link":"https:\/\/www.arsakademia.com\/en\/product\/3612\/","title":{"rendered":"Aile ve \u00c7ift Terapi"},"content":{"rendered":"<p class=\"\" data-start=\"131\" data-end=\"217\"><span style=\"color: #000000;\"><strong data-start=\"131\" data-end=\"217\">Aile ve \u00c7ift Terapisi E\u011fitimi: \u0130li\u015fkileri Anlama ve G\u00fc\u00e7lendirme Yetkinli\u011fi Kazan\u0131n<\/strong><\/span><\/p>\n<p class=\"\" data-start=\"219\" data-end=\"673\"><span style=\"color: #000000;\">G\u00fcn\u00fcm\u00fcz d\u00fcnyas\u0131nda, aile i\u00e7i ili\u015fkiler ve \u00e7iftler aras\u0131ndaki ileti\u015fim b\u00fcy\u00fck bir \u00f6nem ta\u015f\u0131maktad\u0131r. \u0130yi bir terapi s\u00fcreci, yaln\u0131zca bireylerin kendilerini daha iyi anlamalar\u0131na de\u011fil, ayn\u0131 zamanda sevdikleriyle daha sa\u011fl\u0131kl\u0131 ba\u011flar kurmalar\u0131na da yard\u0131mc\u0131 olur. <strong data-start=\"480\" data-end=\"513\">Aile ve \u00c7ift Terapisi E\u011fitimi<\/strong>, bu alanda profesyonel bir kariyer yapmak isteyenler ya da ili\u015fkilerinde daha derinlemesine anlay\u0131\u015f ve beceri kazanmak isteyen herkes i\u00e7in e\u015fsiz bir f\u0131rsatt\u0131r.<\/span><\/p>\n<p class=\"\" data-start=\"675\" data-end=\"720\"><span style=\"color: #000000;\"><strong data-start=\"675\" data-end=\"720\">E\u011fitim \u0130\u00e7eri\u011fi: Derinlemesine Bir Anlay\u0131\u015f<\/strong><\/span><\/p>\n<p class=\"\" data-start=\"722\" data-end=\"942\"><span style=\"color: #000000;\">Bu e\u011fitim, aile dinamiklerini ve \u00e7ift terapilerini anlamak, terapi s\u00fcrecinde kullan\u0131lacak etkili y\u00f6ntemleri \u00f6\u011frenmek isteyenler i\u00e7in kapsaml\u0131 bir program sunmaktad\u0131r. E\u011fitim program\u0131m\u0131zda \u015fu ba\u015fl\u0131klara yer verilmektedir:<\/span><\/p>\n<ul data-start=\"944\" data-end=\"1578\">\n<li class=\"\" data-start=\"944\" data-end=\"1087\">\n<p class=\"\" data-start=\"946\" data-end=\"1087\"><span style=\"color: #000000;\"><strong data-start=\"946\" data-end=\"989\">Aile Dinamikleri ve \u0130leti\u015fim Modelleri:<\/strong> Aile i\u00e7indeki roller, bireyler aras\u0131ndaki etkile\u015fimler ve nas\u0131l sa\u011fl\u0131kl\u0131 bir ileti\u015fim kurulaca\u011f\u0131.<\/span><\/p>\n<\/li>\n<li class=\"\" data-start=\"1088\" data-end=\"1236\">\n<p class=\"\" data-start=\"1090\" data-end=\"1236\"><span style=\"color: #000000;\"><strong data-start=\"1090\" data-end=\"1119\">\u00c7ift Terapisi Y\u00f6ntemleri:<\/strong> \u00c7iftler aras\u0131ndaki \u00e7at\u0131\u015fmalar\u0131n nas\u0131l y\u00f6netilece\u011fi, empatik dinleme teknikleri ve duygusal ba\u011flar\u0131n g\u00fc\u00e7lendirilmesi.<\/span><\/p>\n<\/li>\n<li class=\"\" data-start=\"1237\" data-end=\"1349\">\n<p class=\"\" data-start=\"1239\" data-end=\"1349\"><span style=\"color: #000000;\"><strong data-start=\"1239\" data-end=\"1268\">\u00c7at\u0131\u015fma \u00c7\u00f6zme Teknikleri:<\/strong> \u0130li\u015fkilerdeki sorunlar\u0131 anlamak, analiz etmek ve \u00e7\u00f6zmek i\u00e7in etkili yakla\u015f\u0131mlar.<\/span><\/p>\n<\/li>\n<li class=\"\" data-start=\"1350\" data-end=\"1469\">\n<p class=\"\" data-start=\"1352\" data-end=\"1469\"><span style=\"color: #000000;\"><strong data-start=\"1352\" data-end=\"1386\">Empatik Terap\u00f6tik Yakla\u015f\u0131mlar:<\/strong> Dan\u0131\u015fanlarla g\u00fcvenli bir ili\u015fki kurma, onlar\u0131n ihtiya\u00e7lar\u0131n\u0131 anlama ve destekleme.<\/span><\/p>\n<\/li>\n<li class=\"\" data-start=\"1470\" data-end=\"1578\">\n<p class=\"\" data-start=\"1472\" data-end=\"1578\"><span style=\"color: #000000;\"><strong data-start=\"1472\" data-end=\"1509\">Kriz Y\u00f6netimi ve Duygusal Destek:<\/strong> Zorlay\u0131c\u0131 s\u00fcre\u00e7lerde \u00e7iftlere ve ailelere nas\u0131l rehberlik edilece\u011fi.<\/span><\/p>\n<\/li>\n<\/ul>\n<p class=\"\" data-start=\"1580\" data-end=\"1612\"><span style=\"color: #000000;\"><strong data-start=\"1580\" data-end=\"1612\">E\u011fitim Kimler \u0130\u00e7in Uygundur?<\/strong><\/span><\/p>\n<p class=\"\" data-start=\"1614\" data-end=\"1657\"><span style=\"color: #000000;\">Bu e\u011fitim, a\u015fa\u011f\u0131daki ki\u015filer i\u00e7in idealdir:<\/span><\/p>\n<ul data-start=\"1658\" data-end=\"2108\">\n<li class=\"\" data-start=\"1658\" data-end=\"1789\">\n<p class=\"\" data-start=\"1660\" data-end=\"1789\"><span style=\"color: #000000;\"><strong data-start=\"1660\" data-end=\"1691\">Psikologlar ve Dan\u0131\u015fmanlar:<\/strong> Aile ve \u00e7ift terapisi konusunda daha derin bilgi sahibi olmak isteyen psikologlar ve terapistler.<\/span><\/p>\n<\/li>\n<li class=\"\" data-start=\"1790\" data-end=\"1897\">\n<p class=\"\" data-start=\"1792\" data-end=\"1897\"><span style=\"color: #000000;\"><strong data-start=\"1792\" data-end=\"1818\">E\u011fitimciler ve Ko\u00e7lar:<\/strong> \u0130nsan ili\u015fkileri \u00fczerine \u00e7al\u0131\u015fan profesyoneller, e\u011fitimciler ve ya\u015fam ko\u00e7lar\u0131.<\/span><\/p>\n<\/li>\n<li class=\"\" data-start=\"1898\" data-end=\"1998\">\n<p class=\"\" data-start=\"1900\" data-end=\"1998\"><span style=\"color: #000000;\"><strong data-start=\"1900\" data-end=\"1935\">Kariyer De\u011fi\u015ftirmek \u0130steyenler:<\/strong> Aile ve \u00e7ift terapisi alan\u0131nda kariyer yapmak isteyen ki\u015filer.<\/span><\/p>\n<\/li>\n<li class=\"\" data-start=\"1999\" data-end=\"2108\">\n<p class=\"\" data-start=\"2001\" data-end=\"2108\"><span style=\"color: #000000;\"><strong data-start=\"2001\" data-end=\"2046\">Aile \u0130\u00e7i \u0130leti\u015fimde G\u00fc\u00e7lenmek \u0130steyenler:<\/strong> Aile i\u00e7i ili\u015fkilerini daha sa\u011fl\u0131kl\u0131 hale getirmek isteyenler.<\/span><\/p>\n<\/li>\n<\/ul>\n<p class=\"\" data-start=\"2110\" data-end=\"2143\"><span style=\"color: #000000;\"><strong data-start=\"2110\" data-end=\"2143\">Neden Bu E\u011fitimi Almal\u0131s\u0131n\u0131z?<\/strong><\/span><\/p>\n<ul data-start=\"2145\" data-end=\"2711\">\n<li class=\"\" data-start=\"2145\" data-end=\"2294\">\n<p class=\"\" data-start=\"2147\" data-end=\"2294\"><span style=\"color: #000000;\"><strong data-start=\"2147\" data-end=\"2173\">Profesyonel Sertifika:<\/strong> E\u011fitim sonunda, alan\u0131nda uzman e\u011fitmenler taraf\u0131ndan verilen bir sertifika kazanarak, kariyerinizi g\u00fc\u00e7lendirebilirsiniz.<\/span><\/p>\n<\/li>\n<li class=\"\" data-start=\"2295\" data-end=\"2435\">\n<p class=\"\" data-start=\"2297\" data-end=\"2435\"><span style=\"color: #000000;\"><strong data-start=\"2297\" data-end=\"2317\">Pratik Uygulama:<\/strong> E\u011fitim s\u00fcrecinde edindi\u011finiz teorik bilgileri ger\u00e7ek hayatta kullanabilece\u011finiz pratik becerilerle peki\u015ftireceksiniz.<\/span><\/p>\n<\/li>\n<li class=\"\" data-start=\"2436\" data-end=\"2575\">\n<p class=\"\" data-start=\"2438\" data-end=\"2575\"><span style=\"color: #000000;\"><strong data-start=\"2438\" data-end=\"2467\">Esnek E\u011fitim Se\u00e7enekleri:<\/strong> Y\u00fcz y\u00fcze ya da \u00e7evrimi\u00e7i e\u011fitim se\u00e7enekleri ile zaman ve mekandan ba\u011f\u0131ms\u0131z olarak e\u011fitime kat\u0131labilirsiniz.<\/span><\/p>\n<\/li>\n<li class=\"\" data-start=\"2576\" data-end=\"2711\">\n<p class=\"\" data-start=\"2578\" data-end=\"2711\"><span style=\"color: #000000;\"><strong data-start=\"2578\" data-end=\"2597\">Geli\u015fim S\u00fcreci:<\/strong> Kendinizi sadece bir profesyonel olarak de\u011fil, ayn\u0131 zamanda daha anlay\u0131\u015fl\u0131 bir birey olarak da geli\u015ftireceksiniz.<\/span><\/p>\n<\/li>\n<\/ul>\n<p class=\"\" data-start=\"2713\" data-end=\"2756\"><span style=\"color: #000000;\"><strong data-start=\"2713\" data-end=\"2756\">E\u011fitimi Sat\u0131n Alarak Ne Elde Edersiniz?<\/strong><\/span><\/p>\n<ul data-start=\"2758\" data-end=\"3064\">\n<li class=\"\" data-start=\"2758\" data-end=\"2810\">\n<p class=\"\" data-start=\"2760\" data-end=\"2810\"><span style=\"color: #000000;\"><strong data-start=\"2760\" data-end=\"2810\">Aile ve \u00e7ift terapisi alan\u0131nda kapsaml\u0131 bilgi.<\/strong><\/span><\/p>\n<\/li>\n<li class=\"\" data-start=\"2811\" data-end=\"2895\">\n<p class=\"\" data-start=\"2813\" data-end=\"2895\"><span style=\"color: #000000;\"><strong data-start=\"2813\" data-end=\"2895\">\u0130li\u015fkilerdeki sorunlar\u0131 profesyonel bir \u015fekilde analiz etme ve \u00e7\u00f6zme yetene\u011fi.<\/strong><\/span><\/p>\n<\/li>\n<li class=\"\" data-start=\"2896\" data-end=\"2947\">\n<p class=\"\" data-start=\"2898\" data-end=\"2947\"><span style=\"color: #000000;\"><strong data-start=\"2898\" data-end=\"2947\">Empatik dinleme ve etkin ileti\u015fim becerileri.<\/strong><\/span><\/p>\n<\/li>\n<li class=\"\" data-start=\"2948\" data-end=\"3004\">\n<p class=\"\" data-start=\"2950\" data-end=\"3004\"><span style=\"color: #000000;\"><strong data-start=\"2950\" data-end=\"3004\">Ger\u00e7ek d\u00fcnyadaki terapi s\u00fcrecini y\u00f6netme deneyimi.<\/strong><\/span><\/p>\n<\/li>\n<li class=\"\" data-start=\"3005\" data-end=\"3064\">\n<p class=\"\" data-start=\"3007\" data-end=\"3064\"><span style=\"color: #000000;\"><strong data-start=\"3007\" data-end=\"3064\">Sertifikal\u0131 bir uzmanl\u0131k, kariyerinizde fark yarat\u0131r.<\/strong><\/span><\/p>\n<\/li>\n<\/ul>\n<p class=\"\" data-start=\"3066\" data-end=\"3128\"><span style=\"color: #000000;\"><strong data-start=\"3066\" data-end=\"3128\">Hayat\u0131n\u0131zdaki \u0130li\u015fkileri G\u00fc\u00e7lendirmek \u0130\u00e7in \u0130lk Ad\u0131m\u0131 At\u0131n!<\/strong><\/span><\/p>\n<p class=\"\" data-start=\"3130\" data-end=\"3444\"><span style=\"color: #000000;\">E\u011fer siz de aile ve \u00e7ift terapisi konusunda derinlemesine bilgi edinmek ve bu alanda uzmanla\u015fmak istiyorsan\u0131z, <strong data-start=\"3241\" data-end=\"3264\">[Web Sitenizin Ad\u0131]<\/strong> e\u011fitim program\u0131n\u0131 ka\u00e7\u0131rmay\u0131n! Aile i\u00e7indeki dinamikleri anlamak, \u00e7iftlerin ili\u015fkilerini g\u00fc\u00e7lendirmek ve duygusal ba\u011flar\u0131n\u0131 derinle\u015ftirmek i\u00e7in gereken bilgi ve becerileri kazan\u0131n.<\/span><\/p>\n<p class=\"\" data-start=\"3446\" data-end=\"3546\"><span style=\"color: #000000;\">E\u011fitim hakk\u0131nda daha fazla bilgi almak veya kayd\u0131n\u0131z\u0131 olu\u015fturmak i\u00e7in hemen bizimle ileti\u015fime ge\u00e7in.<\/span><\/p>\n","protected":false},"excerpt":{"rendered":"<p>Aile ve \u00c7ift Terapisi E\u011fitimi: \u0130li\u015fkileri Anlama ve G\u00fc\u00e7lendirme Yetkinli\u011fi Kazan\u0131n G\u00fcn\u00fcm\u00fcz d\u00fcnyas\u0131nda, aile i\u00e7i ili\u015fkiler ve \u00e7iftler aras\u0131ndaki ileti\u015fim b\u00fcy\u00fck bir \u00f6nem ta\u015f\u0131maktad\u0131r. \u0130yi bir terapi s\u00fcreci, yaln\u0131zca bireylerin [&hellip;]<\/p>\n","protected":false},"featured_media":1609,"comment_status":"open","ping_status":"closed","template":"","meta":{"_acf_changed":false,"_monsterinsights_skip_tracking":false,"_monsterinsights_sitenote_active":false,"_monsterinsights_sitenote_note":"","_monsterinsights_sitenote_category":0},"product_brand":[],"product_cat":[57],"product_tag":[],"class_list":{"0":"post-3612","1":"product","2":"type-product","3":"status-publish","4":"has-post-thumbnail","6":"product_cat-uncategorized-tr","8":"first","9":"instock","10":"virtual","11":"taxable","12":"purchasable","13":"product-type-simple"},"acf":[],"aioseo_notices":[],"_links":{"self":[{"href":"https:\/\/www.arsakademia.com\/en\/wp-json\/wp\/v2\/product\/3612","targetHints":{"allow":["GET"]}}],"collection":[{"href":"https:\/\/www.arsakademia.com\/en\/wp-json\/wp\/v2\/product"}],"about":[{"href":"https:\/\/www.arsakademia.com\/en\/wp-json\/wp\/v2\/types\/product"}],"replies":[{"embeddable":true,"href":"https:\/\/www.arsakademia.com\/en\/wp-json\/wp\/v2\/comments?post=3612"}],"wp:featuredmedia":[{"embeddable":true,"href":"https:\/\/www.arsakademia.com\/en\/wp-json\/wp\/v2\/media\/1609"}],"wp:attachment":[{"href":"https:\/\/www.arsakademia.com\/en\/wp-json\/wp\/v2\/media?parent=3612"}],"wp:term":[{"taxonomy":"product_brand","embeddable":true,"href":"https:\/\/www.arsakademia.com\/en\/wp-json\/wp\/v2\/product_brand?post=3612"},{"taxonomy":"product_cat","embeddable":true,"href":"https:\/\/www.arsakademia.com\/en\/wp-json\/wp\/v2\/product_cat?post=3612"},{"taxonomy":"product_tag","embeddable":true,"href":"https:\/\/www.arsakademia.com\/en\/wp-json\/wp\/v2\/product_tag?post=3612"}],"curies":[{"name":"wp","href":"https:\/\/api.w.org\/{rel}","templated":true}]}}