{"id":3580,"date":"2025-04-07T21:58:57","date_gmt":"2025-04-07T18:58:57","guid":{"rendered":"https:\/\/www.arsakademia.com\/?post_type=product&#038;p=3580"},"modified":"2025-04-07T22:20:56","modified_gmt":"2025-04-07T19:20:56","slug":"aile-mitleri","status":"publish","type":"product","link":"https:\/\/www.arsakademia.com\/en\/product\/aile-mitleri\/","title":{"rendered":"Aile Mitleri"},"content":{"rendered":"<p class=\"\" data-start=\"60\" data-end=\"115\"><strong data-start=\"60\" data-end=\"115\">Ailede Olu\u015fan Mitler: Toplumun Temellerine Yolculuk<\/strong><\/p>\n<p class=\"\" data-start=\"117\" data-end=\"514\">Aile, bireylerin duygusal, psikolojik ve sosyal geli\u015fiminde \u00f6nemli bir rol oynar. Ancak, her ailede farkl\u0131 mitler ve inan\u00e7lar da olu\u015fur. Bu mitler, aile \u00fcyeleri aras\u0131ndaki ili\u015fkileri, de\u011ferleri ve toplumsal normlar\u0131 \u015fekillendirir. Ailede olu\u015fan mitler, sadece bireysel deneyimlerin de\u011fil, ayn\u0131 zamanda toplumun genel d\u00fc\u015f\u00fcnce yap\u0131s\u0131n\u0131n bir yans\u0131mas\u0131d\u0131r. \u0130\u015fte ailede en s\u0131k kar\u015f\u0131la\u015f\u0131lan mit t\u00fcrleri:<\/p>\n<ol data-start=\"516\" data-end=\"1724\">\n<li class=\"\" data-start=\"516\" data-end=\"787\">\n<p class=\"\" data-start=\"519\" data-end=\"787\"><strong data-start=\"519\" data-end=\"536\">Cinsel Mitler<\/strong><br data-start=\"536\" data-end=\"539\" \/>Aile i\u00e7inde cinsellik, genellikle tabu olarak kabul edilir. Ancak, cinsel mitler, bu konuda yanl\u0131\u015f anla\u015f\u0131lmalar ve eksik bilgiler olu\u015fturabilir. Aile i\u00e7indeki cinsellik \u00fczerine kurulan mitler, bireylerin sa\u011fl\u0131kl\u0131 ili\u015fkiler kurmas\u0131n\u0131 engelleyebilir.<\/p>\n<\/li>\n<li class=\"\" data-start=\"789\" data-end=\"1113\">\n<p class=\"\" data-start=\"792\" data-end=\"1113\"><strong data-start=\"792\" data-end=\"810\">\u0130li\u015fki Mitleri<\/strong><br data-start=\"810\" data-end=\"813\" \/>Ailedeki bireyler aras\u0131ndaki ili\u015fkilere dair olu\u015fturulan mitler, genellikle ideal ili\u015fki beklentilerinden do\u011far. Bu mitler, sa\u011fl\u0131kl\u0131 ileti\u015fim ve empatiyi baltalayabilir, \u00e7\u00fcnk\u00fc bireyler birbirlerinden belirli &#8220;ideal&#8221; davran\u0131\u015flar beklerler. Ger\u00e7ek ili\u015fkilerde ise bu beklentiler \u00e7o\u011fu zaman kar\u015f\u0131lanmaz.<\/p>\n<\/li>\n<li class=\"\" data-start=\"1115\" data-end=\"1381\">\n<p class=\"\" data-start=\"1118\" data-end=\"1381\"><strong data-start=\"1118\" data-end=\"1134\">Aile Mitleri<\/strong><br data-start=\"1134\" data-end=\"1137\" \/>Aile bireylerinin bir arada nas\u0131l davranmas\u0131 gerekti\u011fine dair olu\u015fan mitler, aile i\u00e7indeki normlar\u0131 ve d\u00fczeni belirler. Aile mitleri, bazen geleneksel de\u011ferlerden ve bask\u0131lardan beslenir, ancak bireysel \u00f6zg\u00fcrl\u00fck ve farkl\u0131l\u0131klar\u0131 k\u0131s\u0131tlayabilir.<\/p>\n<\/li>\n<li class=\"\" data-start=\"1383\" data-end=\"1724\">\n<p class=\"\" data-start=\"1386\" data-end=\"1724\"><strong data-start=\"1386\" data-end=\"1404\">Toplum Mitleri<\/strong><br data-start=\"1404\" data-end=\"1407\" \/>Toplumun aileye y\u00f6nelik olu\u015fturdu\u011fu mitler, genellikle d\u0131\u015far\u0131dan gelen toplumsal bask\u0131lardan kaynaklan\u0131r. Bu mitler, ailelerin nas\u0131l olmas\u0131 gerekti\u011fine dair toplumun olu\u015fturdu\u011fu beklentileri yans\u0131t\u0131r. Ancak her aile, kendine \u00f6zg\u00fc bir yap\u0131ya sahiptir ve toplumun dayatt\u0131\u011f\u0131 genel kurallar her zaman ge\u00e7erli olmayabilir.<\/p>\n<\/li>\n<\/ol>\n<p class=\"\" data-start=\"1726\" data-end=\"2056\">Ailedeki mitler, bireylerin birbirlerini anlamalar\u0131n\u0131 zorla\u015ft\u0131rabilir ve ili\u015fkileri zedeleyebilir. Bu nedenle, aile bireylerinin a\u00e7\u0131k ileti\u015fim kurmas\u0131 ve sa\u011fl\u0131kl\u0131 bir anlay\u0131\u015f geli\u015ftirmesi \u00f6nemlidir. Ger\u00e7ekli\u011fi kabul etmek, her bireyin kendini \u00f6zg\u00fcrce ifade etmesine olanak tan\u0131r ve sa\u011fl\u0131kl\u0131 aile dinamiklerinin temelini olu\u015fturur.<\/p>\n","protected":false},"excerpt":{"rendered":"<p>Ailede Olu\u015fan Mitler: Toplumun Temellerine Yolculuk Aile, bireylerin duygusal, psikolojik ve sosyal geli\u015fiminde \u00f6nemli bir rol oynar. Ancak, her ailede farkl\u0131 mitler ve inan\u00e7lar da olu\u015fur. Bu mitler, aile \u00fcyeleri [&hellip;]<\/p>\n","protected":false},"featured_media":1649,"comment_status":"open","ping_status":"closed","template":"","meta":{"_acf_changed":false,"_monsterinsights_skip_tracking":false,"_monsterinsights_sitenote_active":false,"_monsterinsights_sitenote_note":"","_monsterinsights_sitenote_category":0},"product_brand":[],"product_cat":[57],"product_tag":[],"class_list":{"0":"post-3580","1":"product","2":"type-product","3":"status-publish","4":"has-post-thumbnail","6":"product_cat-uncategorized-tr","8":"first","9":"instock","10":"sale","11":"virtual","12":"taxable","13":"purchasable","14":"product-type-simple"},"acf":[],"aioseo_notices":[],"_links":{"self":[{"href":"https:\/\/www.arsakademia.com\/en\/wp-json\/wp\/v2\/product\/3580","targetHints":{"allow":["GET"]}}],"collection":[{"href":"https:\/\/www.arsakademia.com\/en\/wp-json\/wp\/v2\/product"}],"about":[{"href":"https:\/\/www.arsakademia.com\/en\/wp-json\/wp\/v2\/types\/product"}],"replies":[{"embeddable":true,"href":"https:\/\/www.arsakademia.com\/en\/wp-json\/wp\/v2\/comments?post=3580"}],"wp:featuredmedia":[{"embeddable":true,"href":"https:\/\/www.arsakademia.com\/en\/wp-json\/wp\/v2\/media\/1649"}],"wp:attachment":[{"href":"https:\/\/www.arsakademia.com\/en\/wp-json\/wp\/v2\/media?parent=3580"}],"wp:term":[{"taxonomy":"product_brand","embeddable":true,"href":"https:\/\/www.arsakademia.com\/en\/wp-json\/wp\/v2\/product_brand?post=3580"},{"taxonomy":"product_cat","embeddable":true,"href":"https:\/\/www.arsakademia.com\/en\/wp-json\/wp\/v2\/product_cat?post=3580"},{"taxonomy":"product_tag","embeddable":true,"href":"https:\/\/www.arsakademia.com\/en\/wp-json\/wp\/v2\/product_tag?post=3580"}],"curies":[{"name":"wp","href":"https:\/\/api.w.org\/{rel}","templated":true}]}}