{"id":3577,"date":"2025-04-07T16:01:32","date_gmt":"2025-04-07T13:01:32","guid":{"rendered":"https:\/\/www.arsakademia.com\/?post_type=product&#038;p=3577"},"modified":"2025-06-01T00:00:11","modified_gmt":"2025-05-31T21:00:11","slug":"aile-danismanligi","status":"publish","type":"product","link":"https:\/\/www.arsakademia.com\/en\/product\/aile-danismanligi\/","title":{"rendered":"Aile Dan\u0131\u015fmanl\u0131\u011f\u0131"},"content":{"rendered":"<p class=\"\" data-start=\"88\" data-end=\"117\"><span style=\"color: #000000;\"><strong data-start=\"88\" data-end=\"117\">Aile Dan\u0131\u015fmanl\u0131\u011f\u0131 E\u011fitimi<\/strong><\/span><\/p>\n<p class=\"\" data-start=\"119\" data-end=\"464\"><span style=\"color: #000000;\">Aile dan\u0131\u015fmanl\u0131\u011f\u0131, bireylerin ve ailelerin kar\u015f\u0131la\u015ft\u0131klar\u0131 zorluklarla ba\u015fa \u00e7\u0131kabilmesi, sa\u011fl\u0131kl\u0131 ileti\u015fim kurabilmesi ve ili\u015fkilerindeki \u00e7at\u0131\u015fmalar\u0131 \u00e7\u00f6zebilmesi i\u00e7in kritik bir aland\u0131r. Aile Dan\u0131\u015fmanl\u0131\u011f\u0131 E\u011fitimi, aile i\u00e7indeki dinamikleri anlamak ve \u00e7\u00f6z\u00fcm odakl\u0131 stratejiler geli\u015ftirmek isteyen profesyoneller i\u00e7in e\u015fsiz bir f\u0131rsat sunmaktad\u0131r.<\/span><\/p>\n<p class=\"\" data-start=\"466\" data-end=\"820\"><span style=\"color: #000000;\">E\u011fitim program\u0131m\u0131z, aile i\u00e7indeki ili\u015fkileri derinlemesine inceleyerek, dan\u0131\u015fmanl\u0131k s\u00fcrecinde kullan\u0131labilecek teorik bilgiler ve pratik becerileri kat\u0131l\u0131mc\u0131lara kazand\u0131r\u0131r. Aile i\u00e7indeki bireyler aras\u0131ndaki ileti\u015fimi g\u00fc\u00e7lendirmek, \u00e7at\u0131\u015fma \u00e7\u00f6zme tekniklerini \u00f6\u011fretmek ve bireylerin psikolojik sa\u011fl\u0131\u011f\u0131n\u0131 desteklemek amac\u0131yla kapsaml\u0131 bir e\u011fitim sunuyoruz.<\/span><\/p>\n<p class=\"\" data-start=\"822\" data-end=\"841\"><span style=\"color: #000000;\"><strong data-start=\"822\" data-end=\"841\">E\u011fitim \u0130\u00e7eri\u011fi:<\/strong><\/span><\/p>\n<ul data-start=\"843\" data-end=\"1163\">\n<li class=\"\" data-start=\"843\" data-end=\"896\">\n<p class=\"\" data-start=\"845\" data-end=\"896\"><span style=\"color: #000000;\">Aile dan\u0131\u015fmanl\u0131\u011f\u0131n\u0131n temelleri ve uygulama alanlar\u0131<\/span><\/p>\n<\/li>\n<li class=\"\" data-start=\"897\" data-end=\"961\">\n<p class=\"\" data-start=\"899\" data-end=\"961\"><span style=\"color: #000000;\">Aile i\u00e7i ileti\u015fim ve ili\u015fkilerde sa\u011fl\u0131kl\u0131 dinamikler olu\u015fturma<\/span><\/p>\n<\/li>\n<li class=\"\" data-start=\"962\" data-end=\"997\">\n<p class=\"\" data-start=\"964\" data-end=\"997\"><span style=\"color: #000000;\">Ailedeki \u00e7at\u0131\u015fma ve kriz y\u00f6netimi<\/span><\/p>\n<\/li>\n<li class=\"\" data-start=\"998\" data-end=\"1035\">\n<p class=\"\" data-start=\"1000\" data-end=\"1035\"><span style=\"color: #000000;\">Evlilik terapisi ve ili\u015fki y\u00f6netimi<\/span><\/p>\n<\/li>\n<li class=\"\" data-start=\"1036\" data-end=\"1070\">\n<p class=\"\" data-start=\"1038\" data-end=\"1070\"><span style=\"color: #000000;\">\u00c7ocuk, ergen ve aile psikolojisi<\/span><\/p>\n<\/li>\n<li class=\"\" data-start=\"1071\" data-end=\"1118\">\n<p class=\"\" data-start=\"1073\" data-end=\"1118\"><span style=\"color: #000000;\">Aile i\u00e7indeki stres, travma ve uyum s\u00fcre\u00e7leri<\/span><\/p>\n<\/li>\n<li class=\"\" data-start=\"1119\" data-end=\"1163\">\n<p class=\"\" data-start=\"1121\" data-end=\"1163\"><span style=\"color: #000000;\">Etik kurallar ve profesyonel sorumluluklar<\/span><\/p>\n<\/li>\n<\/ul>\n<p class=\"\" data-start=\"1165\" data-end=\"1188\"><span style=\"color: #000000;\"><strong data-start=\"1165\" data-end=\"1188\">Kimler Kat\u0131labilir?<\/strong><\/span><\/p>\n<ul data-start=\"1190\" data-end=\"1359\">\n<li class=\"\" data-start=\"1190\" data-end=\"1235\">\n<p class=\"\" data-start=\"1192\" data-end=\"1235\"><span style=\"color: #000000;\">Psikologlar, psikiyatristler ve terapistler<\/span><\/p>\n<\/li>\n<li class=\"\" data-start=\"1236\" data-end=\"1261\">\n<p class=\"\" data-start=\"1238\" data-end=\"1261\"><span style=\"color: #000000;\">Sosyal hizmet uzmanlar\u0131<\/span><\/p>\n<\/li>\n<li class=\"\" data-start=\"1262\" data-end=\"1313\">\n<p class=\"\" data-start=\"1264\" data-end=\"1313\"><span style=\"color: #000000;\">Aile i\u00e7indeki sorunlarla ilgilenen profesyoneller<\/span><\/p>\n<\/li>\n<li class=\"\" data-start=\"1314\" data-end=\"1359\">\n<p class=\"\" data-start=\"1316\" data-end=\"1359\"><span style=\"color: #000000;\">Aile dan\u0131\u015fmanl\u0131\u011f\u0131 alan\u0131na ilgi duyan herkes<\/span><\/p>\n<\/li>\n<\/ul>\n<p class=\"\" data-start=\"1361\" data-end=\"1401\"><span style=\"color: #000000;\"><strong data-start=\"1361\" data-end=\"1401\">Neden Bu E\u011fitimi Tercih Etmelisiniz?<\/strong><\/span><\/p>\n<ul data-start=\"1403\" data-end=\"1710\">\n<li class=\"\" data-start=\"1403\" data-end=\"1481\">\n<p class=\"\" data-start=\"1405\" data-end=\"1481\"><span style=\"color: #000000;\">Aile i\u00e7indeki ili\u015fkilerde etkin \u00e7\u00f6z\u00fcm \u00f6nerileri sunma becerisi kazan\u0131rs\u0131n\u0131z.<\/span><\/p>\n<\/li>\n<li class=\"\" data-start=\"1482\" data-end=\"1569\">\n<p class=\"\" data-start=\"1484\" data-end=\"1569\"><span style=\"color: #000000;\">Farkl\u0131 aile dinamiklerine y\u00f6nelik profesyonel yakla\u015f\u0131mlar geli\u015ftirme f\u0131rsat\u0131n\u0131z olur.<\/span><\/p>\n<\/li>\n<li class=\"\" data-start=\"1570\" data-end=\"1710\">\n<p class=\"\" data-start=\"1572\" data-end=\"1710\"><span style=\"color: #000000;\">E\u011fitimi tamamlayan kat\u0131l\u0131mc\u0131lar, aile dan\u0131\u015fmanl\u0131\u011f\u0131 alan\u0131nda dan\u0131\u015fmanl\u0131k yapabilir, kurumlar veya \u00f6zel dan\u0131\u015fmanl\u0131k hizmetleri sunabilirler.<\/span><\/p>\n<\/li>\n<\/ul>\n<p class=\"\" data-start=\"1712\" data-end=\"1920\"><span style=\"color: #000000;\">E\u011fitim sonunda, ailelerin kar\u015f\u0131la\u015ft\u0131klar\u0131 zorluklara \u00e7\u00f6z\u00fcm getirebilecek ve bireylerin psikolojik sa\u011fl\u0131klar\u0131n\u0131 destekleyecek donan\u0131m kazanarak, aile dan\u0131\u015fmanl\u0131\u011f\u0131 alan\u0131nda g\u00fc\u00e7l\u00fc bir kariyer in\u015fa edebilirsiniz.<\/span><\/p>\n<p class=\"\" data-start=\"1922\" data-end=\"1996\"><span style=\"color: #000000;\"><strong data-start=\"1922\" data-end=\"1996\">Ba\u015fvurunuzu Yap\u0131n ve Aile Dan\u0131\u015fmanl\u0131\u011f\u0131 Alan\u0131nda Uzmanla\u015fmaya Ba\u015flay\u0131n!<\/strong><\/span><\/p>\n","protected":false},"excerpt":{"rendered":"<p>Aile Dan\u0131\u015fmanl\u0131\u011f\u0131 E\u011fitimi Aile dan\u0131\u015fmanl\u0131\u011f\u0131, bireylerin ve ailelerin kar\u015f\u0131la\u015ft\u0131klar\u0131 zorluklarla ba\u015fa \u00e7\u0131kabilmesi, sa\u011fl\u0131kl\u0131 ileti\u015fim kurabilmesi ve ili\u015fkilerindeki \u00e7at\u0131\u015fmalar\u0131 \u00e7\u00f6zebilmesi i\u00e7in kritik bir aland\u0131r. Aile Dan\u0131\u015fmanl\u0131\u011f\u0131 E\u011fitimi, aile i\u00e7indeki dinamikleri anlamak [&hellip;]<\/p>\n","protected":false},"featured_media":2437,"comment_status":"open","ping_status":"closed","template":"","meta":{"_acf_changed":false,"_monsterinsights_skip_tracking":false,"_monsterinsights_sitenote_active":false,"_monsterinsights_sitenote_note":"","_monsterinsights_sitenote_category":0},"product_brand":[],"product_cat":[57],"product_tag":[],"class_list":{"0":"post-3577","1":"product","2":"type-product","3":"status-publish","4":"has-post-thumbnail","6":"product_cat-uncategorized-tr","8":"first","9":"instock","10":"virtual","11":"taxable","12":"purchasable","13":"product-type-simple"},"acf":[],"aioseo_notices":[],"_links":{"self":[{"href":"https:\/\/www.arsakademia.com\/en\/wp-json\/wp\/v2\/product\/3577","targetHints":{"allow":["GET"]}}],"collection":[{"href":"https:\/\/www.arsakademia.com\/en\/wp-json\/wp\/v2\/product"}],"about":[{"href":"https:\/\/www.arsakademia.com\/en\/wp-json\/wp\/v2\/types\/product"}],"replies":[{"embeddable":true,"href":"https:\/\/www.arsakademia.com\/en\/wp-json\/wp\/v2\/comments?post=3577"}],"wp:featuredmedia":[{"embeddable":true,"href":"https:\/\/www.arsakademia.com\/en\/wp-json\/wp\/v2\/media\/2437"}],"wp:attachment":[{"href":"https:\/\/www.arsakademia.com\/en\/wp-json\/wp\/v2\/media?parent=3577"}],"wp:term":[{"taxonomy":"product_brand","embeddable":true,"href":"https:\/\/www.arsakademia.com\/en\/wp-json\/wp\/v2\/product_brand?post=3577"},{"taxonomy":"product_cat","embeddable":true,"href":"https:\/\/www.arsakademia.com\/en\/wp-json\/wp\/v2\/product_cat?post=3577"},{"taxonomy":"product_tag","embeddable":true,"href":"https:\/\/www.arsakademia.com\/en\/wp-json\/wp\/v2\/product_tag?post=3577"}],"curies":[{"name":"wp","href":"https:\/\/api.w.org\/{rel}","templated":true}]}}