{"id":2491,"date":"2025-02-19T09:58:08","date_gmt":"2025-02-19T09:58:08","guid":{"rendered":"https:\/\/www.arsakademia.com\/?post_type=product&#038;p=2491"},"modified":"2025-04-07T12:39:56","modified_gmt":"2025-04-07T09:39:56","slug":"butuncul-oyun-terapi-workshop","status":"publish","type":"product","link":"https:\/\/www.arsakademia.com\/en\/product\/butuncul-oyun-terapi-workshop\/","title":{"rendered":"B\u00fct\u00fcnc\u00fcl Oyun Terapi  WORKSHOP"},"content":{"rendered":"<p>\ud83d\udce9 \u00d6zel Davet!<\/p>\n<p>\ud83c\udf3f\u2728 B\u00fct\u00fcnc\u00fcl Oyun Terapisi \u00d6zel Kamp\u0131 | Kapadokya \u2728\ud83c\udf3f<\/p>\n<p>\ud83d\udcc5 21-22-23 Mart<br \/>\n\ud83d\udccd Nev\u015fehir &#8211; Kapadokya<\/p>\n<p>\u00c7ocuklar\u0131n bilin\u00e7alt\u0131ndaki kayg\u0131, korku ve endi\u015felerin k\u00f6kenlerini ke\u015ffetmeye haz\u0131r m\u0131s\u0131n\u0131z? \ud83d\udcab Bu \u00f6zel kampta:<\/p>\n<p>\ud83d\udd39 Uygulamal\u0131 terapi teknikleri<br \/>\n\ud83d\udd39 Canland\u0131rmalar &amp; \u00f6devler<br \/>\n\ud83d\udd39 Bireysel g\u00f6r\u00fc\u015fmeler<br \/>\n\ud83d\udd39 Alan\u0131nda uzman psikologlardan rehberlik<br \/>\n\ud83d\udd39 Ramazana \u00f6zel iftar &amp; sahur programlar\u0131<\/p>\n<p>Hem mesleki geli\u015fiminizi destekleyin hem de Kapadokya\u2019n\u0131n b\u00fcy\u00fcleyici atmosferinde unutulmaz bir deneyim ya\u015fay\u0131n! \ud83c\udf19\u2728<br \/>\n* Di\u011fer e\u011fitimler ve kamplar\u0131m\u0131z i\u00e7in hemen bize ula\u015f\u0131n<br \/>\n\ud83d\udce2 Kontenjan s\u0131n\u0131rl\u0131! Hemen yerinizi ay\u0131rt\u0131n!<\/p>\n<p>\ud83d\udcf2 Detayl\u0131 bilgi ve kay\u0131t i\u00e7in:<br \/>\n\ud83c\udf10 arsakademia.com<br \/>\n\ud83d\udcf7 Instagram: @ars_akademi<\/p>\n<p>\ud83e\udde9 #OyunTerapisi #\u00c7ocukGeli\u015fimi #RuhSa\u011fl\u0131\u011f\u0131 #Psikoloji #KapadokyaKamp #Uygulamal\u0131E\u011fitim #Ramazan\u00d6zel #OyunVeTerapi #\u00c7ocuklar\u0131nD\u00fcnyas\u0131<\/p>\n","protected":false},"excerpt":{"rendered":"<p>*workshop\u00a0 \u00e7al\u0131\u015fmalar\u0131 sonucunda\u00a0 sizlere \u00fcniversite onayl\u0131 e devletinizde sorgulayabilece\u011finiz sertifika\u00a0 verilecektir.<\/p>\n","protected":false},"featured_media":2329,"comment_status":"open","ping_status":"closed","template":"","meta":{"_acf_changed":false,"_monsterinsights_skip_tracking":false,"_monsterinsights_sitenote_active":false,"_monsterinsights_sitenote_note":"","_monsterinsights_sitenote_category":0},"product_brand":[],"product_cat":[57],"product_tag":[],"class_list":{"0":"post-2491","1":"product","2":"type-product","3":"status-publish","4":"has-post-thumbnail","6":"product_cat-uncategorized-tr","8":"first","9":"instock","10":"sale","11":"taxable","12":"shipping-taxable","13":"purchasable","14":"product-type-simple"},"acf":[],"aioseo_notices":[],"_links":{"self":[{"href":"https:\/\/www.arsakademia.com\/en\/wp-json\/wp\/v2\/product\/2491","targetHints":{"allow":["GET"]}}],"collection":[{"href":"https:\/\/www.arsakademia.com\/en\/wp-json\/wp\/v2\/product"}],"about":[{"href":"https:\/\/www.arsakademia.com\/en\/wp-json\/wp\/v2\/types\/product"}],"replies":[{"embeddable":true,"href":"https:\/\/www.arsakademia.com\/en\/wp-json\/wp\/v2\/comments?post=2491"}],"wp:featuredmedia":[{"embeddable":true,"href":"https:\/\/www.arsakademia.com\/en\/wp-json\/wp\/v2\/media\/2329"}],"wp:attachment":[{"href":"https:\/\/www.arsakademia.com\/en\/wp-json\/wp\/v2\/media?parent=2491"}],"wp:term":[{"taxonomy":"product_brand","embeddable":true,"href":"https:\/\/www.arsakademia.com\/en\/wp-json\/wp\/v2\/product_brand?post=2491"},{"taxonomy":"product_cat","embeddable":true,"href":"https:\/\/www.arsakademia.com\/en\/wp-json\/wp\/v2\/product_cat?post=2491"},{"taxonomy":"product_tag","embeddable":true,"href":"https:\/\/www.arsakademia.com\/en\/wp-json\/wp\/v2\/product_tag?post=2491"}],"curies":[{"name":"wp","href":"https:\/\/api.w.org\/{rel}","templated":true}]}}