{"id":1541,"date":"2024-11-05T11:47:40","date_gmt":"2024-11-05T08:47:40","guid":{"rendered":"https:\/\/www.arsakademia.com\/cart\/"},"modified":"2025-04-07T12:17:11","modified_gmt":"2025-04-07T09:17:11","slug":"cart","status":"publish","type":"page","link":"https:\/\/www.arsakademia.com\/en\/cart\/","title":{"rendered":"Cart"},"content":{"rendered":"\n<div data-block-name=\"woocommerce\/cart\" class=\"wp-block-woocommerce-cart alignwide is-loading\">\n<div data-block-name=\"woocommerce\/filled-cart-block\" class=\"wp-block-woocommerce-filled-cart-block\">\n<div data-block-name=\"woocommerce\/cart-items-block\" class=\"wp-block-woocommerce-cart-items-block\">\n<div data-block-name=\"woocommerce\/cart-line-items-block\" class=\"wp-block-woocommerce-cart-line-items-block\"><\/div>\n\n\n\n<div data-block-name=\"woocommerce\/cart-cross-sells-block\" class=\"wp-block-woocommerce-cart-cross-sells-block\">\n<h2 class=\"wp-block-heading has-large-font-size\">You may be interested in\u2026<\/h2>\n\n\n\n<div data-block-name=\"woocommerce\/cart-cross-sells-products-block\" class=\"wp-block-woocommerce-cart-cross-sells-products-block\"><\/div>\n<\/div>\n<\/div>\n\n\n\n<div data-block-name=\"woocommerce\/cart-totals-block\" class=\"wp-block-woocommerce-cart-totals-block\">\n<div data-block-name=\"woocommerce\/cart-order-summary-block\" class=\"wp-block-woocommerce-cart-order-summary-block\">\n<div data-block-name=\"woocommerce\/cart-order-summary-heading-block\" class=\"wp-block-woocommerce-cart-order-summary-heading-block\"><\/div><div data-block-name=\"woocommerce\/cart-order-summary-coupon-form-block\" class=\"wp-block-woocommerce-cart-order-summary-coupon-form-block\"><\/div><div data-block-name=\"woocommerce\/cart-order-summary-totals-block\" class=\"wp-block-woocommerce-cart-order-summary-totals-block\">\n<div data-block-name=\"woocommerce\/cart-order-summary-subtotal-block\" class=\"wp-block-woocommerce-cart-order-summary-subtotal-block\"><\/div>\n<div data-block-name=\"woocommerce\/cart-order-summary-discount-block\" class=\"wp-block-woocommerce-cart-order-summary-discount-block\"><\/div>\n<div data-block-name=\"woocommerce\/cart-order-summary-fee-block\" class=\"wp-block-woocommerce-cart-order-summary-fee-block\"><\/div>\n<div data-block-name=\"woocommerce\/cart-order-summary-shipping-block\" class=\"wp-block-woocommerce-cart-order-summary-shipping-block\"><\/div>\n<div data-block-name=\"woocommerce\/cart-order-summary-taxes-block\" class=\"wp-block-woocommerce-cart-order-summary-taxes-block\"><\/div><\/div>\n<\/div>\n\n\n\n<div data-block-name=\"woocommerce\/cart-express-payment-block\" class=\"wp-block-woocommerce-cart-express-payment-block\"><\/div>\n\n\n\n<div data-block-name=\"woocommerce\/proceed-to-checkout-block\" class=\"wp-block-woocommerce-proceed-to-checkout-block\"><\/div>\n\n\n\n<div data-block-name=\"woocommerce\/cart-accepted-payment-methods-block\" class=\"wp-block-woocommerce-cart-accepted-payment-methods-block\"><\/div>\n<\/div>\n<\/div>\n\n\n\n<div data-block-name=\"woocommerce\/empty-cart-block\" class=\"wp-block-woocommerce-empty-cart-block\">\n<h2 class=\"wp-block-heading has-text-align-center with-empty-cart-icon wc-block-cart__empty-cart__title\">Your cart is currently empty!<\/h2>\n\n\n\n<hr class=\"wp-block-separator has-alpha-channel-opacity is-style-dots\"\/>\n\n\n\n<h2 class=\"wp-block-heading has-text-align-center\">New in store<\/h2>\n\n\n<div data-block-name=\"woocommerce\/product-new\" data-columns=\"4\" data-rows=\"1\" class=\"wc-block-grid wp-block-product-new wp-block-woocommerce-product-new wc-block-product-new has-4-columns\"><ul class=\"wc-block-grid__products\"><li class=\"wc-block-grid__product\">\n\t\t\t\t<a href=\"https:\/\/www.arsakademia.com\/en\/product\/kapadokyahizli\/\" class=\"wc-block-grid__product-link\">\n\t\t\t\t\t<div class=\"wc-block-grid__product-onsale\">\n\t\t\t<span aria-hidden=\"true\">Sale<\/span>\n\t\t\t<span class=\"screen-reader-text\">Product on sale<\/span>\n\t\t<\/div>\n\t\t\t\t\t<div class=\"wc-block-grid__product-image\"><img fetchpriority=\"high\" decoding=\"async\" width=\"350\" height=\"350\" src=\"https:\/\/www.arsakademia.com\/wp-content\/uploads\/2025\/01\/20250115_221030_0000-350x350.jpg\" class=\"attachment-woocommerce_thumbnail size-woocommerce_thumbnail\" alt=\"Kapadokya kursiyer \u00f6zel konaklama\" srcset=\"https:\/\/www.arsakademia.com\/wp-content\/uploads\/2025\/01\/20250115_221030_0000-350x350.jpg 350w, https:\/\/www.arsakademia.com\/wp-content\/uploads\/2025\/01\/20250115_221030_0000-600x600.jpg 600w, https:\/\/www.arsakademia.com\/wp-content\/uploads\/2025\/01\/20250115_221030_0000-180x180.jpg 180w\" sizes=\"(max-width: 350px) 100vw, 350px\"><\/div>\n\t\t\t\t\t<div class=\"wc-block-grid__product-title\">Kapadokya kursiyer \u00f6zel konaklama<\/div>\n\t\t\t\t<\/a>\n\t\t\t\t<div class=\"wc-block-grid__product-price price\"><del aria-hidden=\"true\"><span class=\"woocommerce-Price-amount amount\"><span class=\"woocommerce-Price-currencySymbol\">\u20ba<\/span>14,799.00<\/span><\/del> <span class=\"screen-reader-text\">Original price was: \u20ba14,799.00.<\/span><ins aria-hidden=\"true\"><span class=\"woocommerce-Price-amount amount\"><span class=\"woocommerce-Price-currencySymbol\">\u20ba<\/span>10,250.00<\/span><\/ins><span class=\"screen-reader-text\">Current price is: \u20ba10,250.00.<\/span><\/div>\n\t\t\t\t\n\t\t\t\t<div class=\"wp-block-button wc-block-grid__product-add-to-cart\"><a href=\"\/en\/wp-json\/wp\/v2\/pages\/1541?add-to-cart=4108\" aria-label=\"Add to cart: \u201cKapadokya kursiyer \u00f6zel konaklama\u201d\" data-quantity=\"1\" data-product_id=\"4108\" data-product_sku=\"\" data-price=\"10250\" rel=\"nofollow\" class=\"wp-block-button__link  add_to_cart_button ajax_add_to_cart\">Add to cart<\/a><\/div><div class=\"tinv-wraper woocommerce tinv-wishlist tinvwl-after-add-to-cart tinvwl-loop-button-wrapper tinvwl-woocommerce_blocks_product_grid_item_html\" data-tinvwl_product_id=\"4108\">\r\n\t<div class=\"tinv-wishlist-clear\"><\/div><a role=\"button\" tabindex=\"0\" name=\"add-to-wishlist\" aria-label=\"Add to Wishlist\" class=\"tinvwl_add_to_wishlist_button tinvwl-icon-heart  tinvwl-position-after tinvwl-loop\" data-tinv-wl-list=\"[]\" data-tinv-wl-product=\"4108\" data-tinv-wl-productvariation=\"0\" data-tinv-wl-productvariations=\"[]\" data-tinv-wl-producttype=\"simple\" data-tinv-wl-action=\"add\"><span class=\"tinvwl_add_to_wishlist-text\">Add to Wishlist<\/span><\/a><div class=\"tinv-wishlist-clear\"><\/div>\t\t<div class=\"tinvwl-tooltip\">Add to Wishlist<\/div>\r\n<\/div>\n\t\t\t<\/li><li class=\"wc-block-grid__product\">\n\t\t\t\t<a href=\"https:\/\/www.arsakademia.com\/en\/product\/stanford-binet-zeka-testi-envanter\/\" class=\"wc-block-grid__product-link\">\n\t\t\t\t\t\n\t\t\t\t\t<div class=\"wc-block-grid__product-image\"><img decoding=\"async\" width=\"350\" height=\"350\" src=\"https:\/\/www.arsakademia.com\/wp-content\/uploads\/2025\/04\/web-site-26-350x350.jpg\" class=\"attachment-woocommerce_thumbnail size-woocommerce_thumbnail\" alt=\"Stanford-Binet Zeka Testi Envanter\" srcset=\"https:\/\/www.arsakademia.com\/wp-content\/uploads\/2025\/04\/web-site-26-350x350.jpg 350w, https:\/\/www.arsakademia.com\/wp-content\/uploads\/2025\/04\/web-site-26-600x600.jpg 600w, https:\/\/www.arsakademia.com\/wp-content\/uploads\/2025\/04\/web-site-26-1024x1024.jpg 1024w, https:\/\/www.arsakademia.com\/wp-content\/uploads\/2025\/04\/web-site-26-180x180.jpg 180w, https:\/\/www.arsakademia.com\/wp-content\/uploads\/2025\/04\/web-site-26-768x768.jpg 768w, https:\/\/www.arsakademia.com\/wp-content\/uploads\/2025\/04\/web-site-26-650x650.jpg 650w, https:\/\/www.arsakademia.com\/wp-content\/uploads\/2025\/04\/web-site-26-460x460.jpg 460w, https:\/\/www.arsakademia.com\/wp-content\/uploads\/2025\/04\/web-site-26.jpg 1080w\" sizes=\"(max-width: 350px) 100vw, 350px\"><\/div>\n\t\t\t\t\t<div class=\"wc-block-grid__product-title\">Stanford-Binet Zeka Testi Envanter<\/div>\n\t\t\t\t<\/a>\n\t\t\t\t<div class=\"wc-block-grid__product-price price\"><span class=\"woocommerce-Price-amount amount\"><span class=\"woocommerce-Price-currencySymbol\">\u20ba<\/span>7,250.00<\/span><\/div>\n\t\t\t\t\n\t\t\t\t<div class=\"wp-block-button wc-block-grid__product-add-to-cart\"><a href=\"\/en\/wp-json\/wp\/v2\/pages\/1541?add-to-cart=4062\" aria-label=\"Add to cart: \u201cStanford-Binet Zeka Testi Envanter\u201d\" data-quantity=\"1\" data-product_id=\"4062\" data-product_sku=\"\" data-price=\"7250\" rel=\"nofollow\" class=\"wp-block-button__link  add_to_cart_button ajax_add_to_cart\">Add to cart<\/a><\/div><div class=\"tinv-wraper woocommerce tinv-wishlist tinvwl-after-add-to-cart tinvwl-loop-button-wrapper tinvwl-woocommerce_blocks_product_grid_item_html\" data-tinvwl_product_id=\"4062\">\r\n\t<div class=\"tinv-wishlist-clear\"><\/div><a role=\"button\" tabindex=\"0\" name=\"add-to-wishlist\" aria-label=\"Add to Wishlist\" class=\"tinvwl_add_to_wishlist_button tinvwl-icon-heart  tinvwl-position-after tinvwl-loop\" data-tinv-wl-list=\"[]\" data-tinv-wl-product=\"4062\" data-tinv-wl-productvariation=\"0\" data-tinv-wl-productvariations=\"[]\" data-tinv-wl-producttype=\"simple\" data-tinv-wl-action=\"add\"><span class=\"tinvwl_add_to_wishlist-text\">Add to Wishlist<\/span><\/a><div class=\"tinv-wishlist-clear\"><\/div>\t\t<div class=\"tinvwl-tooltip\">Add to Wishlist<\/div>\r\n<\/div>\n\t\t\t<\/li><li class=\"wc-block-grid__product\">\n\t\t\t\t<a href=\"https:\/\/www.arsakademia.com\/en\/product\/d2-dikkat-testi\/\" class=\"wc-block-grid__product-link\">\n\t\t\t\t\t\n\t\t\t\t\t<div class=\"wc-block-grid__product-image\"><img decoding=\"async\" width=\"350\" height=\"350\" src=\"https:\/\/www.arsakademia.com\/wp-content\/uploads\/2025\/04\/web-site-20-350x350.jpg\" class=\"attachment-woocommerce_thumbnail size-woocommerce_thumbnail\" alt=\"D2 Dikkat Testi\" srcset=\"https:\/\/www.arsakademia.com\/wp-content\/uploads\/2025\/04\/web-site-20-350x350.jpg 350w, https:\/\/www.arsakademia.com\/wp-content\/uploads\/2025\/04\/web-site-20-600x600.jpg 600w, https:\/\/www.arsakademia.com\/wp-content\/uploads\/2025\/04\/web-site-20-1024x1024.jpg 1024w, https:\/\/www.arsakademia.com\/wp-content\/uploads\/2025\/04\/web-site-20-180x180.jpg 180w, https:\/\/www.arsakademia.com\/wp-content\/uploads\/2025\/04\/web-site-20-768x768.jpg 768w, https:\/\/www.arsakademia.com\/wp-content\/uploads\/2025\/04\/web-site-20-650x650.jpg 650w, https:\/\/www.arsakademia.com\/wp-content\/uploads\/2025\/04\/web-site-20-460x460.jpg 460w, https:\/\/www.arsakademia.com\/wp-content\/uploads\/2025\/04\/web-site-20.jpg 1080w\" sizes=\"(max-width: 350px) 100vw, 350px\"><\/div>\n\t\t\t\t\t<div class=\"wc-block-grid__product-title\">D2 Dikkat Testi<\/div>\n\t\t\t\t<\/a>\n\t\t\t\t<div class=\"wc-block-grid__product-price price\"><\/div>\n\t\t\t\t\n\t\t\t\t<div class=\"wp-block-button wc-block-grid__product-add-to-cart\"><a href=\"https:\/\/www.arsakademia.com\/en\/product\/d2-dikkat-testi\/\" aria-label=\"Read more about \u201cD2 Dikkat Testi\u201d\" data-quantity=\"1\" data-product_id=\"4061\" data-product_sku=\"\" data-price=\"0\" rel=\"nofollow\" class=\"wp-block-button__link  add_to_cart_button\">Read more<\/a><\/div><div class=\"tinv-wraper woocommerce tinv-wishlist tinvwl-after-add-to-cart tinvwl-loop-button-wrapper tinvwl-woocommerce_blocks_product_grid_item_html\" data-tinvwl_product_id=\"4061\">\r\n\t<div class=\"tinv-wishlist-clear\"><\/div><a role=\"button\" tabindex=\"0\" name=\"add-to-wishlist\" aria-label=\"Add to Wishlist\" class=\"tinvwl_add_to_wishlist_button tinvwl-icon-heart  tinvwl-position-after tinvwl-loop\" data-tinv-wl-list=\"[]\" data-tinv-wl-product=\"4061\" data-tinv-wl-productvariation=\"0\" data-tinv-wl-productvariations=\"[]\" data-tinv-wl-producttype=\"simple\" data-tinv-wl-action=\"add\"><span class=\"tinvwl_add_to_wishlist-text\">Add to Wishlist<\/span><\/a><div class=\"tinv-wishlist-clear\"><\/div>\t\t<div class=\"tinvwl-tooltip\">Add to Wishlist<\/div>\r\n<\/div>\n\t\t\t<\/li><li class=\"wc-block-grid__product\">\n\t\t\t\t<a href=\"https:\/\/www.arsakademia.com\/en\/product\/hizli-okuma-yazilim-programi\/\" class=\"wc-block-grid__product-link\">\n\t\t\t\t\t\n\t\t\t\t\t<div class=\"wc-block-grid__product-image\"><img loading=\"lazy\" decoding=\"async\" width=\"350\" height=\"350\" src=\"https:\/\/www.arsakademia.com\/wp-content\/uploads\/2019\/05\/courses08-350x350.jpg\" class=\"attachment-woocommerce_thumbnail size-woocommerce_thumbnail\" alt=\"H\u0131zl\u0131 Okuma Yaz\u0131l\u0131m Program\u0131\" srcset=\"https:\/\/www.arsakademia.com\/wp-content\/uploads\/2019\/05\/courses08-350x350.jpg 350w, https:\/\/www.arsakademia.com\/wp-content\/uploads\/2019\/05\/courses08-600x600.jpg 600w, https:\/\/www.arsakademia.com\/wp-content\/uploads\/2019\/05\/courses08-180x180.jpg 180w, https:\/\/www.arsakademia.com\/wp-content\/uploads\/2019\/05\/courses08-460x460.jpg 460w\" sizes=\"(max-width: 350px) 100vw, 350px\"><\/div>\n\t\t\t\t\t<div class=\"wc-block-grid__product-title\">H\u0131zl\u0131 Okuma Yaz\u0131l\u0131m Program\u0131<\/div>\n\t\t\t\t<\/a>\n\t\t\t\t<div class=\"wc-block-grid__product-price price\"><span class=\"woocommerce-Price-amount amount\"><span class=\"woocommerce-Price-currencySymbol\">\u20ba<\/span>6,999.00<\/span><\/div>\n\t\t\t\t\n\t\t\t\t<div class=\"wp-block-button wc-block-grid__product-add-to-cart\"><a href=\"\/en\/wp-json\/wp\/v2\/pages\/1541?add-to-cart=4059\" aria-label=\"Add to cart: \u201cH\u0131zl\u0131 Okuma Yaz\u0131l\u0131m Program\u0131\u201d\" data-quantity=\"1\" data-product_id=\"4059\" data-product_sku=\"\" data-price=\"6999\" rel=\"nofollow\" class=\"wp-block-button__link  add_to_cart_button ajax_add_to_cart\">Add to cart<\/a><\/div><div class=\"tinv-wraper woocommerce tinv-wishlist tinvwl-after-add-to-cart tinvwl-loop-button-wrapper tinvwl-woocommerce_blocks_product_grid_item_html\" data-tinvwl_product_id=\"4059\">\r\n\t<div class=\"tinv-wishlist-clear\"><\/div><a role=\"button\" tabindex=\"0\" name=\"add-to-wishlist\" aria-label=\"Add to Wishlist\" class=\"tinvwl_add_to_wishlist_button tinvwl-icon-heart  tinvwl-position-after tinvwl-loop\" data-tinv-wl-list=\"[]\" data-tinv-wl-product=\"4059\" data-tinv-wl-productvariation=\"0\" data-tinv-wl-productvariations=\"[]\" data-tinv-wl-producttype=\"simple\" data-tinv-wl-action=\"add\"><span class=\"tinvwl_add_to_wishlist-text\">Add to Wishlist<\/span><\/a><div class=\"tinv-wishlist-clear\"><\/div>\t\t<div class=\"tinvwl-tooltip\">Add to Wishlist<\/div>\r\n<\/div>\n\t\t\t<\/li><\/ul><\/div><\/div>\n<\/div>\n","protected":false},"excerpt":{"rendered":"","protected":false},"author":1,"featured_media":0,"parent":0,"menu_order":0,"comment_status":"closed","ping_status":"closed","template":"","meta":{"_acf_changed":false,"_monsterinsights_skip_tracking":false,"_monsterinsights_sitenote_active":false,"_monsterinsights_sitenote_note":"","_monsterinsights_sitenote_category":0,"footnotes":""},"class_list":["post-1541","page","type-page","status-publish","hentry"],"acf":[],"aioseo_notices":[],"_links":{"self":[{"href":"https:\/\/www.arsakademia.com\/en\/wp-json\/wp\/v2\/pages\/1541","targetHints":{"allow":["GET"]}}],"collection":[{"href":"https:\/\/www.arsakademia.com\/en\/wp-json\/wp\/v2\/pages"}],"about":[{"href":"https:\/\/www.arsakademia.com\/en\/wp-json\/wp\/v2\/types\/page"}],"author":[{"embeddable":true,"href":"https:\/\/www.arsakademia.com\/en\/wp-json\/wp\/v2\/users\/1"}],"replies":[{"embeddable":true,"href":"https:\/\/www.arsakademia.com\/en\/wp-json\/wp\/v2\/comments?post=1541"}],"version-history":[{"count":0,"href":"https:\/\/www.arsakademia.com\/en\/wp-json\/wp\/v2\/pages\/1541\/revisions"}],"wp:attachment":[{"href":"https:\/\/www.arsakademia.com\/en\/wp-json\/wp\/v2\/media?parent=1541"}],"curies":[{"name":"wp","href":"https:\/\/api.w.org\/{rel}","templated":true}]}}